{"id":9323,"date":"2021-10-13T12:36:15","date_gmt":"2021-10-13T10:36:15","guid":{"rendered":"https:\/\/www.alpha-plan.de\/?page_id=9323"},"modified":"2024-08-14T14:43:22","modified_gmt":"2024-08-14T12:43:22","slug":"%e9%98%bf%e5%b0%94%e6%b3%95%e8%86%9c%e6%8a%80%e6%9c%af","status":"publish","type":"page","link":"https:\/\/www.alpha-plan.de\/zh\/alpha-membrane-technologies\/","title":{"rendered":"\u963f\u5c14\u6cd5\u819c\u6280\u672f\u516c\u53f8"},"content":{"rendered":"<div data-elementor-type=\"wp-page\" data-elementor-id=\"9323\" class=\"elementor elementor-9323\" data-elementor-post-type=\"page\">\n\t\t\t\t<div class=\"elementor-element elementor-element-a99680c e-con-full e-flex e-con e-parent\" data-id=\"a99680c\" data-element_type=\"container\" data-e-type=\"container\">\n\t\t\t\t<div class=\"elementor-element elementor-element-fb8c691 elementor-widget elementor-widget-template\" data-id=\"fb8c691\" data-element_type=\"widget\" data-e-type=\"widget\" data-widget_type=\"template.default\">\n\t\t\t\t<div class=\"elementor-widget-container\">\n\t\t\t\t\t\t\t<div class=\"elementor-template\">\n\t\t\t\t\t<div data-elementor-type=\"container\" data-elementor-id=\"17988\" class=\"elementor elementor-17988\" data-elementor-post-type=\"elementor_library\">\n\t\t\t\t<div class=\"elementor-element elementor-element-32e797e9 e-con-full e-flex e-con e-parent\" data-id=\"32e797e9\" data-element_type=\"container\" data-e-type=\"container\">\n\t\t\t\t<div class=\"elementor-element elementor-element-df7eb8b elementor-widget elementor-widget-theme-post-featured-image elementor-widget-image\" data-id=\"df7eb8b\" data-element_type=\"widget\" data-e-type=\"widget\" data-widget_type=\"theme-post-featured-image.default\">\n\t\t\t\t\t\t\t\t\t\t\t\t\t\t\t<img decoding=\"async\" width=\"2048\" height=\"1363\" src=\"https:\/\/www.alpha-plan.de\/wp-content\/uploads\/2021\/10\/Nassstrecke_Uebergabe_Mikrowelle-scaled.jpg\" class=\"attachment-full size-full wp-image-9354\" alt=\"\u6211\u4eec\u63d0\u4f9b\u8840\u6db2\u900f\u6790\u5668\u88c5\u914d\u7ebf\u3002\" srcset=\"https:\/\/www.alpha-plan.de\/wp-content\/uploads\/2021\/10\/Nassstrecke_Uebergabe_Mikrowelle-scaled.jpg 2048w, https:\/\/www.alpha-plan.de\/wp-content\/uploads\/2021\/10\/Nassstrecke_Uebergabe_Mikrowelle-300x200.jpg 300w, https:\/\/www.alpha-plan.de\/wp-content\/uploads\/2021\/10\/Nassstrecke_Uebergabe_Mikrowelle-1024x681.jpg 1024w, https:\/\/www.alpha-plan.de\/wp-content\/uploads\/2021\/10\/Nassstrecke_Uebergabe_Mikrowelle-768x511.jpg 768w, https:\/\/www.alpha-plan.de\/wp-content\/uploads\/2021\/10\/Nassstrecke_Uebergabe_Mikrowelle-1536x1022.jpg 1536w, https:\/\/www.alpha-plan.de\/wp-content\/uploads\/2021\/10\/Nassstrecke_Uebergabe_Mikrowelle-18x12.jpg 18w\" sizes=\"(max-width: 2048px) 100vw, 2048px\" \/>\t\t\t\t\t\t\t\t\t\t\t\t\t\t\t<\/div>\n\t\t\t\t<\/div>\n\t\t<div class=\"elementor-element elementor-element-386a3c6 e-flex e-con-boxed e-con e-child\" data-id=\"386a3c6\" data-element_type=\"container\" data-e-type=\"container\" data-settings=\"{&quot;background_background&quot;:&quot;classic&quot;}\">\n\t\t\t\t\t<div class=\"e-con-inner\">\n\t\t\t\t<div class=\"elementor-element elementor-element-a219135 elementor-widget elementor-widget-breadcrumbs\" data-id=\"a219135\" data-element_type=\"widget\" data-e-type=\"widget\" data-widget_type=\"breadcrumbs.default\">\n\t\t\t\t\t<p id=\"breadcrumbs\"><span><span><a href=\"https:\/\/www.alpha-plan.de\/zh\/\">\u9996\u9875<\/a><\/span><\/span><\/p>\t\t\t\t<\/div>\n\t\t\t\t\t<\/div>\n\t\t\t\t<\/div>\n\t\t\t\t<\/div>\n\t\t\t\t<\/div>\n\t\t\t\t\t\t<\/div>\n\t\t\t\t<\/div>\n\t\t\t\t<\/div>\n\t\t\t\t<section class=\"elementor-section elementor-top-section elementor-element elementor-element-ae6b4ad elementor-section-boxed elementor-section-height-default elementor-section-height-default\" data-id=\"ae6b4ad\" data-element_type=\"section\" data-e-type=\"section\" id=\"sec_1\">\n\t\t\t\t\t\t<div class=\"elementor-container elementor-column-gap-default\">\n\t\t\t\t\t<div class=\"elementor-column elementor-col-100 elementor-top-column elementor-element elementor-element-363b3f5\" data-id=\"363b3f5\" data-element_type=\"column\" data-e-type=\"column\">\n\t\t\t<div class=\"elementor-widget-wrap elementor-element-populated\">\n\t\t\t\t\t\t<div class=\"elementor-element elementor-element-a5cc825 elementor-widget elementor-widget-heading\" data-id=\"a5cc825\" data-element_type=\"widget\" data-e-type=\"widget\" data-widget_type=\"heading.default\">\n\t\t\t\t\t<h2 class=\"elementor-heading-title elementor-size-default\">\u963f\u5c14\u6cd5\u819c\u6280\u672f\u516c\u53f8<\/h2>\t\t\t\t<\/div>\n\t\t\t\t<div class=\"elementor-element elementor-element-719099f elementor-widget elementor-widget-text-editor\" data-id=\"719099f\" data-element_type=\"widget\" data-e-type=\"widget\" data-widget_type=\"text-editor.default\">\n\t\t\t\t\t\t\t\t\t<h5>\u4e2d\u7a7a\u7ea4\u7ef4\u548c\u819c\u7ec4\u4ef6\u4ee5\u53ca\u81ea\u52a8\u5316\u5de5\u827a\u6280\u672f\u548c\u751f\u4ea7\u7ebf\u7684\u9886\u5148\u5168\u65b9\u4f4d\u4f9b\u5e94\u5546\u3002<\/h5>\t\t\t\t\t\t\t\t<\/div>\n\t\t\t\t\t<\/div>\n\t\t<\/div>\n\t\t\t\t\t<\/div>\n\t\t<\/section>\n\t\t\t\t<section class=\"elementor-section elementor-top-section elementor-element elementor-element-5a28c38 elementor-section-content-middle elementor-section-boxed elementor-section-height-default elementor-section-height-default\" data-id=\"5a28c38\" data-element_type=\"section\" data-e-type=\"section\" id=\"sec_2\">\n\t\t\t\t\t\t<div class=\"elementor-container elementor-column-gap-default\">\n\t\t\t\t\t<div class=\"elementor-column elementor-col-50 elementor-top-column elementor-element elementor-element-3202ea3\" data-id=\"3202ea3\" data-element_type=\"column\" data-e-type=\"column\">\n\t\t\t<div class=\"elementor-widget-wrap elementor-element-populated\">\n\t\t\t\t\t\t<div class=\"elementor-element elementor-element-c627c82 elementor-widget elementor-widget-text-editor\" data-id=\"c627c82\" data-element_type=\"widget\" data-e-type=\"widget\" data-widget_type=\"text-editor.default\">\n\t\t\t\t\t\t\t\t\t<p>\u5728\u8fc7\u53bb\u7684 25 \u5e74\u4e2d\uff0c\u963f\u5c14\u6cd5\u819c\u6280\u672f\u516c\u53f8\u5df2\u53d1\u5c55\u6210\u4e3a\u751f\u7269\u533b\u5b66\u819c\u6280\u672f\u9886\u57df\u7684\u4e16\u754c\u9886\u5148\u4f01\u4e1a\u96c6\u56e2\uff0c\u5e76\u5728\u819c\u6280\u672f\u3001\u8bbe\u5907\u548c\u5236\u9020\u65b9\u9762\u62e5\u6709\u72ec\u7279\u7684\u4e13\u4e1a\u6280\u672f\u7ec4\u5408\u3002<\/p>\t\t\t\t\t\t\t\t<\/div>\n\t\t\t\t\t<\/div>\n\t\t<\/div>\n\t\t\t\t<div class=\"elementor-column elementor-col-50 elementor-top-column elementor-element elementor-element-510142e\" data-id=\"510142e\" data-element_type=\"column\" data-e-type=\"column\">\n\t\t\t<div class=\"elementor-widget-wrap elementor-element-populated\">\n\t\t\t\t\t\t<div class=\"elementor-element elementor-element-47bfd7e elementor-widget elementor-widget-image\" data-id=\"47bfd7e\" data-element_type=\"widget\" data-e-type=\"widget\" data-widget_type=\"image.default\">\n\t\t\t\t\t\t\t\t\t\t\t\t\t\t\t<img decoding=\"async\" src=\"https:\/\/alpha.inbearbeitung.de\/wp-content\/uploads\/2020\/09\/Bild_40.jpg\" title=\"\" alt=\"\" loading=\"lazy\" \/>\t\t\t\t\t\t\t\t\t\t\t\t\t\t\t<\/div>\n\t\t\t\t\t<\/div>\n\t\t<\/div>\n\t\t\t\t\t<\/div>\n\t\t<\/section>\n\t\t\t\t<section class=\"elementor-section elementor-top-section elementor-element elementor-element-eaa55eb elementor-section-boxed elementor-section-height-default elementor-section-height-default\" data-id=\"eaa55eb\" data-element_type=\"section\" data-e-type=\"section\" id=\"sec_3\" data-settings=\"{&quot;background_background&quot;:&quot;classic&quot;}\">\n\t\t\t\t\t\t<div class=\"elementor-container elementor-column-gap-default\">\n\t\t\t\t\t<div class=\"elementor-column elementor-col-50 elementor-top-column elementor-element elementor-element-67100c2\" data-id=\"67100c2\" data-element_type=\"column\" data-e-type=\"column\">\n\t\t\t<div class=\"elementor-widget-wrap elementor-element-populated\">\n\t\t\t\t\t\t<div class=\"elementor-element elementor-element-3075207 elementor-widget elementor-widget-image\" data-id=\"3075207\" data-element_type=\"widget\" data-e-type=\"widget\" data-widget_type=\"image.default\">\n\t\t\t\t\t\t\t\t\t\t\t\t\t\t\t<img decoding=\"async\" width=\"450\" height=\"300\" src=\"https:\/\/www.alpha-plan.de\/wp-content\/uploads\/2020\/11\/IMG_7334-gro\u0192_neu_1.jpg\" class=\"attachment-large size-large wp-image-1181\" alt=\"\u6211\u4eec\u8fd8\u53ef\u4ee5\u9009\u62e9\u673a\u5668\u7684\u81ea\u52a8\u5316\u7a0b\u5ea6\uff1a\u4ece\u624b\u52a8\u64cd\u4f5c\u5355\u5143\u5230\u673a\u5668\u4eba\u5f15\u5bfc\u7684\u751f\u4ea7\u6280\u672f\u3002\" srcset=\"https:\/\/www.alpha-plan.de\/wp-content\/uploads\/2020\/11\/IMG_7334-gro\u0192_neu_1.jpg 450w, https:\/\/www.alpha-plan.de\/wp-content\/uploads\/2020\/11\/IMG_7334-gro\u0192_neu_1-300x200.jpg 300w\" sizes=\"(max-width: 450px) 100vw, 450px\" \/>\t\t\t\t\t\t\t\t\t\t\t\t\t\t\t<\/div>\n\t\t\t\t\t<\/div>\n\t\t<\/div>\n\t\t\t\t<div class=\"elementor-column elementor-col-50 elementor-top-column elementor-element elementor-element-00aca15\" data-id=\"00aca15\" data-element_type=\"column\" data-e-type=\"column\">\n\t\t\t<div class=\"elementor-widget-wrap elementor-element-populated\">\n\t\t\t\t\t\t<div class=\"elementor-element elementor-element-5448a82 elementor-widget elementor-widget-text-editor\" data-id=\"5448a82\" data-element_type=\"widget\" data-e-type=\"widget\" data-widget_type=\"text-editor.default\">\n\t\t\t\t\t\t\t\t\t<p>\u963f\u5c14\u6cd5\u819c\u6280\u672f\u516c\u53f8\u662f\u4e16\u754c\u9886\u5148\u7684\u819c\u5de5\u4e1a\u751f\u4ea7\u8bbe\u5907\u4f9b\u5e94\u5546\u548c\u819c\u4ea7\u54c1\u5408\u540c\u5236\u9020\u5546\u3002<\/p>\t\t\t\t\t\t\t\t<\/div>\n\t\t\t\t\t<\/div>\n\t\t<\/div>\n\t\t\t\t\t<\/div>\n\t\t<\/section>\n\t\t\t\t<\/div>","protected":false},"excerpt":{"rendered":"<p>Alpha Membrane Technologies Der f\u00fchrende Komplettanbieter von Hohlfaser- und membranbasierten Modulen sowie automatisierter Prozesstechnik &amp; Fertigungslinien. In den letzten 25 Jahren hat sich Alpha Membrane Technologies zu einer weltweit f\u00fchrenden Unternehmensgruppe in der biomedizinischen Membrantechnologie entwickelt und verf\u00fcgt \u00fcber eine einzigartige Kombination aus Membran-, Ger\u00e4te- und Fertigungskompetenz. Alpha Membrane Technologies ist der weltweit f\u00fchrende Anbieter [&hellip;]<\/p>\n","protected":false},"author":1,"featured_media":9354,"parent":0,"menu_order":0,"comment_status":"closed","ping_status":"closed","template":"elementor_header_footer","meta":{"_acf_changed":false,"footnotes":""},"class_list":["post-9323","page","type-page","status-publish","has-post-thumbnail","hentry"],"acf":[],"yoast_head":"<!-- This site is optimized with the Yoast SEO plugin v27.4 - https:\/\/yoast.com\/product\/yoast-seo-wordpress\/ -->\n<title>Alpha Membrane Technologies - Alpha Plan - Filtermodulentwicklung<\/title>\n<meta name=\"description\" content=\"Alpha Plan- Experte in der Filtertechnologie: Design, Entwicklung und Produktion von individuellen Hohlfaser Filtermodulen, Prototypen, Serienfertigung\" \/>\n<meta name=\"robots\" content=\"index, follow, max-snippet:-1, max-image-preview:large, max-video-preview:-1\" \/>\n<link rel=\"canonical\" href=\"https:\/\/www.alpha-plan.de\/zh\/\u963f\u5c14\u6cd5\u819c\u6280\u672f\/\" \/>\n<meta property=\"og:locale\" content=\"zh_CN\" \/>\n<meta property=\"og:type\" content=\"article\" \/>\n<meta property=\"og:title\" content=\"Alpha Membrane Technologies - Alpha Plan - Filtermodulentwicklung\" \/>\n<meta property=\"og:description\" content=\"Alpha Plan- Experte in der Filtertechnologie: Design, Entwicklung und Produktion von individuellen Hohlfaser Filtermodulen, Prototypen, Serienfertigung\" \/>\n<meta property=\"og:url\" content=\"https:\/\/www.alpha-plan.de\/zh\/\u963f\u5c14\u6cd5\u819c\u6280\u672f\/\" \/>\n<meta property=\"og:site_name\" content=\"Alpha Plan\" \/>\n<meta property=\"article:modified_time\" content=\"2024-08-14T12:43:22+00:00\" \/>\n<meta property=\"og:image\" content=\"https:\/\/www.alpha-plan.de\/wp-content\/uploads\/2021\/10\/Nassstrecke_Uebergabe_Mikrowelle-scaled.jpg\" \/>\n\t<meta property=\"og:image:width\" content=\"2048\" \/>\n\t<meta property=\"og:image:height\" content=\"1363\" \/>\n\t<meta property=\"og:image:type\" content=\"image\/jpeg\" \/>\n<meta name=\"twitter:card\" content=\"summary_large_image\" \/>\n<meta name=\"twitter:site\" content=\"@amt_cellab\" \/>\n<meta name=\"twitter:label1\" content=\"\u9884\u8ba1\u9605\u8bfb\u65f6\u95f4\" \/>\n\t<meta name=\"twitter:data1\" content=\"1 \u5206\" \/>\n<script type=\"application\/ld+json\" class=\"yoast-schema-graph\">{\"@context\":\"https:\\\/\\\/schema.org\",\"@graph\":[{\"@type\":\"WebPage\",\"@id\":\"https:\\\/\\\/www.alpha-plan.de\\\/en\\\/alpha-membrane-technologies\\\/\",\"url\":\"https:\\\/\\\/www.alpha-plan.de\\\/en\\\/alpha-membrane-technologies\\\/\",\"name\":\"Alpha Membrane Technologies - Alpha Plan - Filtermodulentwicklung\",\"isPartOf\":{\"@id\":\"https:\\\/\\\/www.alpha-plan.de\\\/#website\"},\"primaryImageOfPage\":{\"@id\":\"https:\\\/\\\/www.alpha-plan.de\\\/en\\\/alpha-membrane-technologies\\\/#primaryimage\"},\"image\":{\"@id\":\"https:\\\/\\\/www.alpha-plan.de\\\/en\\\/alpha-membrane-technologies\\\/#primaryimage\"},\"thumbnailUrl\":\"https:\\\/\\\/www.alpha-plan.de\\\/wp-content\\\/uploads\\\/2021\\\/10\\\/Nassstrecke_Uebergabe_Mikrowelle-scaled.jpg\",\"datePublished\":\"2021-10-13T10:36:15+00:00\",\"dateModified\":\"2024-08-14T12:43:22+00:00\",\"description\":\"Alpha Plan- Experte in der Filtertechnologie: Design, Entwicklung und Produktion von individuellen Hohlfaser Filtermodulen, Prototypen, Serienfertigung\",\"breadcrumb\":{\"@id\":\"https:\\\/\\\/www.alpha-plan.de\\\/en\\\/alpha-membrane-technologies\\\/#breadcrumb\"},\"inLanguage\":\"zh-Hans\",\"potentialAction\":[{\"@type\":\"ReadAction\",\"target\":[\"https:\\\/\\\/www.alpha-plan.de\\\/en\\\/alpha-membrane-technologies\\\/\"]}]},{\"@type\":\"ImageObject\",\"inLanguage\":\"zh-Hans\",\"@id\":\"https:\\\/\\\/www.alpha-plan.de\\\/en\\\/alpha-membrane-technologies\\\/#primaryimage\",\"url\":\"https:\\\/\\\/www.alpha-plan.de\\\/wp-content\\\/uploads\\\/2021\\\/10\\\/Nassstrecke_Uebergabe_Mikrowelle-scaled.jpg\",\"contentUrl\":\"https:\\\/\\\/www.alpha-plan.de\\\/wp-content\\\/uploads\\\/2021\\\/10\\\/Nassstrecke_Uebergabe_Mikrowelle-scaled.jpg\",\"width\":2048,\"height\":1363,\"caption\":\"we supply hemodialyser assembly line.\"},{\"@type\":\"BreadcrumbList\",\"@id\":\"https:\\\/\\\/www.alpha-plan.de\\\/en\\\/alpha-membrane-technologies\\\/#breadcrumb\",\"itemListElement\":[{\"@type\":\"ListItem\",\"position\":1,\"name\":\"Home\",\"item\":\"https:\\\/\\\/www.alpha-plan.de\\\/\"},{\"@type\":\"ListItem\",\"position\":2,\"name\":\"Alpha Membrane Technologies\"}]},{\"@type\":\"WebSite\",\"@id\":\"https:\\\/\\\/www.alpha-plan.de\\\/#website\",\"url\":\"https:\\\/\\\/www.alpha-plan.de\\\/\",\"name\":\"Alpha Plan\",\"description\":\"Exzellenz in der Filtertechnologie\",\"publisher\":{\"@id\":\"https:\\\/\\\/www.alpha-plan.de\\\/#organization\"},\"alternateName\":\"Alpha Plan\",\"potentialAction\":[{\"@type\":\"SearchAction\",\"target\":{\"@type\":\"EntryPoint\",\"urlTemplate\":\"https:\\\/\\\/www.alpha-plan.de\\\/?s={search_term_string}\"},\"query-input\":{\"@type\":\"PropertyValueSpecification\",\"valueRequired\":true,\"valueName\":\"search_term_string\"}}],\"inLanguage\":\"zh-Hans\"},{\"@type\":\"Organization\",\"@id\":\"https:\\\/\\\/www.alpha-plan.de\\\/#organization\",\"name\":\"Alpha Plan GmbH\",\"url\":\"https:\\\/\\\/www.alpha-plan.de\\\/\",\"logo\":{\"@type\":\"ImageObject\",\"inLanguage\":\"zh-Hans\",\"@id\":\"https:\\\/\\\/www.alpha-plan.de\\\/#\\\/schema\\\/logo\\\/image\\\/\",\"url\":\"https:\\\/\\\/www.alpha-plan.de\\\/wp-content\\\/uploads\\\/2020\\\/08\\\/new-logo-homepage-1.png\",\"contentUrl\":\"https:\\\/\\\/www.alpha-plan.de\\\/wp-content\\\/uploads\\\/2020\\\/08\\\/new-logo-homepage-1.png\",\"width\":350,\"height\":100,\"caption\":\"Alpha Plan GmbH\"},\"image\":{\"@id\":\"https:\\\/\\\/www.alpha-plan.de\\\/#\\\/schema\\\/logo\\\/image\\\/\"},\"sameAs\":[\"https:\\\/\\\/x.com\\\/amt_cellab\",\"https:\\\/\\\/de.linkedin.com\\\/company\\\/alpha-plan-gmbh?trk=public_jobs_topcard_org_name\",\"https:\\\/\\\/www.youtube.com\\\/channel\\\/UC4XyOb5Yza4CFjyNlAhT2sg\"]}]}<\/script>\n<!-- \/ Yoast SEO plugin. -->","yoast_head_json":{"title":"\u963f\u5c14\u6cd5\u819c\u6280\u672f\u516c\u53f8 - \u963f\u5c14\u6cd5\u8ba1\u5212 - \u8fc7\u6ee4\u5668\u6a21\u5757\u5f00\u53d1","description":"Alpha Plan - \u8fc7\u6ee4\u6280\u672f\u4e13\u5bb6\uff1a\u8bbe\u8ba1\u3001\u5f00\u53d1\u548c\u751f\u4ea7\u5355\u4e2a\u4e2d\u7a7a\u7ea4\u7ef4\u8fc7\u6ee4\u6a21\u5757\u3001\u539f\u578b\u3001\u6279\u91cf\u751f\u4ea7","robots":{"index":"index","follow":"follow","max-snippet":"max-snippet:-1","max-image-preview":"max-image-preview:large","max-video-preview":"max-video-preview:-1"},"canonical":"https:\/\/www.alpha-plan.de\/zh\/\u963f\u5c14\u6cd5\u819c\u6280\u672f\/","og_locale":"zh_CN","og_type":"article","og_title":"Alpha Membrane Technologies - Alpha Plan - Filtermodulentwicklung","og_description":"Alpha Plan- Experte in der Filtertechnologie: Design, Entwicklung und Produktion von individuellen Hohlfaser Filtermodulen, Prototypen, Serienfertigung","og_url":"https:\/\/www.alpha-plan.de\/zh\/\u963f\u5c14\u6cd5\u819c\u6280\u672f\/","og_site_name":"Alpha Plan","article_modified_time":"2024-08-14T12:43:22+00:00","og_image":[{"width":2048,"height":1363,"url":"https:\/\/www.alpha-plan.de\/wp-content\/uploads\/2021\/10\/Nassstrecke_Uebergabe_Mikrowelle-scaled.jpg","type":"image\/jpeg"}],"twitter_card":"summary_large_image","twitter_site":"@amt_cellab","twitter_misc":{"\u9884\u8ba1\u9605\u8bfb\u65f6\u95f4":"1 \u5206"},"schema":{"@context":"https:\/\/schema.org","@graph":[{"@type":"WebPage","@id":"https:\/\/www.alpha-plan.de\/en\/alpha-membrane-technologies\/","url":"https:\/\/www.alpha-plan.de\/en\/alpha-membrane-technologies\/","name":"\u963f\u5c14\u6cd5\u819c\u6280\u672f\u516c\u53f8 - \u963f\u5c14\u6cd5\u8ba1\u5212 - \u8fc7\u6ee4\u5668\u6a21\u5757\u5f00\u53d1","isPartOf":{"@id":"https:\/\/www.alpha-plan.de\/#website"},"primaryImageOfPage":{"@id":"https:\/\/www.alpha-plan.de\/en\/alpha-membrane-technologies\/#primaryimage"},"image":{"@id":"https:\/\/www.alpha-plan.de\/en\/alpha-membrane-technologies\/#primaryimage"},"thumbnailUrl":"https:\/\/www.alpha-plan.de\/wp-content\/uploads\/2021\/10\/Nassstrecke_Uebergabe_Mikrowelle-scaled.jpg","datePublished":"2021-10-13T10:36:15+00:00","dateModified":"2024-08-14T12:43:22+00:00","description":"Alpha Plan - \u8fc7\u6ee4\u6280\u672f\u4e13\u5bb6\uff1a\u8bbe\u8ba1\u3001\u5f00\u53d1\u548c\u751f\u4ea7\u5355\u4e2a\u4e2d\u7a7a\u7ea4\u7ef4\u8fc7\u6ee4\u6a21\u5757\u3001\u539f\u578b\u3001\u6279\u91cf\u751f\u4ea7","breadcrumb":{"@id":"https:\/\/www.alpha-plan.de\/en\/alpha-membrane-technologies\/#breadcrumb"},"inLanguage":"zh-Hans","potentialAction":[{"@type":"ReadAction","target":["https:\/\/www.alpha-plan.de\/en\/alpha-membrane-technologies\/"]}]},{"@type":"ImageObject","inLanguage":"zh-Hans","@id":"https:\/\/www.alpha-plan.de\/en\/alpha-membrane-technologies\/#primaryimage","url":"https:\/\/www.alpha-plan.de\/wp-content\/uploads\/2021\/10\/Nassstrecke_Uebergabe_Mikrowelle-scaled.jpg","contentUrl":"https:\/\/www.alpha-plan.de\/wp-content\/uploads\/2021\/10\/Nassstrecke_Uebergabe_Mikrowelle-scaled.jpg","width":2048,"height":1363,"caption":"we supply hemodialyser assembly line."},{"@type":"BreadcrumbList","@id":"https:\/\/www.alpha-plan.de\/en\/alpha-membrane-technologies\/#breadcrumb","itemListElement":[{"@type":"ListItem","position":1,"name":"Home","item":"https:\/\/www.alpha-plan.de\/"},{"@type":"ListItem","position":2,"name":"Alpha Membrane Technologies"}]},{"@type":"WebSite","@id":"https:\/\/www.alpha-plan.de\/#website","url":"https:\/\/www.alpha-plan.de\/","name":"\u963f\u5c14\u6cd5\u8ba1\u5212","description":"\u5353\u8d8a\u7684\u8fc7\u6ee4\u6280\u672f","publisher":{"@id":"https:\/\/www.alpha-plan.de\/#organization"},"alternateName":"Alpha Plan","potentialAction":[{"@type":"SearchAction","target":{"@type":"EntryPoint","urlTemplate":"https:\/\/www.alpha-plan.de\/?s={search_term_string}"},"query-input":{"@type":"PropertyValueSpecification","valueRequired":true,"valueName":"search_term_string"}}],"inLanguage":"zh-Hans"},{"@type":"Organization","@id":"https:\/\/www.alpha-plan.de\/#organization","name":"\u963f\u5c14\u6cd5\u8ba1\u5212\u6709\u9650\u516c\u53f8","url":"https:\/\/www.alpha-plan.de\/","logo":{"@type":"ImageObject","inLanguage":"zh-Hans","@id":"https:\/\/www.alpha-plan.de\/#\/schema\/logo\/image\/","url":"https:\/\/www.alpha-plan.de\/wp-content\/uploads\/2020\/08\/new-logo-homepage-1.png","contentUrl":"https:\/\/www.alpha-plan.de\/wp-content\/uploads\/2020\/08\/new-logo-homepage-1.png","width":350,"height":100,"caption":"Alpha Plan GmbH"},"image":{"@id":"https:\/\/www.alpha-plan.de\/#\/schema\/logo\/image\/"},"sameAs":["https:\/\/x.com\/amt_cellab","https:\/\/de.linkedin.com\/company\/alpha-plan-gmbh?trk=public_jobs_topcard_org_name","https:\/\/www.youtube.com\/channel\/UC4XyOb5Yza4CFjyNlAhT2sg"]}]}},"_links":{"self":[{"href":"https:\/\/www.alpha-plan.de\/zh\/wp-json\/wp\/v2\/pages\/9323","targetHints":{"allow":["GET"]}}],"collection":[{"href":"https:\/\/www.alpha-plan.de\/zh\/wp-json\/wp\/v2\/pages"}],"about":[{"href":"https:\/\/www.alpha-plan.de\/zh\/wp-json\/wp\/v2\/types\/page"}],"author":[{"embeddable":true,"href":"https:\/\/www.alpha-plan.de\/zh\/wp-json\/wp\/v2\/users\/1"}],"replies":[{"embeddable":true,"href":"https:\/\/www.alpha-plan.de\/zh\/wp-json\/wp\/v2\/comments?post=9323"}],"version-history":[{"count":0,"href":"https:\/\/www.alpha-plan.de\/zh\/wp-json\/wp\/v2\/pages\/9323\/revisions"}],"wp:featuredmedia":[{"embeddable":true,"href":"https:\/\/www.alpha-plan.de\/zh\/wp-json\/wp\/v2\/media\/9354"}],"wp:attachment":[{"href":"https:\/\/www.alpha-plan.de\/zh\/wp-json\/wp\/v2\/media?parent=9323"}],"curies":[{"name":"wp","href":"https:\/\/api.w.org\/{rel}","templated":true}]}}