{"id":779,"date":"2020-10-06T11:43:45","date_gmt":"2020-10-06T09:43:45","guid":{"rendered":"https:\/\/alpha.inbearbeitung.de\/?page_id=779"},"modified":"2024-03-21T14:13:21","modified_gmt":"2024-03-21T13:13:21","slug":"%e5%9f%b9%e8%ae%ad%e4%b8%ad%e5%bf%83%e6%9c%8d%e5%8a%a1","status":"publish","type":"page","link":"https:\/\/www.alpha-plan.de\/zh\/leistungen\/trainings-center-serviceleistungen\/","title":{"rendered":"\u57f9\u8bad\u4e2d\u5fc3\u548c\u670d\u52a1"},"content":{"rendered":"<div data-elementor-type=\"wp-page\" data-elementor-id=\"779\" class=\"elementor elementor-779\" data-elementor-post-type=\"page\">\n\t\t\t\t<div class=\"elementor-element elementor-element-7470a28 e-con-full e-flex e-con e-parent\" data-id=\"7470a28\" data-element_type=\"container\" data-e-type=\"container\">\n\t\t\t\t<div class=\"elementor-element elementor-element-ee710e5 elementor-widget elementor-widget-template\" data-id=\"ee710e5\" data-element_type=\"widget\" data-e-type=\"widget\" data-widget_type=\"template.default\">\n\t\t\t\t<div class=\"elementor-widget-container\">\n\t\t\t\t\t\t\t<div class=\"elementor-template\">\n\t\t\t\t\t<div data-elementor-type=\"container\" data-elementor-id=\"17988\" class=\"elementor elementor-17988\" data-elementor-post-type=\"elementor_library\">\n\t\t\t\t<div class=\"elementor-element elementor-element-32e797e9 e-con-full e-flex e-con e-parent\" data-id=\"32e797e9\" data-element_type=\"container\" data-e-type=\"container\">\n\t\t\t\t<div class=\"elementor-element elementor-element-df7eb8b elementor-widget elementor-widget-theme-post-featured-image elementor-widget-image\" data-id=\"df7eb8b\" data-element_type=\"widget\" data-e-type=\"widget\" data-widget_type=\"theme-post-featured-image.default\">\n\t\t\t\t\t\t\t\t\t\t\t\t\t\t\t<img decoding=\"async\" width=\"1500\" height=\"1001\" src=\"https:\/\/www.alpha-plan.de\/wp-content\/uploads\/2020\/10\/Alpha-Plan-35-von-92.jpg\" class=\"attachment-full size-full wp-image-685\" alt=\"\" srcset=\"https:\/\/www.alpha-plan.de\/wp-content\/uploads\/2020\/10\/Alpha-Plan-35-von-92.jpg 1500w, https:\/\/www.alpha-plan.de\/wp-content\/uploads\/2020\/10\/Alpha-Plan-35-von-92-300x200.jpg 300w, https:\/\/www.alpha-plan.de\/wp-content\/uploads\/2020\/10\/Alpha-Plan-35-von-92-1024x683.jpg 1024w, https:\/\/www.alpha-plan.de\/wp-content\/uploads\/2020\/10\/Alpha-Plan-35-von-92-768x513.jpg 768w\" sizes=\"(max-width: 1500px) 100vw, 1500px\" \/>\t\t\t\t\t\t\t\t\t\t\t\t\t\t\t<\/div>\n\t\t\t\t<\/div>\n\t\t<div class=\"elementor-element elementor-element-386a3c6 e-flex e-con-boxed e-con e-child\" data-id=\"386a3c6\" data-element_type=\"container\" data-e-type=\"container\" data-settings=\"{&quot;background_background&quot;:&quot;classic&quot;}\">\n\t\t\t\t\t<div class=\"e-con-inner\">\n\t\t\t\t<div class=\"elementor-element elementor-element-a219135 elementor-widget elementor-widget-breadcrumbs\" data-id=\"a219135\" data-element_type=\"widget\" data-e-type=\"widget\" data-widget_type=\"breadcrumbs.default\">\n\t\t\t\t\t<p id=\"breadcrumbs\"><span><span><a href=\"https:\/\/www.alpha-plan.de\/zh\/\">\u9996\u9875<\/a><\/span><\/span><\/p>\t\t\t\t<\/div>\n\t\t\t\t\t<\/div>\n\t\t\t\t<\/div>\n\t\t\t\t<\/div>\n\t\t\t\t<\/div>\n\t\t\t\t\t\t<\/div>\n\t\t\t\t<\/div>\n\t\t\t\t<\/div>\n\t\t\t\t<section class=\"elementor-section elementor-top-section elementor-element elementor-element-ae6b4ad elementor-section-boxed elementor-section-height-default elementor-section-height-default\" data-id=\"ae6b4ad\" data-element_type=\"section\" data-e-type=\"section\">\n\t\t\t\t\t\t<div class=\"elementor-container elementor-column-gap-default\">\n\t\t\t\t\t<div class=\"elementor-column elementor-col-100 elementor-top-column elementor-element elementor-element-363b3f5\" data-id=\"363b3f5\" data-element_type=\"column\" data-e-type=\"column\">\n\t\t\t<div class=\"elementor-widget-wrap elementor-element-populated\">\n\t\t\t\t\t\t<div class=\"elementor-element elementor-element-a5cc825 elementor-widget elementor-widget-heading\" data-id=\"a5cc825\" data-element_type=\"widget\" data-e-type=\"widget\" data-widget_type=\"heading.default\">\n\t\t\t\t\t<h2 class=\"elementor-heading-title elementor-size-default\">\u57f9\u8bad\u4e2d\u5fc3\u548c\u670d\u52a1<\/h2>\t\t\t\t<\/div>\n\t\t\t\t<div class=\"elementor-element elementor-element-155ba2b elementor-widget elementor-widget-text-editor\" data-id=\"155ba2b\" data-element_type=\"widget\" data-e-type=\"widget\" data-widget_type=\"text-editor.default\">\n\t\t\t\t\t\t\t\t\t<p>\u60a8\u662f\u5426\u6b63\u5728\u4e3a\u73b0\u6709\u7cfb\u7edf\u7684\u7ef4\u62a4\u548c\u670d\u52a1\u5bfb\u627e\u670d\u52a1\u63d0\u4f9b\u5546\uff1f<br \/>\u60a8\u60f3\u8ba9\u5458\u5de5\u63a5\u53d7\u57f9\u8bad\u5417\uff1f<\/p>\t\t\t\t\t\t\t\t<\/div>\n\t\t\t\t<div class=\"elementor-element elementor-element-afa7305 elementor-widget elementor-widget-text-editor\" data-id=\"afa7305\" data-element_type=\"widget\" data-e-type=\"widget\" data-widget_type=\"text-editor.default\">\n\t\t\t\t\t\t\t\t\t<p>\u6211\u4eec\u63d0\u4f9b\u5168\u9762\u7684\u7ef4\u62a4\u548c\u4fdd\u517b\u670d\u52a1\uff0c\u4e3a\u786e\u4fdd\u60a8\u7684\u7cfb\u7edf\u65e0\u6545\u969c\u8fd0\u884c\u505a\u51fa\u4e86\u91cd\u8981\u8d21\u732e\u3002\u6b64\u5916\uff0c\u6211\u4eec\u8fd8\u901a\u8fc7\u4ee5\u4e0b\u65b9\u5f0f\u589e\u5f3a\u60a8\u7684\u7ade\u4e89\u529b <a href=\"https:\/\/www.alpha-plan.de\/zh\/%e6%b1%bd%e8%bb%8a%e6%9c%8d%e5%8b%99\/%e6%93%8d%e4%bd%9c%e5%91%98%e5%9f%b9%e8%ae%ad\/\">\u64cd\u4f5c\u5458\u57f9\u8bad<\/a> \u60a8\u7684\u5458\u5de5\u3002 <br><span style=\"color: var( --e-global-color-text ); font-family: var( --e-global-typography-text-font-family ), Sans-serif; font-size: var( --e-global-typography-text-font-size ); font-weight: var( --e-global-typography-text-font-weight );\"><br>\u6211\u4eec\u7684\u4e13\u5bb6\u4f20\u6388\u7684\u77e5\u8bc6\u6709\u52a9\u4e8e\u5168\u9762\u4e86\u89e3\u7cfb\u7edf\u7684\u8fd0\u884c\u60c5\u51b5 <br>\u5e76\u4f7f\u5458\u5de5\u80fd\u591f\u5145\u5206\u53d1\u6325\u6f5c\u529b\u3002&nbsp;<\/span><br><\/p>\t\t\t\t\t\t\t\t<\/div>\n\t\t\t\t<div class=\"elementor-element elementor-element-6633a2f elementor-align-center elementor-widget elementor-widget-button\" data-id=\"6633a2f\" data-element_type=\"widget\" data-e-type=\"widget\" data-widget_type=\"button.default\">\n\t\t\t\t\t\t\t\t\t\t<a class=\"elementor-button elementor-button-link elementor-size-sm\" href=\"#tc__contactform\">\n\t\t\t\t\t\t<span class=\"elementor-button-content-wrapper\">\n\t\t\t\t\t\t\t\t\t<span class=\"elementor-button-text\">\u8054\u7cfb\u6211\u4eec<\/span>\n\t\t\t\t\t<\/span>\n\t\t\t\t\t<\/a>\n\t\t\t\t\t\t\t\t<\/div>\n\t\t\t\t\t<\/div>\n\t\t<\/div>\n\t\t\t\t\t<\/div>\n\t\t<\/section>\n\t\t\t\t<section class=\"elementor-section elementor-top-section elementor-element elementor-element-ff70ced elementor-section-boxed elementor-section-height-default elementor-section-height-default\" data-id=\"ff70ced\" data-element_type=\"section\" data-e-type=\"section\" data-settings=\"{&quot;background_background&quot;:&quot;classic&quot;}\">\n\t\t\t\t\t\t<div class=\"elementor-container elementor-column-gap-default\">\n\t\t\t\t\t<div class=\"elementor-column elementor-col-50 elementor-top-column elementor-element elementor-element-448193d\" data-id=\"448193d\" data-element_type=\"column\" data-e-type=\"column\">\n\t\t\t<div class=\"elementor-widget-wrap elementor-element-populated\">\n\t\t\t\t\t\t<div class=\"elementor-element elementor-element-8697327 elementor-align-left elementor-mobile-align-center elementor-widget elementor-widget-button\" data-id=\"8697327\" data-element_type=\"widget\" data-e-type=\"widget\" data-widget_type=\"button.default\">\n\t\t\t\t\t\t\t\t\t\t<a class=\"elementor-button elementor-button-link elementor-size-sm\" href=\"https:\/\/www.alpha-plan.de\/zh\/leistungen\/\">\n\t\t\t\t\t\t<span class=\"elementor-button-content-wrapper\">\n\t\t\t\t\t\t<span class=\"elementor-button-icon\">\n\t\t\t\t<i aria-hidden=\"true\" class=\"fas fa-caret-left\"><\/i>\t\t\t<\/span>\n\t\t\t\t\t\t\t\t\t<span class=\"elementor-button-text\">\u8fd4\u56de\u6982\u89c8<\/span>\n\t\t\t\t\t<\/span>\n\t\t\t\t\t<\/a>\n\t\t\t\t\t\t\t\t<\/div>\n\t\t\t\t\t<\/div>\n\t\t<\/div>\n\t\t\t\t<div class=\"elementor-column elementor-col-50 elementor-top-column elementor-element elementor-element-75f4e15\" data-id=\"75f4e15\" data-element_type=\"column\" data-e-type=\"column\">\n\t\t\t<div class=\"elementor-widget-wrap\">\n\t\t\t\t\t\t\t<\/div>\n\t\t<\/div>\n\t\t\t\t\t<\/div>\n\t\t<\/section>\n\t\t\t\t<\/div>","protected":false},"excerpt":{"rendered":"<p>Trainings-Center &#038; Serviceleistungen Sie suchen einen Servicedienstleister f\u00fcr die Instandhaltung und Wartung Ihrer bestehenden Anlagen?Sie wollen Ihre Mitarbeiter schulen lassen? Mit unserem umfassenden Serviceangebot zu Instandhaltung und Wartung leisten wir einen wesentlichen Beitrag zum st\u00f6rungsfreien Betrieb Ihrer Anlagen. Dar\u00fcber hinaus st\u00e4rken wir Ihre Wettbewerbsf\u00e4higkeit durch Bedienerschulungen f\u00fcr Ihre Mitarbeiter. Die von unseren Experten vermittelten Kenntnisse [&hellip;]<\/p>\n","protected":false},"author":1,"featured_media":685,"parent":201,"menu_order":0,"comment_status":"closed","ping_status":"closed","template":"elementor_header_footer","meta":{"_acf_changed":false,"footnotes":""},"class_list":["post-779","page","type-page","status-publish","has-post-thumbnail","hentry"],"acf":[],"yoast_head":"<!-- This site is optimized with the Yoast SEO plugin v27.4 - https:\/\/yoast.com\/product\/yoast-seo-wordpress\/ -->\n<title>Trainings-Center &amp; Serviceleistungen - Alpha Plan - Montagelinien<\/title>\n<meta name=\"description\" content=\"Alpha Plan - Experte in der Filtertechnologie: Trainings, Bedienerschulungen, Servicepartner vor Ort, Instandhaltung, Wartung\" \/>\n<meta name=\"robots\" content=\"index, follow, max-snippet:-1, max-image-preview:large, max-video-preview:-1\" \/>\n<link rel=\"canonical\" href=\"https:\/\/www.alpha-plan.de\/zh\/\u670d\u52a1-3\/\u57f9\u8bad\u4e2d\u5fc3\u670d\u52a1\/\" \/>\n<meta property=\"og:locale\" content=\"zh_CN\" \/>\n<meta property=\"og:type\" content=\"article\" \/>\n<meta property=\"og:title\" content=\"Trainings-Center &amp; Serviceleistungen - Alpha Plan - Montagelinien\" \/>\n<meta property=\"og:description\" content=\"Alpha Plan - Experte in der Filtertechnologie: Trainings, Bedienerschulungen, Servicepartner vor Ort, Instandhaltung, Wartung\" \/>\n<meta property=\"og:url\" content=\"https:\/\/www.alpha-plan.de\/zh\/\u670d\u52a1-3\/\u57f9\u8bad\u4e2d\u5fc3\u670d\u52a1\/\" \/>\n<meta property=\"og:site_name\" content=\"Alpha Plan\" \/>\n<meta property=\"article:modified_time\" content=\"2024-03-21T13:13:21+00:00\" \/>\n<meta property=\"og:image\" content=\"https:\/\/www.alpha-plan.de\/wp-content\/uploads\/2020\/10\/Alpha-Plan-35-von-92.jpg\" \/>\n\t<meta property=\"og:image:width\" content=\"1500\" \/>\n\t<meta property=\"og:image:height\" content=\"1001\" \/>\n\t<meta property=\"og:image:type\" content=\"image\/jpeg\" \/>\n<meta name=\"twitter:card\" content=\"summary_large_image\" \/>\n<meta name=\"twitter:site\" content=\"@amt_cellab\" \/>\n<meta name=\"twitter:label1\" content=\"\u9884\u8ba1\u9605\u8bfb\u65f6\u95f4\" \/>\n\t<meta name=\"twitter:data1\" content=\"1 \u5206\" \/>\n<script type=\"application\/ld+json\" class=\"yoast-schema-graph\">{\"@context\":\"https:\\\/\\\/schema.org\",\"@graph\":[{\"@type\":\"WebPage\",\"@id\":\"https:\\\/\\\/www.alpha-plan.de\\\/leistungen\\\/trainings-center-serviceleistungen\\\/\",\"url\":\"https:\\\/\\\/www.alpha-plan.de\\\/leistungen\\\/trainings-center-serviceleistungen\\\/\",\"name\":\"Trainings-Center & Serviceleistungen - Alpha Plan - Montagelinien\",\"isPartOf\":{\"@id\":\"https:\\\/\\\/www.alpha-plan.de\\\/#website\"},\"primaryImageOfPage\":{\"@id\":\"https:\\\/\\\/www.alpha-plan.de\\\/leistungen\\\/trainings-center-serviceleistungen\\\/#primaryimage\"},\"image\":{\"@id\":\"https:\\\/\\\/www.alpha-plan.de\\\/leistungen\\\/trainings-center-serviceleistungen\\\/#primaryimage\"},\"thumbnailUrl\":\"https:\\\/\\\/www.alpha-plan.de\\\/wp-content\\\/uploads\\\/2020\\\/10\\\/Alpha-Plan-35-von-92.jpg\",\"datePublished\":\"2020-10-06T09:43:45+00:00\",\"dateModified\":\"2024-03-21T13:13:21+00:00\",\"description\":\"Alpha Plan - Experte in der Filtertechnologie: Trainings, Bedienerschulungen, Servicepartner vor Ort, Instandhaltung, Wartung\",\"breadcrumb\":{\"@id\":\"https:\\\/\\\/www.alpha-plan.de\\\/leistungen\\\/trainings-center-serviceleistungen\\\/#breadcrumb\"},\"inLanguage\":\"zh-Hans\",\"potentialAction\":[{\"@type\":\"ReadAction\",\"target\":[\"https:\\\/\\\/www.alpha-plan.de\\\/leistungen\\\/trainings-center-serviceleistungen\\\/\"]}]},{\"@type\":\"ImageObject\",\"inLanguage\":\"zh-Hans\",\"@id\":\"https:\\\/\\\/www.alpha-plan.de\\\/leistungen\\\/trainings-center-serviceleistungen\\\/#primaryimage\",\"url\":\"https:\\\/\\\/www.alpha-plan.de\\\/wp-content\\\/uploads\\\/2020\\\/10\\\/Alpha-Plan-35-von-92.jpg\",\"contentUrl\":\"https:\\\/\\\/www.alpha-plan.de\\\/wp-content\\\/uploads\\\/2020\\\/10\\\/Alpha-Plan-35-von-92.jpg\",\"width\":1500,\"height\":1001},{\"@type\":\"BreadcrumbList\",\"@id\":\"https:\\\/\\\/www.alpha-plan.de\\\/leistungen\\\/trainings-center-serviceleistungen\\\/#breadcrumb\",\"itemListElement\":[{\"@type\":\"ListItem\",\"position\":1,\"name\":\"Home\",\"item\":\"https:\\\/\\\/www.alpha-plan.de\\\/\"},{\"@type\":\"ListItem\",\"position\":2,\"name\":\"Leistungen\",\"item\":\"https:\\\/\\\/www.alpha-plan.de\\\/leistungen\\\/\"},{\"@type\":\"ListItem\",\"position\":3,\"name\":\"Trainings-Center &#038; Serviceleistungen\"}]},{\"@type\":\"WebSite\",\"@id\":\"https:\\\/\\\/www.alpha-plan.de\\\/#website\",\"url\":\"https:\\\/\\\/www.alpha-plan.de\\\/\",\"name\":\"Alpha Plan\",\"description\":\"Exzellenz in der Filtertechnologie\",\"publisher\":{\"@id\":\"https:\\\/\\\/www.alpha-plan.de\\\/#organization\"},\"alternateName\":\"Alpha Plan\",\"potentialAction\":[{\"@type\":\"SearchAction\",\"target\":{\"@type\":\"EntryPoint\",\"urlTemplate\":\"https:\\\/\\\/www.alpha-plan.de\\\/?s={search_term_string}\"},\"query-input\":{\"@type\":\"PropertyValueSpecification\",\"valueRequired\":true,\"valueName\":\"search_term_string\"}}],\"inLanguage\":\"zh-Hans\"},{\"@type\":\"Organization\",\"@id\":\"https:\\\/\\\/www.alpha-plan.de\\\/#organization\",\"name\":\"Alpha Plan GmbH\",\"url\":\"https:\\\/\\\/www.alpha-plan.de\\\/\",\"logo\":{\"@type\":\"ImageObject\",\"inLanguage\":\"zh-Hans\",\"@id\":\"https:\\\/\\\/www.alpha-plan.de\\\/#\\\/schema\\\/logo\\\/image\\\/\",\"url\":\"https:\\\/\\\/www.alpha-plan.de\\\/wp-content\\\/uploads\\\/2020\\\/08\\\/new-logo-homepage-1.png\",\"contentUrl\":\"https:\\\/\\\/www.alpha-plan.de\\\/wp-content\\\/uploads\\\/2020\\\/08\\\/new-logo-homepage-1.png\",\"width\":350,\"height\":100,\"caption\":\"Alpha Plan GmbH\"},\"image\":{\"@id\":\"https:\\\/\\\/www.alpha-plan.de\\\/#\\\/schema\\\/logo\\\/image\\\/\"},\"sameAs\":[\"https:\\\/\\\/x.com\\\/amt_cellab\",\"https:\\\/\\\/de.linkedin.com\\\/company\\\/alpha-plan-gmbh?trk=public_jobs_topcard_org_name\",\"https:\\\/\\\/www.youtube.com\\\/channel\\\/UC4XyOb5Yza4CFjyNlAhT2sg\"]}]}<\/script>\n<!-- \/ Yoast SEO plugin. -->","yoast_head_json":{"title":"\u57f9\u8bad\u4e2d\u5fc3\u4e0e\u670d\u52a1 - \u963f\u5c14\u6cd5\u8ba1\u5212 - \u88c5\u914d\u7ebf","description":"\u963f\u5c14\u6cd5\u8ba1\u5212--\u8fc7\u6ee4\u6280\u672f\u4e13\u5bb6\uff1a\u57f9\u8bad\u3001\u64cd\u4f5c\u5458\u57f9\u8bad\u3001\u73b0\u573a\u670d\u52a1\u5408\u4f5c\u4f19\u4f34\u3001\u7ef4\u62a4\u3001\u4fdd\u517b","robots":{"index":"index","follow":"follow","max-snippet":"max-snippet:-1","max-image-preview":"max-image-preview:large","max-video-preview":"max-video-preview:-1"},"canonical":"https:\/\/www.alpha-plan.de\/zh\/\u670d\u52a1-3\/\u57f9\u8bad\u4e2d\u5fc3\u670d\u52a1\/","og_locale":"zh_CN","og_type":"article","og_title":"Trainings-Center & Serviceleistungen - Alpha Plan - Montagelinien","og_description":"Alpha Plan - Experte in der Filtertechnologie: Trainings, Bedienerschulungen, Servicepartner vor Ort, Instandhaltung, Wartung","og_url":"https:\/\/www.alpha-plan.de\/zh\/\u670d\u52a1-3\/\u57f9\u8bad\u4e2d\u5fc3\u670d\u52a1\/","og_site_name":"Alpha Plan","article_modified_time":"2024-03-21T13:13:21+00:00","og_image":[{"width":1500,"height":1001,"url":"https:\/\/www.alpha-plan.de\/wp-content\/uploads\/2020\/10\/Alpha-Plan-35-von-92.jpg","type":"image\/jpeg"}],"twitter_card":"summary_large_image","twitter_site":"@amt_cellab","twitter_misc":{"\u9884\u8ba1\u9605\u8bfb\u65f6\u95f4":"1 \u5206"},"schema":{"@context":"https:\/\/schema.org","@graph":[{"@type":"WebPage","@id":"https:\/\/www.alpha-plan.de\/leistungen\/trainings-center-serviceleistungen\/","url":"https:\/\/www.alpha-plan.de\/leistungen\/trainings-center-serviceleistungen\/","name":"\u57f9\u8bad\u4e2d\u5fc3\u4e0e\u670d\u52a1 - \u963f\u5c14\u6cd5\u8ba1\u5212 - \u88c5\u914d\u7ebf","isPartOf":{"@id":"https:\/\/www.alpha-plan.de\/#website"},"primaryImageOfPage":{"@id":"https:\/\/www.alpha-plan.de\/leistungen\/trainings-center-serviceleistungen\/#primaryimage"},"image":{"@id":"https:\/\/www.alpha-plan.de\/leistungen\/trainings-center-serviceleistungen\/#primaryimage"},"thumbnailUrl":"https:\/\/www.alpha-plan.de\/wp-content\/uploads\/2020\/10\/Alpha-Plan-35-von-92.jpg","datePublished":"2020-10-06T09:43:45+00:00","dateModified":"2024-03-21T13:13:21+00:00","description":"\u963f\u5c14\u6cd5\u8ba1\u5212--\u8fc7\u6ee4\u6280\u672f\u4e13\u5bb6\uff1a\u57f9\u8bad\u3001\u64cd\u4f5c\u5458\u57f9\u8bad\u3001\u73b0\u573a\u670d\u52a1\u5408\u4f5c\u4f19\u4f34\u3001\u7ef4\u62a4\u3001\u4fdd\u517b","breadcrumb":{"@id":"https:\/\/www.alpha-plan.de\/leistungen\/trainings-center-serviceleistungen\/#breadcrumb"},"inLanguage":"zh-Hans","potentialAction":[{"@type":"ReadAction","target":["https:\/\/www.alpha-plan.de\/leistungen\/trainings-center-serviceleistungen\/"]}]},{"@type":"ImageObject","inLanguage":"zh-Hans","@id":"https:\/\/www.alpha-plan.de\/leistungen\/trainings-center-serviceleistungen\/#primaryimage","url":"https:\/\/www.alpha-plan.de\/wp-content\/uploads\/2020\/10\/Alpha-Plan-35-von-92.jpg","contentUrl":"https:\/\/www.alpha-plan.de\/wp-content\/uploads\/2020\/10\/Alpha-Plan-35-von-92.jpg","width":1500,"height":1001},{"@type":"BreadcrumbList","@id":"https:\/\/www.alpha-plan.de\/leistungen\/trainings-center-serviceleistungen\/#breadcrumb","itemListElement":[{"@type":"ListItem","position":1,"name":"Home","item":"https:\/\/www.alpha-plan.de\/"},{"@type":"ListItem","position":2,"name":"Leistungen","item":"https:\/\/www.alpha-plan.de\/leistungen\/"},{"@type":"ListItem","position":3,"name":"Trainings-Center &#038; Serviceleistungen"}]},{"@type":"WebSite","@id":"https:\/\/www.alpha-plan.de\/#website","url":"https:\/\/www.alpha-plan.de\/","name":"\u963f\u5c14\u6cd5\u8ba1\u5212","description":"\u5353\u8d8a\u7684\u8fc7\u6ee4\u6280\u672f","publisher":{"@id":"https:\/\/www.alpha-plan.de\/#organization"},"alternateName":"Alpha Plan","potentialAction":[{"@type":"SearchAction","target":{"@type":"EntryPoint","urlTemplate":"https:\/\/www.alpha-plan.de\/?s={search_term_string}"},"query-input":{"@type":"PropertyValueSpecification","valueRequired":true,"valueName":"search_term_string"}}],"inLanguage":"zh-Hans"},{"@type":"Organization","@id":"https:\/\/www.alpha-plan.de\/#organization","name":"\u963f\u5c14\u6cd5\u8ba1\u5212\u6709\u9650\u516c\u53f8","url":"https:\/\/www.alpha-plan.de\/","logo":{"@type":"ImageObject","inLanguage":"zh-Hans","@id":"https:\/\/www.alpha-plan.de\/#\/schema\/logo\/image\/","url":"https:\/\/www.alpha-plan.de\/wp-content\/uploads\/2020\/08\/new-logo-homepage-1.png","contentUrl":"https:\/\/www.alpha-plan.de\/wp-content\/uploads\/2020\/08\/new-logo-homepage-1.png","width":350,"height":100,"caption":"Alpha Plan GmbH"},"image":{"@id":"https:\/\/www.alpha-plan.de\/#\/schema\/logo\/image\/"},"sameAs":["https:\/\/x.com\/amt_cellab","https:\/\/de.linkedin.com\/company\/alpha-plan-gmbh?trk=public_jobs_topcard_org_name","https:\/\/www.youtube.com\/channel\/UC4XyOb5Yza4CFjyNlAhT2sg"]}]}},"_links":{"self":[{"href":"https:\/\/www.alpha-plan.de\/zh\/wp-json\/wp\/v2\/pages\/779","targetHints":{"allow":["GET"]}}],"collection":[{"href":"https:\/\/www.alpha-plan.de\/zh\/wp-json\/wp\/v2\/pages"}],"about":[{"href":"https:\/\/www.alpha-plan.de\/zh\/wp-json\/wp\/v2\/types\/page"}],"author":[{"embeddable":true,"href":"https:\/\/www.alpha-plan.de\/zh\/wp-json\/wp\/v2\/users\/1"}],"replies":[{"embeddable":true,"href":"https:\/\/www.alpha-plan.de\/zh\/wp-json\/wp\/v2\/comments?post=779"}],"version-history":[{"count":0,"href":"https:\/\/www.alpha-plan.de\/zh\/wp-json\/wp\/v2\/pages\/779\/revisions"}],"up":[{"embeddable":true,"href":"https:\/\/www.alpha-plan.de\/zh\/wp-json\/wp\/v2\/pages\/201"}],"wp:featuredmedia":[{"embeddable":true,"href":"https:\/\/www.alpha-plan.de\/zh\/wp-json\/wp\/v2\/media\/685"}],"wp:attachment":[{"href":"https:\/\/www.alpha-plan.de\/zh\/wp-json\/wp\/v2\/media?parent=779"}],"curies":[{"name":"wp","href":"https:\/\/api.w.org\/{rel}","templated":true}]}}