{"id":776,"date":"2020-10-06T11:41:52","date_gmt":"2020-10-06T09:41:52","guid":{"rendered":"https:\/\/alpha.inbearbeitung.de\/?page_id=776"},"modified":"2024-03-21T14:11:22","modified_gmt":"2024-03-21T13:11:22","slug":"%e6%94%b9%e9%80%a0%e5%92%8c%e6%89%a9%e5%a4%a7%e7%94%9f%e4%ba%a7","status":"publish","type":"page","link":"https:\/\/www.alpha-plan.de\/zh\/leistungen\/nachruestung-und-fertigungserweiterung\/","title":{"rendered":"\u6539\u9020\u548c\u6269\u5927\u751f\u4ea7"},"content":{"rendered":"<div data-elementor-type=\"wp-page\" data-elementor-id=\"776\" class=\"elementor elementor-776\" data-elementor-post-type=\"page\">\n\t\t\t\t<div class=\"elementor-element elementor-element-800fb5c e-con-full e-flex e-con e-parent\" data-id=\"800fb5c\" data-element_type=\"container\" data-e-type=\"container\">\n\t\t\t\t<div class=\"elementor-element elementor-element-a93a918 elementor-widget elementor-widget-template\" data-id=\"a93a918\" data-element_type=\"widget\" data-e-type=\"widget\" data-widget_type=\"template.default\">\n\t\t\t\t<div class=\"elementor-widget-container\">\n\t\t\t\t\t\t\t<div class=\"elementor-template\">\n\t\t\t\t\t<div data-elementor-type=\"container\" data-elementor-id=\"17988\" class=\"elementor elementor-17988\" data-elementor-post-type=\"elementor_library\">\n\t\t\t\t<div class=\"elementor-element elementor-element-32e797e9 e-con-full e-flex e-con e-parent\" data-id=\"32e797e9\" data-element_type=\"container\" data-e-type=\"container\">\n\t\t\t\t<div class=\"elementor-element elementor-element-df7eb8b elementor-widget elementor-widget-theme-post-featured-image elementor-widget-image\" data-id=\"df7eb8b\" data-element_type=\"widget\" data-e-type=\"widget\" data-widget_type=\"theme-post-featured-image.default\">\n\t\t\t\t\t\t\t\t\t\t\t\t\t\t\t<img decoding=\"async\" width=\"2048\" height=\"1536\" src=\"https:\/\/www.alpha-plan.de\/wp-content\/uploads\/2020\/10\/Bild_74-scaled-scaled.jpg\" class=\"attachment-full size-full wp-image-682\" alt=\"\" srcset=\"https:\/\/www.alpha-plan.de\/wp-content\/uploads\/2020\/10\/Bild_74-scaled-scaled.jpg 2048w, https:\/\/www.alpha-plan.de\/wp-content\/uploads\/2020\/10\/Bild_74-scaled-300x225.jpg 300w, https:\/\/www.alpha-plan.de\/wp-content\/uploads\/2020\/10\/Bild_74-scaled-1024x768.jpg 1024w, https:\/\/www.alpha-plan.de\/wp-content\/uploads\/2020\/10\/Bild_74-scaled-768x576.jpg 768w, https:\/\/www.alpha-plan.de\/wp-content\/uploads\/2020\/10\/Bild_74-scaled-1536x1152.jpg 1536w, https:\/\/www.alpha-plan.de\/wp-content\/uploads\/2020\/10\/Bild_74-scaled-16x12.jpg 16w\" sizes=\"(max-width: 2048px) 100vw, 2048px\" \/>\t\t\t\t\t\t\t\t\t\t\t\t\t\t\t<\/div>\n\t\t\t\t<\/div>\n\t\t<div class=\"elementor-element elementor-element-386a3c6 e-flex e-con-boxed e-con e-child\" data-id=\"386a3c6\" data-element_type=\"container\" data-e-type=\"container\" data-settings=\"{&quot;background_background&quot;:&quot;classic&quot;}\">\n\t\t\t\t\t<div class=\"e-con-inner\">\n\t\t\t\t<div class=\"elementor-element elementor-element-a219135 elementor-widget elementor-widget-breadcrumbs\" data-id=\"a219135\" data-element_type=\"widget\" data-e-type=\"widget\" data-widget_type=\"breadcrumbs.default\">\n\t\t\t\t\t<p id=\"breadcrumbs\"><span><span><a href=\"https:\/\/www.alpha-plan.de\/zh\/\">\u9996\u9875<\/a><\/span><\/span><\/p>\t\t\t\t<\/div>\n\t\t\t\t\t<\/div>\n\t\t\t\t<\/div>\n\t\t\t\t<\/div>\n\t\t\t\t<\/div>\n\t\t\t\t\t\t<\/div>\n\t\t\t\t<\/div>\n\t\t\t\t<\/div>\n\t\t\t\t<section class=\"elementor-section elementor-top-section elementor-element elementor-element-ae6b4ad elementor-section-boxed elementor-section-height-default elementor-section-height-default\" data-id=\"ae6b4ad\" data-element_type=\"section\" data-e-type=\"section\">\n\t\t\t\t\t\t<div class=\"elementor-container elementor-column-gap-default\">\n\t\t\t\t\t<div class=\"elementor-column elementor-col-100 elementor-top-column elementor-element elementor-element-363b3f5\" data-id=\"363b3f5\" data-element_type=\"column\" data-e-type=\"column\">\n\t\t\t<div class=\"elementor-widget-wrap elementor-element-populated\">\n\t\t\t\t\t\t<div class=\"elementor-element elementor-element-a5cc825 elementor-widget elementor-widget-heading\" data-id=\"a5cc825\" data-element_type=\"widget\" data-e-type=\"widget\" data-widget_type=\"heading.default\">\n\t\t\t\t\t<h2 class=\"elementor-heading-title elementor-size-default\">\u6539\u9020\u548c\u6269\u5927\u751f\u4ea7<\/h2>\t\t\t\t<\/div>\n\t\t\t\t<div class=\"elementor-element elementor-element-155ba2b elementor-widget elementor-widget-text-editor\" data-id=\"155ba2b\" data-element_type=\"widget\" data-e-type=\"widget\" data-widget_type=\"text-editor.default\">\n\t\t\t\t\t\t\t\t\t<p>\u60a8\u6709\u4e00\u4e2a\u6b63\u5728\u8fd0\u884c\u7684\u751f\u4ea7\u7cfb\u7edf\uff0c\u5e76\u5e0c\u671b\u5347\u7ea7\u60a8\u7684\u673a\u5668 <br \/>\u8fd8\u662f\u589e\u52a0\u53e6\u4e00\u4e2a\u7cfb\u7edf\uff1f<\/p>\t\t\t\t\t\t\t\t<\/div>\n\t\t\t\t<div class=\"elementor-element elementor-element-afa7305 elementor-widget elementor-widget-text-editor\" data-id=\"afa7305\" data-element_type=\"widget\" data-e-type=\"widget\" data-widget_type=\"text-editor.default\">\n\t\t\t\t\t\t\t\t\t<p>\u963f\u5c14\u6cd5\u516c\u53f8\u7684\u4e13\u5bb6\u4e3a\u60a8\u63d0\u4f9b\u652f\u6301\uff0c\u5e2e\u52a9\u60a8\u4f18\u5316\u673a\u5668\u548c\u5de5\u827a\u7684\u751f\u4ea7\u6548\u7387\u3002\u65e0\u8bba\u60a8\u7684\u673a\u5668\u6570\u91cf\u6216\u8bbe\u8ba1\u5982\u4f55\uff0c\u6211\u4eec\u90fd\u4f1a\u6839\u636e\u60a8\u7684\u8981\u6c42\u4e3a\u60a8\u91cf\u8eab\u5b9a\u5236\u65b9\u6848\u3002\u901a\u8fc7\u6211\u4eec\u4e3a\u6269\u4ea7\u6216\u6539\u9020\u6240\u89c4\u5212\u7684\u89e3\u51b3\u65b9\u6848\uff0c\u6211\u4eec\u53ef\u4ee5\u5e2e\u52a9\u60a8<\/p>\t\t\t\t\t\t\t\t<\/div>\n\t\t\t\t<section class=\"elementor-section elementor-inner-section elementor-element elementor-element-250b17d elementor-section-boxed elementor-section-height-default elementor-section-height-default\" data-id=\"250b17d\" data-element_type=\"section\" data-e-type=\"section\">\n\t\t\t\t\t\t<div class=\"elementor-container elementor-column-gap-default\">\n\t\t\t\t\t<div class=\"elementor-column elementor-col-100 elementor-inner-column elementor-element elementor-element-72c882f\" data-id=\"72c882f\" data-element_type=\"column\" data-e-type=\"column\">\n\t\t\t<div class=\"elementor-widget-wrap elementor-element-populated\">\n\t\t\t\t\t\t<div class=\"elementor-element elementor-element-c934adf elementor-align-start elementor-widget__width-auto elementor-icon-list--layout-traditional elementor-list-item-link-full_width elementor-widget elementor-widget-icon-list\" data-id=\"c934adf\" data-element_type=\"widget\" data-e-type=\"widget\" data-widget_type=\"icon-list.default\">\n\t\t\t\t\t\t\t<ul class=\"elementor-icon-list-items\">\n\t\t\t\t\t\t\t<li class=\"elementor-icon-list-item\">\n\t\t\t\t\t\t\t\t\t\t\t<span class=\"elementor-icon-list-icon\">\n\t\t\t\t\t\t\t<i aria-hidden=\"true\" class=\"fas fa-caret-right\"><\/i>\t\t\t\t\t\t<\/span>\n\t\t\t\t\t\t\t\t\t\t<span class=\"elementor-icon-list-text\">\u63d0\u9ad8\u80fd\u529b<\/span>\n\t\t\t\t\t\t\t\t\t<\/li>\n\t\t\t\t\t\t\t\t<li class=\"elementor-icon-list-item\">\n\t\t\t\t\t\t\t\t\t\t\t<span class=\"elementor-icon-list-icon\">\n\t\t\t\t\t\t\t<i aria-hidden=\"true\" class=\"fas fa-caret-right\"><\/i>\t\t\t\t\t\t<\/span>\n\t\t\t\t\t\t\t\t\t\t<span class=\"elementor-icon-list-text\">\u63d0\u9ad8\u6548\u7387\u6216<\/span>\n\t\t\t\t\t\t\t\t\t<\/li>\n\t\t\t\t\t\t\t\t<li class=\"elementor-icon-list-item\">\n\t\t\t\t\t\t\t\t\t\t\t<span class=\"elementor-icon-list-icon\">\n\t\t\t\t\t\t\t<i aria-hidden=\"true\" class=\"fas fa-caret-right\"><\/i>\t\t\t\t\t\t<\/span>\n\t\t\t\t\t\t\t\t\t\t<span class=\"elementor-icon-list-text\">\u4f18\u5316\u751f\u4ea7\u6210\u672c\u3002<\/span>\n\t\t\t\t\t\t\t\t\t<\/li>\n\t\t\t\t\t\t<\/ul>\n\t\t\t\t\t\t<\/div>\n\t\t\t\t\t<\/div>\n\t\t<\/div>\n\t\t\t\t\t<\/div>\n\t\t<\/section>\n\t\t\t\t<div class=\"elementor-element elementor-element-d791296 elementor-widget elementor-widget-text-editor\" data-id=\"d791296\" data-element_type=\"widget\" data-e-type=\"widget\" data-widget_type=\"text-editor.default\">\n\t\t\t\t\t\t\t\t\t\u7531\u4e8e\u91c7\u7528\u4e86\u6a21\u5757\u5316\u8bbe\u5907\u6982\u5ff5\uff0c\u51e0\u4e4e\u6240\u6709\u5de5\u827a\u90fd\u53ef\u4ee5\u5b9a\u5236\u3002\u81ea\u52a8\u5316\u7a0b\u5ea6\u4e5f\u53ef\u4ee5\u9009\u62e9\u3002Alpha Plan \u63d0\u4f9b\u4ece\u624b\u52a8\u64cd\u4f5c\u5355\u5143\u5230\u5168\u673a\u5668\u4eba\u6307\u5bfc\u751f\u4ea7\u6280\u672f\u7684\u5168\u9762\u9009\u62e9\u3002\t\t\t\t\t\t\t\t<\/div>\n\t\t\t\t<div class=\"elementor-element elementor-element-6633a2f elementor-align-center elementor-widget elementor-widget-button\" data-id=\"6633a2f\" data-element_type=\"widget\" data-e-type=\"widget\" data-widget_type=\"button.default\">\n\t\t\t\t\t\t\t\t\t\t<a class=\"elementor-button elementor-button-link elementor-size-sm\" href=\"#tc__contactform\">\n\t\t\t\t\t\t<span class=\"elementor-button-content-wrapper\">\n\t\t\t\t\t\t\t\t\t<span class=\"elementor-button-text\">\u8054\u7cfb\u6211\u4eec<\/span>\n\t\t\t\t\t<\/span>\n\t\t\t\t\t<\/a>\n\t\t\t\t\t\t\t\t<\/div>\n\t\t\t\t\t<\/div>\n\t\t<\/div>\n\t\t\t\t\t<\/div>\n\t\t<\/section>\n\t\t\t\t<section class=\"elementor-section elementor-top-section elementor-element elementor-element-ff70ced elementor-section-boxed elementor-section-height-default elementor-section-height-default\" data-id=\"ff70ced\" data-element_type=\"section\" data-e-type=\"section\" data-settings=\"{&quot;background_background&quot;:&quot;classic&quot;}\">\n\t\t\t\t\t\t<div class=\"elementor-container elementor-column-gap-default\">\n\t\t\t\t\t<div class=\"elementor-column elementor-col-50 elementor-top-column elementor-element elementor-element-448193d\" data-id=\"448193d\" data-element_type=\"column\" data-e-type=\"column\">\n\t\t\t<div class=\"elementor-widget-wrap elementor-element-populated\">\n\t\t\t\t\t\t<div class=\"elementor-element elementor-element-8697327 elementor-align-left elementor-mobile-align-center elementor-widget elementor-widget-button\" data-id=\"8697327\" data-element_type=\"widget\" data-e-type=\"widget\" data-widget_type=\"button.default\">\n\t\t\t\t\t\t\t\t\t\t<a class=\"elementor-button elementor-button-link elementor-size-sm\" href=\"https:\/\/www.alpha-plan.de\/zh\/leistungen\/\">\n\t\t\t\t\t\t<span class=\"elementor-button-content-wrapper\">\n\t\t\t\t\t\t<span class=\"elementor-button-icon\">\n\t\t\t\t<i aria-hidden=\"true\" class=\"fas fa-caret-left\"><\/i>\t\t\t<\/span>\n\t\t\t\t\t\t\t\t\t<span class=\"elementor-button-text\">\u8fd4\u56de\u6982\u89c8<\/span>\n\t\t\t\t\t<\/span>\n\t\t\t\t\t<\/a>\n\t\t\t\t\t\t\t\t<\/div>\n\t\t\t\t\t<\/div>\n\t\t<\/div>\n\t\t\t\t<div class=\"elementor-column elementor-col-50 elementor-top-column elementor-element elementor-element-75f4e15\" data-id=\"75f4e15\" data-element_type=\"column\" data-e-type=\"column\">\n\t\t\t<div class=\"elementor-widget-wrap elementor-element-populated\">\n\t\t\t\t\t\t<div class=\"elementor-element elementor-element-0f667aa elementor-align-right elementor-mobile-align-center elementor-widget elementor-widget-button\" data-id=\"0f667aa\" data-element_type=\"widget\" data-e-type=\"widget\" data-widget_type=\"button.default\">\n\t\t\t\t\t\t\t\t\t\t<a class=\"elementor-button elementor-button-link elementor-size-sm\" href=\"https:\/\/www.alpha-plan.de\/zh\/leistungen\/trainings-center-serviceleistungen\/\">\n\t\t\t\t\t\t<span class=\"elementor-button-content-wrapper\">\n\t\t\t\t\t\t<span class=\"elementor-button-icon\">\n\t\t\t\t<i aria-hidden=\"true\" class=\"fas fa-caret-right\"><\/i>\t\t\t<\/span>\n\t\t\t\t\t\t\t\t\t<span class=\"elementor-button-text\">\u7ee7\u7eed\u524d\u5f80 \u57f9\u8bad\u4e2d\u5fc3\u548c\u670d\u52a1<\/span>\n\t\t\t\t\t<\/span>\n\t\t\t\t\t<\/a>\n\t\t\t\t\t\t\t\t<\/div>\n\t\t\t\t\t<\/div>\n\t\t<\/div>\n\t\t\t\t\t<\/div>\n\t\t<\/section>\n\t\t\t\t<\/div>","protected":false},"excerpt":{"rendered":"<p>Nachr\u00fcstung und Fertigungserweiterung Sie haben eine laufende Produktion und wollen Ihre Maschinen aufr\u00fcsten oder um eine weitere Anlage erweitern? Die Experten von Alpha unterst\u00fctzen Sie dabei, die Produktivit\u00e4t Ihrer Maschinen und Prozesse zu optimieren. Unabh\u00e4ngig von der Anzahl oder Ausf\u00fchrung Ihrer Maschinen erstellen wir ein individuelles Konzept, das Ihre Anforderungen erf\u00fcllt. Mit den von uns [&hellip;]<\/p>\n","protected":false},"author":1,"featured_media":682,"parent":201,"menu_order":0,"comment_status":"closed","ping_status":"closed","template":"elementor_header_footer","meta":{"_acf_changed":false,"footnotes":""},"class_list":["post-776","page","type-page","status-publish","has-post-thumbnail","hentry"],"acf":[],"yoast_head":"<!-- This site is optimized with the Yoast SEO plugin v27.5 - https:\/\/yoast.com\/product\/yoast-seo-wordpress\/ -->\n<title>Nachr\u00fcstung und Fertigungserweiterung - Alpha Plan<\/title>\n<meta name=\"description\" content=\"Alpha Plan - Experte in der Filtertechnologie: Nachr\u00fcstung Ihrer Anlage, Fertigungserweiterung, Anlagenkonzept, Produktionserweiterung\" \/>\n<meta name=\"robots\" content=\"index, follow, max-snippet:-1, max-image-preview:large, max-video-preview:-1\" \/>\n<link rel=\"canonical\" href=\"https:\/\/www.alpha-plan.de\/zh\/\u670d\u52a1-3\/\u6539\u9020\u548c\u6269\u5927\u751f\u4ea7\/\" \/>\n<meta property=\"og:locale\" content=\"zh_CN\" \/>\n<meta property=\"og:type\" content=\"article\" \/>\n<meta property=\"og:title\" content=\"Nachr\u00fcstung und Fertigungserweiterung - Alpha Plan\" \/>\n<meta property=\"og:description\" content=\"Alpha Plan - Experte in der Filtertechnologie: Nachr\u00fcstung Ihrer Anlage, Fertigungserweiterung, Anlagenkonzept, Produktionserweiterung\" \/>\n<meta property=\"og:url\" content=\"https:\/\/www.alpha-plan.de\/zh\/\u670d\u52a1-3\/\u6539\u9020\u548c\u6269\u5927\u751f\u4ea7\/\" \/>\n<meta property=\"og:site_name\" content=\"Alpha Plan\" \/>\n<meta property=\"article:modified_time\" content=\"2024-03-21T13:11:22+00:00\" \/>\n<meta property=\"og:image\" content=\"https:\/\/www.alpha-plan.de\/wp-content\/uploads\/2020\/10\/Bild_74-scaled-scaled.jpg\" \/>\n\t<meta property=\"og:image:width\" content=\"2048\" \/>\n\t<meta property=\"og:image:height\" content=\"1536\" \/>\n\t<meta property=\"og:image:type\" content=\"image\/jpeg\" \/>\n<meta name=\"twitter:card\" content=\"summary_large_image\" \/>\n<meta name=\"twitter:site\" content=\"@amt_cellab\" \/>\n<meta name=\"twitter:label1\" content=\"\u9884\u8ba1\u9605\u8bfb\u65f6\u95f4\" \/>\n\t<meta name=\"twitter:data1\" content=\"1 \u5206\" \/>\n<script type=\"application\/ld+json\" class=\"yoast-schema-graph\">{\"@context\":\"https:\\\/\\\/schema.org\",\"@graph\":[{\"@type\":\"WebPage\",\"@id\":\"https:\\\/\\\/www.alpha-plan.de\\\/leistungen\\\/nachruestung-und-fertigungserweiterung\\\/\",\"url\":\"https:\\\/\\\/www.alpha-plan.de\\\/leistungen\\\/nachruestung-und-fertigungserweiterung\\\/\",\"name\":\"Nachr\u00fcstung und Fertigungserweiterung - Alpha Plan\",\"isPartOf\":{\"@id\":\"https:\\\/\\\/www.alpha-plan.de\\\/#website\"},\"primaryImageOfPage\":{\"@id\":\"https:\\\/\\\/www.alpha-plan.de\\\/leistungen\\\/nachruestung-und-fertigungserweiterung\\\/#primaryimage\"},\"image\":{\"@id\":\"https:\\\/\\\/www.alpha-plan.de\\\/leistungen\\\/nachruestung-und-fertigungserweiterung\\\/#primaryimage\"},\"thumbnailUrl\":\"https:\\\/\\\/www.alpha-plan.de\\\/wp-content\\\/uploads\\\/2020\\\/10\\\/Bild_74-scaled-scaled.jpg\",\"datePublished\":\"2020-10-06T09:41:52+00:00\",\"dateModified\":\"2024-03-21T13:11:22+00:00\",\"description\":\"Alpha Plan - Experte in der Filtertechnologie: Nachr\u00fcstung Ihrer Anlage, Fertigungserweiterung, Anlagenkonzept, Produktionserweiterung\",\"breadcrumb\":{\"@id\":\"https:\\\/\\\/www.alpha-plan.de\\\/leistungen\\\/nachruestung-und-fertigungserweiterung\\\/#breadcrumb\"},\"inLanguage\":\"zh-Hans\",\"potentialAction\":[{\"@type\":\"ReadAction\",\"target\":[\"https:\\\/\\\/www.alpha-plan.de\\\/leistungen\\\/nachruestung-und-fertigungserweiterung\\\/\"]}]},{\"@type\":\"ImageObject\",\"inLanguage\":\"zh-Hans\",\"@id\":\"https:\\\/\\\/www.alpha-plan.de\\\/leistungen\\\/nachruestung-und-fertigungserweiterung\\\/#primaryimage\",\"url\":\"https:\\\/\\\/www.alpha-plan.de\\\/wp-content\\\/uploads\\\/2020\\\/10\\\/Bild_74-scaled-scaled.jpg\",\"contentUrl\":\"https:\\\/\\\/www.alpha-plan.de\\\/wp-content\\\/uploads\\\/2020\\\/10\\\/Bild_74-scaled-scaled.jpg\",\"width\":2048,\"height\":1536},{\"@type\":\"BreadcrumbList\",\"@id\":\"https:\\\/\\\/www.alpha-plan.de\\\/leistungen\\\/nachruestung-und-fertigungserweiterung\\\/#breadcrumb\",\"itemListElement\":[{\"@type\":\"ListItem\",\"position\":1,\"name\":\"Home\",\"item\":\"https:\\\/\\\/www.alpha-plan.de\\\/\"},{\"@type\":\"ListItem\",\"position\":2,\"name\":\"Leistungen\",\"item\":\"https:\\\/\\\/www.alpha-plan.de\\\/leistungen\\\/\"},{\"@type\":\"ListItem\",\"position\":3,\"name\":\"Nachr\u00fcstung und Fertigungserweiterung\"}]},{\"@type\":\"WebSite\",\"@id\":\"https:\\\/\\\/www.alpha-plan.de\\\/#website\",\"url\":\"https:\\\/\\\/www.alpha-plan.de\\\/\",\"name\":\"Alpha Plan\",\"description\":\"Exzellenz in der Filtertechnologie\",\"publisher\":{\"@id\":\"https:\\\/\\\/www.alpha-plan.de\\\/#organization\"},\"alternateName\":\"Alpha Plan\",\"potentialAction\":[{\"@type\":\"SearchAction\",\"target\":{\"@type\":\"EntryPoint\",\"urlTemplate\":\"https:\\\/\\\/www.alpha-plan.de\\\/?s={search_term_string}\"},\"query-input\":{\"@type\":\"PropertyValueSpecification\",\"valueRequired\":true,\"valueName\":\"search_term_string\"}}],\"inLanguage\":\"zh-Hans\"},{\"@type\":\"Organization\",\"@id\":\"https:\\\/\\\/www.alpha-plan.de\\\/#organization\",\"name\":\"Alpha Plan GmbH\",\"url\":\"https:\\\/\\\/www.alpha-plan.de\\\/\",\"logo\":{\"@type\":\"ImageObject\",\"inLanguage\":\"zh-Hans\",\"@id\":\"https:\\\/\\\/www.alpha-plan.de\\\/#\\\/schema\\\/logo\\\/image\\\/\",\"url\":\"https:\\\/\\\/www.alpha-plan.de\\\/wp-content\\\/uploads\\\/2020\\\/08\\\/new-logo-homepage-1.png\",\"contentUrl\":\"https:\\\/\\\/www.alpha-plan.de\\\/wp-content\\\/uploads\\\/2020\\\/08\\\/new-logo-homepage-1.png\",\"width\":350,\"height\":100,\"caption\":\"Alpha Plan GmbH\"},\"image\":{\"@id\":\"https:\\\/\\\/www.alpha-plan.de\\\/#\\\/schema\\\/logo\\\/image\\\/\"},\"sameAs\":[\"https:\\\/\\\/x.com\\\/amt_cellab\",\"https:\\\/\\\/de.linkedin.com\\\/company\\\/alpha-plan-gmbh?trk=public_jobs_topcard_org_name\",\"https:\\\/\\\/www.youtube.com\\\/channel\\\/UC4XyOb5Yza4CFjyNlAhT2sg\"]}]}<\/script>\n<!-- \/ Yoast SEO plugin. -->","yoast_head_json":{"title":"\u6539\u9020\u548c\u6269\u5927\u751f\u4ea7 - \u963f\u5c14\u6cd5\u8ba1\u5212","description":"\u963f\u5c14\u6cd5\u8ba1\u5212--\u8fc7\u6ee4\u6280\u672f\u4e13\u5bb6\uff1a\u6539\u9020\u7cfb\u7edf\u3001\u6269\u5927\u751f\u4ea7\u3001\u7cfb\u7edf\u6982\u5ff5\u3001\u6269\u5927\u751f\u4ea7","robots":{"index":"index","follow":"follow","max-snippet":"max-snippet:-1","max-image-preview":"max-image-preview:large","max-video-preview":"max-video-preview:-1"},"canonical":"https:\/\/www.alpha-plan.de\/zh\/\u670d\u52a1-3\/\u6539\u9020\u548c\u6269\u5927\u751f\u4ea7\/","og_locale":"zh_CN","og_type":"article","og_title":"Nachr\u00fcstung und Fertigungserweiterung - Alpha Plan","og_description":"Alpha Plan - Experte in der Filtertechnologie: Nachr\u00fcstung Ihrer Anlage, Fertigungserweiterung, Anlagenkonzept, Produktionserweiterung","og_url":"https:\/\/www.alpha-plan.de\/zh\/\u670d\u52a1-3\/\u6539\u9020\u548c\u6269\u5927\u751f\u4ea7\/","og_site_name":"Alpha Plan","article_modified_time":"2024-03-21T13:11:22+00:00","og_image":[{"width":2048,"height":1536,"url":"https:\/\/www.alpha-plan.de\/wp-content\/uploads\/2020\/10\/Bild_74-scaled-scaled.jpg","type":"image\/jpeg"}],"twitter_card":"summary_large_image","twitter_site":"@amt_cellab","twitter_misc":{"\u9884\u8ba1\u9605\u8bfb\u65f6\u95f4":"1 \u5206"},"schema":{"@context":"https:\/\/schema.org","@graph":[{"@type":"WebPage","@id":"https:\/\/www.alpha-plan.de\/leistungen\/nachruestung-und-fertigungserweiterung\/","url":"https:\/\/www.alpha-plan.de\/leistungen\/nachruestung-und-fertigungserweiterung\/","name":"\u6539\u9020\u548c\u6269\u5927\u751f\u4ea7 - \u963f\u5c14\u6cd5\u8ba1\u5212","isPartOf":{"@id":"https:\/\/www.alpha-plan.de\/#website"},"primaryImageOfPage":{"@id":"https:\/\/www.alpha-plan.de\/leistungen\/nachruestung-und-fertigungserweiterung\/#primaryimage"},"image":{"@id":"https:\/\/www.alpha-plan.de\/leistungen\/nachruestung-und-fertigungserweiterung\/#primaryimage"},"thumbnailUrl":"https:\/\/www.alpha-plan.de\/wp-content\/uploads\/2020\/10\/Bild_74-scaled-scaled.jpg","datePublished":"2020-10-06T09:41:52+00:00","dateModified":"2024-03-21T13:11:22+00:00","description":"\u963f\u5c14\u6cd5\u8ba1\u5212--\u8fc7\u6ee4\u6280\u672f\u4e13\u5bb6\uff1a\u6539\u9020\u7cfb\u7edf\u3001\u6269\u5927\u751f\u4ea7\u3001\u7cfb\u7edf\u6982\u5ff5\u3001\u6269\u5927\u751f\u4ea7","breadcrumb":{"@id":"https:\/\/www.alpha-plan.de\/leistungen\/nachruestung-und-fertigungserweiterung\/#breadcrumb"},"inLanguage":"zh-Hans","potentialAction":[{"@type":"ReadAction","target":["https:\/\/www.alpha-plan.de\/leistungen\/nachruestung-und-fertigungserweiterung\/"]}]},{"@type":"ImageObject","inLanguage":"zh-Hans","@id":"https:\/\/www.alpha-plan.de\/leistungen\/nachruestung-und-fertigungserweiterung\/#primaryimage","url":"https:\/\/www.alpha-plan.de\/wp-content\/uploads\/2020\/10\/Bild_74-scaled-scaled.jpg","contentUrl":"https:\/\/www.alpha-plan.de\/wp-content\/uploads\/2020\/10\/Bild_74-scaled-scaled.jpg","width":2048,"height":1536},{"@type":"BreadcrumbList","@id":"https:\/\/www.alpha-plan.de\/leistungen\/nachruestung-und-fertigungserweiterung\/#breadcrumb","itemListElement":[{"@type":"ListItem","position":1,"name":"Home","item":"https:\/\/www.alpha-plan.de\/"},{"@type":"ListItem","position":2,"name":"Leistungen","item":"https:\/\/www.alpha-plan.de\/leistungen\/"},{"@type":"ListItem","position":3,"name":"Nachr\u00fcstung und Fertigungserweiterung"}]},{"@type":"WebSite","@id":"https:\/\/www.alpha-plan.de\/#website","url":"https:\/\/www.alpha-plan.de\/","name":"\u963f\u5c14\u6cd5\u8ba1\u5212","description":"\u5353\u8d8a\u7684\u8fc7\u6ee4\u6280\u672f","publisher":{"@id":"https:\/\/www.alpha-plan.de\/#organization"},"alternateName":"Alpha Plan","potentialAction":[{"@type":"SearchAction","target":{"@type":"EntryPoint","urlTemplate":"https:\/\/www.alpha-plan.de\/?s={search_term_string}"},"query-input":{"@type":"PropertyValueSpecification","valueRequired":true,"valueName":"search_term_string"}}],"inLanguage":"zh-Hans"},{"@type":"Organization","@id":"https:\/\/www.alpha-plan.de\/#organization","name":"\u963f\u5c14\u6cd5\u8ba1\u5212\u6709\u9650\u516c\u53f8","url":"https:\/\/www.alpha-plan.de\/","logo":{"@type":"ImageObject","inLanguage":"zh-Hans","@id":"https:\/\/www.alpha-plan.de\/#\/schema\/logo\/image\/","url":"https:\/\/www.alpha-plan.de\/wp-content\/uploads\/2020\/08\/new-logo-homepage-1.png","contentUrl":"https:\/\/www.alpha-plan.de\/wp-content\/uploads\/2020\/08\/new-logo-homepage-1.png","width":350,"height":100,"caption":"Alpha Plan GmbH"},"image":{"@id":"https:\/\/www.alpha-plan.de\/#\/schema\/logo\/image\/"},"sameAs":["https:\/\/x.com\/amt_cellab","https:\/\/de.linkedin.com\/company\/alpha-plan-gmbh?trk=public_jobs_topcard_org_name","https:\/\/www.youtube.com\/channel\/UC4XyOb5Yza4CFjyNlAhT2sg"]}]}},"_links":{"self":[{"href":"https:\/\/www.alpha-plan.de\/zh\/wp-json\/wp\/v2\/pages\/776","targetHints":{"allow":["GET"]}}],"collection":[{"href":"https:\/\/www.alpha-plan.de\/zh\/wp-json\/wp\/v2\/pages"}],"about":[{"href":"https:\/\/www.alpha-plan.de\/zh\/wp-json\/wp\/v2\/types\/page"}],"author":[{"embeddable":true,"href":"https:\/\/www.alpha-plan.de\/zh\/wp-json\/wp\/v2\/users\/1"}],"replies":[{"embeddable":true,"href":"https:\/\/www.alpha-plan.de\/zh\/wp-json\/wp\/v2\/comments?post=776"}],"version-history":[{"count":0,"href":"https:\/\/www.alpha-plan.de\/zh\/wp-json\/wp\/v2\/pages\/776\/revisions"}],"up":[{"embeddable":true,"href":"https:\/\/www.alpha-plan.de\/zh\/wp-json\/wp\/v2\/pages\/201"}],"wp:featuredmedia":[{"embeddable":true,"href":"https:\/\/www.alpha-plan.de\/zh\/wp-json\/wp\/v2\/media\/682"}],"wp:attachment":[{"href":"https:\/\/www.alpha-plan.de\/zh\/wp-json\/wp\/v2\/media?parent=776"}],"curies":[{"name":"wp","href":"https:\/\/api.w.org\/{rel}","templated":true}]}}