{"id":688,"date":"2020-10-05T11:17:46","date_gmt":"2020-10-05T09:17:46","guid":{"rendered":"https:\/\/alpha.inbearbeitung.de\/?page_id=688"},"modified":"2025-02-07T09:55:52","modified_gmt":"2025-02-07T08:55:52","slug":"%e5%ba%94%e7%94%a8","status":"publish","type":"page","link":"https:\/\/www.alpha-plan.de\/zh\/filter\/anwendungen\/","title":{"rendered":"\u5e94\u7528"},"content":{"rendered":"<div data-elementor-type=\"wp-page\" data-elementor-id=\"688\" class=\"elementor elementor-688\" data-elementor-post-type=\"page\">\n\t\t\t\t<div class=\"elementor-element elementor-element-4691adf e-con-full e-flex e-con e-parent\" data-id=\"4691adf\" data-element_type=\"container\" data-e-type=\"container\">\n\t\t\t\t<div class=\"elementor-element elementor-element-319cc52 elementor-widget elementor-widget-template\" data-id=\"319cc52\" data-element_type=\"widget\" data-e-type=\"widget\" data-widget_type=\"template.default\">\n\t\t\t\t<div class=\"elementor-widget-container\">\n\t\t\t\t\t\t\t<div class=\"elementor-template\">\n\t\t\t\t\t<div data-elementor-type=\"container\" data-elementor-id=\"17988\" class=\"elementor elementor-17988\" data-elementor-post-type=\"elementor_library\">\n\t\t\t\t<div class=\"elementor-element elementor-element-32e797e9 e-con-full e-flex e-con e-parent\" data-id=\"32e797e9\" data-element_type=\"container\" data-e-type=\"container\">\n\t\t\t\t<div class=\"elementor-element elementor-element-df7eb8b elementor-widget elementor-widget-theme-post-featured-image elementor-widget-image\" data-id=\"df7eb8b\" data-element_type=\"widget\" data-e-type=\"widget\" data-widget_type=\"theme-post-featured-image.default\">\n\t\t\t\t\t\t\t\t\t\t\t\t\t\t\t<img decoding=\"async\" width=\"2048\" height=\"1367\" src=\"https:\/\/www.alpha-plan.de\/wp-content\/uploads\/2020\/10\/Alpha-Plan-51-von-92-scaled.jpg\" class=\"attachment-full size-full wp-image-880\" alt=\"\u5e26\u4e2d\u7a7a\u7ea4\u7ef4\u8fc7\u6ee4\u5668\u7684\u751f\u7269\u53cd\u5e94\u5668\" srcset=\"https:\/\/www.alpha-plan.de\/wp-content\/uploads\/2020\/10\/Alpha-Plan-51-von-92-scaled.jpg 2048w, https:\/\/www.alpha-plan.de\/wp-content\/uploads\/2020\/10\/Alpha-Plan-51-von-92-scaled-300x200.jpg 300w, https:\/\/www.alpha-plan.de\/wp-content\/uploads\/2020\/10\/Alpha-Plan-51-von-92-scaled-1024x684.jpg 1024w, https:\/\/www.alpha-plan.de\/wp-content\/uploads\/2020\/10\/Alpha-Plan-51-von-92-scaled-768x513.jpg 768w, https:\/\/www.alpha-plan.de\/wp-content\/uploads\/2020\/10\/Alpha-Plan-51-von-92-scaled-1536x1025.jpg 1536w\" sizes=\"(max-width: 2048px) 100vw, 2048px\" \/>\t\t\t\t\t\t\t\t\t\t\t\t\t\t\t<\/div>\n\t\t\t\t<\/div>\n\t\t<div class=\"elementor-element elementor-element-386a3c6 e-flex e-con-boxed e-con e-child\" data-id=\"386a3c6\" data-element_type=\"container\" data-e-type=\"container\" data-settings=\"{&quot;background_background&quot;:&quot;classic&quot;}\">\n\t\t\t\t\t<div class=\"e-con-inner\">\n\t\t\t\t<div class=\"elementor-element elementor-element-a219135 elementor-widget elementor-widget-breadcrumbs\" data-id=\"a219135\" data-element_type=\"widget\" data-e-type=\"widget\" data-widget_type=\"breadcrumbs.default\">\n\t\t\t\t\t<p id=\"breadcrumbs\"><span><span><a href=\"https:\/\/www.alpha-plan.de\/zh\/\">\u9996\u9875<\/a><\/span><\/span><\/p>\t\t\t\t<\/div>\n\t\t\t\t\t<\/div>\n\t\t\t\t<\/div>\n\t\t\t\t<\/div>\n\t\t\t\t<\/div>\n\t\t\t\t\t\t<\/div>\n\t\t\t\t<\/div>\n\t\t\t\t<\/div>\n\t\t\t\t<section class=\"elementor-section elementor-top-section elementor-element elementor-element-ae6b4ad elementor-section-boxed elementor-section-height-default elementor-section-height-default\" data-id=\"ae6b4ad\" data-element_type=\"section\" data-e-type=\"section\">\n\t\t\t\t\t\t<div class=\"elementor-container elementor-column-gap-default\">\n\t\t\t\t\t<div class=\"elementor-column elementor-col-100 elementor-top-column elementor-element elementor-element-363b3f5\" data-id=\"363b3f5\" data-element_type=\"column\" data-e-type=\"column\">\n\t\t\t<div class=\"elementor-widget-wrap elementor-element-populated\">\n\t\t\t\t\t\t<div class=\"elementor-element elementor-element-a5cc825 elementor-widget elementor-widget-heading\" data-id=\"a5cc825\" data-element_type=\"widget\" data-e-type=\"widget\" data-widget_type=\"heading.default\">\n\t\t\t\t\t<h2 class=\"elementor-heading-title elementor-size-default\">\u5e94\u7528<\/h2>\t\t\t\t<\/div>\n\t\t\t\t\t<\/div>\n\t\t<\/div>\n\t\t\t\t\t<\/div>\n\t\t<\/section>\n\t\t\t\t<section class=\"elementor-section elementor-top-section elementor-element elementor-element-eaa55eb elementor-section-boxed elementor-section-height-default elementor-section-height-default\" data-id=\"eaa55eb\" data-element_type=\"section\" data-e-type=\"section\" data-settings=\"{&quot;background_background&quot;:&quot;classic&quot;}\">\n\t\t\t\t\t\t<div class=\"elementor-container elementor-column-gap-default\">\n\t\t\t\t\t<div class=\"elementor-column elementor-col-50 elementor-top-column elementor-element elementor-element-00aca15\" data-id=\"00aca15\" data-element_type=\"column\" data-e-type=\"column\">\n\t\t\t<div class=\"elementor-widget-wrap elementor-element-populated\">\n\t\t\t\t\t\t<div class=\"elementor-element elementor-element-5448a82 elementor-widget elementor-widget-text-editor\" data-id=\"5448a82\" data-element_type=\"widget\" data-e-type=\"widget\" data-widget_type=\"text-editor.default\">\n\t\t\t\t\t\t\t\t\t<p style=\"background-image: initial; background-position: initial; background-size: initial; background-repeat: initial; background-attachment: initial; background-origin: initial; background-clip: initial;\"><span style=\"font-size: 13.5pt; font-family: 'Encode Sans Condensed', serif;\">\u6211\u4eec\u7684\u819c\u7ec4\u4ef6\u548c\u8fc7\u6ee4\u5668\u5e38\u7528\u4e8e\u4ee5\u4e0b\u9886\u57df\uff1a<\/span><\/p><p style=\"background-image: initial; background-position: initial; background-size: initial; background-repeat: initial; background-attachment: initial; background-origin: initial; background-clip: initial;\"><b style=\"color: var( --e-global-color-272c5b6 ); font-family: var( --e-global-typography-text-font-family ); font-size: var( --e-global-typography-text-font-size ); background-color: var( --e-global-color-7dfe3afb );\"><span style=\"font-size: 13.5pt; font-family: 'Encode Sans Condensed', serif;\">\u533b\u5b66\/\u751f\u7269\u6280\u672f\/\u751f\u547d\u79d1\u5b66\/\u5236\u836f<\/span><\/b><\/p><ul><li>\u4e0a\u6e38\u7ec6\u80de\u548c\u86cb\u767d\u8d28\u6d53\u5ea6<\/li><li>\u4e0b\u6e38\u751f\u7269\u52a0\u5de5\u3001\u86cb\u767d\u8d28\u548c\u6297\u4f53\u7eaf\u5316<\/li><li>\u7528\u4e8e\u751f\u7269\u6280\u672f\u5e94\u7528\u7684\u589e\u6c27\u673a<\/li><li>\u7528\u4e8e\u86cb\u767d\u8d28\u751f\u4ea7\u3001\u7ec6\u80de\u6269\u589e\u3001\u7ec6\u80de\u7597\u6cd5\u751f\u4ea7\u3001PK\/PD \u7814\u7a76\u7684\u9ad8\u9891\u751f\u7269\u53cd\u5e94\u5668<\/li><li>\u7cbe\u5bc6\/\u8d85\u6ee4<\/li><li>\u4ecb\u8d28\u548c\u7f13\u51b2\u6db2\u8fc7\u6ee4<\/li><li>\u7ec6\u80de\u6d53\u7f29\/\u7ec6\u80de\u5206\u79bb\/\u7ec6\u80de\u6269\u589e<\/li><li>\u5185\u6bd2\u7d20\u548c\u70ed\u539f\u5206\u79bb<\/li><\/ul><p><strong>\u00a0<\/strong><\/p><p><strong>\u5176\u4ed6<\/strong><\/p><ul><li>\u6db2\u4f53\u8131\u6c14<\/li><li>\u5bcc\u6c27\/\u6db2\u4f53\u78b3\u5316<\/li><li>\u91c7\u6837\u7cfb\u7edf<\/li><li>\u6d3b\u6027\u6210\u5206\u5408\u6210<\/li><li>\u6c34\u5904\u7406\u00a0<\/li><\/ul>\t\t\t\t\t\t\t\t<\/div>\n\t\t\t\t\t<\/div>\n\t\t<\/div>\n\t\t\t\t<div class=\"elementor-column elementor-col-50 elementor-top-column elementor-element elementor-element-765de4d\" data-id=\"765de4d\" data-element_type=\"column\" data-e-type=\"column\">\n\t\t\t<div class=\"elementor-widget-wrap elementor-element-populated\">\n\t\t\t\t\t\t<div class=\"elementor-element elementor-element-2fc64f9 elementor-widget elementor-widget-image\" data-id=\"2fc64f9\" data-element_type=\"widget\" data-e-type=\"widget\" data-widget_type=\"image.default\">\n\t\t\t\t\t\t\t\t\t\t\t\t\t\t\t<img decoding=\"async\" width=\"800\" height=\"534\" src=\"https:\/\/www.alpha-plan.de\/wp-content\/uploads\/2020\/10\/Alpha-Plan-51-von-92-scaled-1024x684.jpg\" class=\"attachment-large size-large wp-image-880\" alt=\"\u5e26\u4e2d\u7a7a\u7ea4\u7ef4\u8fc7\u6ee4\u5668\u7684\u751f\u7269\u53cd\u5e94\u5668\" srcset=\"https:\/\/www.alpha-plan.de\/wp-content\/uploads\/2020\/10\/Alpha-Plan-51-von-92-scaled-1024x684.jpg 1024w, https:\/\/www.alpha-plan.de\/wp-content\/uploads\/2020\/10\/Alpha-Plan-51-von-92-scaled-300x200.jpg 300w, https:\/\/www.alpha-plan.de\/wp-content\/uploads\/2020\/10\/Alpha-Plan-51-von-92-scaled-768x513.jpg 768w, https:\/\/www.alpha-plan.de\/wp-content\/uploads\/2020\/10\/Alpha-Plan-51-von-92-scaled-1536x1025.jpg 1536w, https:\/\/www.alpha-plan.de\/wp-content\/uploads\/2020\/10\/Alpha-Plan-51-von-92-scaled.jpg 2048w\" sizes=\"(max-width: 800px) 100vw, 800px\" \/>\t\t\t\t\t\t\t\t\t\t\t\t\t\t\t<\/div>\n\t\t\t\t<div class=\"elementor-element elementor-element-ea347f0 elementor-widget elementor-widget-image\" data-id=\"ea347f0\" data-element_type=\"widget\" data-e-type=\"widget\" data-widget_type=\"image.default\">\n\t\t\t\t\t\t\t\t\t\t\t\t\t\t\t<img decoding=\"async\" width=\"800\" height=\"534\" src=\"https:\/\/www.alpha-plan.de\/wp-content\/uploads\/2021\/11\/Bild-44-von-83-1024x683.jpg\" class=\"attachment-large size-large wp-image-9912\" alt=\"\u7528\u4e8e\u7ec6\u80de\u57f9\u517b\u7684\u4e2d\u7a7a\u7ea4\u7ef4\u8fc7\u6ee4\u5668\uff0c\u7528\u4e8e\u7ec6\u80de\u57f9\u517b\u7684\u751f\u7269\u53cd\u5e94\u5668\uff0c\u7528\u4e8e\u7ec6\u80de\u5206\u79bb\u3001\u7ec6\u80de\u6d53\u7f29\u3001\u7ec6\u80de\u7eaf\u5316\u7b49\u7684\u8d85\u6ee4\u548c\u5fae\u6ee4\u8fc7\u6ee4\u5668\u3002\" srcset=\"https:\/\/www.alpha-plan.de\/wp-content\/uploads\/2021\/11\/Bild-44-von-83-1024x683.jpg 1024w, https:\/\/www.alpha-plan.de\/wp-content\/uploads\/2021\/11\/Bild-44-von-83-300x200.jpg 300w, https:\/\/www.alpha-plan.de\/wp-content\/uploads\/2021\/11\/Bild-44-von-83-768x513.jpg 768w, https:\/\/www.alpha-plan.de\/wp-content\/uploads\/2021\/11\/Bild-44-von-83.jpg 1500w\" sizes=\"(max-width: 800px) 100vw, 800px\" \/>\t\t\t\t\t\t\t\t\t\t\t\t\t\t\t<\/div>\n\t\t\t\t\t<\/div>\n\t\t<\/div>\n\t\t\t\t\t<\/div>\n\t\t<\/section>\n\t\t\t\t<section class=\"elementor-section elementor-top-section elementor-element elementor-element-11e9a7c elementor-section-boxed elementor-section-height-default elementor-section-height-default\" data-id=\"11e9a7c\" data-element_type=\"section\" data-e-type=\"section\" data-settings=\"{&quot;background_background&quot;:&quot;classic&quot;}\">\n\t\t\t\t\t\t<div class=\"elementor-container elementor-column-gap-default\">\n\t\t\t\t\t<div class=\"elementor-column elementor-col-100 elementor-top-column elementor-element elementor-element-bac98ba\" data-id=\"bac98ba\" data-element_type=\"column\" data-e-type=\"column\">\n\t\t\t<div class=\"elementor-widget-wrap elementor-element-populated\">\n\t\t\t\t\t\t<div class=\"elementor-element elementor-element-1ffc090 elementor-widget elementor-widget-image\" data-id=\"1ffc090\" data-element_type=\"widget\" data-e-type=\"widget\" data-widget_type=\"image.default\">\n\t\t\t\t\t\t\t\t\t\t\t\t\t\t\t<img decoding=\"async\" width=\"800\" height=\"388\" src=\"https:\/\/www.alpha-plan.de\/wp-content\/uploads\/2025\/02\/Anwendungen3-1024x496.png\" class=\"attachment-large size-large wp-image-20547\" alt=\"\" srcset=\"https:\/\/www.alpha-plan.de\/wp-content\/uploads\/2025\/02\/Anwendungen3-1024x496.png 1024w, https:\/\/www.alpha-plan.de\/wp-content\/uploads\/2025\/02\/Anwendungen3-300x145.png 300w, https:\/\/www.alpha-plan.de\/wp-content\/uploads\/2025\/02\/Anwendungen3-768x372.png 768w, https:\/\/www.alpha-plan.de\/wp-content\/uploads\/2025\/02\/Anwendungen3-18x9.png 18w, https:\/\/www.alpha-plan.de\/wp-content\/uploads\/2025\/02\/Anwendungen3.png 1241w\" sizes=\"(max-width: 800px) 100vw, 800px\" \/>\t\t\t\t\t\t\t\t\t\t\t\t\t\t\t<\/div>\n\t\t\t\t\t<\/div>\n\t\t<\/div>\n\t\t\t\t\t<\/div>\n\t\t<\/section>\n\t\t\t\t<\/div>","protected":false},"excerpt":{"rendered":"<p>Anwendungen Unsere Membranmodule und Filter werden h\u00e4ufig in folgenden Bereichen eingesetzt: Medizin \/ Biotech \/ Life-Science \/ Pharma Upstream Zell- und Proteinkonzentration Downstream bioprocessing, Protein- und Antik\u00f6rperaufreinigung Oxygenator f\u00fcr biotechnologische Anwendungen HF-Bioreaktoren f\u00fcr Proteinproduktion, Zellexpansion, Verwendung in der Zelltherapieherstellung, PK\/PD-Studien Dia- \/ Ultrafiltration Medien- und Pufferfiltration Zellkonzentration \/ Zellseparation \/Zellexpansion Endotoxin- und Pyrogenabtrennung \u00a0 Sonstige: [&hellip;]<\/p>\n","protected":false},"author":1,"featured_media":880,"parent":263,"menu_order":0,"comment_status":"closed","ping_status":"closed","template":"elementor_header_footer","meta":{"_acf_changed":false,"footnotes":""},"class_list":["post-688","page","type-page","status-publish","has-post-thumbnail","hentry"],"acf":[],"yoast_head":"<!-- This site is optimized with the Yoast SEO plugin v27.5 - https:\/\/yoast.com\/product\/yoast-seo-wordpress\/ -->\n<title>Anwendungen - Alpha Plan - Hohlfaser Filtermodulhersteller<\/title>\n<meta name=\"description\" content=\"Alpha Plan - Experte in der Filtertechnologie: Kundenspezifische Hohlfaser Filtermodule f\u00fcr Medizin \/ Biotech \/ Life-Science \/ Pharma\" \/>\n<meta name=\"robots\" content=\"index, follow, max-snippet:-1, max-image-preview:large, max-video-preview:-1\" \/>\n<link rel=\"canonical\" href=\"https:\/\/www.alpha-plan.de\/zh\/\u8fc7\u6ee4\/\u5e94\u7528\/\" \/>\n<meta property=\"og:locale\" content=\"zh_CN\" \/>\n<meta property=\"og:type\" content=\"article\" \/>\n<meta property=\"og:title\" content=\"Anwendungen - Alpha Plan - Hohlfaser Filtermodulhersteller\" \/>\n<meta property=\"og:description\" content=\"Alpha Plan - Experte in der Filtertechnologie: Kundenspezifische Hohlfaser Filtermodule f\u00fcr Medizin \/ Biotech \/ Life-Science \/ Pharma\" \/>\n<meta property=\"og:url\" content=\"https:\/\/www.alpha-plan.de\/zh\/\u8fc7\u6ee4\/\u5e94\u7528\/\" \/>\n<meta property=\"og:site_name\" content=\"Alpha Plan\" \/>\n<meta property=\"article:modified_time\" content=\"2025-02-07T08:55:52+00:00\" \/>\n<meta property=\"og:image\" content=\"https:\/\/www.alpha-plan.de\/wp-content\/uploads\/2020\/10\/Alpha-Plan-51-von-92-scaled.jpg\" \/>\n\t<meta property=\"og:image:width\" content=\"2048\" \/>\n\t<meta property=\"og:image:height\" content=\"1367\" \/>\n\t<meta property=\"og:image:type\" content=\"image\/jpeg\" \/>\n<meta name=\"twitter:card\" content=\"summary_large_image\" \/>\n<meta name=\"twitter:site\" content=\"@amt_cellab\" \/>\n<script type=\"application\/ld+json\" class=\"yoast-schema-graph\">{\"@context\":\"https:\\\/\\\/schema.org\",\"@graph\":[{\"@type\":\"WebPage\",\"@id\":\"https:\\\/\\\/www.alpha-plan.de\\\/filter\\\/anwendungen\\\/\",\"url\":\"https:\\\/\\\/www.alpha-plan.de\\\/filter\\\/anwendungen\\\/\",\"name\":\"Anwendungen - Alpha Plan - Hohlfaser Filtermodulhersteller\",\"isPartOf\":{\"@id\":\"https:\\\/\\\/www.alpha-plan.de\\\/#website\"},\"primaryImageOfPage\":{\"@id\":\"https:\\\/\\\/www.alpha-plan.de\\\/filter\\\/anwendungen\\\/#primaryimage\"},\"image\":{\"@id\":\"https:\\\/\\\/www.alpha-plan.de\\\/filter\\\/anwendungen\\\/#primaryimage\"},\"thumbnailUrl\":\"https:\\\/\\\/www.alpha-plan.de\\\/wp-content\\\/uploads\\\/2020\\\/10\\\/Alpha-Plan-51-von-92-scaled.jpg\",\"datePublished\":\"2020-10-05T09:17:46+00:00\",\"dateModified\":\"2025-02-07T08:55:52+00:00\",\"description\":\"Alpha Plan - Experte in der Filtertechnologie: Kundenspezifische Hohlfaser Filtermodule f\u00fcr Medizin \\\/ Biotech \\\/ Life-Science \\\/ Pharma\",\"breadcrumb\":{\"@id\":\"https:\\\/\\\/www.alpha-plan.de\\\/filter\\\/anwendungen\\\/#breadcrumb\"},\"inLanguage\":\"zh-Hans\",\"potentialAction\":[{\"@type\":\"ReadAction\",\"target\":[\"https:\\\/\\\/www.alpha-plan.de\\\/filter\\\/anwendungen\\\/\"]}]},{\"@type\":\"ImageObject\",\"inLanguage\":\"zh-Hans\",\"@id\":\"https:\\\/\\\/www.alpha-plan.de\\\/filter\\\/anwendungen\\\/#primaryimage\",\"url\":\"https:\\\/\\\/www.alpha-plan.de\\\/wp-content\\\/uploads\\\/2020\\\/10\\\/Alpha-Plan-51-von-92-scaled.jpg\",\"contentUrl\":\"https:\\\/\\\/www.alpha-plan.de\\\/wp-content\\\/uploads\\\/2020\\\/10\\\/Alpha-Plan-51-von-92-scaled.jpg\",\"width\":2048,\"height\":1367,\"caption\":\"bioreactor with hollow fiber filters\"},{\"@type\":\"BreadcrumbList\",\"@id\":\"https:\\\/\\\/www.alpha-plan.de\\\/filter\\\/anwendungen\\\/#breadcrumb\",\"itemListElement\":[{\"@type\":\"ListItem\",\"position\":1,\"name\":\"Home\",\"item\":\"https:\\\/\\\/www.alpha-plan.de\\\/\"},{\"@type\":\"ListItem\",\"position\":2,\"name\":\"Filter\",\"item\":\"https:\\\/\\\/www.alpha-plan.de\\\/filter\\\/\"},{\"@type\":\"ListItem\",\"position\":3,\"name\":\"Anwendungen\"}]},{\"@type\":\"WebSite\",\"@id\":\"https:\\\/\\\/www.alpha-plan.de\\\/#website\",\"url\":\"https:\\\/\\\/www.alpha-plan.de\\\/\",\"name\":\"Alpha Plan\",\"description\":\"Exzellenz in der Filtertechnologie\",\"publisher\":{\"@id\":\"https:\\\/\\\/www.alpha-plan.de\\\/#organization\"},\"alternateName\":\"Alpha Plan\",\"potentialAction\":[{\"@type\":\"SearchAction\",\"target\":{\"@type\":\"EntryPoint\",\"urlTemplate\":\"https:\\\/\\\/www.alpha-plan.de\\\/?s={search_term_string}\"},\"query-input\":{\"@type\":\"PropertyValueSpecification\",\"valueRequired\":true,\"valueName\":\"search_term_string\"}}],\"inLanguage\":\"zh-Hans\"},{\"@type\":\"Organization\",\"@id\":\"https:\\\/\\\/www.alpha-plan.de\\\/#organization\",\"name\":\"Alpha Plan GmbH\",\"url\":\"https:\\\/\\\/www.alpha-plan.de\\\/\",\"logo\":{\"@type\":\"ImageObject\",\"inLanguage\":\"zh-Hans\",\"@id\":\"https:\\\/\\\/www.alpha-plan.de\\\/#\\\/schema\\\/logo\\\/image\\\/\",\"url\":\"https:\\\/\\\/www.alpha-plan.de\\\/wp-content\\\/uploads\\\/2020\\\/08\\\/new-logo-homepage-1.png\",\"contentUrl\":\"https:\\\/\\\/www.alpha-plan.de\\\/wp-content\\\/uploads\\\/2020\\\/08\\\/new-logo-homepage-1.png\",\"width\":350,\"height\":100,\"caption\":\"Alpha Plan GmbH\"},\"image\":{\"@id\":\"https:\\\/\\\/www.alpha-plan.de\\\/#\\\/schema\\\/logo\\\/image\\\/\"},\"sameAs\":[\"https:\\\/\\\/x.com\\\/amt_cellab\",\"https:\\\/\\\/de.linkedin.com\\\/company\\\/alpha-plan-gmbh?trk=public_jobs_topcard_org_name\",\"https:\\\/\\\/www.youtube.com\\\/channel\\\/UC4XyOb5Yza4CFjyNlAhT2sg\"]}]}<\/script>\n<!-- \/ Yoast SEO plugin. -->","yoast_head_json":{"title":"\u5e94\u7528 - Alpha Plan - \u4e2d\u7a7a\u7ea4\u7ef4\u8fc7\u6ee4\u6a21\u5757\u5236\u9020\u5546","description":"Alpha Plan - \u8fc7\u6ee4\u6280\u672f\u4e13\u5bb6\uff1a\u7528\u4e8e\u533b\u836f\/\u751f\u7269\u6280\u672f\/\u751f\u547d\u79d1\u5b66\/\u5236\u836f\u7684\u5b9a\u5236\u4e2d\u7a7a\u7ea4\u7ef4\u8fc7\u6ee4\u6a21\u5757","robots":{"index":"index","follow":"follow","max-snippet":"max-snippet:-1","max-image-preview":"max-image-preview:large","max-video-preview":"max-video-preview:-1"},"canonical":"https:\/\/www.alpha-plan.de\/zh\/\u8fc7\u6ee4\/\u5e94\u7528\/","og_locale":"zh_CN","og_type":"article","og_title":"Anwendungen - Alpha Plan - Hohlfaser Filtermodulhersteller","og_description":"Alpha Plan - Experte in der Filtertechnologie: Kundenspezifische Hohlfaser Filtermodule f\u00fcr Medizin \/ Biotech \/ Life-Science \/ Pharma","og_url":"https:\/\/www.alpha-plan.de\/zh\/\u8fc7\u6ee4\/\u5e94\u7528\/","og_site_name":"Alpha Plan","article_modified_time":"2025-02-07T08:55:52+00:00","og_image":[{"width":2048,"height":1367,"url":"https:\/\/www.alpha-plan.de\/wp-content\/uploads\/2020\/10\/Alpha-Plan-51-von-92-scaled.jpg","type":"image\/jpeg"}],"twitter_card":"summary_large_image","twitter_site":"@amt_cellab","schema":{"@context":"https:\/\/schema.org","@graph":[{"@type":"WebPage","@id":"https:\/\/www.alpha-plan.de\/filter\/anwendungen\/","url":"https:\/\/www.alpha-plan.de\/filter\/anwendungen\/","name":"\u5e94\u7528 - Alpha Plan - \u4e2d\u7a7a\u7ea4\u7ef4\u8fc7\u6ee4\u6a21\u5757\u5236\u9020\u5546","isPartOf":{"@id":"https:\/\/www.alpha-plan.de\/#website"},"primaryImageOfPage":{"@id":"https:\/\/www.alpha-plan.de\/filter\/anwendungen\/#primaryimage"},"image":{"@id":"https:\/\/www.alpha-plan.de\/filter\/anwendungen\/#primaryimage"},"thumbnailUrl":"https:\/\/www.alpha-plan.de\/wp-content\/uploads\/2020\/10\/Alpha-Plan-51-von-92-scaled.jpg","datePublished":"2020-10-05T09:17:46+00:00","dateModified":"2025-02-07T08:55:52+00:00","description":"Alpha Plan - \u8fc7\u6ee4\u6280\u672f\u4e13\u5bb6\uff1a\u7528\u4e8e\u533b\u836f\/\u751f\u7269\u6280\u672f\/\u751f\u547d\u79d1\u5b66\/\u5236\u836f\u7684\u5b9a\u5236\u4e2d\u7a7a\u7ea4\u7ef4\u8fc7\u6ee4\u6a21\u5757","breadcrumb":{"@id":"https:\/\/www.alpha-plan.de\/filter\/anwendungen\/#breadcrumb"},"inLanguage":"zh-Hans","potentialAction":[{"@type":"ReadAction","target":["https:\/\/www.alpha-plan.de\/filter\/anwendungen\/"]}]},{"@type":"ImageObject","inLanguage":"zh-Hans","@id":"https:\/\/www.alpha-plan.de\/filter\/anwendungen\/#primaryimage","url":"https:\/\/www.alpha-plan.de\/wp-content\/uploads\/2020\/10\/Alpha-Plan-51-von-92-scaled.jpg","contentUrl":"https:\/\/www.alpha-plan.de\/wp-content\/uploads\/2020\/10\/Alpha-Plan-51-von-92-scaled.jpg","width":2048,"height":1367,"caption":"bioreactor with hollow fiber filters"},{"@type":"BreadcrumbList","@id":"https:\/\/www.alpha-plan.de\/filter\/anwendungen\/#breadcrumb","itemListElement":[{"@type":"ListItem","position":1,"name":"Home","item":"https:\/\/www.alpha-plan.de\/"},{"@type":"ListItem","position":2,"name":"Filter","item":"https:\/\/www.alpha-plan.de\/filter\/"},{"@type":"ListItem","position":3,"name":"Anwendungen"}]},{"@type":"WebSite","@id":"https:\/\/www.alpha-plan.de\/#website","url":"https:\/\/www.alpha-plan.de\/","name":"\u963f\u5c14\u6cd5\u8ba1\u5212","description":"\u5353\u8d8a\u7684\u8fc7\u6ee4\u6280\u672f","publisher":{"@id":"https:\/\/www.alpha-plan.de\/#organization"},"alternateName":"Alpha Plan","potentialAction":[{"@type":"SearchAction","target":{"@type":"EntryPoint","urlTemplate":"https:\/\/www.alpha-plan.de\/?s={search_term_string}"},"query-input":{"@type":"PropertyValueSpecification","valueRequired":true,"valueName":"search_term_string"}}],"inLanguage":"zh-Hans"},{"@type":"Organization","@id":"https:\/\/www.alpha-plan.de\/#organization","name":"\u963f\u5c14\u6cd5\u8ba1\u5212\u6709\u9650\u516c\u53f8","url":"https:\/\/www.alpha-plan.de\/","logo":{"@type":"ImageObject","inLanguage":"zh-Hans","@id":"https:\/\/www.alpha-plan.de\/#\/schema\/logo\/image\/","url":"https:\/\/www.alpha-plan.de\/wp-content\/uploads\/2020\/08\/new-logo-homepage-1.png","contentUrl":"https:\/\/www.alpha-plan.de\/wp-content\/uploads\/2020\/08\/new-logo-homepage-1.png","width":350,"height":100,"caption":"Alpha Plan GmbH"},"image":{"@id":"https:\/\/www.alpha-plan.de\/#\/schema\/logo\/image\/"},"sameAs":["https:\/\/x.com\/amt_cellab","https:\/\/de.linkedin.com\/company\/alpha-plan-gmbh?trk=public_jobs_topcard_org_name","https:\/\/www.youtube.com\/channel\/UC4XyOb5Yza4CFjyNlAhT2sg"]}]}},"_links":{"self":[{"href":"https:\/\/www.alpha-plan.de\/zh\/wp-json\/wp\/v2\/pages\/688","targetHints":{"allow":["GET"]}}],"collection":[{"href":"https:\/\/www.alpha-plan.de\/zh\/wp-json\/wp\/v2\/pages"}],"about":[{"href":"https:\/\/www.alpha-plan.de\/zh\/wp-json\/wp\/v2\/types\/page"}],"author":[{"embeddable":true,"href":"https:\/\/www.alpha-plan.de\/zh\/wp-json\/wp\/v2\/users\/1"}],"replies":[{"embeddable":true,"href":"https:\/\/www.alpha-plan.de\/zh\/wp-json\/wp\/v2\/comments?post=688"}],"version-history":[{"count":0,"href":"https:\/\/www.alpha-plan.de\/zh\/wp-json\/wp\/v2\/pages\/688\/revisions"}],"up":[{"embeddable":true,"href":"https:\/\/www.alpha-plan.de\/zh\/wp-json\/wp\/v2\/pages\/263"}],"wp:featuredmedia":[{"embeddable":true,"href":"https:\/\/www.alpha-plan.de\/zh\/wp-json\/wp\/v2\/media\/880"}],"wp:attachment":[{"href":"https:\/\/www.alpha-plan.de\/zh\/wp-json\/wp\/v2\/media?parent=688"}],"curies":[{"name":"wp","href":"https:\/\/api.w.org\/{rel}","templated":true}]}}