{"id":22024,"date":"2026-03-20T12:59:03","date_gmt":"2026-03-20T11:59:03","guid":{"rendered":"https:\/\/www.alpha-plan.de\/?page_id=22024"},"modified":"2026-04-21T11:07:54","modified_gmt":"2026-04-21T09:07:54","slug":"%e7%94%a8%e4%ba%8e%e7%87%83%e6%96%99%e7%94%b5%e6%b1%a0%e9%a9%b1%e5%8a%a8%e7%9a%84%e5%8a%a0%e6%b9%bf%e5%99%a8","status":"publish","type":"page","link":"https:\/\/www.alpha-plan.de\/zh\/automotive\/humidifier-fuer-brennstoffzellenantriebe\/","title":{"rendered":"\u7528\u4e8e\u71c3\u6599\u7535\u6c60\u9a71\u52a8\u7684\u52a0\u6e7f\u5668"},"content":{"rendered":"<div data-elementor-type=\"wp-page\" data-elementor-id=\"22024\" class=\"elementor elementor-22024\" data-elementor-post-type=\"page\">\n\t\t\t\t<div class=\"elementor-element elementor-element-a68dbf6 e-con-full e-flex e-con e-parent\" data-id=\"a68dbf6\" data-element_type=\"container\" data-e-type=\"container\">\n\t\t\t\t<div class=\"elementor-element elementor-element-9bd3fb1 elementor-widget elementor-widget-template\" data-id=\"9bd3fb1\" data-element_type=\"widget\" data-e-type=\"widget\" data-widget_type=\"template.default\">\n\t\t\t\t<div class=\"elementor-widget-container\">\n\t\t\t\t\t\t\t<div class=\"elementor-template\">\n\t\t\t\t\t<div data-elementor-type=\"container\" data-elementor-id=\"17988\" class=\"elementor elementor-17988\" data-elementor-post-type=\"elementor_library\">\n\t\t\t\t<div class=\"elementor-element elementor-element-32e797e9 e-con-full e-flex e-con e-parent\" data-id=\"32e797e9\" data-element_type=\"container\" data-e-type=\"container\">\n\t\t\t\t<div class=\"elementor-element elementor-element-df7eb8b elementor-widget elementor-widget-theme-post-featured-image elementor-widget-image\" data-id=\"df7eb8b\" data-element_type=\"widget\" data-e-type=\"widget\" data-widget_type=\"theme-post-featured-image.default\">\n\t\t\t\t\t\t\t\t\t\t\t\t\t\t\t<img decoding=\"async\" width=\"2048\" height=\"1152\" src=\"https:\/\/www.alpha-plan.de\/wp-content\/uploads\/2026\/02\/147_Kolon_Zentrifuge_0001-scaled.jpg\" class=\"attachment-full size-full wp-image-21913\" alt=\"\" srcset=\"https:\/\/www.alpha-plan.de\/wp-content\/uploads\/2026\/02\/147_Kolon_Zentrifuge_0001-scaled.jpg 2048w, https:\/\/www.alpha-plan.de\/wp-content\/uploads\/2026\/02\/147_Kolon_Zentrifuge_0001-300x169.jpg 300w, https:\/\/www.alpha-plan.de\/wp-content\/uploads\/2026\/02\/147_Kolon_Zentrifuge_0001-1024x576.jpg 1024w, https:\/\/www.alpha-plan.de\/wp-content\/uploads\/2026\/02\/147_Kolon_Zentrifuge_0001-768x432.jpg 768w, https:\/\/www.alpha-plan.de\/wp-content\/uploads\/2026\/02\/147_Kolon_Zentrifuge_0001-1536x864.jpg 1536w, https:\/\/www.alpha-plan.de\/wp-content\/uploads\/2026\/02\/147_Kolon_Zentrifuge_0001-18x10.jpg 18w\" sizes=\"(max-width: 2048px) 100vw, 2048px\" \/>\t\t\t\t\t\t\t\t\t\t\t\t\t\t\t<\/div>\n\t\t\t\t<\/div>\n\t\t<div class=\"elementor-element elementor-element-386a3c6 e-flex e-con-boxed e-con e-child\" data-id=\"386a3c6\" data-element_type=\"container\" data-e-type=\"container\" data-settings=\"{&quot;background_background&quot;:&quot;classic&quot;}\">\n\t\t\t\t\t<div class=\"e-con-inner\">\n\t\t\t\t<div class=\"elementor-element elementor-element-a219135 elementor-widget elementor-widget-breadcrumbs\" data-id=\"a219135\" data-element_type=\"widget\" data-e-type=\"widget\" data-widget_type=\"breadcrumbs.default\">\n\t\t\t\t\t<p id=\"breadcrumbs\"><span><span><a href=\"https:\/\/www.alpha-plan.de\/zh\/\">\u9996\u9875<\/a><\/span><\/span><\/p>\t\t\t\t<\/div>\n\t\t\t\t\t<\/div>\n\t\t\t\t<\/div>\n\t\t\t\t<\/div>\n\t\t\t\t<\/div>\n\t\t\t\t\t\t<\/div>\n\t\t\t\t<\/div>\n\t\t\t\t<\/div>\n\t\t<div class=\"elementor-element elementor-element-bcbbb4c e-flex e-con-boxed e-con e-parent\" data-id=\"bcbbb4c\" data-element_type=\"container\" data-e-type=\"container\">\n\t\t\t\t\t<div class=\"e-con-inner\">\n\t\t<div class=\"elementor-element elementor-element-773f1dc e-con-full e-flex e-con e-child\" data-id=\"773f1dc\" data-element_type=\"container\" data-e-type=\"container\">\n\t\t\t\t<div class=\"elementor-element elementor-element-b141c2d elementor-widget elementor-widget-heading\" data-id=\"b141c2d\" data-element_type=\"widget\" data-e-type=\"widget\" data-widget_type=\"heading.default\">\n\t\t\t\t\t<h1 class=\"elementor-heading-title elementor-size-default\">\u7528\u4e8e\u71c3\u6599\u7535\u6c60\u9a71\u52a8\u7684\u52a0\u6e7f\u5668<\/h1>\t\t\t\t<\/div>\n\t\t\t\t<div class=\"elementor-element elementor-element-0110d1a elementor-widget-divider--view-line elementor-widget elementor-widget-divider\" data-id=\"0110d1a\" data-element_type=\"widget\" data-e-type=\"widget\" data-widget_type=\"divider.default\">\n\t\t\t\t\t\t\t<div class=\"elementor-divider\">\n\t\t\t<span class=\"elementor-divider-separator\">\n\t\t\t\t\t\t<\/span>\n\t\t<\/div>\n\t\t\t\t\t\t<\/div>\n\t\t\t\t<\/div>\n\t\t\t\t\t<\/div>\n\t\t\t\t<\/div>\n\t\t<div class=\"elementor-element elementor-element-afeff0d e-flex e-con-boxed e-con e-parent\" data-id=\"afeff0d\" data-element_type=\"container\" data-e-type=\"container\" id=\"sec_1\">\n\t\t\t\t\t<div class=\"e-con-inner\">\n\t\t<div class=\"elementor-element elementor-element-9c7092b e-con-full e-flex e-con e-child\" data-id=\"9c7092b\" data-element_type=\"container\" data-e-type=\"container\">\n\t\t\t\t<div class=\"elementor-element elementor-element-c6d8db5 elementor-widget elementor-widget-heading\" data-id=\"c6d8db5\" data-element_type=\"widget\" data-e-type=\"widget\" data-widget_type=\"heading.default\">\n\t\t\t\t\t<h2 class=\"elementor-heading-title elementor-size-default\">Alpha Plan \u751f\u4ea7\u7528\u4e8e\u71c3\u6599\u7535\u6c60\u9a71\u52a8\u7684\u5b9a\u5236\n\u7528\u4e8e\u71c3\u6599\u7535\u6c60\u9a71\u52a8\u7684\u79bb\u5fc3\u673a\u3002.<\/h2>\t\t\t\t<\/div>\n\t\t\t\t<\/div>\n\t\t<div class=\"elementor-element elementor-element-cd2d517 e-con-full e-flex e-con e-child\" data-id=\"cd2d517\" data-element_type=\"container\" data-e-type=\"container\">\n\t\t\t\t<div class=\"elementor-element elementor-element-c304def elementor-widget elementor-widget-image\" data-id=\"c304def\" data-element_type=\"widget\" data-e-type=\"widget\" data-widget_type=\"image.default\">\n\t\t\t\t\t\t\t\t\t\t\t\t\t\t\t<img decoding=\"async\" width=\"800\" height=\"450\" src=\"https:\/\/www.alpha-plan.de\/wp-content\/uploads\/2026\/02\/147_Kolon_Zentrifuge_0001-1024x576.jpg\" class=\"attachment-large size-large wp-image-21913\" alt=\"\" srcset=\"https:\/\/www.alpha-plan.de\/wp-content\/uploads\/2026\/02\/147_Kolon_Zentrifuge_0001-1024x576.jpg 1024w, https:\/\/www.alpha-plan.de\/wp-content\/uploads\/2026\/02\/147_Kolon_Zentrifuge_0001-300x169.jpg 300w, https:\/\/www.alpha-plan.de\/wp-content\/uploads\/2026\/02\/147_Kolon_Zentrifuge_0001-768x432.jpg 768w, https:\/\/www.alpha-plan.de\/wp-content\/uploads\/2026\/02\/147_Kolon_Zentrifuge_0001-1536x864.jpg 1536w, https:\/\/www.alpha-plan.de\/wp-content\/uploads\/2026\/02\/147_Kolon_Zentrifuge_0001-scaled.jpg 2048w, https:\/\/www.alpha-plan.de\/wp-content\/uploads\/2026\/02\/147_Kolon_Zentrifuge_0001-18x10.jpg 18w\" sizes=\"(max-width: 800px) 100vw, 800px\" \/>\t\t\t\t\t\t\t\t\t\t\t\t\t\t\t<\/div>\n\t\t\t\t<\/div>\n\t\t\t\t\t<\/div>\n\t\t\t\t<\/div>\n\t\t<div class=\"elementor-element elementor-element-fd7c779 e-flex e-con-boxed e-con e-parent\" data-id=\"fd7c779\" data-element_type=\"container\" data-e-type=\"container\">\n\t\t\t\t\t<div class=\"e-con-inner\">\n\t\t\t\t<div class=\"elementor-element elementor-element-b164339 elementor-widget elementor-widget-text-editor\" data-id=\"b164339\" data-element_type=\"widget\" data-e-type=\"widget\" data-widget_type=\"text-editor.default\">\n\t\t\t\t\t\t\t\t\t<p>\u5728\u71c3\u6599\u7535\u6c60\u7cfb\u7edf\u4e2d\uff0c\u52a0\u6e7f\u5668\u7684\u6027\u80fd\u548c\u4f7f\u7528\u5bff\u547d\u5728\u5f88\u5927\u7a0b\u5ea6\u4e0a\u53d6\u51b3\u4e8e\u4e00\u4e2a\u5173\u952e\u7684\u5de5\u827a\u6b65\u9aa4\uff1a\u819c\u7ea4\u7ef4\u675f\u7684\u5c01\u88c5\u3002.<\/p><p><strong>\u963f\u5c14\u6cd5\u8ba1\u5212<\/strong> \u4e3a\u6b64\u63d0\u4f9b\u4e13\u95e8\u7684\u751f\u4ea7\u89e3\u51b3\u65b9\u6848\u3002.<\/p><p>\u6211\u4eec\u7684\u7cfb\u7edf\u5c06\u79bb\u5fc3\u704c\u5c01\u6280\u672f\u4e0e\u9ad8\u7cbe\u5ea6\u591a\u7ec4\u5206\u6df7\u5408\u548c\u914d\u6599\u7cfb\u7edf\u76f8\u7ed3\u5408\u3002\u5b83\u4eec\u80fd\u591f\u5728\u5b8c\u5168\u53d7\u63a7\u3001\u7a33\u5b9a\u548c\u53ef\u91cd\u590d\u7684\u8fc7\u7a0b\u4e2d\u7cbe\u786e\u5904\u7406\u591a\u8fbe\u4e09\u79cd\u4e0d\u540c\u7684\u6d47\u6ce8\u6750\u6599\u3002.<\/p><p>\u4e2d\u5fc3\u662f\u4e00\u4e2a\u9ad8\u6027\u80fd\u7684\u79bb\u5fc3\u8f6c\u76d8\uff0c\u6709\u591a\u4e2a\u6ce8\u5165\u70b9\u3002\u5b83\u80fd\u786e\u4fdd\u6750\u6599\u5206\u5e03\u5747\u5300\uff0c\u53ef\u9760\u5730\u7a7f\u900f\u590d\u6742\u7684\u7ea4\u7ef4\u7ed3\u6784\uff0c\u5e76\u59cb\u7ec8\u4fdd\u6301\u8f83\u9ad8\u7684\u5bc6\u5c01\u8d28\u91cf\u3002.<\/p><p>\u6240\u6709\u76f8\u5173\u7684\u5de5\u827a\u53c2\u6570\u90fd\u7531\u4e2d\u592e\u63a7\u5236\u548c\u6301\u7eed\u76d1\u6d4b\uff1a<\/p><ul><li>\u901f\u5ea6\u548c\u79bb\u5fc3\u52a8\u529b\u5b66<\/li><li>\u7cbe\u786e\u7684\u6e29\u5ea6\u63a7\u5236<\/li><li>\u7cbe\u786e\u7684\u6ce8\u5c04\u91cd\u91cf\u548c\u9ad8\u914d\u6599\u7cbe\u5ea6<\/li><li>\u7cbe\u786e\u7684\u591a\u7ec4\u5206\u6df7\u5408\u6bd4\u4f8b<\/li><\/ul><p><strong>\u00a0<\/strong><\/p><p><strong>\u7ed3\u679c\u662f<\/strong><\/p><ul><li>\u5353\u8d8a\u7684\u5bc6\u5c01\u6027\u548c\u6781\u9ad8\u7684\u4ea7\u54c1\u53ef\u9760\u6027<\/li><li>\u7a33\u5b9a\u3001\u53ef\u91cd\u590d\u7684\u5de5\u827a<\/li><li>\u4f18\u5316\u6750\u6599\u4f7f\u7528\uff0c\u964d\u4f4e\u5e9f\u54c1\u7387<\/li><\/ul><p>\u00a0<\/p><p>Alpha Plan \u5728\u7ea4\u7ef4\u6a21\u5757\u52a0\u5de5\u65b9\u9762\u62e5\u6709\u4e30\u5bcc\u7684\u4e13\u4e1a\u77e5\u8bc6\uff0c\u53ef\u4e3a\u73b0\u4ee3\u71c3\u6599\u7535\u6c60\u7ec4\u4ef6\u5236\u9020\u8fc7\u7a0b\u4e2d\u8d28\u91cf\u6700\u4e3a\u5173\u952e\u7684\u5de5\u5e8f\u4e4b\u4e00\u63d0\u4f9b\u751f\u4ea7\u89e3\u51b3\u65b9\u6848\u3002.<\/p>\t\t\t\t\t\t\t\t<\/div>\n\t\t\t\t\t<\/div>\n\t\t\t\t<\/div>\n\t\t<div class=\"elementor-element elementor-element-c8563f2 e-flex e-con-boxed e-con e-parent\" data-id=\"c8563f2\" data-element_type=\"container\" data-e-type=\"container\">\n\t\t\t\t\t<div class=\"e-con-inner\">\n\t\t\t\t\t<\/div>\n\t\t\t\t<\/div>\n\t\t\t\t<\/div>","protected":false},"excerpt":{"rendered":"<p>Humidifier f\u00fcr Brennstoffzellenantriebe Alpha Plan fertigt individuelle Zentrifugen f\u00fcr Brennstoffzellenantriebe. In Brennstoffzellensystemen h\u00e4ngen Leistung und Lebensdauer von Humidifiern ma\u00dfgeblich von einem entscheidenden Prozessschritt ab: dem Verguss der Membran-Faserb\u00fcndel. Alpha Plan liefert hierf\u00fcr spezialisierte Produktionsl\u00f6sungen. Unsere Anlagen kombinieren Zentrifugen-Vergusstechnologie mit hochpr\u00e4zisen Mehrkomponenten-Misch- und Dosiersystemen. Sie erm\u00f6glichen die exakte Verarbeitung von bis zu drei unterschiedlichen Potting-Materialien \u2013 [&hellip;]<\/p>\n","protected":false},"author":1,"featured_media":21913,"parent":20406,"menu_order":0,"comment_status":"closed","ping_status":"closed","template":"elementor_header_footer","meta":{"_acf_changed":false,"footnotes":""},"class_list":["post-22024","page","type-page","status-publish","has-post-thumbnail","hentry"],"acf":[],"yoast_head":"<!-- This site is optimized with the Yoast SEO plugin v27.5 - https:\/\/yoast.com\/product\/yoast-seo-wordpress\/ -->\n<title>Humidifier f\u00fcr Brennstoffzellenantriebe - Alpha Plan<\/title>\n<meta name=\"description\" content=\"Alpha Plan bietet auch Zentrifugen f\u00fcr den Faservergu\u00df von Hohlfasermembranen f\u00fcr geringe St\u00fcckzahlen an, z. B. f\u00fcr Vorserien oder Prototypen\" \/>\n<meta name=\"robots\" content=\"index, follow, max-snippet:-1, max-image-preview:large, max-video-preview:-1\" \/>\n<link rel=\"canonical\" href=\"https:\/\/www.alpha-plan.de\/zh\/\u8f66\u8f7d-2\/\u7528\u4e8e\u71c3\u6599\u7535\u6c60\u9a71\u52a8\u7684\u52a0\u6e7f\u5668\/\" \/>\n<meta property=\"og:locale\" content=\"zh_CN\" \/>\n<meta property=\"og:type\" content=\"article\" \/>\n<meta property=\"og:title\" content=\"Humidifier f\u00fcr Brennstoffzellenantriebe - Alpha Plan\" \/>\n<meta property=\"og:description\" content=\"Alpha Plan bietet auch Zentrifugen f\u00fcr den Faservergu\u00df von Hohlfasermembranen f\u00fcr geringe St\u00fcckzahlen an, z. B. f\u00fcr Vorserien oder Prototypen\" \/>\n<meta property=\"og:url\" content=\"https:\/\/www.alpha-plan.de\/zh\/\u8f66\u8f7d-2\/\u7528\u4e8e\u71c3\u6599\u7535\u6c60\u9a71\u52a8\u7684\u52a0\u6e7f\u5668\/\" \/>\n<meta property=\"og:site_name\" content=\"Alpha Plan\" \/>\n<meta property=\"article:modified_time\" content=\"2026-04-21T09:07:54+00:00\" \/>\n<meta property=\"og:image\" content=\"https:\/\/www.alpha-plan.de\/wp-content\/uploads\/2026\/02\/147_Kolon_Zentrifuge_0001-scaled.jpg\" \/>\n\t<meta property=\"og:image:width\" content=\"2048\" \/>\n\t<meta property=\"og:image:height\" content=\"1152\" \/>\n\t<meta property=\"og:image:type\" content=\"image\/jpeg\" \/>\n<meta name=\"twitter:card\" content=\"summary_large_image\" \/>\n<meta name=\"twitter:site\" content=\"@amt_cellab\" \/>\n<meta name=\"twitter:label1\" content=\"\u9884\u8ba1\u9605\u8bfb\u65f6\u95f4\" \/>\n\t<meta name=\"twitter:data1\" content=\"5 \u5206\" \/>\n<script type=\"application\/ld+json\" class=\"yoast-schema-graph\">{\"@context\":\"https:\\\/\\\/schema.org\",\"@graph\":[{\"@type\":\"WebPage\",\"@id\":\"https:\\\/\\\/www.alpha-plan.de\\\/automotive\\\/humidifier-fuer-brennstoffzellenantriebe\\\/\",\"url\":\"https:\\\/\\\/www.alpha-plan.de\\\/automotive\\\/humidifier-fuer-brennstoffzellenantriebe\\\/\",\"name\":\"Humidifier f\u00fcr Brennstoffzellenantriebe - Alpha Plan\",\"isPartOf\":{\"@id\":\"https:\\\/\\\/www.alpha-plan.de\\\/#website\"},\"primaryImageOfPage\":{\"@id\":\"https:\\\/\\\/www.alpha-plan.de\\\/automotive\\\/humidifier-fuer-brennstoffzellenantriebe\\\/#primaryimage\"},\"image\":{\"@id\":\"https:\\\/\\\/www.alpha-plan.de\\\/automotive\\\/humidifier-fuer-brennstoffzellenantriebe\\\/#primaryimage\"},\"thumbnailUrl\":\"https:\\\/\\\/www.alpha-plan.de\\\/wp-content\\\/uploads\\\/2026\\\/02\\\/147_Kolon_Zentrifuge_0001-scaled.jpg\",\"datePublished\":\"2026-03-20T11:59:03+00:00\",\"dateModified\":\"2026-04-21T09:07:54+00:00\",\"description\":\"Alpha Plan bietet auch Zentrifugen f\u00fcr den Faservergu\u00df von Hohlfasermembranen f\u00fcr geringe St\u00fcckzahlen an, z. B. f\u00fcr Vorserien oder Prototypen\",\"breadcrumb\":{\"@id\":\"https:\\\/\\\/www.alpha-plan.de\\\/automotive\\\/humidifier-fuer-brennstoffzellenantriebe\\\/#breadcrumb\"},\"inLanguage\":\"zh-Hans\",\"potentialAction\":[{\"@type\":\"ReadAction\",\"target\":[\"https:\\\/\\\/www.alpha-plan.de\\\/automotive\\\/humidifier-fuer-brennstoffzellenantriebe\\\/\"]}]},{\"@type\":\"ImageObject\",\"inLanguage\":\"zh-Hans\",\"@id\":\"https:\\\/\\\/www.alpha-plan.de\\\/automotive\\\/humidifier-fuer-brennstoffzellenantriebe\\\/#primaryimage\",\"url\":\"https:\\\/\\\/www.alpha-plan.de\\\/wp-content\\\/uploads\\\/2026\\\/02\\\/147_Kolon_Zentrifuge_0001-scaled.jpg\",\"contentUrl\":\"https:\\\/\\\/www.alpha-plan.de\\\/wp-content\\\/uploads\\\/2026\\\/02\\\/147_Kolon_Zentrifuge_0001-scaled.jpg\",\"width\":2048,\"height\":1152},{\"@type\":\"BreadcrumbList\",\"@id\":\"https:\\\/\\\/www.alpha-plan.de\\\/automotive\\\/humidifier-fuer-brennstoffzellenantriebe\\\/#breadcrumb\",\"itemListElement\":[{\"@type\":\"ListItem\",\"position\":1,\"name\":\"Home\",\"item\":\"https:\\\/\\\/www.alpha-plan.de\\\/\"},{\"@type\":\"ListItem\",\"position\":2,\"name\":\"Automotive\",\"item\":\"https:\\\/\\\/www.alpha-plan.de\\\/automotive\\\/\"},{\"@type\":\"ListItem\",\"position\":3,\"name\":\"Humidifier f\u00fcr Brennstoffzellenantriebe\"}]},{\"@type\":\"WebSite\",\"@id\":\"https:\\\/\\\/www.alpha-plan.de\\\/#website\",\"url\":\"https:\\\/\\\/www.alpha-plan.de\\\/\",\"name\":\"Alpha Plan\",\"description\":\"Exzellenz in der Filtertechnologie\",\"publisher\":{\"@id\":\"https:\\\/\\\/www.alpha-plan.de\\\/#organization\"},\"alternateName\":\"Alpha Plan\",\"potentialAction\":[{\"@type\":\"SearchAction\",\"target\":{\"@type\":\"EntryPoint\",\"urlTemplate\":\"https:\\\/\\\/www.alpha-plan.de\\\/?s={search_term_string}\"},\"query-input\":{\"@type\":\"PropertyValueSpecification\",\"valueRequired\":true,\"valueName\":\"search_term_string\"}}],\"inLanguage\":\"zh-Hans\"},{\"@type\":\"Organization\",\"@id\":\"https:\\\/\\\/www.alpha-plan.de\\\/#organization\",\"name\":\"Alpha Plan GmbH\",\"url\":\"https:\\\/\\\/www.alpha-plan.de\\\/\",\"logo\":{\"@type\":\"ImageObject\",\"inLanguage\":\"zh-Hans\",\"@id\":\"https:\\\/\\\/www.alpha-plan.de\\\/#\\\/schema\\\/logo\\\/image\\\/\",\"url\":\"https:\\\/\\\/www.alpha-plan.de\\\/wp-content\\\/uploads\\\/2020\\\/08\\\/new-logo-homepage-1.png\",\"contentUrl\":\"https:\\\/\\\/www.alpha-plan.de\\\/wp-content\\\/uploads\\\/2020\\\/08\\\/new-logo-homepage-1.png\",\"width\":350,\"height\":100,\"caption\":\"Alpha Plan GmbH\"},\"image\":{\"@id\":\"https:\\\/\\\/www.alpha-plan.de\\\/#\\\/schema\\\/logo\\\/image\\\/\"},\"sameAs\":[\"https:\\\/\\\/x.com\\\/amt_cellab\",\"https:\\\/\\\/de.linkedin.com\\\/company\\\/alpha-plan-gmbh?trk=public_jobs_topcard_org_name\",\"https:\\\/\\\/www.youtube.com\\\/channel\\\/UC4XyOb5Yza4CFjyNlAhT2sg\"]}]}<\/script>\n<!-- \/ Yoast SEO plugin. -->","yoast_head_json":{"title":"\u7528\u4e8e\u71c3\u6599\u7535\u6c60\u9a71\u52a8\u7684\u52a0\u6e7f\u5668 - \u963f\u5c14\u6cd5\u8ba1\u5212","description":"Alpha Plan \u8fd8\u63d0\u4f9b\u7528\u4e8e\u5c0f\u6279\u91cf\u4e2d\u7a7a\u7ea4\u7ef4\u819c\u7ea4\u7ef4\u6d47\u6ce8\u7684\u79bb\u5fc3\u673a\uff0c\u4f8b\u5982\u7528\u4e8e\u9884\u751f\u4ea7\u6216\u539f\u578b\u751f\u4ea7\u7684\u79bb\u5fc3\u673a","robots":{"index":"index","follow":"follow","max-snippet":"max-snippet:-1","max-image-preview":"max-image-preview:large","max-video-preview":"max-video-preview:-1"},"canonical":"https:\/\/www.alpha-plan.de\/zh\/\u8f66\u8f7d-2\/\u7528\u4e8e\u71c3\u6599\u7535\u6c60\u9a71\u52a8\u7684\u52a0\u6e7f\u5668\/","og_locale":"zh_CN","og_type":"article","og_title":"Humidifier f\u00fcr Brennstoffzellenantriebe - Alpha Plan","og_description":"Alpha Plan bietet auch Zentrifugen f\u00fcr den Faservergu\u00df von Hohlfasermembranen f\u00fcr geringe St\u00fcckzahlen an, z. B. f\u00fcr Vorserien oder Prototypen","og_url":"https:\/\/www.alpha-plan.de\/zh\/\u8f66\u8f7d-2\/\u7528\u4e8e\u71c3\u6599\u7535\u6c60\u9a71\u52a8\u7684\u52a0\u6e7f\u5668\/","og_site_name":"Alpha Plan","article_modified_time":"2026-04-21T09:07:54+00:00","og_image":[{"width":2048,"height":1152,"url":"https:\/\/www.alpha-plan.de\/wp-content\/uploads\/2026\/02\/147_Kolon_Zentrifuge_0001-scaled.jpg","type":"image\/jpeg"}],"twitter_card":"summary_large_image","twitter_site":"@amt_cellab","twitter_misc":{"\u9884\u8ba1\u9605\u8bfb\u65f6\u95f4":"5 \u5206"},"schema":{"@context":"https:\/\/schema.org","@graph":[{"@type":"WebPage","@id":"https:\/\/www.alpha-plan.de\/automotive\/humidifier-fuer-brennstoffzellenantriebe\/","url":"https:\/\/www.alpha-plan.de\/automotive\/humidifier-fuer-brennstoffzellenantriebe\/","name":"\u7528\u4e8e\u71c3\u6599\u7535\u6c60\u9a71\u52a8\u7684\u52a0\u6e7f\u5668 - \u963f\u5c14\u6cd5\u8ba1\u5212","isPartOf":{"@id":"https:\/\/www.alpha-plan.de\/#website"},"primaryImageOfPage":{"@id":"https:\/\/www.alpha-plan.de\/automotive\/humidifier-fuer-brennstoffzellenantriebe\/#primaryimage"},"image":{"@id":"https:\/\/www.alpha-plan.de\/automotive\/humidifier-fuer-brennstoffzellenantriebe\/#primaryimage"},"thumbnailUrl":"https:\/\/www.alpha-plan.de\/wp-content\/uploads\/2026\/02\/147_Kolon_Zentrifuge_0001-scaled.jpg","datePublished":"2026-03-20T11:59:03+00:00","dateModified":"2026-04-21T09:07:54+00:00","description":"Alpha Plan \u8fd8\u63d0\u4f9b\u7528\u4e8e\u5c0f\u6279\u91cf\u4e2d\u7a7a\u7ea4\u7ef4\u819c\u7ea4\u7ef4\u6d47\u6ce8\u7684\u79bb\u5fc3\u673a\uff0c\u4f8b\u5982\u7528\u4e8e\u9884\u751f\u4ea7\u6216\u539f\u578b\u751f\u4ea7\u7684\u79bb\u5fc3\u673a","breadcrumb":{"@id":"https:\/\/www.alpha-plan.de\/automotive\/humidifier-fuer-brennstoffzellenantriebe\/#breadcrumb"},"inLanguage":"zh-Hans","potentialAction":[{"@type":"ReadAction","target":["https:\/\/www.alpha-plan.de\/automotive\/humidifier-fuer-brennstoffzellenantriebe\/"]}]},{"@type":"ImageObject","inLanguage":"zh-Hans","@id":"https:\/\/www.alpha-plan.de\/automotive\/humidifier-fuer-brennstoffzellenantriebe\/#primaryimage","url":"https:\/\/www.alpha-plan.de\/wp-content\/uploads\/2026\/02\/147_Kolon_Zentrifuge_0001-scaled.jpg","contentUrl":"https:\/\/www.alpha-plan.de\/wp-content\/uploads\/2026\/02\/147_Kolon_Zentrifuge_0001-scaled.jpg","width":2048,"height":1152},{"@type":"BreadcrumbList","@id":"https:\/\/www.alpha-plan.de\/automotive\/humidifier-fuer-brennstoffzellenantriebe\/#breadcrumb","itemListElement":[{"@type":"ListItem","position":1,"name":"Home","item":"https:\/\/www.alpha-plan.de\/"},{"@type":"ListItem","position":2,"name":"Automotive","item":"https:\/\/www.alpha-plan.de\/automotive\/"},{"@type":"ListItem","position":3,"name":"Humidifier f\u00fcr Brennstoffzellenantriebe"}]},{"@type":"WebSite","@id":"https:\/\/www.alpha-plan.de\/#website","url":"https:\/\/www.alpha-plan.de\/","name":"\u963f\u5c14\u6cd5\u8ba1\u5212","description":"\u5353\u8d8a\u7684\u8fc7\u6ee4\u6280\u672f","publisher":{"@id":"https:\/\/www.alpha-plan.de\/#organization"},"alternateName":"Alpha Plan","potentialAction":[{"@type":"SearchAction","target":{"@type":"EntryPoint","urlTemplate":"https:\/\/www.alpha-plan.de\/?s={search_term_string}"},"query-input":{"@type":"PropertyValueSpecification","valueRequired":true,"valueName":"search_term_string"}}],"inLanguage":"zh-Hans"},{"@type":"Organization","@id":"https:\/\/www.alpha-plan.de\/#organization","name":"\u963f\u5c14\u6cd5\u8ba1\u5212\u6709\u9650\u516c\u53f8","url":"https:\/\/www.alpha-plan.de\/","logo":{"@type":"ImageObject","inLanguage":"zh-Hans","@id":"https:\/\/www.alpha-plan.de\/#\/schema\/logo\/image\/","url":"https:\/\/www.alpha-plan.de\/wp-content\/uploads\/2020\/08\/new-logo-homepage-1.png","contentUrl":"https:\/\/www.alpha-plan.de\/wp-content\/uploads\/2020\/08\/new-logo-homepage-1.png","width":350,"height":100,"caption":"Alpha Plan GmbH"},"image":{"@id":"https:\/\/www.alpha-plan.de\/#\/schema\/logo\/image\/"},"sameAs":["https:\/\/x.com\/amt_cellab","https:\/\/de.linkedin.com\/company\/alpha-plan-gmbh?trk=public_jobs_topcard_org_name","https:\/\/www.youtube.com\/channel\/UC4XyOb5Yza4CFjyNlAhT2sg"]}]}},"_links":{"self":[{"href":"https:\/\/www.alpha-plan.de\/zh\/wp-json\/wp\/v2\/pages\/22024","targetHints":{"allow":["GET"]}}],"collection":[{"href":"https:\/\/www.alpha-plan.de\/zh\/wp-json\/wp\/v2\/pages"}],"about":[{"href":"https:\/\/www.alpha-plan.de\/zh\/wp-json\/wp\/v2\/types\/page"}],"author":[{"embeddable":true,"href":"https:\/\/www.alpha-plan.de\/zh\/wp-json\/wp\/v2\/users\/1"}],"replies":[{"embeddable":true,"href":"https:\/\/www.alpha-plan.de\/zh\/wp-json\/wp\/v2\/comments?post=22024"}],"version-history":[{"count":14,"href":"https:\/\/www.alpha-plan.de\/zh\/wp-json\/wp\/v2\/pages\/22024\/revisions"}],"predecessor-version":[{"id":22057,"href":"https:\/\/www.alpha-plan.de\/zh\/wp-json\/wp\/v2\/pages\/22024\/revisions\/22057"}],"up":[{"embeddable":true,"href":"https:\/\/www.alpha-plan.de\/zh\/wp-json\/wp\/v2\/pages\/20406"}],"wp:featuredmedia":[{"embeddable":true,"href":"https:\/\/www.alpha-plan.de\/zh\/wp-json\/wp\/v2\/media\/21913"}],"wp:attachment":[{"href":"https:\/\/www.alpha-plan.de\/zh\/wp-json\/wp\/v2\/media?parent=22024"}],"curies":[{"name":"wp","href":"https:\/\/api.w.org\/{rel}","templated":true}]}}