{"id":21958,"date":"2026-02-25T17:10:09","date_gmt":"2026-02-25T16:10:09","guid":{"rendered":"https:\/\/www.alpha-plan.de\/?page_id=21958"},"modified":"2026-03-03T13:58:07","modified_gmt":"2026-03-03T12:58:07","slug":"%e6%b1%bd%e8%bb%8a%e6%9c%8d%e5%8b%99","status":"publish","type":"page","link":"https:\/\/www.alpha-plan.de\/zh\/automotive\/service\/","title":{"rendered":"\u670d\u52a1\/\u7ef4\u4fee\/\u4fdd\u517b"},"content":{"rendered":"<div data-elementor-type=\"wp-page\" data-elementor-id=\"21958\" class=\"elementor elementor-21958\" data-elementor-post-type=\"page\">\n\t\t\t\t<div class=\"elementor-element elementor-element-d679894 e-con-full e-flex e-con e-parent\" data-id=\"d679894\" data-element_type=\"container\" data-e-type=\"container\">\n\t\t\t\t<div class=\"elementor-element elementor-element-b97b771 elementor-widget elementor-widget-template\" data-id=\"b97b771\" data-element_type=\"widget\" data-e-type=\"widget\" data-widget_type=\"template.default\">\n\t\t\t\t<div class=\"elementor-widget-container\">\n\t\t\t\t\t\t\t<div class=\"elementor-template\">\n\t\t\t\t\t<div data-elementor-type=\"container\" data-elementor-id=\"17988\" class=\"elementor elementor-17988\" data-elementor-post-type=\"elementor_library\">\n\t\t\t\t<div class=\"elementor-element elementor-element-32e797e9 e-con-full e-flex e-con e-parent\" data-id=\"32e797e9\" data-element_type=\"container\" data-e-type=\"container\">\n\t\t\t\t<div class=\"elementor-element elementor-element-df7eb8b elementor-widget elementor-widget-theme-post-featured-image elementor-widget-image\" data-id=\"df7eb8b\" data-element_type=\"widget\" data-e-type=\"widget\" data-widget_type=\"theme-post-featured-image.default\">\n\t\t\t\t\t\t\t\t\t\t\t\t\t\t\t<img decoding=\"async\" width=\"2048\" height=\"827\" src=\"https:\/\/www.alpha-plan.de\/wp-content\/uploads\/2024\/04\/Bild_59_3-scaled.jpg\" class=\"attachment-full size-full wp-image-18786\" alt=\"\" srcset=\"https:\/\/www.alpha-plan.de\/wp-content\/uploads\/2024\/04\/Bild_59_3-scaled.jpg 2048w, https:\/\/www.alpha-plan.de\/wp-content\/uploads\/2024\/04\/Bild_59_3-scaled-300x121.jpg 300w, https:\/\/www.alpha-plan.de\/wp-content\/uploads\/2024\/04\/Bild_59_3-scaled-1024x414.jpg 1024w, https:\/\/www.alpha-plan.de\/wp-content\/uploads\/2024\/04\/Bild_59_3-scaled-768x310.jpg 768w, https:\/\/www.alpha-plan.de\/wp-content\/uploads\/2024\/04\/Bild_59_3-scaled-1536x620.jpg 1536w\" sizes=\"(max-width: 2048px) 100vw, 2048px\" \/>\t\t\t\t\t\t\t\t\t\t\t\t\t\t\t<\/div>\n\t\t\t\t<\/div>\n\t\t<div class=\"elementor-element elementor-element-386a3c6 e-flex e-con-boxed e-con e-child\" data-id=\"386a3c6\" data-element_type=\"container\" data-e-type=\"container\" data-settings=\"{&quot;background_background&quot;:&quot;classic&quot;}\">\n\t\t\t\t\t<div class=\"e-con-inner\">\n\t\t\t\t<div class=\"elementor-element elementor-element-a219135 elementor-widget elementor-widget-breadcrumbs\" data-id=\"a219135\" data-element_type=\"widget\" data-e-type=\"widget\" data-widget_type=\"breadcrumbs.default\">\n\t\t\t\t\t<p id=\"breadcrumbs\"><span><span><a href=\"https:\/\/www.alpha-plan.de\/zh\/\">\u9996\u9875<\/a><\/span><\/span><\/p>\t\t\t\t<\/div>\n\t\t\t\t\t<\/div>\n\t\t\t\t<\/div>\n\t\t\t\t<\/div>\n\t\t\t\t<\/div>\n\t\t\t\t\t\t<\/div>\n\t\t\t\t<\/div>\n\t\t\t\t<\/div>\n\t\t<div class=\"elementor-element elementor-element-50f9e7f e-flex e-con-boxed e-con e-parent\" data-id=\"50f9e7f\" data-element_type=\"container\" data-e-type=\"container\">\n\t\t\t\t\t<div class=\"e-con-inner\">\n\t\t<div class=\"elementor-element elementor-element-7e424b8 e-con-full e-flex e-con e-child\" data-id=\"7e424b8\" data-element_type=\"container\" data-e-type=\"container\">\n\t\t\t\t<div class=\"elementor-element elementor-element-bb82aae elementor-widget elementor-widget-heading\" data-id=\"bb82aae\" data-element_type=\"widget\" data-e-type=\"widget\" data-widget_type=\"heading.default\">\n\t\t\t\t\t<h2 class=\"elementor-heading-title elementor-size-default\">\u670d\u52a1<\/h2>\t\t\t\t<\/div>\n\t\t\t\t<div class=\"elementor-element elementor-element-65a78ca elementor-widget elementor-widget-text-editor\" data-id=\"65a78ca\" data-element_type=\"widget\" data-e-type=\"widget\" data-widget_type=\"text-editor.default\">\n\t\t\t\t\t\t\t\t\t<p>\u963f\u5c14\u6cd5\u8ba1\u5212\u4e3a\u60a8\u63d0\u4f9b\u5168\u65b9\u4f4d\u7684\u670d\u52a1\u3002\u6211\u4eec\u652f\u6301\u60a8\u4f18\u5316\u7cfb\u7edf<\/p>\t\t\t\t\t\t\t\t<\/div>\n\t\t<div class=\"elementor-element elementor-element-3db0752 e-con-full e-flex e-con e-child\" data-id=\"3db0752\" data-element_type=\"container\" data-e-type=\"container\">\n\t\t<div class=\"elementor-element elementor-element-624a0af e-con-full e-flex e-con e-child\" data-id=\"624a0af\" data-element_type=\"container\" data-e-type=\"container\">\n\t\t\t\t<div class=\"elementor-element elementor-element-0ac0f23 elementor-icon-list--layout-traditional elementor-list-item-link-full_width elementor-widget elementor-widget-icon-list\" data-id=\"0ac0f23\" data-element_type=\"widget\" data-e-type=\"widget\" data-widget_type=\"icon-list.default\">\n\t\t\t\t\t\t\t<ul class=\"elementor-icon-list-items\">\n\t\t\t\t\t\t\t<li class=\"elementor-icon-list-item\">\n\t\t\t\t\t\t\t\t\t\t\t<span class=\"elementor-icon-list-icon\">\n\t\t\t\t\t\t\t<i aria-hidden=\"true\" class=\"fas fa-caret-right\"><\/i>\t\t\t\t\t\t<\/span>\n\t\t\t\t\t\t\t\t\t\t<span class=\"elementor-icon-list-text\">\u6700\u4f73\u5229\u7528\u3001<\/span>\n\t\t\t\t\t\t\t\t\t<\/li>\n\t\t\t\t\t\t\t\t<li class=\"elementor-icon-list-item\">\n\t\t\t\t\t\t\t\t\t\t\t<span class=\"elementor-icon-list-icon\">\n\t\t\t\t\t\t\t<i aria-hidden=\"true\" class=\"fas fa-caret-right\"><\/i>\t\t\t\t\t\t<\/span>\n\t\t\t\t\t\t\t\t\t\t<span class=\"elementor-icon-list-text\">\u6765\u7ef4\u62a4\u5b83\u4eec\u3001<\/span>\n\t\t\t\t\t\t\t\t\t<\/li>\n\t\t\t\t\t\t\t\t<li class=\"elementor-icon-list-item\">\n\t\t\t\t\t\t\t\t\t\t\t<span class=\"elementor-icon-list-icon\">\n\t\t\t\t\t\t\t<i aria-hidden=\"true\" class=\"fas fa-caret-right\"><\/i>\t\t\t\t\t\t<\/span>\n\t\t\t\t\t\t\t\t\t\t<span class=\"elementor-icon-list-text\">\u63d0\u9ad8\u80fd\u529b\u548c<\/span>\n\t\t\t\t\t\t\t\t\t<\/li>\n\t\t\t\t\t\t\t\t<li class=\"elementor-icon-list-item\">\n\t\t\t\t\t\t\t\t\t\t\t<span class=\"elementor-icon-list-icon\">\n\t\t\t\t\t\t\t<i aria-hidden=\"true\" class=\"fas fa-caret-right\"><\/i>\t\t\t\t\t\t<\/span>\n\t\t\t\t\t\t\t\t\t\t<span class=\"elementor-icon-list-text\">\u4ee5\u8fdb\u4e00\u6b65\u6269\u5c55\u5176\u6280\u672f\u548c\u5de5\u4e1a\u4e13\u4e1a\u77e5\u8bc6\u3002<\/span>\n\t\t\t\t\t\t\t\t\t<\/li>\n\t\t\t\t\t\t<\/ul>\n\t\t\t\t\t\t<\/div>\n\t\t\t\t<\/div>\n\t\t\t\t<\/div>\n\t\t\t\t<div class=\"elementor-element elementor-element-a320fc8 elementor-widget-divider--view-line elementor-widget elementor-widget-divider\" data-id=\"a320fc8\" data-element_type=\"widget\" data-e-type=\"widget\" data-widget_type=\"divider.default\">\n\t\t\t\t\t\t\t<div class=\"elementor-divider\">\n\t\t\t<span class=\"elementor-divider-separator\">\n\t\t\t\t\t\t<\/span>\n\t\t<\/div>\n\t\t\t\t\t\t<\/div>\n\t\t\t\t<\/div>\n\t\t\t\t\t<\/div>\n\t\t\t\t<\/div>\n\t\t<div class=\"elementor-element elementor-element-557411a e-flex e-con-boxed e-con e-parent\" data-id=\"557411a\" data-element_type=\"container\" data-e-type=\"container\" id=\"sec_3\">\n\t\t\t\t\t<div class=\"e-con-inner\">\n\t\t<div class=\"elementor-element elementor-element-24d5391 e-con-full e-flex e-con e-child\" data-id=\"24d5391\" data-element_type=\"container\" data-e-type=\"container\">\n\t\t\t\t<div class=\"elementor-element elementor-element-74b59d6 elementor-widget elementor-widget-image\" data-id=\"74b59d6\" data-element_type=\"widget\" data-e-type=\"widget\" data-widget_type=\"image.default\">\n\t\t\t\t\t\t\t\t\t\t\t\t\t\t\t<img decoding=\"async\" width=\"800\" height=\"534\" src=\"https:\/\/www.alpha-plan.de\/wp-content\/uploads\/2020\/10\/Alpha-Plan-20-von-92-scaled-1024x684.jpg\" class=\"attachment-large size-large wp-image-870\" alt=\"\" srcset=\"https:\/\/www.alpha-plan.de\/wp-content\/uploads\/2020\/10\/Alpha-Plan-20-von-92-scaled-1024x684.jpg 1024w, https:\/\/www.alpha-plan.de\/wp-content\/uploads\/2020\/10\/Alpha-Plan-20-von-92-scaled-300x200.jpg 300w, https:\/\/www.alpha-plan.de\/wp-content\/uploads\/2020\/10\/Alpha-Plan-20-von-92-scaled-768x513.jpg 768w, https:\/\/www.alpha-plan.de\/wp-content\/uploads\/2020\/10\/Alpha-Plan-20-von-92-scaled-1536x1025.jpg 1536w, https:\/\/www.alpha-plan.de\/wp-content\/uploads\/2020\/10\/Alpha-Plan-20-von-92-scaled-scaled.jpg 2048w, https:\/\/www.alpha-plan.de\/wp-content\/uploads\/2020\/10\/Alpha-Plan-20-von-92-scaled-18x12.jpg 18w\" sizes=\"(max-width: 800px) 100vw, 800px\" \/>\t\t\t\t\t\t\t\t\t\t\t\t\t\t\t<\/div>\n\t\t\t\t<\/div>\n\t\t<div class=\"elementor-element elementor-element-a0a786f e-con-full e-flex e-con e-child\" data-id=\"a0a786f\" data-element_type=\"container\" data-e-type=\"container\">\n\t\t\t\t<div class=\"elementor-element elementor-element-2af9bbb elementor-widget elementor-widget-heading\" data-id=\"2af9bbb\" data-element_type=\"widget\" data-e-type=\"widget\" data-widget_type=\"heading.default\">\n\t\t\t\t\t<h2 class=\"elementor-heading-title elementor-size-default\">\u68c0\u67e5\u548c\u7ef4\u62a4<\/h2>\t\t\t\t<\/div>\n\t\t\t\t<div class=\"elementor-element elementor-element-ddb312a elementor-widget elementor-widget-text-editor\" data-id=\"ddb312a\" data-element_type=\"widget\" data-e-type=\"widget\" data-widget_type=\"text-editor.default\">\n\t\t\t\t\t\t\t\t\t<p>\u6280\u672f\u6807\u51c6\u5b8c\u7f8e\u65e0\u7455\u7684\u7cfb\u7edf\u662f\u59cb\u7ec8\u4fdd\u6301\u9ad8\u6c34\u5e73\u751f\u4ea7\u7684\u5148\u51b3\u6761\u4ef6\u3002\u6211\u4eec\u901a\u8fc7\u68c0\u67e5\u548c\u540e\u7eed\u7ef4\u62a4\u6765\u4fdd\u8bc1\u8fd9\u4e00\u6807\u51c6\u3002<\/p><p>\u6211\u4eec\u7684\u6280\u672f\u670d\u52a1\u53ef\u968f\u65f6\u4e3a\u60a8\u63d0\u4f9b\u9884\u9632\u6027\u548c\u8865\u5145\u6027\u7ef4\u62a4\u63aa\u65bd\u3002<\/p><p>\u00a0<\/p>\t\t\t\t\t\t\t\t<\/div>\n\t\t\t\t<\/div>\n\t\t\t\t\t<\/div>\n\t\t\t\t<\/div>\n\t\t\t\t<\/div>","protected":false},"excerpt":{"rendered":"<p>Service Alpha Plan hat f\u00fcr Sie ein umfassendes Serviceangebot entwickelt. Wir unterst\u00fctzten Sie dabei, Ihre Anlagen optimal auszulasten, sie zu warten, Kapazit\u00e4ten zu erh\u00f6hen und Ihre technische und industrielle Expertise weiter auszubauen. Inspektion &amp; Wartung Anlagen auf einem einwandfreien technischen Standard sind die Voraussetzung f\u00fcr ein anhaltend hohes Produktionsniveau. Diesen Standard gew\u00e4hrleisten wir mit Inspektionen [&hellip;]<\/p>\n","protected":false},"author":1,"featured_media":18786,"parent":20406,"menu_order":0,"comment_status":"closed","ping_status":"closed","template":"elementor_header_footer","meta":{"_acf_changed":false,"footnotes":""},"class_list":["post-21958","page","type-page","status-publish","has-post-thumbnail","hentry"],"acf":[],"yoast_head":"<!-- This site is optimized with the Yoast SEO plugin v27.4 - https:\/\/yoast.com\/product\/yoast-seo-wordpress\/ -->\n<title>Service \/ Instandsetzung \/ Wartung - Alpha Plan - Anlagenservice Partner weltweit<\/title>\n<meta name=\"description\" content=\"Alpha Plan - ihr Servicepartner f\u00fcr Filter Produktionsanlagen weltweit, Maschinen-Schulungen, Nachr\u00fcstungen, Inspektion, Wartung, Ramp-up\" \/>\n<meta name=\"robots\" content=\"index, follow, max-snippet:-1, max-image-preview:large, max-video-preview:-1\" \/>\n<link rel=\"canonical\" href=\"https:\/\/www.alpha-plan.de\/zh\/\u8f66\u8f7d-2\/\u6c7d\u8eca\u670d\u52d9\/\" \/>\n<meta property=\"og:locale\" content=\"zh_CN\" \/>\n<meta property=\"og:type\" content=\"article\" \/>\n<meta property=\"og:title\" content=\"Service \/ Instandsetzung \/ Wartung - Alpha Plan - Anlagenservice Partner weltweit\" \/>\n<meta property=\"og:description\" content=\"Alpha Plan - ihr Servicepartner f\u00fcr Filter Produktionsanlagen weltweit, Maschinen-Schulungen, Nachr\u00fcstungen, Inspektion, Wartung, Ramp-up\" \/>\n<meta property=\"og:url\" content=\"https:\/\/www.alpha-plan.de\/zh\/\u8f66\u8f7d-2\/\u6c7d\u8eca\u670d\u52d9\/\" \/>\n<meta property=\"og:site_name\" content=\"Alpha Plan\" \/>\n<meta property=\"article:modified_time\" content=\"2026-03-03T12:58:07+00:00\" \/>\n<meta property=\"og:image\" content=\"https:\/\/www.alpha-plan.de\/wp-content\/uploads\/2024\/04\/Bild_59_3-scaled.jpg\" \/>\n\t<meta property=\"og:image:width\" content=\"2048\" \/>\n\t<meta property=\"og:image:height\" content=\"827\" \/>\n\t<meta property=\"og:image:type\" content=\"image\/jpeg\" \/>\n<meta name=\"twitter:card\" content=\"summary_large_image\" \/>\n<meta name=\"twitter:site\" content=\"@amt_cellab\" \/>\n<meta name=\"twitter:label1\" content=\"\u9884\u8ba1\u9605\u8bfb\u65f6\u95f4\" \/>\n\t<meta name=\"twitter:data1\" content=\"4 \u5206\" \/>\n<script type=\"application\/ld+json\" class=\"yoast-schema-graph\">{\"@context\":\"https:\\\/\\\/schema.org\",\"@graph\":[{\"@type\":\"WebPage\",\"@id\":\"https:\\\/\\\/www.alpha-plan.de\\\/automotive\\\/service\\\/\",\"url\":\"https:\\\/\\\/www.alpha-plan.de\\\/automotive\\\/service\\\/\",\"name\":\"Service \\\/ Instandsetzung \\\/ Wartung - Alpha Plan - Anlagenservice Partner weltweit\",\"isPartOf\":{\"@id\":\"https:\\\/\\\/www.alpha-plan.de\\\/#website\"},\"primaryImageOfPage\":{\"@id\":\"https:\\\/\\\/www.alpha-plan.de\\\/automotive\\\/service\\\/#primaryimage\"},\"image\":{\"@id\":\"https:\\\/\\\/www.alpha-plan.de\\\/automotive\\\/service\\\/#primaryimage\"},\"thumbnailUrl\":\"https:\\\/\\\/www.alpha-plan.de\\\/wp-content\\\/uploads\\\/2024\\\/04\\\/Bild_59_3-scaled.jpg\",\"datePublished\":\"2026-02-25T16:10:09+00:00\",\"dateModified\":\"2026-03-03T12:58:07+00:00\",\"description\":\"Alpha Plan - ihr Servicepartner f\u00fcr Filter Produktionsanlagen weltweit, Maschinen-Schulungen, Nachr\u00fcstungen, Inspektion, Wartung, Ramp-up\",\"breadcrumb\":{\"@id\":\"https:\\\/\\\/www.alpha-plan.de\\\/automotive\\\/service\\\/#breadcrumb\"},\"inLanguage\":\"zh-Hans\",\"potentialAction\":[{\"@type\":\"ReadAction\",\"target\":[\"https:\\\/\\\/www.alpha-plan.de\\\/automotive\\\/service\\\/\"]}]},{\"@type\":\"ImageObject\",\"inLanguage\":\"zh-Hans\",\"@id\":\"https:\\\/\\\/www.alpha-plan.de\\\/automotive\\\/service\\\/#primaryimage\",\"url\":\"https:\\\/\\\/www.alpha-plan.de\\\/wp-content\\\/uploads\\\/2024\\\/04\\\/Bild_59_3-scaled.jpg\",\"contentUrl\":\"https:\\\/\\\/www.alpha-plan.de\\\/wp-content\\\/uploads\\\/2024\\\/04\\\/Bild_59_3-scaled.jpg\",\"width\":2048,\"height\":827},{\"@type\":\"BreadcrumbList\",\"@id\":\"https:\\\/\\\/www.alpha-plan.de\\\/automotive\\\/service\\\/#breadcrumb\",\"itemListElement\":[{\"@type\":\"ListItem\",\"position\":1,\"name\":\"Home\",\"item\":\"https:\\\/\\\/www.alpha-plan.de\\\/\"},{\"@type\":\"ListItem\",\"position\":2,\"name\":\"Automotive\",\"item\":\"https:\\\/\\\/www.alpha-plan.de\\\/automotive\\\/\"},{\"@type\":\"ListItem\",\"position\":3,\"name\":\"Service \\\/ Instandsetzung \\\/ Wartung\"}]},{\"@type\":\"WebSite\",\"@id\":\"https:\\\/\\\/www.alpha-plan.de\\\/#website\",\"url\":\"https:\\\/\\\/www.alpha-plan.de\\\/\",\"name\":\"Alpha Plan\",\"description\":\"Exzellenz in der Filtertechnologie\",\"publisher\":{\"@id\":\"https:\\\/\\\/www.alpha-plan.de\\\/#organization\"},\"alternateName\":\"Alpha Plan\",\"potentialAction\":[{\"@type\":\"SearchAction\",\"target\":{\"@type\":\"EntryPoint\",\"urlTemplate\":\"https:\\\/\\\/www.alpha-plan.de\\\/?s={search_term_string}\"},\"query-input\":{\"@type\":\"PropertyValueSpecification\",\"valueRequired\":true,\"valueName\":\"search_term_string\"}}],\"inLanguage\":\"zh-Hans\"},{\"@type\":\"Organization\",\"@id\":\"https:\\\/\\\/www.alpha-plan.de\\\/#organization\",\"name\":\"Alpha Plan GmbH\",\"url\":\"https:\\\/\\\/www.alpha-plan.de\\\/\",\"logo\":{\"@type\":\"ImageObject\",\"inLanguage\":\"zh-Hans\",\"@id\":\"https:\\\/\\\/www.alpha-plan.de\\\/#\\\/schema\\\/logo\\\/image\\\/\",\"url\":\"https:\\\/\\\/www.alpha-plan.de\\\/wp-content\\\/uploads\\\/2020\\\/08\\\/new-logo-homepage-1.png\",\"contentUrl\":\"https:\\\/\\\/www.alpha-plan.de\\\/wp-content\\\/uploads\\\/2020\\\/08\\\/new-logo-homepage-1.png\",\"width\":350,\"height\":100,\"caption\":\"Alpha Plan GmbH\"},\"image\":{\"@id\":\"https:\\\/\\\/www.alpha-plan.de\\\/#\\\/schema\\\/logo\\\/image\\\/\"},\"sameAs\":[\"https:\\\/\\\/x.com\\\/amt_cellab\",\"https:\\\/\\\/de.linkedin.com\\\/company\\\/alpha-plan-gmbh?trk=public_jobs_topcard_org_name\",\"https:\\\/\\\/www.youtube.com\\\/channel\\\/UC4XyOb5Yza4CFjyNlAhT2sg\"]}]}<\/script>\n<!-- \/ Yoast SEO plugin. -->","yoast_head_json":{"title":"\u670d\u52a1\/\u7ef4\u4fee\/\u7ef4\u62a4 - Alpha \u8ba1\u5212 - \u5168\u7403\u7cfb\u7edf\u670d\u52a1\u5408\u4f5c\u4f19\u4f34","description":"Alpha Plan - \u60a8\u5728\u5168\u7403\u8303\u56f4\u5185\u7684\u8fc7\u6ee4\u5668\u751f\u4ea7\u7cfb\u7edf\u3001\u673a\u5668\u57f9\u8bad\u3001\u6539\u9020\u3001\u68c0\u67e5\u3001\u7ef4\u62a4\u548c\u5347\u7ea7\u670d\u52a1\u5408\u4f5c\u4f19\u4f34","robots":{"index":"index","follow":"follow","max-snippet":"max-snippet:-1","max-image-preview":"max-image-preview:large","max-video-preview":"max-video-preview:-1"},"canonical":"https:\/\/www.alpha-plan.de\/zh\/\u8f66\u8f7d-2\/\u6c7d\u8eca\u670d\u52d9\/","og_locale":"zh_CN","og_type":"article","og_title":"Service \/ Instandsetzung \/ Wartung - Alpha Plan - Anlagenservice Partner weltweit","og_description":"Alpha Plan - ihr Servicepartner f\u00fcr Filter Produktionsanlagen weltweit, Maschinen-Schulungen, Nachr\u00fcstungen, Inspektion, Wartung, Ramp-up","og_url":"https:\/\/www.alpha-plan.de\/zh\/\u8f66\u8f7d-2\/\u6c7d\u8eca\u670d\u52d9\/","og_site_name":"Alpha Plan","article_modified_time":"2026-03-03T12:58:07+00:00","og_image":[{"width":2048,"height":827,"url":"https:\/\/www.alpha-plan.de\/wp-content\/uploads\/2024\/04\/Bild_59_3-scaled.jpg","type":"image\/jpeg"}],"twitter_card":"summary_large_image","twitter_site":"@amt_cellab","twitter_misc":{"\u9884\u8ba1\u9605\u8bfb\u65f6\u95f4":"4 \u5206"},"schema":{"@context":"https:\/\/schema.org","@graph":[{"@type":"WebPage","@id":"https:\/\/www.alpha-plan.de\/automotive\/service\/","url":"https:\/\/www.alpha-plan.de\/automotive\/service\/","name":"\u670d\u52a1\/\u7ef4\u4fee\/\u7ef4\u62a4 - Alpha \u8ba1\u5212 - \u5168\u7403\u7cfb\u7edf\u670d\u52a1\u5408\u4f5c\u4f19\u4f34","isPartOf":{"@id":"https:\/\/www.alpha-plan.de\/#website"},"primaryImageOfPage":{"@id":"https:\/\/www.alpha-plan.de\/automotive\/service\/#primaryimage"},"image":{"@id":"https:\/\/www.alpha-plan.de\/automotive\/service\/#primaryimage"},"thumbnailUrl":"https:\/\/www.alpha-plan.de\/wp-content\/uploads\/2024\/04\/Bild_59_3-scaled.jpg","datePublished":"2026-02-25T16:10:09+00:00","dateModified":"2026-03-03T12:58:07+00:00","description":"Alpha Plan - \u60a8\u5728\u5168\u7403\u8303\u56f4\u5185\u7684\u8fc7\u6ee4\u5668\u751f\u4ea7\u7cfb\u7edf\u3001\u673a\u5668\u57f9\u8bad\u3001\u6539\u9020\u3001\u68c0\u67e5\u3001\u7ef4\u62a4\u548c\u5347\u7ea7\u670d\u52a1\u5408\u4f5c\u4f19\u4f34","breadcrumb":{"@id":"https:\/\/www.alpha-plan.de\/automotive\/service\/#breadcrumb"},"inLanguage":"zh-Hans","potentialAction":[{"@type":"ReadAction","target":["https:\/\/www.alpha-plan.de\/automotive\/service\/"]}]},{"@type":"ImageObject","inLanguage":"zh-Hans","@id":"https:\/\/www.alpha-plan.de\/automotive\/service\/#primaryimage","url":"https:\/\/www.alpha-plan.de\/wp-content\/uploads\/2024\/04\/Bild_59_3-scaled.jpg","contentUrl":"https:\/\/www.alpha-plan.de\/wp-content\/uploads\/2024\/04\/Bild_59_3-scaled.jpg","width":2048,"height":827},{"@type":"BreadcrumbList","@id":"https:\/\/www.alpha-plan.de\/automotive\/service\/#breadcrumb","itemListElement":[{"@type":"ListItem","position":1,"name":"Home","item":"https:\/\/www.alpha-plan.de\/"},{"@type":"ListItem","position":2,"name":"Automotive","item":"https:\/\/www.alpha-plan.de\/automotive\/"},{"@type":"ListItem","position":3,"name":"Service \/ Instandsetzung \/ Wartung"}]},{"@type":"WebSite","@id":"https:\/\/www.alpha-plan.de\/#website","url":"https:\/\/www.alpha-plan.de\/","name":"\u963f\u5c14\u6cd5\u8ba1\u5212","description":"\u5353\u8d8a\u7684\u8fc7\u6ee4\u6280\u672f","publisher":{"@id":"https:\/\/www.alpha-plan.de\/#organization"},"alternateName":"Alpha Plan","potentialAction":[{"@type":"SearchAction","target":{"@type":"EntryPoint","urlTemplate":"https:\/\/www.alpha-plan.de\/?s={search_term_string}"},"query-input":{"@type":"PropertyValueSpecification","valueRequired":true,"valueName":"search_term_string"}}],"inLanguage":"zh-Hans"},{"@type":"Organization","@id":"https:\/\/www.alpha-plan.de\/#organization","name":"\u963f\u5c14\u6cd5\u8ba1\u5212\u6709\u9650\u516c\u53f8","url":"https:\/\/www.alpha-plan.de\/","logo":{"@type":"ImageObject","inLanguage":"zh-Hans","@id":"https:\/\/www.alpha-plan.de\/#\/schema\/logo\/image\/","url":"https:\/\/www.alpha-plan.de\/wp-content\/uploads\/2020\/08\/new-logo-homepage-1.png","contentUrl":"https:\/\/www.alpha-plan.de\/wp-content\/uploads\/2020\/08\/new-logo-homepage-1.png","width":350,"height":100,"caption":"Alpha Plan GmbH"},"image":{"@id":"https:\/\/www.alpha-plan.de\/#\/schema\/logo\/image\/"},"sameAs":["https:\/\/x.com\/amt_cellab","https:\/\/de.linkedin.com\/company\/alpha-plan-gmbh?trk=public_jobs_topcard_org_name","https:\/\/www.youtube.com\/channel\/UC4XyOb5Yza4CFjyNlAhT2sg"]}]}},"_links":{"self":[{"href":"https:\/\/www.alpha-plan.de\/zh\/wp-json\/wp\/v2\/pages\/21958","targetHints":{"allow":["GET"]}}],"collection":[{"href":"https:\/\/www.alpha-plan.de\/zh\/wp-json\/wp\/v2\/pages"}],"about":[{"href":"https:\/\/www.alpha-plan.de\/zh\/wp-json\/wp\/v2\/types\/page"}],"author":[{"embeddable":true,"href":"https:\/\/www.alpha-plan.de\/zh\/wp-json\/wp\/v2\/users\/1"}],"replies":[{"embeddable":true,"href":"https:\/\/www.alpha-plan.de\/zh\/wp-json\/wp\/v2\/comments?post=21958"}],"version-history":[{"count":8,"href":"https:\/\/www.alpha-plan.de\/zh\/wp-json\/wp\/v2\/pages\/21958\/revisions"}],"predecessor-version":[{"id":21976,"href":"https:\/\/www.alpha-plan.de\/zh\/wp-json\/wp\/v2\/pages\/21958\/revisions\/21976"}],"up":[{"embeddable":true,"href":"https:\/\/www.alpha-plan.de\/zh\/wp-json\/wp\/v2\/pages\/20406"}],"wp:featuredmedia":[{"embeddable":true,"href":"https:\/\/www.alpha-plan.de\/zh\/wp-json\/wp\/v2\/media\/18786"}],"wp:attachment":[{"href":"https:\/\/www.alpha-plan.de\/zh\/wp-json\/wp\/v2\/media?parent=21958"}],"curies":[{"name":"wp","href":"https:\/\/api.w.org\/{rel}","templated":true}]}}