{"id":1273,"date":"2020-11-05T12:59:03","date_gmt":"2020-11-05T11:59:03","guid":{"rendered":"https:\/\/alpha.inbearbeitung.de\/?page_id=1273"},"modified":"2026-03-23T14:19:05","modified_gmt":"2026-03-23T13:19:05","slug":"%e6%b5%8b%e9%87%8f%e4%ba%8b%e4%bb%b6","status":"publish","type":"page","link":"https:\/\/www.alpha-plan.de\/zh\/unternehmen\/events-messen\/","title":{"rendered":"\u6d3b\u52a8\u4e0e\u5c55\u4f1a"},"content":{"rendered":"<div data-elementor-type=\"wp-page\" data-elementor-id=\"1273\" class=\"elementor elementor-1273\" data-elementor-post-type=\"page\">\n\t\t\t\t<div class=\"elementor-element elementor-element-4936018 e-con-full e-flex e-con e-parent\" data-id=\"4936018\" data-element_type=\"container\" data-e-type=\"container\">\n\t\t\t\t<div class=\"elementor-element elementor-element-726c331 elementor-widget elementor-widget-template\" data-id=\"726c331\" data-element_type=\"widget\" data-e-type=\"widget\" data-widget_type=\"template.default\">\n\t\t\t\t<div class=\"elementor-widget-container\">\n\t\t\t\t\t\t\t<div class=\"elementor-template\">\n\t\t\t\t\t<div data-elementor-type=\"container\" data-elementor-id=\"17988\" class=\"elementor elementor-17988\" data-elementor-post-type=\"elementor_library\">\n\t\t\t\t<div class=\"elementor-element elementor-element-32e797e9 e-con-full e-flex e-con e-parent\" data-id=\"32e797e9\" data-element_type=\"container\" data-e-type=\"container\">\n\t\t\t\t<div class=\"elementor-element elementor-element-df7eb8b elementor-widget elementor-widget-theme-post-featured-image elementor-widget-image\" data-id=\"df7eb8b\" data-element_type=\"widget\" data-e-type=\"widget\" data-widget_type=\"theme-post-featured-image.default\">\n\t\t\t\t\t\t\t\t\t\t\t\t\t\t\t<img decoding=\"async\" width=\"1019\" height=\"678\" src=\"https:\/\/www.alpha-plan.de\/wp-content\/uploads\/2020\/11\/Architektur_Innenhof.jpg\" class=\"attachment-full size-full wp-image-1154\" alt=\"\" srcset=\"https:\/\/www.alpha-plan.de\/wp-content\/uploads\/2020\/11\/Architektur_Innenhof.jpg 1019w, https:\/\/www.alpha-plan.de\/wp-content\/uploads\/2020\/11\/Architektur_Innenhof-300x200.jpg 300w, https:\/\/www.alpha-plan.de\/wp-content\/uploads\/2020\/11\/Architektur_Innenhof-768x511.jpg 768w\" sizes=\"(max-width: 1019px) 100vw, 1019px\" \/>\t\t\t\t\t\t\t\t\t\t\t\t\t\t\t<\/div>\n\t\t\t\t<\/div>\n\t\t<div class=\"elementor-element elementor-element-386a3c6 e-flex e-con-boxed e-con e-child\" data-id=\"386a3c6\" data-element_type=\"container\" data-e-type=\"container\" data-settings=\"{&quot;background_background&quot;:&quot;classic&quot;}\">\n\t\t\t\t\t<div class=\"e-con-inner\">\n\t\t\t\t<div class=\"elementor-element elementor-element-a219135 elementor-widget elementor-widget-breadcrumbs\" data-id=\"a219135\" data-element_type=\"widget\" data-e-type=\"widget\" data-widget_type=\"breadcrumbs.default\">\n\t\t\t\t\t<p id=\"breadcrumbs\"><span><span><a href=\"https:\/\/www.alpha-plan.de\/zh\/\">\u9996\u9875<\/a><\/span><\/span><\/p>\t\t\t\t<\/div>\n\t\t\t\t\t<\/div>\n\t\t\t\t<\/div>\n\t\t\t\t<\/div>\n\t\t\t\t<\/div>\n\t\t\t\t\t\t<\/div>\n\t\t\t\t<\/div>\n\t\t\t\t<\/div>\n\t\t\t\t<section class=\"elementor-section elementor-top-section elementor-element elementor-element-ae6b4ad elementor-section-boxed elementor-section-height-default elementor-section-height-default\" data-id=\"ae6b4ad\" data-element_type=\"section\" data-e-type=\"section\">\n\t\t\t\t\t\t<div class=\"elementor-container elementor-column-gap-default\">\n\t\t\t\t\t<div class=\"elementor-column elementor-col-100 elementor-top-column elementor-element elementor-element-363b3f5\" data-id=\"363b3f5\" data-element_type=\"column\" data-e-type=\"column\">\n\t\t\t<div class=\"elementor-widget-wrap elementor-element-populated\">\n\t\t\t\t\t\t<div class=\"elementor-element elementor-element-a5cc825 elementor-widget elementor-widget-heading\" data-id=\"a5cc825\" data-element_type=\"widget\" data-e-type=\"widget\" data-widget_type=\"heading.default\">\n\t\t\t\t\t<h2 class=\"elementor-heading-title elementor-size-default\">\u6d3b\u52a8\u4e0e\u5c55\u4f1a<\/h2>\t\t\t\t<\/div>\n\t\t\t\t<div class=\"elementor-element elementor-element-719099f elementor-widget elementor-widget-text-editor\" data-id=\"719099f\" data-element_type=\"widget\" data-e-type=\"widget\" data-widget_type=\"text-editor.default\">\n\t\t\t\t\t\t\t\t\t<p>\u6211\u4eec\u5b9a\u671f\u53c2\u52a0\u4ea4\u6613\u4f1a\u548c\u5c55\u89c8\u4f1a\uff0c\u671f\u5f85\u4e0e\u60a8\u89c1\u9762\u3002\u5728\u6b64\uff0c\u6211\u4eec\u5411\u60a8\u4ecb\u7ecd\u6211\u4eec\u53c2\u52a0\u7684\u6d3b\u52a8\u3002<\/p>\t\t\t\t\t\t\t\t<\/div>\n\t\t\t\t<div class=\"elementor-element elementor-element-7a05fd4 elementor-widget-divider--view-line elementor-widget elementor-widget-divider\" data-id=\"7a05fd4\" data-element_type=\"widget\" data-e-type=\"widget\" data-widget_type=\"divider.default\">\n\t\t\t\t\t\t\t<div class=\"elementor-divider\">\n\t\t\t<span class=\"elementor-divider-separator\">\n\t\t\t\t\t\t<\/span>\n\t\t<\/div>\n\t\t\t\t\t\t<\/div>\n\t\t\t\t\t<\/div>\n\t\t<\/div>\n\t\t\t\t\t<\/div>\n\t\t<\/section>\n\t\t<div class=\"elementor-element elementor-element-c8d0604 e-flex e-con-boxed e-con e-parent\" data-id=\"c8d0604\" data-element_type=\"container\" data-e-type=\"container\">\n\t\t\t\t\t<div class=\"e-con-inner\">\n\t\t\t\t\t<\/div>\n\t\t\t\t<\/div>\n\t\t<div class=\"elementor-element elementor-element-847d8b8 e-flex e-con-boxed e-con e-parent\" data-id=\"847d8b8\" data-element_type=\"container\" data-e-type=\"container\">\n\t\t\t\t\t<div class=\"e-con-inner\">\n\t\t\t\t<div class=\"elementor-element elementor-element-3314e44 elementor-widget elementor-widget-image\" data-id=\"3314e44\" data-element_type=\"widget\" data-e-type=\"widget\" data-widget_type=\"image.default\">\n\t\t\t\t\t\t\t\t\t\t\t\t\t\t\t<img decoding=\"async\" width=\"800\" height=\"351\" src=\"https:\/\/www.alpha-plan.de\/wp-content\/uploads\/2026\/03\/Hospitalar_2026.png\" class=\"attachment-large size-large wp-image-22032\" alt=\"\" srcset=\"https:\/\/www.alpha-plan.de\/wp-content\/uploads\/2026\/03\/Hospitalar_2026.png 820w, https:\/\/www.alpha-plan.de\/wp-content\/uploads\/2026\/03\/Hospitalar_2026-300x132.png 300w, https:\/\/www.alpha-plan.de\/wp-content\/uploads\/2026\/03\/Hospitalar_2026-768x337.png 768w, https:\/\/www.alpha-plan.de\/wp-content\/uploads\/2026\/03\/Hospitalar_2026-18x8.png 18w\" sizes=\"(max-width: 800px) 100vw, 800px\" \/>\t\t\t\t\t\t\t\t\t\t\t\t\t\t\t<\/div>\n\t\t\t\t\t<\/div>\n\t\t\t\t<\/div>\n\t\t<div class=\"elementor-element elementor-element-a67dfc9 e-flex e-con-boxed e-con e-parent\" data-id=\"a67dfc9\" data-element_type=\"container\" data-e-type=\"container\">\n\t\t\t\t\t<div class=\"e-con-inner\">\n\t\t\t\t<div class=\"elementor-element elementor-element-ecf3de6 elementor-widget elementor-widget-heading\" data-id=\"ecf3de6\" data-element_type=\"widget\" data-e-type=\"widget\" data-widget_type=\"heading.default\">\n\t\t\t\t\t<h2 class=\"elementor-heading-title elementor-size-default\">\u6211\u4eec\u5c06\u4e8e 2026 \u5e74 5 \u6708 19-22 \u65e5\u5728\u5df4\u897f\u5723\u4fdd\u7f57\u7684 Hospitalar \u4e3e\u529e\u6d3b\u52a8\u3002\n! <\/h2>\t\t\t\t<\/div>\n\t\t\t\t\t<\/div>\n\t\t\t\t<\/div>\n\t\t<div class=\"elementor-element elementor-element-acc4c90 e-flex e-con-boxed e-con e-parent\" data-id=\"acc4c90\" data-element_type=\"container\" data-e-type=\"container\">\n\t\t\t\t\t<div class=\"e-con-inner\">\n\t\t\t\t<div class=\"elementor-element elementor-element-99df5bc elementor-widget elementor-widget-text-editor\" data-id=\"99df5bc\" data-element_type=\"widget\" data-e-type=\"widget\" data-widget_type=\"text-editor.default\">\n\t\t\t\t\t\t\t\t\t<p>\u968f\u540e\u5c06\u63d0\u4f9b\u66f4\u591a\u4fe1\u606f\u3002.<\/p>\t\t\t\t\t\t\t\t<\/div>\n\t\t\t\t\t<\/div>\n\t\t\t\t<\/div>\n\t\t\t\t<\/div>","protected":false},"excerpt":{"rendered":"<p>Events &amp; Messen Wir nehmen regelm\u00e4\u00dfig an Messen und Ausstellungen teil und freuen uns auf die pers\u00f6nliche Begegnung mit Ihnen. Hier informieren wir Sie \u00fcber die Veranstaltungen,\u00a0an denen wir uns beteiligen. Wir sind vom 19.-22. Mai 2026 auf der Hospitalar in S\u00e3o Paulo, Brasilien. ! Weitere Informationen folgen.<\/p>","protected":false},"author":1,"featured_media":1154,"parent":1408,"menu_order":0,"comment_status":"closed","ping_status":"closed","template":"elementor_header_footer","meta":{"_acf_changed":false,"footnotes":""},"class_list":["post-1273","page","type-page","status-publish","has-post-thumbnail","hentry"],"acf":[],"yoast_head":"<!-- This site is optimized with the Yoast SEO plugin v27.5 - https:\/\/yoast.com\/product\/yoast-seo-wordpress\/ -->\n<title>Events &amp; Messen - Alpha Plan - Filtermontageanlagen<\/title>\n<meta name=\"description\" content=\"Alpha Plan - lernen sie uns pers\u00f6nlich kennen und besuchen Sie uns auf einer unserer Messen &amp; Events. Hier mehr erfahren.\" \/>\n<meta name=\"robots\" content=\"index, follow, max-snippet:-1, max-image-preview:large, max-video-preview:-1\" \/>\n<link rel=\"canonical\" href=\"https:\/\/www.alpha-plan.de\/zh\/\u516c\u53f8\/\u6d4b\u91cf\u4e8b\u4ef6\/\" \/>\n<meta property=\"og:locale\" content=\"zh_CN\" \/>\n<meta property=\"og:type\" content=\"article\" \/>\n<meta property=\"og:title\" content=\"Events &amp; Messen - Alpha Plan - Filtermontageanlagen\" \/>\n<meta property=\"og:description\" content=\"Alpha Plan - lernen sie uns pers\u00f6nlich kennen und besuchen Sie uns auf einer unserer Messen &amp; Events. Hier mehr erfahren.\" \/>\n<meta property=\"og:url\" content=\"https:\/\/www.alpha-plan.de\/zh\/\u516c\u53f8\/\u6d4b\u91cf\u4e8b\u4ef6\/\" \/>\n<meta property=\"og:site_name\" content=\"Alpha Plan\" \/>\n<meta property=\"article:modified_time\" content=\"2026-03-23T13:19:05+00:00\" \/>\n<meta property=\"og:image\" content=\"https:\/\/www.alpha-plan.de\/wp-content\/uploads\/2020\/11\/Architektur_Innenhof.jpg\" \/>\n\t<meta property=\"og:image:width\" content=\"1019\" \/>\n\t<meta property=\"og:image:height\" content=\"678\" \/>\n\t<meta property=\"og:image:type\" content=\"image\/jpeg\" \/>\n<meta name=\"twitter:card\" content=\"summary_large_image\" \/>\n<meta name=\"twitter:site\" content=\"@amt_cellab\" \/>\n<meta name=\"twitter:label1\" content=\"\u9884\u8ba1\u9605\u8bfb\u65f6\u95f4\" \/>\n\t<meta name=\"twitter:data1\" content=\"2 \u5206\" \/>\n<script type=\"application\/ld+json\" class=\"yoast-schema-graph\">{\"@context\":\"https:\\\/\\\/schema.org\",\"@graph\":[{\"@type\":\"WebPage\",\"@id\":\"https:\\\/\\\/www.alpha-plan.de\\\/unternehmen\\\/events-messen\\\/\",\"url\":\"https:\\\/\\\/www.alpha-plan.de\\\/unternehmen\\\/events-messen\\\/\",\"name\":\"Events & Messen - Alpha Plan - Filtermontageanlagen\",\"isPartOf\":{\"@id\":\"https:\\\/\\\/www.alpha-plan.de\\\/#website\"},\"primaryImageOfPage\":{\"@id\":\"https:\\\/\\\/www.alpha-plan.de\\\/unternehmen\\\/events-messen\\\/#primaryimage\"},\"image\":{\"@id\":\"https:\\\/\\\/www.alpha-plan.de\\\/unternehmen\\\/events-messen\\\/#primaryimage\"},\"thumbnailUrl\":\"https:\\\/\\\/www.alpha-plan.de\\\/wp-content\\\/uploads\\\/2020\\\/11\\\/Architektur_Innenhof.jpg\",\"datePublished\":\"2020-11-05T11:59:03+00:00\",\"dateModified\":\"2026-03-23T13:19:05+00:00\",\"description\":\"Alpha Plan - lernen sie uns pers\u00f6nlich kennen und besuchen Sie uns auf einer unserer Messen & Events. Hier mehr erfahren.\",\"breadcrumb\":{\"@id\":\"https:\\\/\\\/www.alpha-plan.de\\\/unternehmen\\\/events-messen\\\/#breadcrumb\"},\"inLanguage\":\"zh-Hans\",\"potentialAction\":[{\"@type\":\"ReadAction\",\"target\":[\"https:\\\/\\\/www.alpha-plan.de\\\/unternehmen\\\/events-messen\\\/\"]}]},{\"@type\":\"ImageObject\",\"inLanguage\":\"zh-Hans\",\"@id\":\"https:\\\/\\\/www.alpha-plan.de\\\/unternehmen\\\/events-messen\\\/#primaryimage\",\"url\":\"https:\\\/\\\/www.alpha-plan.de\\\/wp-content\\\/uploads\\\/2020\\\/11\\\/Architektur_Innenhof.jpg\",\"contentUrl\":\"https:\\\/\\\/www.alpha-plan.de\\\/wp-content\\\/uploads\\\/2020\\\/11\\\/Architektur_Innenhof.jpg\",\"width\":1019,\"height\":678},{\"@type\":\"BreadcrumbList\",\"@id\":\"https:\\\/\\\/www.alpha-plan.de\\\/unternehmen\\\/events-messen\\\/#breadcrumb\",\"itemListElement\":[{\"@type\":\"ListItem\",\"position\":1,\"name\":\"Home\",\"item\":\"https:\\\/\\\/www.alpha-plan.de\\\/\"},{\"@type\":\"ListItem\",\"position\":2,\"name\":\"Wir \u00fcber uns\",\"item\":\"https:\\\/\\\/www.alpha-plan.de\\\/unternehmen\\\/\"},{\"@type\":\"ListItem\",\"position\":3,\"name\":\"Events &#038; Messen\"}]},{\"@type\":\"WebSite\",\"@id\":\"https:\\\/\\\/www.alpha-plan.de\\\/#website\",\"url\":\"https:\\\/\\\/www.alpha-plan.de\\\/\",\"name\":\"Alpha Plan\",\"description\":\"Exzellenz in der Filtertechnologie\",\"publisher\":{\"@id\":\"https:\\\/\\\/www.alpha-plan.de\\\/#organization\"},\"alternateName\":\"Alpha Plan\",\"potentialAction\":[{\"@type\":\"SearchAction\",\"target\":{\"@type\":\"EntryPoint\",\"urlTemplate\":\"https:\\\/\\\/www.alpha-plan.de\\\/?s={search_term_string}\"},\"query-input\":{\"@type\":\"PropertyValueSpecification\",\"valueRequired\":true,\"valueName\":\"search_term_string\"}}],\"inLanguage\":\"zh-Hans\"},{\"@type\":\"Organization\",\"@id\":\"https:\\\/\\\/www.alpha-plan.de\\\/#organization\",\"name\":\"Alpha Plan GmbH\",\"url\":\"https:\\\/\\\/www.alpha-plan.de\\\/\",\"logo\":{\"@type\":\"ImageObject\",\"inLanguage\":\"zh-Hans\",\"@id\":\"https:\\\/\\\/www.alpha-plan.de\\\/#\\\/schema\\\/logo\\\/image\\\/\",\"url\":\"https:\\\/\\\/www.alpha-plan.de\\\/wp-content\\\/uploads\\\/2020\\\/08\\\/new-logo-homepage-1.png\",\"contentUrl\":\"https:\\\/\\\/www.alpha-plan.de\\\/wp-content\\\/uploads\\\/2020\\\/08\\\/new-logo-homepage-1.png\",\"width\":350,\"height\":100,\"caption\":\"Alpha Plan GmbH\"},\"image\":{\"@id\":\"https:\\\/\\\/www.alpha-plan.de\\\/#\\\/schema\\\/logo\\\/image\\\/\"},\"sameAs\":[\"https:\\\/\\\/x.com\\\/amt_cellab\",\"https:\\\/\\\/de.linkedin.com\\\/company\\\/alpha-plan-gmbh?trk=public_jobs_topcard_org_name\",\"https:\\\/\\\/www.youtube.com\\\/channel\\\/UC4XyOb5Yza4CFjyNlAhT2sg\"]}]}<\/script>\n<!-- \/ Yoast SEO plugin. -->","yoast_head_json":{"title":"\u6d3b\u52a8\u4e0e\u5c55\u4f1a - Alpha Plan - \u8fc7\u6ee4\u5668\u7ec4\u4ef6\u7cfb\u7edf","description":"\u963f\u5c14\u6cd5\u8ba1\u5212--\u4eb2\u81ea\u4e86\u89e3\u6211\u4eec\uff0c\u5e76\u5728\u6211\u4eec\u4e3e\u529e\u7684\u4ea4\u6613\u4f1a\u548c\u6d3b\u52a8\u4e2d\u53c2\u89c2\u6211\u4eec\u3002\u70b9\u51fb\u6b64\u5904\u4e86\u89e3\u66f4\u591a\u4fe1\u606f\u3002","robots":{"index":"index","follow":"follow","max-snippet":"max-snippet:-1","max-image-preview":"max-image-preview:large","max-video-preview":"max-video-preview:-1"},"canonical":"https:\/\/www.alpha-plan.de\/zh\/\u516c\u53f8\/\u6d4b\u91cf\u4e8b\u4ef6\/","og_locale":"zh_CN","og_type":"article","og_title":"Events & Messen - Alpha Plan - Filtermontageanlagen","og_description":"Alpha Plan - lernen sie uns pers\u00f6nlich kennen und besuchen Sie uns auf einer unserer Messen & Events. Hier mehr erfahren.","og_url":"https:\/\/www.alpha-plan.de\/zh\/\u516c\u53f8\/\u6d4b\u91cf\u4e8b\u4ef6\/","og_site_name":"Alpha Plan","article_modified_time":"2026-03-23T13:19:05+00:00","og_image":[{"width":1019,"height":678,"url":"https:\/\/www.alpha-plan.de\/wp-content\/uploads\/2020\/11\/Architektur_Innenhof.jpg","type":"image\/jpeg"}],"twitter_card":"summary_large_image","twitter_site":"@amt_cellab","twitter_misc":{"\u9884\u8ba1\u9605\u8bfb\u65f6\u95f4":"2 \u5206"},"schema":{"@context":"https:\/\/schema.org","@graph":[{"@type":"WebPage","@id":"https:\/\/www.alpha-plan.de\/unternehmen\/events-messen\/","url":"https:\/\/www.alpha-plan.de\/unternehmen\/events-messen\/","name":"\u6d3b\u52a8\u4e0e\u5c55\u4f1a - Alpha Plan - \u8fc7\u6ee4\u5668\u7ec4\u4ef6\u7cfb\u7edf","isPartOf":{"@id":"https:\/\/www.alpha-plan.de\/#website"},"primaryImageOfPage":{"@id":"https:\/\/www.alpha-plan.de\/unternehmen\/events-messen\/#primaryimage"},"image":{"@id":"https:\/\/www.alpha-plan.de\/unternehmen\/events-messen\/#primaryimage"},"thumbnailUrl":"https:\/\/www.alpha-plan.de\/wp-content\/uploads\/2020\/11\/Architektur_Innenhof.jpg","datePublished":"2020-11-05T11:59:03+00:00","dateModified":"2026-03-23T13:19:05+00:00","description":"\u963f\u5c14\u6cd5\u8ba1\u5212--\u4eb2\u81ea\u4e86\u89e3\u6211\u4eec\uff0c\u5e76\u5728\u6211\u4eec\u4e3e\u529e\u7684\u4ea4\u6613\u4f1a\u548c\u6d3b\u52a8\u4e2d\u53c2\u89c2\u6211\u4eec\u3002\u70b9\u51fb\u6b64\u5904\u4e86\u89e3\u66f4\u591a\u4fe1\u606f\u3002","breadcrumb":{"@id":"https:\/\/www.alpha-plan.de\/unternehmen\/events-messen\/#breadcrumb"},"inLanguage":"zh-Hans","potentialAction":[{"@type":"ReadAction","target":["https:\/\/www.alpha-plan.de\/unternehmen\/events-messen\/"]}]},{"@type":"ImageObject","inLanguage":"zh-Hans","@id":"https:\/\/www.alpha-plan.de\/unternehmen\/events-messen\/#primaryimage","url":"https:\/\/www.alpha-plan.de\/wp-content\/uploads\/2020\/11\/Architektur_Innenhof.jpg","contentUrl":"https:\/\/www.alpha-plan.de\/wp-content\/uploads\/2020\/11\/Architektur_Innenhof.jpg","width":1019,"height":678},{"@type":"BreadcrumbList","@id":"https:\/\/www.alpha-plan.de\/unternehmen\/events-messen\/#breadcrumb","itemListElement":[{"@type":"ListItem","position":1,"name":"Home","item":"https:\/\/www.alpha-plan.de\/"},{"@type":"ListItem","position":2,"name":"Wir \u00fcber uns","item":"https:\/\/www.alpha-plan.de\/unternehmen\/"},{"@type":"ListItem","position":3,"name":"Events &#038; Messen"}]},{"@type":"WebSite","@id":"https:\/\/www.alpha-plan.de\/#website","url":"https:\/\/www.alpha-plan.de\/","name":"\u963f\u5c14\u6cd5\u8ba1\u5212","description":"\u5353\u8d8a\u7684\u8fc7\u6ee4\u6280\u672f","publisher":{"@id":"https:\/\/www.alpha-plan.de\/#organization"},"alternateName":"Alpha Plan","potentialAction":[{"@type":"SearchAction","target":{"@type":"EntryPoint","urlTemplate":"https:\/\/www.alpha-plan.de\/?s={search_term_string}"},"query-input":{"@type":"PropertyValueSpecification","valueRequired":true,"valueName":"search_term_string"}}],"inLanguage":"zh-Hans"},{"@type":"Organization","@id":"https:\/\/www.alpha-plan.de\/#organization","name":"\u963f\u5c14\u6cd5\u8ba1\u5212\u6709\u9650\u516c\u53f8","url":"https:\/\/www.alpha-plan.de\/","logo":{"@type":"ImageObject","inLanguage":"zh-Hans","@id":"https:\/\/www.alpha-plan.de\/#\/schema\/logo\/image\/","url":"https:\/\/www.alpha-plan.de\/wp-content\/uploads\/2020\/08\/new-logo-homepage-1.png","contentUrl":"https:\/\/www.alpha-plan.de\/wp-content\/uploads\/2020\/08\/new-logo-homepage-1.png","width":350,"height":100,"caption":"Alpha Plan GmbH"},"image":{"@id":"https:\/\/www.alpha-plan.de\/#\/schema\/logo\/image\/"},"sameAs":["https:\/\/x.com\/amt_cellab","https:\/\/de.linkedin.com\/company\/alpha-plan-gmbh?trk=public_jobs_topcard_org_name","https:\/\/www.youtube.com\/channel\/UC4XyOb5Yza4CFjyNlAhT2sg"]}]}},"_links":{"self":[{"href":"https:\/\/www.alpha-plan.de\/zh\/wp-json\/wp\/v2\/pages\/1273","targetHints":{"allow":["GET"]}}],"collection":[{"href":"https:\/\/www.alpha-plan.de\/zh\/wp-json\/wp\/v2\/pages"}],"about":[{"href":"https:\/\/www.alpha-plan.de\/zh\/wp-json\/wp\/v2\/types\/page"}],"author":[{"embeddable":true,"href":"https:\/\/www.alpha-plan.de\/zh\/wp-json\/wp\/v2\/users\/1"}],"replies":[{"embeddable":true,"href":"https:\/\/www.alpha-plan.de\/zh\/wp-json\/wp\/v2\/comments?post=1273"}],"version-history":[{"count":12,"href":"https:\/\/www.alpha-plan.de\/zh\/wp-json\/wp\/v2\/pages\/1273\/revisions"}],"predecessor-version":[{"id":22043,"href":"https:\/\/www.alpha-plan.de\/zh\/wp-json\/wp\/v2\/pages\/1273\/revisions\/22043"}],"up":[{"embeddable":true,"href":"https:\/\/www.alpha-plan.de\/zh\/wp-json\/wp\/v2\/pages\/1408"}],"wp:featuredmedia":[{"embeddable":true,"href":"https:\/\/www.alpha-plan.de\/zh\/wp-json\/wp\/v2\/media\/1154"}],"wp:attachment":[{"href":"https:\/\/www.alpha-plan.de\/zh\/wp-json\/wp\/v2\/media?parent=1273"}],"curies":[{"name":"wp","href":"https:\/\/api.w.org\/{rel}","templated":true}]}}