{"id":1264,"date":"2020-11-05T12:39:13","date_gmt":"2020-11-05T11:39:13","guid":{"rendered":"https:\/\/alpha.inbearbeitung.de\/?page_id=1264"},"modified":"2025-10-27T11:27:53","modified_gmt":"2025-10-27T10:27:53","slug":"%e8%ae%a4%e8%af%81-%e4%b8%93%e5%88%a9","status":"publish","type":"page","link":"https:\/\/www.alpha-plan.de\/zh\/unternehmen\/zertifizierungen-patente\/","title":{"rendered":"\u8ba4\u8bc1\u548c\u4e13\u5229"},"content":{"rendered":"<div data-elementor-type=\"wp-page\" data-elementor-id=\"1264\" class=\"elementor elementor-1264\" data-elementor-post-type=\"page\">\n\t\t\t\t<div class=\"elementor-element elementor-element-1372fac e-con-full e-flex e-con e-parent\" data-id=\"1372fac\" data-element_type=\"container\" data-e-type=\"container\">\n\t\t\t\t<div class=\"elementor-element elementor-element-c7f4aaf elementor-widget elementor-widget-template\" data-id=\"c7f4aaf\" data-element_type=\"widget\" data-e-type=\"widget\" data-widget_type=\"template.default\">\n\t\t\t\t<div class=\"elementor-widget-container\">\n\t\t\t\t\t\t\t<div class=\"elementor-template\">\n\t\t\t\t\t<div data-elementor-type=\"container\" data-elementor-id=\"17988\" class=\"elementor elementor-17988\" data-elementor-post-type=\"elementor_library\">\n\t\t\t\t<div class=\"elementor-element elementor-element-32e797e9 e-con-full e-flex e-con e-parent\" data-id=\"32e797e9\" data-element_type=\"container\" data-e-type=\"container\">\n\t\t\t\t<div class=\"elementor-element elementor-element-df7eb8b elementor-widget elementor-widget-theme-post-featured-image elementor-widget-image\" data-id=\"df7eb8b\" data-element_type=\"widget\" data-e-type=\"widget\" data-widget_type=\"theme-post-featured-image.default\">\n\t\t\t\t\t\t\t\t\t\t\t\t\t\t\t<img decoding=\"async\" width=\"2048\" height=\"1138\" src=\"https:\/\/www.alpha-plan.de\/wp-content\/uploads\/2020\/11\/Bild_3_header-scaled-scaled.jpg\" class=\"attachment-full size-full wp-image-1469\" alt=\"\" srcset=\"https:\/\/www.alpha-plan.de\/wp-content\/uploads\/2020\/11\/Bild_3_header-scaled-scaled.jpg 2048w, https:\/\/www.alpha-plan.de\/wp-content\/uploads\/2020\/11\/Bild_3_header-scaled-300x167.jpg 300w, https:\/\/www.alpha-plan.de\/wp-content\/uploads\/2020\/11\/Bild_3_header-scaled-1024x569.jpg 1024w, https:\/\/www.alpha-plan.de\/wp-content\/uploads\/2020\/11\/Bild_3_header-scaled-768x427.jpg 768w, https:\/\/www.alpha-plan.de\/wp-content\/uploads\/2020\/11\/Bild_3_header-scaled-1536x854.jpg 1536w, https:\/\/www.alpha-plan.de\/wp-content\/uploads\/2020\/11\/Bild_3_header-scaled-18x10.jpg 18w\" sizes=\"(max-width: 2048px) 100vw, 2048px\" \/>\t\t\t\t\t\t\t\t\t\t\t\t\t\t\t<\/div>\n\t\t\t\t<\/div>\n\t\t<div class=\"elementor-element elementor-element-386a3c6 e-flex e-con-boxed e-con e-child\" data-id=\"386a3c6\" data-element_type=\"container\" data-e-type=\"container\" data-settings=\"{&quot;background_background&quot;:&quot;classic&quot;}\">\n\t\t\t\t\t<div class=\"e-con-inner\">\n\t\t\t\t<div class=\"elementor-element elementor-element-a219135 elementor-widget elementor-widget-breadcrumbs\" data-id=\"a219135\" data-element_type=\"widget\" data-e-type=\"widget\" data-widget_type=\"breadcrumbs.default\">\n\t\t\t\t\t<p id=\"breadcrumbs\"><span><span><a href=\"https:\/\/www.alpha-plan.de\/zh\/\">\u9996\u9875<\/a><\/span><\/span><\/p>\t\t\t\t<\/div>\n\t\t\t\t\t<\/div>\n\t\t\t\t<\/div>\n\t\t\t\t<\/div>\n\t\t\t\t<\/div>\n\t\t\t\t\t\t<\/div>\n\t\t\t\t<\/div>\n\t\t\t\t<\/div>\n\t\t\t\t<section class=\"elementor-section elementor-top-section elementor-element elementor-element-ae6b4ad elementor-section-boxed elementor-section-height-default elementor-section-height-default\" data-id=\"ae6b4ad\" data-element_type=\"section\" data-e-type=\"section\" id=\"sec_1\">\n\t\t\t\t\t\t<div class=\"elementor-container elementor-column-gap-default\">\n\t\t\t\t\t<div class=\"elementor-column elementor-col-100 elementor-top-column elementor-element elementor-element-363b3f5\" data-id=\"363b3f5\" data-element_type=\"column\" data-e-type=\"column\">\n\t\t\t<div class=\"elementor-widget-wrap elementor-element-populated\">\n\t\t\t\t\t\t<div class=\"elementor-element elementor-element-a5cc825 elementor-widget elementor-widget-heading\" data-id=\"a5cc825\" data-element_type=\"widget\" data-e-type=\"widget\" data-widget_type=\"heading.default\">\n\t\t\t\t\t<h2 class=\"elementor-heading-title elementor-size-default\">\u8ba4\u8bc1\u548c\u4e13\u5229<\/h2>\t\t\t\t<\/div>\n\t\t\t\t<div class=\"elementor-element elementor-element-719099f elementor-widget elementor-widget-text-editor\" data-id=\"719099f\" data-element_type=\"widget\" data-e-type=\"widget\" data-widget_type=\"text-editor.default\">\n\t\t\t\t\t\t\t\t\t<p><strong>\u60a8--\u6211\u4eec\u7684\u5ba2\u6237\uff0c\u662f\u6211\u4eec\u4e00\u5207\u5de5\u4f5c\u7684\u4e2d\u5fc3\u3002\u6211\u4eec\u7684\u9996\u8981\u4efb\u52a1\u662f\u6ee1\u8db3\u60a8\u5bf9\u6700\u9ad8\u8d28\u91cf\u548c\u6210\u672c\u6548\u76ca\u7684\u671f\u671b\u3002<\/strong><\/p>\n<p>\u6240\u6709\u751f\u4ea7\u6b65\u9aa4\u90fd\u5b8c\u5168\u6309\u7167\u6211\u4eec\u7684\u8d28\u91cf\u7ba1\u7406\u4f53\u7cfb\u89c4\u5b9a\u7684\u6d41\u7a0b\u8fdb\u884c\u3002 <br>\u6211\u4eec\u503e\u542c\u60a8\u7684\u613f\u671b\u548c\u8981\u6c42\uff0c\u4e0e\u60a8\u4e00\u8d77\u5236\u5b9a\u6700\u4f73\u89e3\u51b3\u65b9\u6848\u3002<\/p>\n<p>\u6211\u4eec\u7684\u8d28\u91cf\u7ba1\u7406\u5df2\u901a\u8fc7 ISO 9001:2015 \u548c ISO 13485:2016 \u8ba4\u8bc1\u3002<\/p>\t\t\t\t\t\t\t\t<\/div>\n\t\t\t\t<div class=\"elementor-element elementor-element-7a05fd4 elementor-widget-divider--view-line elementor-widget elementor-widget-divider\" data-id=\"7a05fd4\" data-element_type=\"widget\" data-e-type=\"widget\" data-widget_type=\"divider.default\">\n\t\t\t\t\t\t\t<div class=\"elementor-divider\">\n\t\t\t<span class=\"elementor-divider-separator\">\n\t\t\t\t\t\t<\/span>\n\t\t<\/div>\n\t\t\t\t\t\t<\/div>\n\t\t\t\t\t<\/div>\n\t\t<\/div>\n\t\t\t\t\t<\/div>\n\t\t<\/section>\n\t\t\t\t<section class=\"elementor-section elementor-top-section elementor-element elementor-element-ff70ced elementor-section-boxed elementor-section-height-default elementor-section-height-default\" data-id=\"ff70ced\" data-element_type=\"section\" data-e-type=\"section\" id=\"sec_2\">\n\t\t\t\t\t\t<div class=\"elementor-container elementor-column-gap-default\">\n\t\t\t\t\t<div class=\"elementor-column elementor-col-50 elementor-top-column elementor-element elementor-element-448193d\" data-id=\"448193d\" data-element_type=\"column\" data-e-type=\"column\">\n\t\t\t<div class=\"elementor-widget-wrap elementor-element-populated\">\n\t\t\t\t\t\t<div class=\"elementor-element elementor-element-22ec922 elementor-widget elementor-widget-heading\" data-id=\"22ec922\" data-element_type=\"widget\" data-e-type=\"widget\" data-widget_type=\"heading.default\">\n\t\t\t\t\t<h2 class=\"elementor-heading-title elementor-size-default\">\u8bc1\u4e66<\/h2>\t\t\t\t<\/div>\n\t\t\t\t<div class=\"elementor-element elementor-element-002aae6 elementor-align-start elementor-icon-list--layout-traditional elementor-list-item-link-full_width elementor-widget elementor-widget-icon-list\" data-id=\"002aae6\" data-element_type=\"widget\" data-e-type=\"widget\" data-widget_type=\"icon-list.default\">\n\t\t\t\t\t\t\t<ul class=\"elementor-icon-list-items\">\n\t\t\t\t\t\t\t<li class=\"elementor-icon-list-item\">\n\t\t\t\t\t\t\t\t\t\t\t<a href=\"https:\/\/www.alpha-plan.de\/wp-content\/uploads\/2023\/04\/Zertifikat-ISO-9001_2015_2023-03-27-en.pdf\" target=\"_blank\">\n\n\t\t\t\t\t\t\t\t\t\t\t\t<span class=\"elementor-icon-list-icon\">\n\t\t\t\t\t\t\t<i aria-hidden=\"true\" class=\"fas fa-caret-right\"><\/i>\t\t\t\t\t\t<\/span>\n\t\t\t\t\t\t\t\t\t\t<span class=\"elementor-icon-list-text\">ISO 9001:2015 \u8bc1\u4e66\uff08\u82f1\u6587\uff09 <\/span>\n\t\t\t\t\t\t\t\t\t\t\t<\/a>\n\t\t\t\t\t\t\t\t\t<\/li>\n\t\t\t\t\t\t\t\t<li class=\"elementor-icon-list-item\">\n\t\t\t\t\t\t\t\t\t\t\t<a href=\"https:\/\/www.alpha-plan.de\/wp-content\/uploads\/2023\/04\/Zertifikat-ISO-9001_2015_2023-03-27-de.pdf\" target=\"_blank\">\n\n\t\t\t\t\t\t\t\t\t\t\t\t<span class=\"elementor-icon-list-icon\">\n\t\t\t\t\t\t\t<i aria-hidden=\"true\" class=\"fas fa-caret-right\"><\/i>\t\t\t\t\t\t<\/span>\n\t\t\t\t\t\t\t\t\t\t<span class=\"elementor-icon-list-text\">ISO 9001:2015 \u8bc1\u4e66\uff08\u5fb7\u8bed\uff09 <\/span>\n\t\t\t\t\t\t\t\t\t\t\t<\/a>\n\t\t\t\t\t\t\t\t\t<\/li>\n\t\t\t\t\t\t\t\t<li class=\"elementor-icon-list-item\">\n\t\t\t\t\t\t\t\t\t\t\t<a href=\"https:\/\/www.alpha-plan.de\/wp-content\/uploads\/2025\/10\/Zertifikat-EN-ISO-13485_2016_2025-10-24-en.pdf\" target=\"_blank\">\n\n\t\t\t\t\t\t\t\t\t\t\t\t<span class=\"elementor-icon-list-icon\">\n\t\t\t\t\t\t\t<i aria-hidden=\"true\" class=\"fas fa-caret-right\"><\/i>\t\t\t\t\t\t<\/span>\n\t\t\t\t\t\t\t\t\t\t<span class=\"elementor-icon-list-text\">EN ISO 13485:2016 \u8bc1\u4e66\uff08\u82f1\u6587\uff09<\/span>\n\t\t\t\t\t\t\t\t\t\t\t<\/a>\n\t\t\t\t\t\t\t\t\t<\/li>\n\t\t\t\t\t\t\t\t<li class=\"elementor-icon-list-item\">\n\t\t\t\t\t\t\t\t\t\t\t<a href=\"https:\/\/www.alpha-plan.de\/wp-content\/uploads\/2025\/10\/Zertifikat-EN-ISO-13485_2016_2025-10-24-de.pdf\">\n\n\t\t\t\t\t\t\t\t\t\t\t\t<span class=\"elementor-icon-list-icon\">\n\t\t\t\t\t\t\t<i aria-hidden=\"true\" class=\"fas fa-caret-right\"><\/i>\t\t\t\t\t\t<\/span>\n\t\t\t\t\t\t\t\t\t\t<span class=\"elementor-icon-list-text\">EN ISO 13485:2016 \u8bc1\u4e66\uff08\u5fb7\u8bed\uff09<\/span>\n\t\t\t\t\t\t\t\t\t\t\t<\/a>\n\t\t\t\t\t\t\t\t\t<\/li>\n\t\t\t\t\t\t<\/ul>\n\t\t\t\t\t\t<\/div>\n\t\t\t\t\t<\/div>\n\t\t<\/div>\n\t\t\t\t<div class=\"elementor-column elementor-col-50 elementor-top-column elementor-element elementor-element-8f27be0\" data-id=\"8f27be0\" data-element_type=\"column\" data-e-type=\"column\">\n\t\t\t<div class=\"elementor-widget-wrap elementor-element-populated\">\n\t\t\t\t\t\t<div class=\"elementor-element elementor-element-afb55cc elementor-widget elementor-widget-image\" data-id=\"afb55cc\" data-element_type=\"widget\" data-e-type=\"widget\" data-widget_type=\"image.default\">\n\t\t\t\t\t\t\t\t\t\t\t\t\t\t\t<img decoding=\"async\" width=\"800\" height=\"532\" src=\"https:\/\/www.alpha-plan.de\/wp-content\/uploads\/2020\/10\/Visuelle_Kontrolle_Var2-1024x681.jpg\" class=\"attachment-large size-large wp-image-867\" alt=\"\" srcset=\"https:\/\/www.alpha-plan.de\/wp-content\/uploads\/2020\/10\/Visuelle_Kontrolle_Var2-1024x681.jpg 1024w, https:\/\/www.alpha-plan.de\/wp-content\/uploads\/2020\/10\/Visuelle_Kontrolle_Var2-300x200.jpg 300w, https:\/\/www.alpha-plan.de\/wp-content\/uploads\/2020\/10\/Visuelle_Kontrolle_Var2-768x511.jpg 768w, https:\/\/www.alpha-plan.de\/wp-content\/uploads\/2020\/10\/Visuelle_Kontrolle_Var2-1536x1022.jpg 1536w, https:\/\/www.alpha-plan.de\/wp-content\/uploads\/2020\/10\/Visuelle_Kontrolle_Var2-scaled.jpg 2048w, https:\/\/www.alpha-plan.de\/wp-content\/uploads\/2020\/10\/Visuelle_Kontrolle_Var2-18x12.jpg 18w\" sizes=\"(max-width: 800px) 100vw, 800px\" \/>\t\t\t\t\t\t\t\t\t\t\t\t\t\t\t<\/div>\n\t\t\t\t\t<\/div>\n\t\t<\/div>\n\t\t\t\t\t<\/div>\n\t\t<\/section>\n\t\t\t\t<section class=\"elementor-section elementor-top-section elementor-element elementor-element-eaa55eb elementor-section-boxed elementor-section-height-default elementor-section-height-default\" data-id=\"eaa55eb\" data-element_type=\"section\" data-e-type=\"section\" id=\"sec_3\" data-settings=\"{&quot;background_background&quot;:&quot;classic&quot;}\">\n\t\t\t\t\t\t<div class=\"elementor-container elementor-column-gap-default\">\n\t\t\t\t\t<div class=\"elementor-column elementor-col-100 elementor-top-column elementor-element elementor-element-00aca15\" data-id=\"00aca15\" data-element_type=\"column\" data-e-type=\"column\">\n\t\t\t<div class=\"elementor-widget-wrap elementor-element-populated\">\n\t\t\t\t\t\t<div class=\"elementor-element elementor-element-45bd1b5 elementor-widget elementor-widget-heading\" data-id=\"45bd1b5\" data-element_type=\"widget\" data-e-type=\"widget\" data-widget_type=\"heading.default\">\n\t\t\t\t\t<h2 class=\"elementor-heading-title elementor-size-default\">\u77e5\u8bc6\u4ea7\u6743\/\u4e13\u5229<\/h2>\t\t\t\t<\/div>\n\t\t\t\t<div class=\"elementor-element elementor-element-2991608 elementor-widget elementor-widget-html\" data-id=\"2991608\" data-element_type=\"widget\" data-e-type=\"widget\" data-widget_type=\"html.default\">\n\t\t\t\t\t<table class=\"tc__ip-table\">\n    <thead>\n    <tr>\n        <th>\u4e13\u5229\u53f7<\/th>\n        <th>\u5185\u5bb9<\/th>\n    <\/tr>\n    <\/thead>\n    <tbody>\n    <tr>\n      <td>de102013203082b4<\/td>\n      <td>\u7528\u4e8e\u6d4b\u8bd5\u900f\u6790\u5668\u529f\u80fd\u7684\u6d4b\u8bd5\u548c\u5e72\u71e5\u88c5\u7f6e<\/td>\n    <\/tr>\n    <tr>\n      <td>cn000104507553b<\/td>\n      <td>\u7528\u4e8e\u6d4b\u8bd5\u900f\u6790\u5668\u529f\u80fd\u7684\u6d4b\u8bd5\u548c\u5e72\u71e5\u88c5\u7f6e<\/td>\n    <\/tr>\n    <tr>\n      <td>DE102016225753B3<\/td>\n      <td>\u7528\u4e8e\u68c0\u6d4b\u8bbe\u5907\u6d88\u6bd2\u6216\u706d\u83cc\u7684\u5b9e\u7528\u7a0b\u5e8f<\/td>\n    <\/tr>\n    <tr>\n      <td>DE202016008234U1<\/td>\n      <td>\u7528\u4e8e\u68c0\u6d4b\u8bbe\u5907\u6d88\u6bd2\u6216\u706d\u83cc\u7684\u5b9e\u7528\u7a0b\u5e8f<\/td>\n    <\/tr>\n    <tr>\n      <td>de202017104293u1<\/td>\n      <td>\u900f\u6790\u5668\u751f\u4ea7\u7ebf<\/td>\n    <\/tr>\n    <tr>\n      <td>cn201720945283.6<\/td>\n      <td>\u900f\u6790\u5668\u751f\u4ea7\u7ebf<\/td>\n    <\/tr>\n    <\/tbody>\n<\/table>\t\t\t\t<\/div>\n\t\t\t\t\t<\/div>\n\t\t<\/div>\n\t\t\t\t\t<\/div>\n\t\t<\/section>\n\t\t\t\t<\/div>","protected":false},"excerpt":{"rendered":"<p>Zertifizierungen &amp; Patente Sie als unsere Kunden stehen bei uns im Mittelpunkt. Ihre Erwartungen an h\u00f6chstm\u00f6gliche Qualit\u00e4t und Wirtschaftlichkeit zu erf\u00fcllen, hat f\u00fcr uns oberste Priorit\u00e4t. Alle Produktionsschritte laufen exakt nach den in unserem QM-System definierten Prozessen ab. Wir nehmen Ihre W\u00fcnsche und Anforderungen auf und entwickeln mit Ihnen gemeinsam die bestm\u00f6gliche L\u00f6sung. Unser Qualit\u00e4tsmanagement [&hellip;]<\/p>\n","protected":false},"author":1,"featured_media":1469,"parent":1408,"menu_order":0,"comment_status":"closed","ping_status":"closed","template":"elementor_header_footer","meta":{"_acf_changed":false,"footnotes":""},"class_list":["post-1264","page","type-page","status-publish","has-post-thumbnail","hentry"],"acf":[],"yoast_head":"<!-- This site is optimized with the Yoast SEO plugin v27.5 - https:\/\/yoast.com\/product\/yoast-seo-wordpress\/ -->\n<title>Zertifizierungen &amp; Patente - Alpha Plan - Filtermontageanlagen<\/title>\n<meta name=\"description\" content=\"Alpha Plan - aktuelle Zertifizierungen und Zertifikate zum Download, \u00dcbersicht der Patente. Informieren sie sich hier.\" \/>\n<meta name=\"robots\" content=\"index, follow, max-snippet:-1, max-image-preview:large, max-video-preview:-1\" \/>\n<link rel=\"canonical\" href=\"https:\/\/www.alpha-plan.de\/zh\/\u516c\u53f8\/\u8ba4\u8bc1-\u4e13\u5229\/\" \/>\n<meta property=\"og:locale\" content=\"zh_CN\" \/>\n<meta property=\"og:type\" content=\"article\" \/>\n<meta property=\"og:title\" content=\"Zertifizierungen &amp; Patente - Alpha Plan - Filtermontageanlagen\" \/>\n<meta property=\"og:description\" content=\"Alpha Plan - aktuelle Zertifizierungen und Zertifikate zum Download, \u00dcbersicht der Patente. Informieren sie sich hier.\" \/>\n<meta property=\"og:url\" content=\"https:\/\/www.alpha-plan.de\/zh\/\u516c\u53f8\/\u8ba4\u8bc1-\u4e13\u5229\/\" \/>\n<meta property=\"og:site_name\" content=\"Alpha Plan\" \/>\n<meta property=\"article:modified_time\" content=\"2025-10-27T10:27:53+00:00\" \/>\n<meta property=\"og:image\" content=\"https:\/\/www.alpha-plan.de\/wp-content\/uploads\/2020\/11\/Bild_3_header-scaled-scaled.jpg\" \/>\n\t<meta property=\"og:image:width\" content=\"2048\" \/>\n\t<meta property=\"og:image:height\" content=\"1138\" \/>\n\t<meta property=\"og:image:type\" content=\"image\/jpeg\" \/>\n<meta name=\"twitter:card\" content=\"summary_large_image\" \/>\n<meta name=\"twitter:site\" content=\"@amt_cellab\" \/>\n<meta name=\"twitter:label1\" content=\"\u9884\u8ba1\u9605\u8bfb\u65f6\u95f4\" \/>\n\t<meta name=\"twitter:data1\" content=\"2 \u5206\" \/>\n<script type=\"application\/ld+json\" class=\"yoast-schema-graph\">{\"@context\":\"https:\\\/\\\/schema.org\",\"@graph\":[{\"@type\":\"WebPage\",\"@id\":\"https:\\\/\\\/www.alpha-plan.de\\\/unternehmen\\\/zertifizierungen-patente\\\/\",\"url\":\"https:\\\/\\\/www.alpha-plan.de\\\/unternehmen\\\/zertifizierungen-patente\\\/\",\"name\":\"Zertifizierungen & Patente - Alpha Plan - Filtermontageanlagen\",\"isPartOf\":{\"@id\":\"https:\\\/\\\/www.alpha-plan.de\\\/#website\"},\"primaryImageOfPage\":{\"@id\":\"https:\\\/\\\/www.alpha-plan.de\\\/unternehmen\\\/zertifizierungen-patente\\\/#primaryimage\"},\"image\":{\"@id\":\"https:\\\/\\\/www.alpha-plan.de\\\/unternehmen\\\/zertifizierungen-patente\\\/#primaryimage\"},\"thumbnailUrl\":\"https:\\\/\\\/www.alpha-plan.de\\\/wp-content\\\/uploads\\\/2020\\\/11\\\/Bild_3_header-scaled-scaled.jpg\",\"datePublished\":\"2020-11-05T11:39:13+00:00\",\"dateModified\":\"2025-10-27T10:27:53+00:00\",\"description\":\"Alpha Plan - aktuelle Zertifizierungen und Zertifikate zum Download, \u00dcbersicht der Patente. Informieren sie sich hier.\",\"breadcrumb\":{\"@id\":\"https:\\\/\\\/www.alpha-plan.de\\\/unternehmen\\\/zertifizierungen-patente\\\/#breadcrumb\"},\"inLanguage\":\"zh-Hans\",\"potentialAction\":[{\"@type\":\"ReadAction\",\"target\":[\"https:\\\/\\\/www.alpha-plan.de\\\/unternehmen\\\/zertifizierungen-patente\\\/\"]}]},{\"@type\":\"ImageObject\",\"inLanguage\":\"zh-Hans\",\"@id\":\"https:\\\/\\\/www.alpha-plan.de\\\/unternehmen\\\/zertifizierungen-patente\\\/#primaryimage\",\"url\":\"https:\\\/\\\/www.alpha-plan.de\\\/wp-content\\\/uploads\\\/2020\\\/11\\\/Bild_3_header-scaled-scaled.jpg\",\"contentUrl\":\"https:\\\/\\\/www.alpha-plan.de\\\/wp-content\\\/uploads\\\/2020\\\/11\\\/Bild_3_header-scaled-scaled.jpg\",\"width\":2048,\"height\":1138},{\"@type\":\"BreadcrumbList\",\"@id\":\"https:\\\/\\\/www.alpha-plan.de\\\/unternehmen\\\/zertifizierungen-patente\\\/#breadcrumb\",\"itemListElement\":[{\"@type\":\"ListItem\",\"position\":1,\"name\":\"Home\",\"item\":\"https:\\\/\\\/www.alpha-plan.de\\\/\"},{\"@type\":\"ListItem\",\"position\":2,\"name\":\"Wir \u00fcber uns\",\"item\":\"https:\\\/\\\/www.alpha-plan.de\\\/unternehmen\\\/\"},{\"@type\":\"ListItem\",\"position\":3,\"name\":\"Zertifizierungen &#038; Patente\"}]},{\"@type\":\"WebSite\",\"@id\":\"https:\\\/\\\/www.alpha-plan.de\\\/#website\",\"url\":\"https:\\\/\\\/www.alpha-plan.de\\\/\",\"name\":\"Alpha Plan\",\"description\":\"Exzellenz in der Filtertechnologie\",\"publisher\":{\"@id\":\"https:\\\/\\\/www.alpha-plan.de\\\/#organization\"},\"alternateName\":\"Alpha Plan\",\"potentialAction\":[{\"@type\":\"SearchAction\",\"target\":{\"@type\":\"EntryPoint\",\"urlTemplate\":\"https:\\\/\\\/www.alpha-plan.de\\\/?s={search_term_string}\"},\"query-input\":{\"@type\":\"PropertyValueSpecification\",\"valueRequired\":true,\"valueName\":\"search_term_string\"}}],\"inLanguage\":\"zh-Hans\"},{\"@type\":\"Organization\",\"@id\":\"https:\\\/\\\/www.alpha-plan.de\\\/#organization\",\"name\":\"Alpha Plan GmbH\",\"url\":\"https:\\\/\\\/www.alpha-plan.de\\\/\",\"logo\":{\"@type\":\"ImageObject\",\"inLanguage\":\"zh-Hans\",\"@id\":\"https:\\\/\\\/www.alpha-plan.de\\\/#\\\/schema\\\/logo\\\/image\\\/\",\"url\":\"https:\\\/\\\/www.alpha-plan.de\\\/wp-content\\\/uploads\\\/2020\\\/08\\\/new-logo-homepage-1.png\",\"contentUrl\":\"https:\\\/\\\/www.alpha-plan.de\\\/wp-content\\\/uploads\\\/2020\\\/08\\\/new-logo-homepage-1.png\",\"width\":350,\"height\":100,\"caption\":\"Alpha Plan GmbH\"},\"image\":{\"@id\":\"https:\\\/\\\/www.alpha-plan.de\\\/#\\\/schema\\\/logo\\\/image\\\/\"},\"sameAs\":[\"https:\\\/\\\/x.com\\\/amt_cellab\",\"https:\\\/\\\/de.linkedin.com\\\/company\\\/alpha-plan-gmbh?trk=public_jobs_topcard_org_name\",\"https:\\\/\\\/www.youtube.com\\\/channel\\\/UC4XyOb5Yza4CFjyNlAhT2sg\"]}]}<\/script>\n<!-- \/ Yoast SEO plugin. -->","yoast_head_json":{"title":"\u8ba4\u8bc1\u548c\u4e13\u5229 - Alpha \u8ba1\u5212 - \u8fc7\u6ee4\u5668\u7ec4\u4ef6\u7cfb\u7edf","description":"Alpha Plan - \u5f53\u524d\u8ba4\u8bc1\u548c\u8bc1\u4e66\u4e0b\u8f7d\uff0c\u4e13\u5229\u6982\u8ff0\u3002\u70b9\u51fb\u6b64\u5904\u4e86\u89e3\u66f4\u591a\u4fe1\u606f\u3002","robots":{"index":"index","follow":"follow","max-snippet":"max-snippet:-1","max-image-preview":"max-image-preview:large","max-video-preview":"max-video-preview:-1"},"canonical":"https:\/\/www.alpha-plan.de\/zh\/\u516c\u53f8\/\u8ba4\u8bc1-\u4e13\u5229\/","og_locale":"zh_CN","og_type":"article","og_title":"Zertifizierungen & Patente - Alpha Plan - Filtermontageanlagen","og_description":"Alpha Plan - aktuelle Zertifizierungen und Zertifikate zum Download, \u00dcbersicht der Patente. Informieren sie sich hier.","og_url":"https:\/\/www.alpha-plan.de\/zh\/\u516c\u53f8\/\u8ba4\u8bc1-\u4e13\u5229\/","og_site_name":"Alpha Plan","article_modified_time":"2025-10-27T10:27:53+00:00","og_image":[{"width":2048,"height":1138,"url":"https:\/\/www.alpha-plan.de\/wp-content\/uploads\/2020\/11\/Bild_3_header-scaled-scaled.jpg","type":"image\/jpeg"}],"twitter_card":"summary_large_image","twitter_site":"@amt_cellab","twitter_misc":{"\u9884\u8ba1\u9605\u8bfb\u65f6\u95f4":"2 \u5206"},"schema":{"@context":"https:\/\/schema.org","@graph":[{"@type":"WebPage","@id":"https:\/\/www.alpha-plan.de\/unternehmen\/zertifizierungen-patente\/","url":"https:\/\/www.alpha-plan.de\/unternehmen\/zertifizierungen-patente\/","name":"\u8ba4\u8bc1\u548c\u4e13\u5229 - Alpha \u8ba1\u5212 - \u8fc7\u6ee4\u5668\u7ec4\u4ef6\u7cfb\u7edf","isPartOf":{"@id":"https:\/\/www.alpha-plan.de\/#website"},"primaryImageOfPage":{"@id":"https:\/\/www.alpha-plan.de\/unternehmen\/zertifizierungen-patente\/#primaryimage"},"image":{"@id":"https:\/\/www.alpha-plan.de\/unternehmen\/zertifizierungen-patente\/#primaryimage"},"thumbnailUrl":"https:\/\/www.alpha-plan.de\/wp-content\/uploads\/2020\/11\/Bild_3_header-scaled-scaled.jpg","datePublished":"2020-11-05T11:39:13+00:00","dateModified":"2025-10-27T10:27:53+00:00","description":"Alpha Plan - \u5f53\u524d\u8ba4\u8bc1\u548c\u8bc1\u4e66\u4e0b\u8f7d\uff0c\u4e13\u5229\u6982\u8ff0\u3002\u70b9\u51fb\u6b64\u5904\u4e86\u89e3\u66f4\u591a\u4fe1\u606f\u3002","breadcrumb":{"@id":"https:\/\/www.alpha-plan.de\/unternehmen\/zertifizierungen-patente\/#breadcrumb"},"inLanguage":"zh-Hans","potentialAction":[{"@type":"ReadAction","target":["https:\/\/www.alpha-plan.de\/unternehmen\/zertifizierungen-patente\/"]}]},{"@type":"ImageObject","inLanguage":"zh-Hans","@id":"https:\/\/www.alpha-plan.de\/unternehmen\/zertifizierungen-patente\/#primaryimage","url":"https:\/\/www.alpha-plan.de\/wp-content\/uploads\/2020\/11\/Bild_3_header-scaled-scaled.jpg","contentUrl":"https:\/\/www.alpha-plan.de\/wp-content\/uploads\/2020\/11\/Bild_3_header-scaled-scaled.jpg","width":2048,"height":1138},{"@type":"BreadcrumbList","@id":"https:\/\/www.alpha-plan.de\/unternehmen\/zertifizierungen-patente\/#breadcrumb","itemListElement":[{"@type":"ListItem","position":1,"name":"Home","item":"https:\/\/www.alpha-plan.de\/"},{"@type":"ListItem","position":2,"name":"Wir \u00fcber uns","item":"https:\/\/www.alpha-plan.de\/unternehmen\/"},{"@type":"ListItem","position":3,"name":"Zertifizierungen &#038; Patente"}]},{"@type":"WebSite","@id":"https:\/\/www.alpha-plan.de\/#website","url":"https:\/\/www.alpha-plan.de\/","name":"\u963f\u5c14\u6cd5\u8ba1\u5212","description":"\u5353\u8d8a\u7684\u8fc7\u6ee4\u6280\u672f","publisher":{"@id":"https:\/\/www.alpha-plan.de\/#organization"},"alternateName":"Alpha Plan","potentialAction":[{"@type":"SearchAction","target":{"@type":"EntryPoint","urlTemplate":"https:\/\/www.alpha-plan.de\/?s={search_term_string}"},"query-input":{"@type":"PropertyValueSpecification","valueRequired":true,"valueName":"search_term_string"}}],"inLanguage":"zh-Hans"},{"@type":"Organization","@id":"https:\/\/www.alpha-plan.de\/#organization","name":"\u963f\u5c14\u6cd5\u8ba1\u5212\u6709\u9650\u516c\u53f8","url":"https:\/\/www.alpha-plan.de\/","logo":{"@type":"ImageObject","inLanguage":"zh-Hans","@id":"https:\/\/www.alpha-plan.de\/#\/schema\/logo\/image\/","url":"https:\/\/www.alpha-plan.de\/wp-content\/uploads\/2020\/08\/new-logo-homepage-1.png","contentUrl":"https:\/\/www.alpha-plan.de\/wp-content\/uploads\/2020\/08\/new-logo-homepage-1.png","width":350,"height":100,"caption":"Alpha Plan GmbH"},"image":{"@id":"https:\/\/www.alpha-plan.de\/#\/schema\/logo\/image\/"},"sameAs":["https:\/\/x.com\/amt_cellab","https:\/\/de.linkedin.com\/company\/alpha-plan-gmbh?trk=public_jobs_topcard_org_name","https:\/\/www.youtube.com\/channel\/UC4XyOb5Yza4CFjyNlAhT2sg"]}]}},"_links":{"self":[{"href":"https:\/\/www.alpha-plan.de\/zh\/wp-json\/wp\/v2\/pages\/1264","targetHints":{"allow":["GET"]}}],"collection":[{"href":"https:\/\/www.alpha-plan.de\/zh\/wp-json\/wp\/v2\/pages"}],"about":[{"href":"https:\/\/www.alpha-plan.de\/zh\/wp-json\/wp\/v2\/types\/page"}],"author":[{"embeddable":true,"href":"https:\/\/www.alpha-plan.de\/zh\/wp-json\/wp\/v2\/users\/1"}],"replies":[{"embeddable":true,"href":"https:\/\/www.alpha-plan.de\/zh\/wp-json\/wp\/v2\/comments?post=1264"}],"version-history":[{"count":9,"href":"https:\/\/www.alpha-plan.de\/zh\/wp-json\/wp\/v2\/pages\/1264\/revisions"}],"predecessor-version":[{"id":21222,"href":"https:\/\/www.alpha-plan.de\/zh\/wp-json\/wp\/v2\/pages\/1264\/revisions\/21222"}],"up":[{"embeddable":true,"href":"https:\/\/www.alpha-plan.de\/zh\/wp-json\/wp\/v2\/pages\/1408"}],"wp:featuredmedia":[{"embeddable":true,"href":"https:\/\/www.alpha-plan.de\/zh\/wp-json\/wp\/v2\/media\/1469"}],"wp:attachment":[{"href":"https:\/\/www.alpha-plan.de\/zh\/wp-json\/wp\/v2\/media?parent=1264"}],"curies":[{"name":"wp","href":"https:\/\/api.w.org\/{rel}","templated":true}]}}