{"id":12356,"date":"2022-05-11T12:30:12","date_gmt":"2022-05-11T10:30:12","guid":{"rendered":"https:\/\/www.alpha-plan.de\/?page_id=12356"},"modified":"2024-08-14T15:01:22","modified_gmt":"2024-08-14T13:01:22","slug":"%e7%a0%94%e7%a3%a8%e6%9c%ba","status":"publish","type":"page","link":"https:\/\/www.alpha-plan.de\/zh\/automation\/laeppmaschinen\/","title":{"rendered":"\u7814\u78e8\u673a"},"content":{"rendered":"<div data-elementor-type=\"wp-page\" data-elementor-id=\"12356\" class=\"elementor elementor-12356\" data-elementor-post-type=\"page\">\n\t\t\t\t<div class=\"elementor-element elementor-element-ef13828 e-con-full e-flex e-con e-parent\" data-id=\"ef13828\" data-element_type=\"container\" data-e-type=\"container\">\n\t\t\t\t<div class=\"elementor-element elementor-element-8928521 elementor-widget elementor-widget-template\" data-id=\"8928521\" data-element_type=\"widget\" data-e-type=\"widget\" data-widget_type=\"template.default\">\n\t\t\t\t<div class=\"elementor-widget-container\">\n\t\t\t\t\t\t\t<div class=\"elementor-template\">\n\t\t\t\t\t<div data-elementor-type=\"container\" data-elementor-id=\"17988\" class=\"elementor elementor-17988\" data-elementor-post-type=\"elementor_library\">\n\t\t\t\t<div class=\"elementor-element elementor-element-32e797e9 e-con-full e-flex e-con e-parent\" data-id=\"32e797e9\" data-element_type=\"container\" data-e-type=\"container\">\n\t\t\t\t<div class=\"elementor-element elementor-element-df7eb8b elementor-widget elementor-widget-theme-post-featured-image elementor-widget-image\" data-id=\"df7eb8b\" data-element_type=\"widget\" data-e-type=\"widget\" data-widget_type=\"theme-post-featured-image.default\">\n\t\t\t\t\t\t\t\t\t\t\t\t\t\t\t<img decoding=\"async\" width=\"2048\" height=\"708\" src=\"https:\/\/www.alpha-plan.de\/wp-content\/uploads\/2022\/05\/Laeppmaschine_blau-scaled-scaled.jpg\" class=\"attachment-full size-full wp-image-12591\" alt=\"\u7528\u4e8e alphaCUT\u00ae \u5207\u5272\u5200\u7247\u7684\u7814\u78e8\u673a\" srcset=\"https:\/\/www.alpha-plan.de\/wp-content\/uploads\/2022\/05\/Laeppmaschine_blau-scaled-scaled.jpg 2048w, https:\/\/www.alpha-plan.de\/wp-content\/uploads\/2022\/05\/Laeppmaschine_blau-scaled-300x104.jpg 300w, https:\/\/www.alpha-plan.de\/wp-content\/uploads\/2022\/05\/Laeppmaschine_blau-scaled-1024x354.jpg 1024w, https:\/\/www.alpha-plan.de\/wp-content\/uploads\/2022\/05\/Laeppmaschine_blau-scaled-768x266.jpg 768w, https:\/\/www.alpha-plan.de\/wp-content\/uploads\/2022\/05\/Laeppmaschine_blau-scaled-1536x531.jpg 1536w\" sizes=\"(max-width: 2048px) 100vw, 2048px\" \/>\t\t\t\t\t\t\t\t\t\t\t\t\t\t\t<\/div>\n\t\t\t\t<\/div>\n\t\t<div class=\"elementor-element elementor-element-386a3c6 e-flex e-con-boxed e-con e-child\" data-id=\"386a3c6\" data-element_type=\"container\" data-e-type=\"container\" data-settings=\"{&quot;background_background&quot;:&quot;classic&quot;}\">\n\t\t\t\t\t<div class=\"e-con-inner\">\n\t\t\t\t<div class=\"elementor-element elementor-element-a219135 elementor-widget elementor-widget-breadcrumbs\" data-id=\"a219135\" data-element_type=\"widget\" data-e-type=\"widget\" data-widget_type=\"breadcrumbs.default\">\n\t\t\t\t\t<p id=\"breadcrumbs\"><span><span><a href=\"https:\/\/www.alpha-plan.de\/zh\/\">\u9996\u9875<\/a><\/span><\/span><\/p>\t\t\t\t<\/div>\n\t\t\t\t\t<\/div>\n\t\t\t\t<\/div>\n\t\t\t\t<\/div>\n\t\t\t\t<\/div>\n\t\t\t\t\t\t<\/div>\n\t\t\t\t<\/div>\n\t\t\t\t<\/div>\n\t\t\t\t<section class=\"elementor-section elementor-top-section elementor-element elementor-element-ae6b4ad elementor-section-boxed elementor-section-height-default elementor-section-height-default\" data-id=\"ae6b4ad\" data-element_type=\"section\" data-e-type=\"section\">\n\t\t\t\t\t\t<div class=\"elementor-container elementor-column-gap-default\">\n\t\t\t\t\t<div class=\"elementor-column elementor-col-100 elementor-top-column elementor-element elementor-element-363b3f5\" data-id=\"363b3f5\" data-element_type=\"column\" data-e-type=\"column\">\n\t\t\t<div class=\"elementor-widget-wrap elementor-element-populated\">\n\t\t\t\t\t\t<div class=\"elementor-element elementor-element-a5cc825 elementor-widget elementor-widget-heading\" data-id=\"a5cc825\" data-element_type=\"widget\" data-e-type=\"widget\" data-widget_type=\"heading.default\">\n\t\t\t\t\t<h2 class=\"elementor-heading-title elementor-size-default\">\u7814\u78e8\u673a<\/h2>\t\t\t\t<\/div>\n\t\t\t\t<div class=\"elementor-element elementor-element-7a05fd4 elementor-widget-divider--view-line elementor-widget elementor-widget-divider\" data-id=\"7a05fd4\" data-element_type=\"widget\" data-e-type=\"widget\" data-widget_type=\"divider.default\">\n\t\t\t\t\t\t\t<div class=\"elementor-divider\">\n\t\t\t<span class=\"elementor-divider-separator\">\n\t\t\t\t\t\t<\/span>\n\t\t<\/div>\n\t\t\t\t\t\t<\/div>\n\t\t\t\t\t<\/div>\n\t\t<\/div>\n\t\t\t\t\t<\/div>\n\t\t<\/section>\n\t\t\t\t<section class=\"elementor-section elementor-top-section elementor-element elementor-element-ff70ced elementor-section-boxed elementor-section-height-default elementor-section-height-default\" data-id=\"ff70ced\" data-element_type=\"section\" data-e-type=\"section\" id=\"sec_1\">\n\t\t\t\t\t\t<div class=\"elementor-container elementor-column-gap-default\">\n\t\t\t\t\t<div class=\"elementor-column elementor-col-50 elementor-top-column elementor-element elementor-element-448193d\" data-id=\"448193d\" data-element_type=\"column\" data-e-type=\"column\">\n\t\t\t<div class=\"elementor-widget-wrap elementor-element-populated\">\n\t\t\t\t\t\t<div class=\"elementor-element elementor-element-22ec922 elementor-widget elementor-widget-heading\" data-id=\"22ec922\" data-element_type=\"widget\" data-e-type=\"widget\" data-widget_type=\"heading.default\">\n\t\t\t\t\t<h2 class=\"elementor-heading-title elementor-size-default\">\u7814\u78e8\u673a<\/h2>\t\t\t\t<\/div>\n\t\t\t\t<div class=\"elementor-element elementor-element-67a91a2 elementor-widget elementor-widget-text-editor\" data-id=\"67a91a2\" data-element_type=\"widget\" data-e-type=\"widget\" data-widget_type=\"text-editor.default\">\n\t\t\t\t\t\t\t\t\t<p>\u5982\u679c alphaCUT\u00ae \u7684\u5207\u5272\u5200\u7247\u5728\u5207\u5272\u4e00\u5b9a\u6b21\u6570\u540e\u9700\u8981\u4fee\u78e8\uff0c\u60a8\u53ef\u4ee5\u4f7f\u7528\u6211\u4eec\u7684\u7814\u78e8\u673a\u81ea\u884c\u4fee\u78e8\u3002<\/p><p><br \/>\u6211\u4eec\u5f00\u53d1\u548c\u5236\u9020\u7684\u94a2\u5236\u5200\u7247\u7814\u78e8\u548c\u629b\u5149\u673a\u53ef\u5bf9\u5200\u7247\u8fdb\u884c\u534a\u81ea\u52a8\u5316\u7ffb\u65b0\u3002<\/p>\t\t\t\t\t\t\t\t<\/div>\n\t\t\t\t\t<\/div>\n\t\t<\/div>\n\t\t\t\t<div class=\"elementor-column elementor-col-50 elementor-top-column elementor-element elementor-element-8f27be0\" data-id=\"8f27be0\" data-element_type=\"column\" data-e-type=\"column\">\n\t\t\t<div class=\"elementor-widget-wrap elementor-element-populated\">\n\t\t\t\t\t\t<div class=\"elementor-element elementor-element-ca34a44 elementor-widget elementor-widget-image\" data-id=\"ca34a44\" data-element_type=\"widget\" data-e-type=\"widget\" data-widget_type=\"image.default\">\n\t\t\t\t\t\t\t\t\t\t\t\t\t\t\t<img decoding=\"async\" width=\"650\" height=\"974\" src=\"https:\/\/www.alpha-plan.de\/wp-content\/uploads\/2022\/05\/Laeppmaschine.jpg\" class=\"attachment-medium_large size-medium_large wp-image-12587\" alt=\"\u7528\u4e8e alphaCUT\u00ae \u5207\u5272\u5200\u7247\u7684\u7814\u78e8\u673a\" srcset=\"https:\/\/www.alpha-plan.de\/wp-content\/uploads\/2022\/05\/Laeppmaschine.jpg 650w, https:\/\/www.alpha-plan.de\/wp-content\/uploads\/2022\/05\/Laeppmaschine-200x300.jpg 200w\" sizes=\"(max-width: 650px) 100vw, 650px\" \/>\t\t\t\t\t\t\t\t\t\t\t\t\t\t\t<\/div>\n\t\t\t\t\t<\/div>\n\t\t<\/div>\n\t\t\t\t\t<\/div>\n\t\t<\/section>\n\t\t\t\t<\/div>","protected":false},"excerpt":{"rendered":"<p>\u7814\u78e8\u673a \u7814\u78e8\u673a \u4f7f\u7528\u6211\u4eec\u7684\u7814\u78e8\u673a\uff0c\u5982\u679c alphaCUT\u00ae \u7684\u5207\u5272\u5200\u7247\u5728\u5207\u5272\u4e00\u5b9a\u6b21\u6570\u540e\u9700\u8981\u91cd\u65b0\u5203\u78e8\uff0c\u60a8\u53ef\u4ee5\u81ea\u5df1\u5bf9\u5176\u8fdb\u884c\u4fee\u6574\u3002\u6211\u4eec\u5f00\u53d1\u548c\u5236\u9020\u7684\u94a2\u8d28\u5207\u524a\u5203\u7814\u78e8\u548c\u629b\u5149\u673a\u53ef\u5b9e\u73b0\u5200\u5177\u7684\u534a\u81ea\u52a8\u7ffb\u65b0\u3002<\/p>","protected":false},"author":1,"featured_media":12591,"parent":104,"menu_order":0,"comment_status":"closed","ping_status":"closed","template":"elementor_header_footer","meta":{"_acf_changed":false,"footnotes":""},"class_list":["post-12356","page","type-page","status-publish","has-post-thumbnail","hentry"],"acf":[],"yoast_head":"<!-- This site is optimized with the Yoast SEO plugin v27.5 - https:\/\/yoast.com\/product\/yoast-seo-wordpress\/ -->\n<title>L\u00e4ppmaschinen - Alpha Plan<\/title>\n<meta name=\"description\" content=\"Mit unseren L\u00e4ppmaschinen k\u00f6nnen Sie die Schneidmesser der alphaCUT\u00ae selbst aufarbeiten, wenn diese nachgesch\u00e4rft werden m\u00fcssen.\" \/>\n<meta name=\"robots\" content=\"index, follow, max-snippet:-1, max-image-preview:large, max-video-preview:-1\" \/>\n<link rel=\"canonical\" href=\"https:\/\/www.alpha-plan.de\/zh\/\u81ea\u52a8\u5316\/\u7814\u78e8\u673a\/\" \/>\n<meta property=\"og:locale\" content=\"zh_CN\" \/>\n<meta property=\"og:type\" content=\"article\" \/>\n<meta property=\"og:title\" content=\"L\u00e4ppmaschinen - Alpha Plan\" \/>\n<meta property=\"og:description\" content=\"Mit unseren L\u00e4ppmaschinen k\u00f6nnen Sie die Schneidmesser der alphaCUT\u00ae selbst aufarbeiten, wenn diese nachgesch\u00e4rft werden m\u00fcssen.\" \/>\n<meta property=\"og:url\" content=\"https:\/\/www.alpha-plan.de\/zh\/\u81ea\u52a8\u5316\/\u7814\u78e8\u673a\/\" \/>\n<meta property=\"og:site_name\" content=\"Alpha Plan\" \/>\n<meta property=\"article:modified_time\" content=\"2024-08-14T13:01:22+00:00\" \/>\n<meta property=\"og:image\" content=\"https:\/\/www.alpha-plan.de\/wp-content\/uploads\/2022\/05\/Laeppmaschine_blau-scaled-scaled.jpg\" \/>\n\t<meta property=\"og:image:width\" content=\"2048\" \/>\n\t<meta property=\"og:image:height\" content=\"708\" \/>\n\t<meta property=\"og:image:type\" content=\"image\/jpeg\" \/>\n<meta name=\"twitter:card\" content=\"summary_large_image\" \/>\n<meta name=\"twitter:site\" content=\"@amt_cellab\" \/>\n<meta name=\"twitter:label1\" content=\"\u9884\u8ba1\u9605\u8bfb\u65f6\u95f4\" \/>\n\t<meta name=\"twitter:data1\" content=\"1 \u5206\" \/>\n<script type=\"application\/ld+json\" class=\"yoast-schema-graph\">{\"@context\":\"https:\\\/\\\/schema.org\",\"@graph\":[{\"@type\":\"WebPage\",\"@id\":\"https:\\\/\\\/www.alpha-plan.de\\\/automation\\\/laeppmaschinen\\\/\",\"url\":\"https:\\\/\\\/www.alpha-plan.de\\\/automation\\\/laeppmaschinen\\\/\",\"name\":\"L\u00e4ppmaschinen - Alpha Plan\",\"isPartOf\":{\"@id\":\"https:\\\/\\\/www.alpha-plan.de\\\/#website\"},\"primaryImageOfPage\":{\"@id\":\"https:\\\/\\\/www.alpha-plan.de\\\/automation\\\/laeppmaschinen\\\/#primaryimage\"},\"image\":{\"@id\":\"https:\\\/\\\/www.alpha-plan.de\\\/automation\\\/laeppmaschinen\\\/#primaryimage\"},\"thumbnailUrl\":\"https:\\\/\\\/www.alpha-plan.de\\\/wp-content\\\/uploads\\\/2022\\\/05\\\/Laeppmaschine_blau-scaled-scaled.jpg\",\"datePublished\":\"2022-05-11T10:30:12+00:00\",\"dateModified\":\"2024-08-14T13:01:22+00:00\",\"description\":\"Mit unseren L\u00e4ppmaschinen k\u00f6nnen Sie die Schneidmesser der alphaCUT\u00ae selbst aufarbeiten, wenn diese nachgesch\u00e4rft werden m\u00fcssen.\",\"breadcrumb\":{\"@id\":\"https:\\\/\\\/www.alpha-plan.de\\\/automation\\\/laeppmaschinen\\\/#breadcrumb\"},\"inLanguage\":\"zh-Hans\",\"potentialAction\":[{\"@type\":\"ReadAction\",\"target\":[\"https:\\\/\\\/www.alpha-plan.de\\\/automation\\\/laeppmaschinen\\\/\"]}]},{\"@type\":\"ImageObject\",\"inLanguage\":\"zh-Hans\",\"@id\":\"https:\\\/\\\/www.alpha-plan.de\\\/automation\\\/laeppmaschinen\\\/#primaryimage\",\"url\":\"https:\\\/\\\/www.alpha-plan.de\\\/wp-content\\\/uploads\\\/2022\\\/05\\\/Laeppmaschine_blau-scaled-scaled.jpg\",\"contentUrl\":\"https:\\\/\\\/www.alpha-plan.de\\\/wp-content\\\/uploads\\\/2022\\\/05\\\/Laeppmaschine_blau-scaled-scaled.jpg\",\"width\":2048,\"height\":708,\"caption\":\"Laeppmaschine f\u00fcr die Schneidmesser der alphaCUT\u00ae\"},{\"@type\":\"BreadcrumbList\",\"@id\":\"https:\\\/\\\/www.alpha-plan.de\\\/automation\\\/laeppmaschinen\\\/#breadcrumb\",\"itemListElement\":[{\"@type\":\"ListItem\",\"position\":1,\"name\":\"Home\",\"item\":\"https:\\\/\\\/www.alpha-plan.de\\\/\"},{\"@type\":\"ListItem\",\"position\":2,\"name\":\"automation\",\"item\":\"https:\\\/\\\/www.alpha-plan.de\\\/automation\\\/\"},{\"@type\":\"ListItem\",\"position\":3,\"name\":\"L\u00e4ppmaschinen\"}]},{\"@type\":\"WebSite\",\"@id\":\"https:\\\/\\\/www.alpha-plan.de\\\/#website\",\"url\":\"https:\\\/\\\/www.alpha-plan.de\\\/\",\"name\":\"Alpha Plan\",\"description\":\"Exzellenz in der Filtertechnologie\",\"publisher\":{\"@id\":\"https:\\\/\\\/www.alpha-plan.de\\\/#organization\"},\"alternateName\":\"Alpha Plan\",\"potentialAction\":[{\"@type\":\"SearchAction\",\"target\":{\"@type\":\"EntryPoint\",\"urlTemplate\":\"https:\\\/\\\/www.alpha-plan.de\\\/?s={search_term_string}\"},\"query-input\":{\"@type\":\"PropertyValueSpecification\",\"valueRequired\":true,\"valueName\":\"search_term_string\"}}],\"inLanguage\":\"zh-Hans\"},{\"@type\":\"Organization\",\"@id\":\"https:\\\/\\\/www.alpha-plan.de\\\/#organization\",\"name\":\"Alpha Plan GmbH\",\"url\":\"https:\\\/\\\/www.alpha-plan.de\\\/\",\"logo\":{\"@type\":\"ImageObject\",\"inLanguage\":\"zh-Hans\",\"@id\":\"https:\\\/\\\/www.alpha-plan.de\\\/#\\\/schema\\\/logo\\\/image\\\/\",\"url\":\"https:\\\/\\\/www.alpha-plan.de\\\/wp-content\\\/uploads\\\/2020\\\/08\\\/new-logo-homepage-1.png\",\"contentUrl\":\"https:\\\/\\\/www.alpha-plan.de\\\/wp-content\\\/uploads\\\/2020\\\/08\\\/new-logo-homepage-1.png\",\"width\":350,\"height\":100,\"caption\":\"Alpha Plan GmbH\"},\"image\":{\"@id\":\"https:\\\/\\\/www.alpha-plan.de\\\/#\\\/schema\\\/logo\\\/image\\\/\"},\"sameAs\":[\"https:\\\/\\\/x.com\\\/amt_cellab\",\"https:\\\/\\\/de.linkedin.com\\\/company\\\/alpha-plan-gmbh?trk=public_jobs_topcard_org_name\",\"https:\\\/\\\/www.youtube.com\\\/channel\\\/UC4XyOb5Yza4CFjyNlAhT2sg\"]}]}<\/script>\n<!-- \/ Yoast SEO plugin. -->","yoast_head_json":{"title":"\u7814\u78e8\u673a - Alpha Plan","description":"\u5982\u679c alphaCUT\u00ae \u7684\u5207\u5272\u5200\u7247\u9700\u8981\u4fee\u78e8\uff0c\u60a8\u53ef\u4ee5\u4f7f\u7528\u6211\u4eec\u7684\u7814\u78e8\u673a\u81ea\u884c\u4fee\u78e8\u3002","robots":{"index":"index","follow":"follow","max-snippet":"max-snippet:-1","max-image-preview":"max-image-preview:large","max-video-preview":"max-video-preview:-1"},"canonical":"https:\/\/www.alpha-plan.de\/zh\/\u81ea\u52a8\u5316\/\u7814\u78e8\u673a\/","og_locale":"zh_CN","og_type":"article","og_title":"L\u00e4ppmaschinen - Alpha Plan","og_description":"Mit unseren L\u00e4ppmaschinen k\u00f6nnen Sie die Schneidmesser der alphaCUT\u00ae selbst aufarbeiten, wenn diese nachgesch\u00e4rft werden m\u00fcssen.","og_url":"https:\/\/www.alpha-plan.de\/zh\/\u81ea\u52a8\u5316\/\u7814\u78e8\u673a\/","og_site_name":"Alpha Plan","article_modified_time":"2024-08-14T13:01:22+00:00","og_image":[{"width":2048,"height":708,"url":"https:\/\/www.alpha-plan.de\/wp-content\/uploads\/2022\/05\/Laeppmaschine_blau-scaled-scaled.jpg","type":"image\/jpeg"}],"twitter_card":"summary_large_image","twitter_site":"@amt_cellab","twitter_misc":{"\u9884\u8ba1\u9605\u8bfb\u65f6\u95f4":"1 \u5206"},"schema":{"@context":"https:\/\/schema.org","@graph":[{"@type":"WebPage","@id":"https:\/\/www.alpha-plan.de\/automation\/laeppmaschinen\/","url":"https:\/\/www.alpha-plan.de\/automation\/laeppmaschinen\/","name":"\u7814\u78e8\u673a - Alpha Plan","isPartOf":{"@id":"https:\/\/www.alpha-plan.de\/#website"},"primaryImageOfPage":{"@id":"https:\/\/www.alpha-plan.de\/automation\/laeppmaschinen\/#primaryimage"},"image":{"@id":"https:\/\/www.alpha-plan.de\/automation\/laeppmaschinen\/#primaryimage"},"thumbnailUrl":"https:\/\/www.alpha-plan.de\/wp-content\/uploads\/2022\/05\/Laeppmaschine_blau-scaled-scaled.jpg","datePublished":"2022-05-11T10:30:12+00:00","dateModified":"2024-08-14T13:01:22+00:00","description":"\u5982\u679c alphaCUT\u00ae \u7684\u5207\u5272\u5200\u7247\u9700\u8981\u4fee\u78e8\uff0c\u60a8\u53ef\u4ee5\u4f7f\u7528\u6211\u4eec\u7684\u7814\u78e8\u673a\u81ea\u884c\u4fee\u78e8\u3002","breadcrumb":{"@id":"https:\/\/www.alpha-plan.de\/automation\/laeppmaschinen\/#breadcrumb"},"inLanguage":"zh-Hans","potentialAction":[{"@type":"ReadAction","target":["https:\/\/www.alpha-plan.de\/automation\/laeppmaschinen\/"]}]},{"@type":"ImageObject","inLanguage":"zh-Hans","@id":"https:\/\/www.alpha-plan.de\/automation\/laeppmaschinen\/#primaryimage","url":"https:\/\/www.alpha-plan.de\/wp-content\/uploads\/2022\/05\/Laeppmaschine_blau-scaled-scaled.jpg","contentUrl":"https:\/\/www.alpha-plan.de\/wp-content\/uploads\/2022\/05\/Laeppmaschine_blau-scaled-scaled.jpg","width":2048,"height":708,"caption":"Laeppmaschine f\u00fcr die Schneidmesser der alphaCUT\u00ae"},{"@type":"BreadcrumbList","@id":"https:\/\/www.alpha-plan.de\/automation\/laeppmaschinen\/#breadcrumb","itemListElement":[{"@type":"ListItem","position":1,"name":"Home","item":"https:\/\/www.alpha-plan.de\/"},{"@type":"ListItem","position":2,"name":"automation","item":"https:\/\/www.alpha-plan.de\/automation\/"},{"@type":"ListItem","position":3,"name":"L\u00e4ppmaschinen"}]},{"@type":"WebSite","@id":"https:\/\/www.alpha-plan.de\/#website","url":"https:\/\/www.alpha-plan.de\/","name":"\u963f\u5c14\u6cd5\u8ba1\u5212","description":"\u5353\u8d8a\u7684\u8fc7\u6ee4\u6280\u672f","publisher":{"@id":"https:\/\/www.alpha-plan.de\/#organization"},"alternateName":"Alpha Plan","potentialAction":[{"@type":"SearchAction","target":{"@type":"EntryPoint","urlTemplate":"https:\/\/www.alpha-plan.de\/?s={search_term_string}"},"query-input":{"@type":"PropertyValueSpecification","valueRequired":true,"valueName":"search_term_string"}}],"inLanguage":"zh-Hans"},{"@type":"Organization","@id":"https:\/\/www.alpha-plan.de\/#organization","name":"\u963f\u5c14\u6cd5\u8ba1\u5212\u6709\u9650\u516c\u53f8","url":"https:\/\/www.alpha-plan.de\/","logo":{"@type":"ImageObject","inLanguage":"zh-Hans","@id":"https:\/\/www.alpha-plan.de\/#\/schema\/logo\/image\/","url":"https:\/\/www.alpha-plan.de\/wp-content\/uploads\/2020\/08\/new-logo-homepage-1.png","contentUrl":"https:\/\/www.alpha-plan.de\/wp-content\/uploads\/2020\/08\/new-logo-homepage-1.png","width":350,"height":100,"caption":"Alpha Plan GmbH"},"image":{"@id":"https:\/\/www.alpha-plan.de\/#\/schema\/logo\/image\/"},"sameAs":["https:\/\/x.com\/amt_cellab","https:\/\/de.linkedin.com\/company\/alpha-plan-gmbh?trk=public_jobs_topcard_org_name","https:\/\/www.youtube.com\/channel\/UC4XyOb5Yza4CFjyNlAhT2sg"]}]}},"_links":{"self":[{"href":"https:\/\/www.alpha-plan.de\/zh\/wp-json\/wp\/v2\/pages\/12356","targetHints":{"allow":["GET"]}}],"collection":[{"href":"https:\/\/www.alpha-plan.de\/zh\/wp-json\/wp\/v2\/pages"}],"about":[{"href":"https:\/\/www.alpha-plan.de\/zh\/wp-json\/wp\/v2\/types\/page"}],"author":[{"embeddable":true,"href":"https:\/\/www.alpha-plan.de\/zh\/wp-json\/wp\/v2\/users\/1"}],"replies":[{"embeddable":true,"href":"https:\/\/www.alpha-plan.de\/zh\/wp-json\/wp\/v2\/comments?post=12356"}],"version-history":[{"count":0,"href":"https:\/\/www.alpha-plan.de\/zh\/wp-json\/wp\/v2\/pages\/12356\/revisions"}],"up":[{"embeddable":true,"href":"https:\/\/www.alpha-plan.de\/zh\/wp-json\/wp\/v2\/pages\/104"}],"wp:featuredmedia":[{"embeddable":true,"href":"https:\/\/www.alpha-plan.de\/zh\/wp-json\/wp\/v2\/media\/12591"}],"wp:attachment":[{"href":"https:\/\/www.alpha-plan.de\/zh\/wp-json\/wp\/v2\/media?parent=12356"}],"curies":[{"name":"wp","href":"https:\/\/api.w.org\/{rel}","templated":true}]}}