{"id":688,"date":"2020-10-05T11:17:46","date_gmt":"2020-10-05T09:17:46","guid":{"rendered":"https:\/\/alpha.inbearbeitung.de\/?page_id=688"},"modified":"2025-02-07T09:55:52","modified_gmt":"2025-02-07T08:55:52","slug":"applications","status":"publish","type":"page","link":"https:\/\/www.alpha-plan.de\/en\/filter\/anwendungen\/","title":{"rendered":"Applications"},"content":{"rendered":"<div data-elementor-type=\"wp-page\" data-elementor-id=\"688\" class=\"elementor elementor-688\" data-elementor-post-type=\"page\">\n\t\t\t\t<div class=\"elementor-element elementor-element-4691adf e-con-full e-flex e-con e-parent\" data-id=\"4691adf\" data-element_type=\"container\" data-e-type=\"container\">\n\t\t\t\t<div class=\"elementor-element elementor-element-319cc52 elementor-widget elementor-widget-template\" data-id=\"319cc52\" data-element_type=\"widget\" data-e-type=\"widget\" data-widget_type=\"template.default\">\n\t\t\t\t<div class=\"elementor-widget-container\">\n\t\t\t\t\t\t\t<div class=\"elementor-template\">\n\t\t\t\t\t<div data-elementor-type=\"container\" data-elementor-id=\"17988\" class=\"elementor elementor-17988\" data-elementor-post-type=\"elementor_library\">\n\t\t\t\t<div class=\"elementor-element elementor-element-32e797e9 e-con-full e-flex e-con e-parent\" data-id=\"32e797e9\" data-element_type=\"container\" data-e-type=\"container\">\n\t\t\t\t<div class=\"elementor-element elementor-element-df7eb8b elementor-widget elementor-widget-theme-post-featured-image elementor-widget-image\" data-id=\"df7eb8b\" data-element_type=\"widget\" data-e-type=\"widget\" data-widget_type=\"theme-post-featured-image.default\">\n\t\t\t\t\t\t\t\t\t\t\t\t\t\t\t<img decoding=\"async\" width=\"2048\" height=\"1367\" src=\"https:\/\/www.alpha-plan.de\/wp-content\/uploads\/2020\/10\/Alpha-Plan-51-von-92-scaled.jpg\" class=\"attachment-full size-full wp-image-880\" alt=\"bioreactor with hollow fiber filters\" srcset=\"https:\/\/www.alpha-plan.de\/wp-content\/uploads\/2020\/10\/Alpha-Plan-51-von-92-scaled.jpg 2048w, https:\/\/www.alpha-plan.de\/wp-content\/uploads\/2020\/10\/Alpha-Plan-51-von-92-scaled-300x200.jpg 300w, https:\/\/www.alpha-plan.de\/wp-content\/uploads\/2020\/10\/Alpha-Plan-51-von-92-scaled-1024x684.jpg 1024w, https:\/\/www.alpha-plan.de\/wp-content\/uploads\/2020\/10\/Alpha-Plan-51-von-92-scaled-768x513.jpg 768w, https:\/\/www.alpha-plan.de\/wp-content\/uploads\/2020\/10\/Alpha-Plan-51-von-92-scaled-1536x1025.jpg 1536w\" sizes=\"(max-width: 2048px) 100vw, 2048px\" \/>\t\t\t\t\t\t\t\t\t\t\t\t\t\t\t<\/div>\n\t\t\t\t<\/div>\n\t\t<div class=\"elementor-element elementor-element-386a3c6 e-flex e-con-boxed e-con e-child\" data-id=\"386a3c6\" data-element_type=\"container\" data-e-type=\"container\" data-settings=\"{&quot;background_background&quot;:&quot;classic&quot;}\">\n\t\t\t\t\t<div class=\"e-con-inner\">\n\t\t\t\t<div class=\"elementor-element elementor-element-a219135 elementor-widget elementor-widget-breadcrumbs\" data-id=\"a219135\" data-element_type=\"widget\" data-e-type=\"widget\" data-widget_type=\"breadcrumbs.default\">\n\t\t\t\t\t<p id=\"breadcrumbs\"><span><span><a href=\"https:\/\/www.alpha-plan.de\/en\/\">Home<\/a><\/span><\/span><\/p>\t\t\t\t<\/div>\n\t\t\t\t\t<\/div>\n\t\t\t\t<\/div>\n\t\t\t\t<\/div>\n\t\t\t\t<\/div>\n\t\t\t\t\t\t<\/div>\n\t\t\t\t<\/div>\n\t\t\t\t<\/div>\n\t\t\t\t<section class=\"elementor-section elementor-top-section elementor-element elementor-element-ae6b4ad elementor-section-boxed elementor-section-height-default elementor-section-height-default\" data-id=\"ae6b4ad\" data-element_type=\"section\" data-e-type=\"section\">\n\t\t\t\t\t\t<div class=\"elementor-container elementor-column-gap-default\">\n\t\t\t\t\t<div class=\"elementor-column elementor-col-100 elementor-top-column elementor-element elementor-element-363b3f5\" data-id=\"363b3f5\" data-element_type=\"column\" data-e-type=\"column\">\n\t\t\t<div class=\"elementor-widget-wrap elementor-element-populated\">\n\t\t\t\t\t\t<div class=\"elementor-element elementor-element-a5cc825 elementor-widget elementor-widget-heading\" data-id=\"a5cc825\" data-element_type=\"widget\" data-e-type=\"widget\" data-widget_type=\"heading.default\">\n\t\t\t\t\t<h2 class=\"elementor-heading-title elementor-size-default\">Applications<\/h2>\t\t\t\t<\/div>\n\t\t\t\t\t<\/div>\n\t\t<\/div>\n\t\t\t\t\t<\/div>\n\t\t<\/section>\n\t\t\t\t<section class=\"elementor-section elementor-top-section elementor-element elementor-element-eaa55eb elementor-section-boxed elementor-section-height-default elementor-section-height-default\" data-id=\"eaa55eb\" data-element_type=\"section\" data-e-type=\"section\" data-settings=\"{&quot;background_background&quot;:&quot;classic&quot;}\">\n\t\t\t\t\t\t<div class=\"elementor-container elementor-column-gap-default\">\n\t\t\t\t\t<div class=\"elementor-column elementor-col-50 elementor-top-column elementor-element elementor-element-00aca15\" data-id=\"00aca15\" data-element_type=\"column\" data-e-type=\"column\">\n\t\t\t<div class=\"elementor-widget-wrap elementor-element-populated\">\n\t\t\t\t\t\t<div class=\"elementor-element elementor-element-5448a82 elementor-widget elementor-widget-text-editor\" data-id=\"5448a82\" data-element_type=\"widget\" data-e-type=\"widget\" data-widget_type=\"text-editor.default\">\n\t\t\t\t\t\t\t\t\t<p style=\"background-image: initial; background-position: initial; background-size: initial; background-repeat: initial; background-attachment: initial; background-origin: initial; background-clip: initial;\"><span style=\"font-size: 13.5pt; font-family: 'Encode Sans Condensed', serif;\">Our membrane modules and filters are frequently used in the following areas:<\/span><\/p><p style=\"background-image: initial; background-position: initial; background-size: initial; background-repeat: initial; background-attachment: initial; background-origin: initial; background-clip: initial;\"><b style=\"color: var( --e-global-color-272c5b6 ); font-family: var( --e-global-typography-text-font-family ); font-size: var( --e-global-typography-text-font-size ); background-color: var( --e-global-color-7dfe3afb );\"><span style=\"font-size: 13.5pt; font-family: 'Encode Sans Condensed', serif;\">Medicine \/ Biotech \/ Life Science \/ Pharma<\/span><\/b><\/p><ul><li>Upstream cell and protein concentration<\/li><li>Downstream bioprocessing, protein and antibody purification<\/li><li>Oxygenator for biotechnological applications<\/li><li>HF bioreactors for protein production, cell expansion, use in cell therapy production, PK\/PD studies<\/li><li>Dia- \/ ultrafiltration<\/li><li>Media and buffer filtration<\/li><li>Cell concentration \/ cell separation \/ cell expansion<\/li><li>Endotoxin and pyrogen separation<\/li><\/ul><p><strong>\u00a0<\/strong><\/p><p><strong>Other:<\/strong><\/p><ul><li>Degassing of liquids<\/li><li>Oxygen enrichment \/ carbonation of liquids<\/li><li>Sampling systems<\/li><li>Active ingredient synthesis<\/li><li>Water treatment\u00a0<\/li><\/ul>\t\t\t\t\t\t\t\t<\/div>\n\t\t\t\t\t<\/div>\n\t\t<\/div>\n\t\t\t\t<div class=\"elementor-column elementor-col-50 elementor-top-column elementor-element elementor-element-765de4d\" data-id=\"765de4d\" data-element_type=\"column\" data-e-type=\"column\">\n\t\t\t<div class=\"elementor-widget-wrap elementor-element-populated\">\n\t\t\t\t\t\t<div class=\"elementor-element elementor-element-2fc64f9 elementor-widget elementor-widget-image\" data-id=\"2fc64f9\" data-element_type=\"widget\" data-e-type=\"widget\" data-widget_type=\"image.default\">\n\t\t\t\t\t\t\t\t\t\t\t\t\t\t\t<img decoding=\"async\" width=\"800\" height=\"534\" src=\"https:\/\/www.alpha-plan.de\/wp-content\/uploads\/2020\/10\/Alpha-Plan-51-von-92-scaled-1024x684.jpg\" class=\"attachment-large size-large wp-image-880\" alt=\"bioreactor with hollow fiber filters\" srcset=\"https:\/\/www.alpha-plan.de\/wp-content\/uploads\/2020\/10\/Alpha-Plan-51-von-92-scaled-1024x684.jpg 1024w, https:\/\/www.alpha-plan.de\/wp-content\/uploads\/2020\/10\/Alpha-Plan-51-von-92-scaled-300x200.jpg 300w, https:\/\/www.alpha-plan.de\/wp-content\/uploads\/2020\/10\/Alpha-Plan-51-von-92-scaled-768x513.jpg 768w, https:\/\/www.alpha-plan.de\/wp-content\/uploads\/2020\/10\/Alpha-Plan-51-von-92-scaled-1536x1025.jpg 1536w, https:\/\/www.alpha-plan.de\/wp-content\/uploads\/2020\/10\/Alpha-Plan-51-von-92-scaled.jpg 2048w\" sizes=\"(max-width: 800px) 100vw, 800px\" \/>\t\t\t\t\t\t\t\t\t\t\t\t\t\t\t<\/div>\n\t\t\t\t<div class=\"elementor-element elementor-element-ea347f0 elementor-widget elementor-widget-image\" data-id=\"ea347f0\" data-element_type=\"widget\" data-e-type=\"widget\" data-widget_type=\"image.default\">\n\t\t\t\t\t\t\t\t\t\t\t\t\t\t\t<img decoding=\"async\" width=\"800\" height=\"534\" src=\"https:\/\/www.alpha-plan.de\/wp-content\/uploads\/2021\/11\/Bild-44-von-83-1024x683.jpg\" class=\"attachment-large size-large wp-image-9912\" alt=\"hollow fiber filters for cell culture, bioreactors for cell cultivation, ultra- and microfiltration filters for cell separation, cell concentration, cell purification, ect.\" srcset=\"https:\/\/www.alpha-plan.de\/wp-content\/uploads\/2021\/11\/Bild-44-von-83-1024x683.jpg 1024w, https:\/\/www.alpha-plan.de\/wp-content\/uploads\/2021\/11\/Bild-44-von-83-300x200.jpg 300w, https:\/\/www.alpha-plan.de\/wp-content\/uploads\/2021\/11\/Bild-44-von-83-768x513.jpg 768w, https:\/\/www.alpha-plan.de\/wp-content\/uploads\/2021\/11\/Bild-44-von-83.jpg 1500w\" sizes=\"(max-width: 800px) 100vw, 800px\" \/>\t\t\t\t\t\t\t\t\t\t\t\t\t\t\t<\/div>\n\t\t\t\t\t<\/div>\n\t\t<\/div>\n\t\t\t\t\t<\/div>\n\t\t<\/section>\n\t\t\t\t<section class=\"elementor-section elementor-top-section elementor-element elementor-element-11e9a7c elementor-section-boxed elementor-section-height-default elementor-section-height-default\" data-id=\"11e9a7c\" data-element_type=\"section\" data-e-type=\"section\" data-settings=\"{&quot;background_background&quot;:&quot;classic&quot;}\">\n\t\t\t\t\t\t<div class=\"elementor-container elementor-column-gap-default\">\n\t\t\t\t\t<div class=\"elementor-column elementor-col-100 elementor-top-column elementor-element elementor-element-bac98ba\" data-id=\"bac98ba\" data-element_type=\"column\" data-e-type=\"column\">\n\t\t\t<div class=\"elementor-widget-wrap elementor-element-populated\">\n\t\t\t\t\t\t<div class=\"elementor-element elementor-element-1ffc090 elementor-widget elementor-widget-image\" data-id=\"1ffc090\" data-element_type=\"widget\" data-e-type=\"widget\" data-widget_type=\"image.default\">\n\t\t\t\t\t\t\t\t\t\t\t\t\t\t\t<img decoding=\"async\" width=\"800\" height=\"388\" src=\"https:\/\/www.alpha-plan.de\/wp-content\/uploads\/2025\/02\/Anwendungen3-1024x496.png\" class=\"attachment-large size-large wp-image-20547\" alt=\"\" srcset=\"https:\/\/www.alpha-plan.de\/wp-content\/uploads\/2025\/02\/Anwendungen3-1024x496.png 1024w, https:\/\/www.alpha-plan.de\/wp-content\/uploads\/2025\/02\/Anwendungen3-300x145.png 300w, https:\/\/www.alpha-plan.de\/wp-content\/uploads\/2025\/02\/Anwendungen3-768x372.png 768w, https:\/\/www.alpha-plan.de\/wp-content\/uploads\/2025\/02\/Anwendungen3-18x9.png 18w, https:\/\/www.alpha-plan.de\/wp-content\/uploads\/2025\/02\/Anwendungen3.png 1241w\" sizes=\"(max-width: 800px) 100vw, 800px\" \/>\t\t\t\t\t\t\t\t\t\t\t\t\t\t\t<\/div>\n\t\t\t\t\t<\/div>\n\t\t<\/div>\n\t\t\t\t\t<\/div>\n\t\t<\/section>\n\t\t\t\t<\/div>","protected":false},"excerpt":{"rendered":"<p>Anwendungen Unsere Membranmodule und Filter werden h\u00e4ufig in folgenden Bereichen eingesetzt: Medizin \/ Biotech \/ Life-Science \/ Pharma Upstream Zell- und Proteinkonzentration Downstream bioprocessing, Protein- und Antik\u00f6rperaufreinigung Oxygenator f\u00fcr biotechnologische Anwendungen HF-Bioreaktoren f\u00fcr Proteinproduktion, Zellexpansion, Verwendung in der Zelltherapieherstellung, PK\/PD-Studien Dia- \/ Ultrafiltration Medien- und Pufferfiltration Zellkonzentration \/ Zellseparation \/Zellexpansion Endotoxin- und Pyrogenabtrennung \u00a0 Sonstige: [&hellip;]<\/p>\n","protected":false},"author":1,"featured_media":880,"parent":263,"menu_order":0,"comment_status":"closed","ping_status":"closed","template":"elementor_header_footer","meta":{"_acf_changed":false,"footnotes":""},"class_list":["post-688","page","type-page","status-publish","has-post-thumbnail","hentry"],"acf":[],"yoast_head":"<!-- This site is optimized with the Yoast SEO plugin v27.6 - https:\/\/yoast.com\/product\/yoast-seo-wordpress\/ -->\n<title>Anwendungen - Alpha Plan - Hohlfaser Filtermodulhersteller<\/title>\n<meta name=\"description\" content=\"Alpha Plan - Experte in der Filtertechnologie: Kundenspezifische Hohlfaser Filtermodule f\u00fcr Medizin \/ Biotech \/ Life-Science \/ Pharma\" \/>\n<meta name=\"robots\" content=\"index, follow, max-snippet:-1, max-image-preview:large, max-video-preview:-1\" \/>\n<link rel=\"canonical\" href=\"https:\/\/www.alpha-plan.de\/en\/filter\/applications\/\" \/>\n<meta property=\"og:locale\" content=\"en_US\" \/>\n<meta property=\"og:type\" content=\"article\" \/>\n<meta property=\"og:title\" content=\"Anwendungen - Alpha Plan - Hohlfaser Filtermodulhersteller\" \/>\n<meta property=\"og:description\" content=\"Alpha Plan - Experte in der Filtertechnologie: Kundenspezifische Hohlfaser Filtermodule f\u00fcr Medizin \/ Biotech \/ Life-Science \/ Pharma\" \/>\n<meta property=\"og:url\" content=\"https:\/\/www.alpha-plan.de\/en\/filter\/applications\/\" \/>\n<meta property=\"og:site_name\" content=\"Alpha Plan\" \/>\n<meta property=\"article:modified_time\" content=\"2025-02-07T08:55:52+00:00\" \/>\n<meta property=\"og:image\" content=\"https:\/\/www.alpha-plan.de\/wp-content\/uploads\/2020\/10\/Alpha-Plan-51-von-92-scaled.jpg\" \/>\n\t<meta property=\"og:image:width\" content=\"2048\" \/>\n\t<meta property=\"og:image:height\" content=\"1367\" \/>\n\t<meta property=\"og:image:type\" content=\"image\/jpeg\" \/>\n<meta name=\"twitter:card\" content=\"summary_large_image\" \/>\n<meta name=\"twitter:site\" content=\"@amt_cellab\" \/>\n<script type=\"application\/ld+json\" class=\"yoast-schema-graph\">{\"@context\":\"https:\\\/\\\/schema.org\",\"@graph\":[{\"@type\":\"WebPage\",\"@id\":\"https:\\\/\\\/www.alpha-plan.de\\\/filter\\\/anwendungen\\\/\",\"url\":\"https:\\\/\\\/www.alpha-plan.de\\\/filter\\\/anwendungen\\\/\",\"name\":\"Anwendungen - Alpha Plan - Hohlfaser Filtermodulhersteller\",\"isPartOf\":{\"@id\":\"https:\\\/\\\/www.alpha-plan.de\\\/#website\"},\"primaryImageOfPage\":{\"@id\":\"https:\\\/\\\/www.alpha-plan.de\\\/filter\\\/anwendungen\\\/#primaryimage\"},\"image\":{\"@id\":\"https:\\\/\\\/www.alpha-plan.de\\\/filter\\\/anwendungen\\\/#primaryimage\"},\"thumbnailUrl\":\"https:\\\/\\\/www.alpha-plan.de\\\/wp-content\\\/uploads\\\/2020\\\/10\\\/Alpha-Plan-51-von-92-scaled.jpg\",\"datePublished\":\"2020-10-05T09:17:46+00:00\",\"dateModified\":\"2025-02-07T08:55:52+00:00\",\"description\":\"Alpha Plan - Experte in der Filtertechnologie: Kundenspezifische Hohlfaser Filtermodule f\u00fcr Medizin \\\/ Biotech \\\/ Life-Science \\\/ Pharma\",\"breadcrumb\":{\"@id\":\"https:\\\/\\\/www.alpha-plan.de\\\/filter\\\/anwendungen\\\/#breadcrumb\"},\"inLanguage\":\"en-US\",\"potentialAction\":[{\"@type\":\"ReadAction\",\"target\":[\"https:\\\/\\\/www.alpha-plan.de\\\/filter\\\/anwendungen\\\/\"]}]},{\"@type\":\"ImageObject\",\"inLanguage\":\"en-US\",\"@id\":\"https:\\\/\\\/www.alpha-plan.de\\\/filter\\\/anwendungen\\\/#primaryimage\",\"url\":\"https:\\\/\\\/www.alpha-plan.de\\\/wp-content\\\/uploads\\\/2020\\\/10\\\/Alpha-Plan-51-von-92-scaled.jpg\",\"contentUrl\":\"https:\\\/\\\/www.alpha-plan.de\\\/wp-content\\\/uploads\\\/2020\\\/10\\\/Alpha-Plan-51-von-92-scaled.jpg\",\"width\":2048,\"height\":1367,\"caption\":\"bioreactor with hollow fiber filters\"},{\"@type\":\"BreadcrumbList\",\"@id\":\"https:\\\/\\\/www.alpha-plan.de\\\/filter\\\/anwendungen\\\/#breadcrumb\",\"itemListElement\":[{\"@type\":\"ListItem\",\"position\":1,\"name\":\"Home\",\"item\":\"https:\\\/\\\/www.alpha-plan.de\\\/\"},{\"@type\":\"ListItem\",\"position\":2,\"name\":\"Filter\",\"item\":\"https:\\\/\\\/www.alpha-plan.de\\\/filter\\\/\"},{\"@type\":\"ListItem\",\"position\":3,\"name\":\"Anwendungen\"}]},{\"@type\":\"WebSite\",\"@id\":\"https:\\\/\\\/www.alpha-plan.de\\\/#website\",\"url\":\"https:\\\/\\\/www.alpha-plan.de\\\/\",\"name\":\"Alpha Plan\",\"description\":\"Exzellenz in der Filtertechnologie\",\"publisher\":{\"@id\":\"https:\\\/\\\/www.alpha-plan.de\\\/#organization\"},\"alternateName\":\"Alpha Plan\",\"potentialAction\":[{\"@type\":\"SearchAction\",\"target\":{\"@type\":\"EntryPoint\",\"urlTemplate\":\"https:\\\/\\\/www.alpha-plan.de\\\/?s={search_term_string}\"},\"query-input\":{\"@type\":\"PropertyValueSpecification\",\"valueRequired\":true,\"valueName\":\"search_term_string\"}}],\"inLanguage\":\"en-US\"},{\"@type\":\"Organization\",\"@id\":\"https:\\\/\\\/www.alpha-plan.de\\\/#organization\",\"name\":\"Alpha Plan GmbH\",\"url\":\"https:\\\/\\\/www.alpha-plan.de\\\/\",\"logo\":{\"@type\":\"ImageObject\",\"inLanguage\":\"en-US\",\"@id\":\"https:\\\/\\\/www.alpha-plan.de\\\/#\\\/schema\\\/logo\\\/image\\\/\",\"url\":\"https:\\\/\\\/www.alpha-plan.de\\\/wp-content\\\/uploads\\\/2020\\\/08\\\/new-logo-homepage-1.png\",\"contentUrl\":\"https:\\\/\\\/www.alpha-plan.de\\\/wp-content\\\/uploads\\\/2020\\\/08\\\/new-logo-homepage-1.png\",\"width\":350,\"height\":100,\"caption\":\"Alpha Plan GmbH\"},\"image\":{\"@id\":\"https:\\\/\\\/www.alpha-plan.de\\\/#\\\/schema\\\/logo\\\/image\\\/\"},\"sameAs\":[\"https:\\\/\\\/x.com\\\/amt_cellab\",\"https:\\\/\\\/de.linkedin.com\\\/company\\\/alpha-plan-gmbh?trk=public_jobs_topcard_org_name\",\"https:\\\/\\\/www.youtube.com\\\/channel\\\/UC4XyOb5Yza4CFjyNlAhT2sg\"]}]}<\/script>\n<!-- \/ Yoast SEO plugin. -->","yoast_head_json":{"title":"Applications - Alpha Plan - Hollow fiber filter module manufacturer","description":"Alpha Plan - Expert in filter technology: Customized hollow fiber filter modules for medicine \/ biotech \/ life science \/ pharma","robots":{"index":"index","follow":"follow","max-snippet":"max-snippet:-1","max-image-preview":"max-image-preview:large","max-video-preview":"max-video-preview:-1"},"canonical":"https:\/\/www.alpha-plan.de\/en\/filter\/applications\/","og_locale":"en_US","og_type":"article","og_title":"Anwendungen - Alpha Plan - Hohlfaser Filtermodulhersteller","og_description":"Alpha Plan - Experte in der Filtertechnologie: Kundenspezifische Hohlfaser Filtermodule f\u00fcr Medizin \/ Biotech \/ Life-Science \/ Pharma","og_url":"https:\/\/www.alpha-plan.de\/en\/filter\/applications\/","og_site_name":"Alpha Plan","article_modified_time":"2025-02-07T08:55:52+00:00","og_image":[{"width":2048,"height":1367,"url":"https:\/\/www.alpha-plan.de\/wp-content\/uploads\/2020\/10\/Alpha-Plan-51-von-92-scaled.jpg","type":"image\/jpeg"}],"twitter_card":"summary_large_image","twitter_site":"@amt_cellab","schema":{"@context":"https:\/\/schema.org","@graph":[{"@type":"WebPage","@id":"https:\/\/www.alpha-plan.de\/filter\/anwendungen\/","url":"https:\/\/www.alpha-plan.de\/filter\/anwendungen\/","name":"Applications - Alpha Plan - Hollow fiber filter module manufacturer","isPartOf":{"@id":"https:\/\/www.alpha-plan.de\/#website"},"primaryImageOfPage":{"@id":"https:\/\/www.alpha-plan.de\/filter\/anwendungen\/#primaryimage"},"image":{"@id":"https:\/\/www.alpha-plan.de\/filter\/anwendungen\/#primaryimage"},"thumbnailUrl":"https:\/\/www.alpha-plan.de\/wp-content\/uploads\/2020\/10\/Alpha-Plan-51-von-92-scaled.jpg","datePublished":"2020-10-05T09:17:46+00:00","dateModified":"2025-02-07T08:55:52+00:00","description":"Alpha Plan - Expert in filter technology: Customized hollow fiber filter modules for medicine \/ biotech \/ life science \/ pharma","breadcrumb":{"@id":"https:\/\/www.alpha-plan.de\/filter\/anwendungen\/#breadcrumb"},"inLanguage":"en-US","potentialAction":[{"@type":"ReadAction","target":["https:\/\/www.alpha-plan.de\/filter\/anwendungen\/"]}]},{"@type":"ImageObject","inLanguage":"en-US","@id":"https:\/\/www.alpha-plan.de\/filter\/anwendungen\/#primaryimage","url":"https:\/\/www.alpha-plan.de\/wp-content\/uploads\/2020\/10\/Alpha-Plan-51-von-92-scaled.jpg","contentUrl":"https:\/\/www.alpha-plan.de\/wp-content\/uploads\/2020\/10\/Alpha-Plan-51-von-92-scaled.jpg","width":2048,"height":1367,"caption":"bioreactor with hollow fiber filters"},{"@type":"BreadcrumbList","@id":"https:\/\/www.alpha-plan.de\/filter\/anwendungen\/#breadcrumb","itemListElement":[{"@type":"ListItem","position":1,"name":"Home","item":"https:\/\/www.alpha-plan.de\/"},{"@type":"ListItem","position":2,"name":"Filter","item":"https:\/\/www.alpha-plan.de\/filter\/"},{"@type":"ListItem","position":3,"name":"Anwendungen"}]},{"@type":"WebSite","@id":"https:\/\/www.alpha-plan.de\/#website","url":"https:\/\/www.alpha-plan.de\/","name":"Alpha Plan","description":"Excellence in filter technology","publisher":{"@id":"https:\/\/www.alpha-plan.de\/#organization"},"alternateName":"Alpha Plan","potentialAction":[{"@type":"SearchAction","target":{"@type":"EntryPoint","urlTemplate":"https:\/\/www.alpha-plan.de\/?s={search_term_string}"},"query-input":{"@type":"PropertyValueSpecification","valueRequired":true,"valueName":"search_term_string"}}],"inLanguage":"en-US"},{"@type":"Organization","@id":"https:\/\/www.alpha-plan.de\/#organization","name":"Alpha Plan GmbH","url":"https:\/\/www.alpha-plan.de\/","logo":{"@type":"ImageObject","inLanguage":"en-US","@id":"https:\/\/www.alpha-plan.de\/#\/schema\/logo\/image\/","url":"https:\/\/www.alpha-plan.de\/wp-content\/uploads\/2020\/08\/new-logo-homepage-1.png","contentUrl":"https:\/\/www.alpha-plan.de\/wp-content\/uploads\/2020\/08\/new-logo-homepage-1.png","width":350,"height":100,"caption":"Alpha Plan GmbH"},"image":{"@id":"https:\/\/www.alpha-plan.de\/#\/schema\/logo\/image\/"},"sameAs":["https:\/\/x.com\/amt_cellab","https:\/\/de.linkedin.com\/company\/alpha-plan-gmbh?trk=public_jobs_topcard_org_name","https:\/\/www.youtube.com\/channel\/UC4XyOb5Yza4CFjyNlAhT2sg"]}]}},"_links":{"self":[{"href":"https:\/\/www.alpha-plan.de\/en\/wp-json\/wp\/v2\/pages\/688","targetHints":{"allow":["GET"]}}],"collection":[{"href":"https:\/\/www.alpha-plan.de\/en\/wp-json\/wp\/v2\/pages"}],"about":[{"href":"https:\/\/www.alpha-plan.de\/en\/wp-json\/wp\/v2\/types\/page"}],"author":[{"embeddable":true,"href":"https:\/\/www.alpha-plan.de\/en\/wp-json\/wp\/v2\/users\/1"}],"replies":[{"embeddable":true,"href":"https:\/\/www.alpha-plan.de\/en\/wp-json\/wp\/v2\/comments?post=688"}],"version-history":[{"count":0,"href":"https:\/\/www.alpha-plan.de\/en\/wp-json\/wp\/v2\/pages\/688\/revisions"}],"up":[{"embeddable":true,"href":"https:\/\/www.alpha-plan.de\/en\/wp-json\/wp\/v2\/pages\/263"}],"wp:featuredmedia":[{"embeddable":true,"href":"https:\/\/www.alpha-plan.de\/en\/wp-json\/wp\/v2\/media\/880"}],"wp:attachment":[{"href":"https:\/\/www.alpha-plan.de\/en\/wp-json\/wp\/v2\/media?parent=688"}],"curies":[{"name":"wp","href":"https:\/\/api.w.org\/{rel}","templated":true}]}}