{"id":304,"date":"2020-09-25T10:29:38","date_gmt":"2020-09-25T10:29:38","guid":{"rendered":"https:\/\/alpha.inbearbeitung.de\/?page_id=304"},"modified":"2026-02-20T12:58:00","modified_gmt":"2026-02-20T11:58:00","slug":"membrane-filter-technology","status":"publish","type":"page","link":"https:\/\/www.alpha-plan.de\/en\/filter\/membranfiltertechnologie\/","title":{"rendered":"Technology"},"content":{"rendered":"<div data-elementor-type=\"wp-page\" data-elementor-id=\"304\" class=\"elementor elementor-304\" data-elementor-post-type=\"page\">\n\t\t\t\t<div class=\"elementor-element elementor-element-2baabb9 e-con-full e-flex e-con e-parent\" data-id=\"2baabb9\" data-element_type=\"container\" data-e-type=\"container\">\n\t\t\t\t<div class=\"elementor-element elementor-element-b73a84f elementor-widget elementor-widget-template\" data-id=\"b73a84f\" data-element_type=\"widget\" data-e-type=\"widget\" data-widget_type=\"template.default\">\n\t\t\t\t<div class=\"elementor-widget-container\">\n\t\t\t\t\t\t\t<div class=\"elementor-template\">\n\t\t\t\t\t<div data-elementor-type=\"container\" data-elementor-id=\"17988\" class=\"elementor elementor-17988\" data-elementor-post-type=\"elementor_library\">\n\t\t\t\t<div class=\"elementor-element elementor-element-32e797e9 e-con-full e-flex e-con e-parent\" data-id=\"32e797e9\" data-element_type=\"container\" data-e-type=\"container\">\n\t\t\t\t<div class=\"elementor-element elementor-element-df7eb8b elementor-widget elementor-widget-theme-post-featured-image elementor-widget-image\" data-id=\"df7eb8b\" data-element_type=\"widget\" data-e-type=\"widget\" data-widget_type=\"theme-post-featured-image.default\">\n\t\t\t\t\t\t\t\t\t\t\t\t\t\t\t<img decoding=\"async\" width=\"1500\" height=\"1001\" src=\"https:\/\/www.alpha-plan.de\/wp-content\/uploads\/2021\/03\/Alpha-Plan-77-von-92.jpg\" class=\"attachment-full size-full wp-image-5551\" alt=\"alpha plan has the technology of hollow fiber module manufacture.\" srcset=\"https:\/\/www.alpha-plan.de\/wp-content\/uploads\/2021\/03\/Alpha-Plan-77-von-92.jpg 1500w, https:\/\/www.alpha-plan.de\/wp-content\/uploads\/2021\/03\/Alpha-Plan-77-von-92-300x200.jpg 300w, https:\/\/www.alpha-plan.de\/wp-content\/uploads\/2021\/03\/Alpha-Plan-77-von-92-1024x683.jpg 1024w, https:\/\/www.alpha-plan.de\/wp-content\/uploads\/2021\/03\/Alpha-Plan-77-von-92-768x513.jpg 768w\" sizes=\"(max-width: 1500px) 100vw, 1500px\" \/>\t\t\t\t\t\t\t\t\t\t\t\t\t\t\t<\/div>\n\t\t\t\t<\/div>\n\t\t<div class=\"elementor-element elementor-element-386a3c6 e-flex e-con-boxed e-con e-child\" data-id=\"386a3c6\" data-element_type=\"container\" data-e-type=\"container\" data-settings=\"{&quot;background_background&quot;:&quot;classic&quot;}\">\n\t\t\t\t\t<div class=\"e-con-inner\">\n\t\t\t\t<div class=\"elementor-element elementor-element-a219135 elementor-widget elementor-widget-breadcrumbs\" data-id=\"a219135\" data-element_type=\"widget\" data-e-type=\"widget\" data-widget_type=\"breadcrumbs.default\">\n\t\t\t\t\t<p id=\"breadcrumbs\"><span><span><a href=\"https:\/\/www.alpha-plan.de\/en\/\">Home<\/a><\/span><\/span><\/p>\t\t\t\t<\/div>\n\t\t\t\t\t<\/div>\n\t\t\t\t<\/div>\n\t\t\t\t<\/div>\n\t\t\t\t<\/div>\n\t\t\t\t\t\t<\/div>\n\t\t\t\t<\/div>\n\t\t\t\t<\/div>\n\t\t\t\t<section class=\"elementor-section elementor-top-section elementor-element elementor-element-ae6b4ad elementor-section-boxed elementor-section-height-default elementor-section-height-default\" data-id=\"ae6b4ad\" data-element_type=\"section\" data-e-type=\"section\" id=\"sec_1\">\n\t\t\t\t\t\t<div class=\"elementor-container elementor-column-gap-default\">\n\t\t\t\t\t<div class=\"elementor-column elementor-col-100 elementor-top-column elementor-element elementor-element-363b3f5\" data-id=\"363b3f5\" data-element_type=\"column\" data-e-type=\"column\">\n\t\t\t<div class=\"elementor-widget-wrap elementor-element-populated\">\n\t\t\t\t\t\t<div class=\"elementor-element elementor-element-a5cc825 elementor-widget elementor-widget-heading\" data-id=\"a5cc825\" data-element_type=\"widget\" data-e-type=\"widget\" data-widget_type=\"heading.default\">\n\t\t\t\t\t<h2 class=\"elementor-heading-title elementor-size-default\">Technology<\/h2>\t\t\t\t<\/div>\n\t\t\t\t<div class=\"elementor-element elementor-element-ebdad43 elementor-widget elementor-widget-text-editor\" data-id=\"ebdad43\" data-element_type=\"widget\" data-e-type=\"widget\" data-widget_type=\"text-editor.default\">\n\t\t\t\t\t\t\t\t\t<p>Alpha Plan specializes in the manufacture of single-use filter modules that are suitable for various applications, e.g. in the medical and biotechnology industries.<br \/>Based on our many years of experience in membrane filtration and separation, we understand the needs of our customers.<\/p><p>We have a wide range of filter membranes, housings and individual connections.<\/p>\t\t\t\t\t\t\t\t<\/div>\n\t\t\t\t<div class=\"elementor-element elementor-element-a167f9d elementor-widget elementor-widget-image\" data-id=\"a167f9d\" data-element_type=\"widget\" data-e-type=\"widget\" data-widget_type=\"image.default\">\n\t\t\t\t\t\t\t\t\t\t\t\t<figure class=\"wp-caption\">\n\t\t\t\t\t\t\t\t\t\t<img decoding=\"async\" width=\"600\" height=\"361\" src=\"https:\/\/www.alpha-plan.de\/wp-content\/uploads\/2020\/09\/Technology_Filtration_Schema.png\" class=\"attachment-large size-large wp-image-308\" alt=\"\" srcset=\"https:\/\/www.alpha-plan.de\/wp-content\/uploads\/2020\/09\/Technology_Filtration_Schema.png 600w, https:\/\/www.alpha-plan.de\/wp-content\/uploads\/2020\/09\/Technology_Filtration_Schema-300x181.png 300w, https:\/\/www.alpha-plan.de\/wp-content\/uploads\/2020\/09\/Technology_Filtration_Schema-18x12.png 18w\" sizes=\"(max-width: 600px) 100vw, 600px\" \/>\t\t\t\t\t\t\t\t\t\t\t<figcaption class=\"widget-image-caption wp-caption-text\">Overview of common pore sizes and their suitable separation process<\/figcaption>\n\t\t\t\t\t\t\t\t\t\t<\/figure>\n\t\t\t\t\t\t\t\t\t<\/div>\n\t\t\t\t\t<\/div>\n\t\t<\/div>\n\t\t\t\t\t<\/div>\n\t\t<\/section>\n\t\t\t\t<section class=\"elementor-section elementor-top-section elementor-element elementor-element-5a28c38 elementor-section-boxed elementor-section-height-default elementor-section-height-default\" data-id=\"5a28c38\" data-element_type=\"section\" data-e-type=\"section\" id=\"sec_2\" data-settings=\"{&quot;background_background&quot;:&quot;classic&quot;}\">\n\t\t\t\t\t\t<div class=\"elementor-container elementor-column-gap-default\">\n\t\t\t\t\t<div class=\"elementor-column elementor-col-100 elementor-top-column elementor-element elementor-element-3202ea3\" data-id=\"3202ea3\" data-element_type=\"column\" data-e-type=\"column\">\n\t\t\t<div class=\"elementor-widget-wrap elementor-element-populated\">\n\t\t\t\t\t\t<div class=\"elementor-element elementor-element-e538771 elementor-widget elementor-widget-heading\" data-id=\"e538771\" data-element_type=\"widget\" data-e-type=\"widget\" data-widget_type=\"heading.default\">\n\t\t\t\t\t<h2 class=\"elementor-heading-title elementor-size-default\">Membrane<\/h2>\t\t\t\t<\/div>\n\t\t\t\t<div class=\"elementor-element elementor-element-c627c82 elementor-widget elementor-widget-text-editor\" data-id=\"c627c82\" data-element_type=\"widget\" data-e-type=\"widget\" data-widget_type=\"text-editor.default\">\n\t\t\t\t\t\t\t\t\t<p>The heart of every filtration module is the membrane with its defined separation properties. Depending on the substances to be separated, different types of membrane filters can be used.<\/p>\n<p>In general, Alpha Plan offers individual filter solutions for the <b>Ultrafiltration and microfiltration range<\/b> to.<\/p>\t\t\t\t\t\t\t\t<\/div>\n\t\t\t\t\t<\/div>\n\t\t<\/div>\n\t\t\t\t\t<\/div>\n\t\t<\/section>\n\t\t<div class=\"elementor-element elementor-element-26056b7 e-flex e-con-boxed e-con e-parent\" data-id=\"26056b7\" data-element_type=\"container\" data-e-type=\"container\" id=\"sec_3\" data-settings=\"{&quot;background_background&quot;:&quot;classic&quot;}\">\n\t\t\t\t\t<div class=\"e-con-inner\">\n\t\t<div class=\"elementor-element elementor-element-f0226a4 e-con-full e-flex e-con e-child\" data-id=\"f0226a4\" data-element_type=\"container\" data-e-type=\"container\">\n\t\t\t\t<div class=\"elementor-element elementor-element-89248b8 elementor-widget elementor-widget-image\" data-id=\"89248b8\" data-element_type=\"widget\" data-e-type=\"widget\" data-widget_type=\"image.default\">\n\t\t\t\t\t\t\t\t\t\t\t\t\t\t\t<img decoding=\"async\" width=\"460\" height=\"269\" src=\"https:\/\/www.alpha-plan.de\/wp-content\/uploads\/2025\/01\/Moduluebersicht_v2.png\" class=\"attachment-large size-large wp-image-20478\" alt=\"\" srcset=\"https:\/\/www.alpha-plan.de\/wp-content\/uploads\/2025\/01\/Moduluebersicht_v2.png 460w, https:\/\/www.alpha-plan.de\/wp-content\/uploads\/2025\/01\/Moduluebersicht_v2-300x175.png 300w, https:\/\/www.alpha-plan.de\/wp-content\/uploads\/2025\/01\/Moduluebersicht_v2-18x12.png 18w\" sizes=\"(max-width: 460px) 100vw, 460px\" \/>\t\t\t\t\t\t\t\t\t\t\t\t\t\t\t<\/div>\n\t\t\t\t<\/div>\n\t\t<div class=\"elementor-element elementor-element-43dd02a e-con-full e-flex e-con e-child\" data-id=\"43dd02a\" data-element_type=\"container\" data-e-type=\"container\">\n\t\t\t\t<div class=\"elementor-element elementor-element-93092d6 elementor-widget elementor-widget-heading\" data-id=\"93092d6\" data-element_type=\"widget\" data-e-type=\"widget\" data-widget_type=\"heading.default\">\n\t\t\t\t\t<h2 class=\"elementor-heading-title elementor-size-default\">Housing<\/h2>\t\t\t\t<\/div>\n\t\t\t\t<div class=\"elementor-element elementor-element-c83930f elementor-widget elementor-widget-text-editor\" data-id=\"c83930f\" data-element_type=\"widget\" data-e-type=\"widget\" data-widget_type=\"text-editor.default\">\n\t\t\t\t\t\t\t\t\t<p>The requirements for the housing design and housing material vary greatly depending on the individual application. E.g. flow rate, operating pressure, filter surface, but also chemical resistance or sterility requirements.<br \/><br \/>We offer a wide range of standard module housings.<\/p>\t\t\t\t\t\t\t\t<\/div>\n\t\t\t\t<\/div>\n\t\t\t\t\t<\/div>\n\t\t\t\t<\/div>\n\t\t\t\t<section class=\"elementor-section elementor-top-section elementor-element elementor-element-afb4254 elementor-section-boxed elementor-section-height-default elementor-section-height-default\" data-id=\"afb4254\" data-element_type=\"section\" data-e-type=\"section\" id=\"sec_4\" data-settings=\"{&quot;background_background&quot;:&quot;classic&quot;}\">\n\t\t\t\t\t\t<div class=\"elementor-container elementor-column-gap-default\">\n\t\t\t\t\t<div class=\"elementor-column elementor-col-50 elementor-top-column elementor-element elementor-element-346f8a4\" data-id=\"346f8a4\" data-element_type=\"column\" data-e-type=\"column\">\n\t\t\t<div class=\"elementor-widget-wrap elementor-element-populated\">\n\t\t\t\t\t\t<div class=\"elementor-element elementor-element-980bb40 elementor-widget elementor-widget-heading\" data-id=\"980bb40\" data-element_type=\"widget\" data-e-type=\"widget\" data-widget_type=\"heading.default\">\n\t\t\t\t\t<h2 class=\"elementor-heading-title elementor-size-default\">Connections<\/h2>\t\t\t\t<\/div>\n\t\t\t\t<div class=\"elementor-element elementor-element-c0f24ad elementor-widget elementor-widget-text-editor\" data-id=\"c0f24ad\" data-element_type=\"widget\" data-e-type=\"widget\" data-widget_type=\"text-editor.default\">\n\t\t\t\t\t\t\t\t\t<p>The hollow fiber modules are each equipped with 2 extra and intracapillary connections that allow access to both sides of the membrane.<\/p><p>Standard connections are either Luer Lock or Hose Barb connections. On request, we can integrate additional ports or use different components.<\/p><p>Alpha Plan membrane filtration modules give you the opportunity to improve process efficiency and economy, with super performance and consistent quality at the highest level.<\/p>\t\t\t\t\t\t\t\t<\/div>\n\t\t\t\t\t<\/div>\n\t\t<\/div>\n\t\t\t\t<div class=\"elementor-column elementor-col-50 elementor-top-column elementor-element elementor-element-0c6a287\" data-id=\"0c6a287\" data-element_type=\"column\" data-e-type=\"column\">\n\t\t\t<div class=\"elementor-widget-wrap elementor-element-populated\">\n\t\t\t\t\t\t<div class=\"elementor-element elementor-element-6175455 elementor-widget elementor-widget-image\" data-id=\"6175455\" data-element_type=\"widget\" data-e-type=\"widget\" data-widget_type=\"image.default\">\n\t\t\t\t\t\t\t\t\t\t\t\t\t\t\t<img decoding=\"async\" width=\"800\" height=\"600\" src=\"https:\/\/www.alpha-plan.de\/wp-content\/uploads\/2025\/01\/P1030024-1024x768.jpg\" class=\"attachment-large size-large wp-image-20431\" alt=\"\" srcset=\"https:\/\/www.alpha-plan.de\/wp-content\/uploads\/2025\/01\/P1030024-1024x768.jpg 1024w, https:\/\/www.alpha-plan.de\/wp-content\/uploads\/2025\/01\/P1030024-300x225.jpg 300w, https:\/\/www.alpha-plan.de\/wp-content\/uploads\/2025\/01\/P1030024-768x576.jpg 768w, https:\/\/www.alpha-plan.de\/wp-content\/uploads\/2025\/01\/P1030024-1536x1152.jpg 1536w, https:\/\/www.alpha-plan.de\/wp-content\/uploads\/2025\/01\/P1030024-scaled.jpg 2048w, https:\/\/www.alpha-plan.de\/wp-content\/uploads\/2025\/01\/P1030024-16x12.jpg 16w\" sizes=\"(max-width: 800px) 100vw, 800px\" \/>\t\t\t\t\t\t\t\t\t\t\t\t\t\t\t<\/div>\n\t\t\t\t\t<\/div>\n\t\t<\/div>\n\t\t\t\t\t<\/div>\n\t\t<\/section>\n\t\t\t\t<\/div>","protected":false},"excerpt":{"rendered":"<p>Technologie Alpha Plan ist Spezialist in der Herstellung von Single-Use Filtermodulen, die f\u00fcr verschiedene Anwendungen wie z.B. in der Medizin- und Biotechnologiebranche, geeignet sind.Basierend auf unserer langj\u00e4hrigen Erfahrung in der Membranfiltration und -trennung verstehen wir die Bed\u00fcrfnisse unserer Kunden. Wir verf\u00fcgen \u00fcber ein breites Spektrum an Filtermembranen, Geh\u00e4usen und individuellen Anschl\u00fcssen. \u00dcbersicht \u00fcber g\u00e4ngige Porengr\u00f6\u00dfen [&hellip;]<\/p>\n","protected":false},"author":1,"featured_media":5551,"parent":263,"menu_order":0,"comment_status":"closed","ping_status":"closed","template":"elementor_header_footer","meta":{"_acf_changed":false,"footnotes":""},"class_list":["post-304","page","type-page","status-publish","has-post-thumbnail","hentry"],"acf":[],"yoast_head":"<!-- This site is optimized with the Yoast SEO plugin v27.5 - https:\/\/yoast.com\/product\/yoast-seo-wordpress\/ -->\n<title>Hohlfaser Membranfilter Technologie - Alpha Plan -<\/title>\n<meta name=\"description\" content=\"Experte in der Membranfiltertechnologie: Kundenspezifische Filter f\u00fcr Ultrafiltration &amp; Mikrofiltration, Bioreactoren etc.\" \/>\n<meta name=\"robots\" content=\"index, follow, max-snippet:-1, max-image-preview:large, max-video-preview:-1\" \/>\n<link rel=\"canonical\" href=\"https:\/\/www.alpha-plan.de\/en\/filter\/membrane-filter-technology\/\" \/>\n<meta property=\"og:locale\" content=\"en_US\" \/>\n<meta property=\"og:type\" content=\"article\" \/>\n<meta property=\"og:title\" content=\"Hohlfaser Membranfilter Technologie - Alpha Plan -\" \/>\n<meta property=\"og:description\" content=\"Experte in der Membranfiltertechnologie: Kundenspezifische Filter f\u00fcr Ultrafiltration &amp; Mikrofiltration, Bioreactoren etc.\" \/>\n<meta property=\"og:url\" content=\"https:\/\/www.alpha-plan.de\/en\/filter\/membrane-filter-technology\/\" \/>\n<meta property=\"og:site_name\" content=\"Alpha Plan\" \/>\n<meta property=\"article:modified_time\" content=\"2026-02-20T11:58:00+00:00\" \/>\n<meta property=\"og:image\" content=\"https:\/\/www.alpha-plan.de\/wp-content\/uploads\/2021\/03\/Alpha-Plan-77-von-92.jpg\" \/>\n\t<meta property=\"og:image:width\" content=\"1500\" \/>\n\t<meta property=\"og:image:height\" content=\"1001\" \/>\n\t<meta property=\"og:image:type\" content=\"image\/jpeg\" \/>\n<meta name=\"twitter:card\" content=\"summary_large_image\" \/>\n<meta name=\"twitter:site\" content=\"@amt_cellab\" \/>\n<meta name=\"twitter:label1\" content=\"Est. reading time\" \/>\n\t<meta name=\"twitter:data1\" content=\"3 minutes\" \/>\n<script type=\"application\/ld+json\" class=\"yoast-schema-graph\">{\"@context\":\"https:\\\/\\\/schema.org\",\"@graph\":[{\"@type\":\"WebPage\",\"@id\":\"https:\\\/\\\/www.alpha-plan.de\\\/filter\\\/membranfiltertechnologie\\\/\",\"url\":\"https:\\\/\\\/www.alpha-plan.de\\\/filter\\\/membranfiltertechnologie\\\/\",\"name\":\"Hohlfaser Membranfilter Technologie - Alpha Plan -\",\"isPartOf\":{\"@id\":\"https:\\\/\\\/www.alpha-plan.de\\\/#website\"},\"primaryImageOfPage\":{\"@id\":\"https:\\\/\\\/www.alpha-plan.de\\\/filter\\\/membranfiltertechnologie\\\/#primaryimage\"},\"image\":{\"@id\":\"https:\\\/\\\/www.alpha-plan.de\\\/filter\\\/membranfiltertechnologie\\\/#primaryimage\"},\"thumbnailUrl\":\"https:\\\/\\\/www.alpha-plan.de\\\/wp-content\\\/uploads\\\/2021\\\/03\\\/Alpha-Plan-77-von-92.jpg\",\"datePublished\":\"2020-09-25T10:29:38+00:00\",\"dateModified\":\"2026-02-20T11:58:00+00:00\",\"description\":\"Experte in der Membranfiltertechnologie: Kundenspezifische Filter f\u00fcr Ultrafiltration & Mikrofiltration, Bioreactoren etc.\",\"breadcrumb\":{\"@id\":\"https:\\\/\\\/www.alpha-plan.de\\\/filter\\\/membranfiltertechnologie\\\/#breadcrumb\"},\"inLanguage\":\"en-US\",\"potentialAction\":[{\"@type\":\"ReadAction\",\"target\":[\"https:\\\/\\\/www.alpha-plan.de\\\/filter\\\/membranfiltertechnologie\\\/\"]}]},{\"@type\":\"ImageObject\",\"inLanguage\":\"en-US\",\"@id\":\"https:\\\/\\\/www.alpha-plan.de\\\/filter\\\/membranfiltertechnologie\\\/#primaryimage\",\"url\":\"https:\\\/\\\/www.alpha-plan.de\\\/wp-content\\\/uploads\\\/2021\\\/03\\\/Alpha-Plan-77-von-92.jpg\",\"contentUrl\":\"https:\\\/\\\/www.alpha-plan.de\\\/wp-content\\\/uploads\\\/2021\\\/03\\\/Alpha-Plan-77-von-92.jpg\",\"width\":1500,\"height\":1001,\"caption\":\"alpha plan has the technology of hollow fiber module manufacture.\"},{\"@type\":\"BreadcrumbList\",\"@id\":\"https:\\\/\\\/www.alpha-plan.de\\\/filter\\\/membranfiltertechnologie\\\/#breadcrumb\",\"itemListElement\":[{\"@type\":\"ListItem\",\"position\":1,\"name\":\"Home\",\"item\":\"https:\\\/\\\/www.alpha-plan.de\\\/\"},{\"@type\":\"ListItem\",\"position\":2,\"name\":\"Filter\",\"item\":\"https:\\\/\\\/www.alpha-plan.de\\\/filter\\\/\"},{\"@type\":\"ListItem\",\"position\":3,\"name\":\"Technologie\"}]},{\"@type\":\"WebSite\",\"@id\":\"https:\\\/\\\/www.alpha-plan.de\\\/#website\",\"url\":\"https:\\\/\\\/www.alpha-plan.de\\\/\",\"name\":\"Alpha Plan\",\"description\":\"Exzellenz in der Filtertechnologie\",\"publisher\":{\"@id\":\"https:\\\/\\\/www.alpha-plan.de\\\/#organization\"},\"alternateName\":\"Alpha Plan\",\"potentialAction\":[{\"@type\":\"SearchAction\",\"target\":{\"@type\":\"EntryPoint\",\"urlTemplate\":\"https:\\\/\\\/www.alpha-plan.de\\\/?s={search_term_string}\"},\"query-input\":{\"@type\":\"PropertyValueSpecification\",\"valueRequired\":true,\"valueName\":\"search_term_string\"}}],\"inLanguage\":\"en-US\"},{\"@type\":\"Organization\",\"@id\":\"https:\\\/\\\/www.alpha-plan.de\\\/#organization\",\"name\":\"Alpha Plan GmbH\",\"url\":\"https:\\\/\\\/www.alpha-plan.de\\\/\",\"logo\":{\"@type\":\"ImageObject\",\"inLanguage\":\"en-US\",\"@id\":\"https:\\\/\\\/www.alpha-plan.de\\\/#\\\/schema\\\/logo\\\/image\\\/\",\"url\":\"https:\\\/\\\/www.alpha-plan.de\\\/wp-content\\\/uploads\\\/2020\\\/08\\\/new-logo-homepage-1.png\",\"contentUrl\":\"https:\\\/\\\/www.alpha-plan.de\\\/wp-content\\\/uploads\\\/2020\\\/08\\\/new-logo-homepage-1.png\",\"width\":350,\"height\":100,\"caption\":\"Alpha Plan GmbH\"},\"image\":{\"@id\":\"https:\\\/\\\/www.alpha-plan.de\\\/#\\\/schema\\\/logo\\\/image\\\/\"},\"sameAs\":[\"https:\\\/\\\/x.com\\\/amt_cellab\",\"https:\\\/\\\/de.linkedin.com\\\/company\\\/alpha-plan-gmbh?trk=public_jobs_topcard_org_name\",\"https:\\\/\\\/www.youtube.com\\\/channel\\\/UC4XyOb5Yza4CFjyNlAhT2sg\"]}]}<\/script>\n<!-- \/ Yoast SEO plugin. -->","yoast_head_json":{"title":"Hollow fiber membrane filter technology - Alpha Plan -","description":"Expert in membrane filter technology: Customized filters for ultrafiltration &amp; microfiltration, bioreactors etc.","robots":{"index":"index","follow":"follow","max-snippet":"max-snippet:-1","max-image-preview":"max-image-preview:large","max-video-preview":"max-video-preview:-1"},"canonical":"https:\/\/www.alpha-plan.de\/en\/filter\/membrane-filter-technology\/","og_locale":"en_US","og_type":"article","og_title":"Hohlfaser Membranfilter Technologie - Alpha Plan -","og_description":"Experte in der Membranfiltertechnologie: Kundenspezifische Filter f\u00fcr Ultrafiltration & Mikrofiltration, Bioreactoren etc.","og_url":"https:\/\/www.alpha-plan.de\/en\/filter\/membrane-filter-technology\/","og_site_name":"Alpha Plan","article_modified_time":"2026-02-20T11:58:00+00:00","og_image":[{"width":1500,"height":1001,"url":"https:\/\/www.alpha-plan.de\/wp-content\/uploads\/2021\/03\/Alpha-Plan-77-von-92.jpg","type":"image\/jpeg"}],"twitter_card":"summary_large_image","twitter_site":"@amt_cellab","twitter_misc":{"Est. reading time":"3 minutes"},"schema":{"@context":"https:\/\/schema.org","@graph":[{"@type":"WebPage","@id":"https:\/\/www.alpha-plan.de\/filter\/membranfiltertechnologie\/","url":"https:\/\/www.alpha-plan.de\/filter\/membranfiltertechnologie\/","name":"Hollow fiber membrane filter technology - Alpha Plan -","isPartOf":{"@id":"https:\/\/www.alpha-plan.de\/#website"},"primaryImageOfPage":{"@id":"https:\/\/www.alpha-plan.de\/filter\/membranfiltertechnologie\/#primaryimage"},"image":{"@id":"https:\/\/www.alpha-plan.de\/filter\/membranfiltertechnologie\/#primaryimage"},"thumbnailUrl":"https:\/\/www.alpha-plan.de\/wp-content\/uploads\/2021\/03\/Alpha-Plan-77-von-92.jpg","datePublished":"2020-09-25T10:29:38+00:00","dateModified":"2026-02-20T11:58:00+00:00","description":"Expert in membrane filter technology: Customized filters for ultrafiltration &amp; microfiltration, bioreactors etc.","breadcrumb":{"@id":"https:\/\/www.alpha-plan.de\/filter\/membranfiltertechnologie\/#breadcrumb"},"inLanguage":"en-US","potentialAction":[{"@type":"ReadAction","target":["https:\/\/www.alpha-plan.de\/filter\/membranfiltertechnologie\/"]}]},{"@type":"ImageObject","inLanguage":"en-US","@id":"https:\/\/www.alpha-plan.de\/filter\/membranfiltertechnologie\/#primaryimage","url":"https:\/\/www.alpha-plan.de\/wp-content\/uploads\/2021\/03\/Alpha-Plan-77-von-92.jpg","contentUrl":"https:\/\/www.alpha-plan.de\/wp-content\/uploads\/2021\/03\/Alpha-Plan-77-von-92.jpg","width":1500,"height":1001,"caption":"alpha plan has the technology of hollow fiber module manufacture."},{"@type":"BreadcrumbList","@id":"https:\/\/www.alpha-plan.de\/filter\/membranfiltertechnologie\/#breadcrumb","itemListElement":[{"@type":"ListItem","position":1,"name":"Home","item":"https:\/\/www.alpha-plan.de\/"},{"@type":"ListItem","position":2,"name":"Filter","item":"https:\/\/www.alpha-plan.de\/filter\/"},{"@type":"ListItem","position":3,"name":"Technologie"}]},{"@type":"WebSite","@id":"https:\/\/www.alpha-plan.de\/#website","url":"https:\/\/www.alpha-plan.de\/","name":"Alpha Plan","description":"Excellence in filter technology","publisher":{"@id":"https:\/\/www.alpha-plan.de\/#organization"},"alternateName":"Alpha Plan","potentialAction":[{"@type":"SearchAction","target":{"@type":"EntryPoint","urlTemplate":"https:\/\/www.alpha-plan.de\/?s={search_term_string}"},"query-input":{"@type":"PropertyValueSpecification","valueRequired":true,"valueName":"search_term_string"}}],"inLanguage":"en-US"},{"@type":"Organization","@id":"https:\/\/www.alpha-plan.de\/#organization","name":"Alpha Plan GmbH","url":"https:\/\/www.alpha-plan.de\/","logo":{"@type":"ImageObject","inLanguage":"en-US","@id":"https:\/\/www.alpha-plan.de\/#\/schema\/logo\/image\/","url":"https:\/\/www.alpha-plan.de\/wp-content\/uploads\/2020\/08\/new-logo-homepage-1.png","contentUrl":"https:\/\/www.alpha-plan.de\/wp-content\/uploads\/2020\/08\/new-logo-homepage-1.png","width":350,"height":100,"caption":"Alpha Plan GmbH"},"image":{"@id":"https:\/\/www.alpha-plan.de\/#\/schema\/logo\/image\/"},"sameAs":["https:\/\/x.com\/amt_cellab","https:\/\/de.linkedin.com\/company\/alpha-plan-gmbh?trk=public_jobs_topcard_org_name","https:\/\/www.youtube.com\/channel\/UC4XyOb5Yza4CFjyNlAhT2sg"]}]}},"_links":{"self":[{"href":"https:\/\/www.alpha-plan.de\/en\/wp-json\/wp\/v2\/pages\/304","targetHints":{"allow":["GET"]}}],"collection":[{"href":"https:\/\/www.alpha-plan.de\/en\/wp-json\/wp\/v2\/pages"}],"about":[{"href":"https:\/\/www.alpha-plan.de\/en\/wp-json\/wp\/v2\/types\/page"}],"author":[{"embeddable":true,"href":"https:\/\/www.alpha-plan.de\/en\/wp-json\/wp\/v2\/users\/1"}],"replies":[{"embeddable":true,"href":"https:\/\/www.alpha-plan.de\/en\/wp-json\/wp\/v2\/comments?post=304"}],"version-history":[{"count":9,"href":"https:\/\/www.alpha-plan.de\/en\/wp-json\/wp\/v2\/pages\/304\/revisions"}],"predecessor-version":[{"id":21931,"href":"https:\/\/www.alpha-plan.de\/en\/wp-json\/wp\/v2\/pages\/304\/revisions\/21931"}],"up":[{"embeddable":true,"href":"https:\/\/www.alpha-plan.de\/en\/wp-json\/wp\/v2\/pages\/263"}],"wp:featuredmedia":[{"embeddable":true,"href":"https:\/\/www.alpha-plan.de\/en\/wp-json\/wp\/v2\/media\/5551"}],"wp:attachment":[{"href":"https:\/\/www.alpha-plan.de\/en\/wp-json\/wp\/v2\/media?parent=304"}],"curies":[{"name":"wp","href":"https:\/\/api.w.org\/{rel}","templated":true}]}}