{"id":235,"date":"2020-09-22T14:48:10","date_gmt":"2020-09-22T14:48:10","guid":{"rendered":"https:\/\/alpha.inbearbeitung.de\/?page_id=235"},"modified":"2025-01-07T12:46:06","modified_gmt":"2025-01-07T11:46:06","slug":"our-markets","status":"publish","type":"page","link":"https:\/\/www.alpha-plan.de\/en\/leistungen\/unsere-maerkte\/","title":{"rendered":"Our markets"},"content":{"rendered":"<div data-elementor-type=\"wp-page\" data-elementor-id=\"235\" class=\"elementor elementor-235\" data-elementor-post-type=\"page\">\n\t\t\t\t<div class=\"elementor-element elementor-element-a4d8331 e-con-full e-flex e-con e-parent\" data-id=\"a4d8331\" data-element_type=\"container\" data-e-type=\"container\">\n\t\t\t\t<div class=\"elementor-element elementor-element-bbe180d elementor-widget elementor-widget-template\" data-id=\"bbe180d\" data-element_type=\"widget\" data-e-type=\"widget\" data-widget_type=\"template.default\">\n\t\t\t\t<div class=\"elementor-widget-container\">\n\t\t\t\t\t\t\t<div class=\"elementor-template\">\n\t\t\t\t\t<div data-elementor-type=\"container\" data-elementor-id=\"17988\" class=\"elementor elementor-17988\" data-elementor-post-type=\"elementor_library\">\n\t\t\t\t<div class=\"elementor-element elementor-element-32e797e9 e-con-full e-flex e-con e-parent\" data-id=\"32e797e9\" data-element_type=\"container\" data-e-type=\"container\">\n\t\t\t\t<div class=\"elementor-element elementor-element-df7eb8b elementor-widget elementor-widget-theme-post-featured-image elementor-widget-image\" data-id=\"df7eb8b\" data-element_type=\"widget\" data-e-type=\"widget\" data-widget_type=\"theme-post-featured-image.default\">\n\t\t\t\t\t\t\t\t\t\t\t\t\t\t\t<img decoding=\"async\" width=\"1500\" height=\"1001\" src=\"https:\/\/www.alpha-plan.de\/wp-content\/uploads\/2020\/11\/Bild-35-von-83.jpg\" class=\"attachment-full size-full wp-image-1733\" alt=\"bioreactor\" srcset=\"https:\/\/www.alpha-plan.de\/wp-content\/uploads\/2020\/11\/Bild-35-von-83.jpg 1500w, https:\/\/www.alpha-plan.de\/wp-content\/uploads\/2020\/11\/Bild-35-von-83-300x200.jpg 300w, https:\/\/www.alpha-plan.de\/wp-content\/uploads\/2020\/11\/Bild-35-von-83-1024x683.jpg 1024w, https:\/\/www.alpha-plan.de\/wp-content\/uploads\/2020\/11\/Bild-35-von-83-768x513.jpg 768w\" sizes=\"(max-width: 1500px) 100vw, 1500px\" \/>\t\t\t\t\t\t\t\t\t\t\t\t\t\t\t<\/div>\n\t\t\t\t<\/div>\n\t\t<div class=\"elementor-element elementor-element-386a3c6 e-flex e-con-boxed e-con e-child\" data-id=\"386a3c6\" data-element_type=\"container\" data-e-type=\"container\" data-settings=\"{&quot;background_background&quot;:&quot;classic&quot;}\">\n\t\t\t\t\t<div class=\"e-con-inner\">\n\t\t\t\t<div class=\"elementor-element elementor-element-a219135 elementor-widget elementor-widget-breadcrumbs\" data-id=\"a219135\" data-element_type=\"widget\" data-e-type=\"widget\" data-widget_type=\"breadcrumbs.default\">\n\t\t\t\t\t<p id=\"breadcrumbs\"><span><span><a href=\"https:\/\/www.alpha-plan.de\/en\/\">Home<\/a><\/span><\/span><\/p>\t\t\t\t<\/div>\n\t\t\t\t\t<\/div>\n\t\t\t\t<\/div>\n\t\t\t\t<\/div>\n\t\t\t\t<\/div>\n\t\t\t\t\t\t<\/div>\n\t\t\t\t<\/div>\n\t\t\t\t<\/div>\n\t\t\t\t<section class=\"elementor-section elementor-top-section elementor-element elementor-element-ae6b4ad elementor-section-boxed elementor-section-height-default elementor-section-height-default\" data-id=\"ae6b4ad\" data-element_type=\"section\" data-e-type=\"section\" id=\"sec_1\">\n\t\t\t\t\t\t<div class=\"elementor-container elementor-column-gap-default\">\n\t\t\t\t\t<div class=\"elementor-column elementor-col-100 elementor-top-column elementor-element elementor-element-363b3f5\" data-id=\"363b3f5\" data-element_type=\"column\" data-e-type=\"column\">\n\t\t\t<div class=\"elementor-widget-wrap elementor-element-populated\">\n\t\t\t\t\t\t<div class=\"elementor-element elementor-element-a5cc825 elementor-widget elementor-widget-heading\" data-id=\"a5cc825\" data-element_type=\"widget\" data-e-type=\"widget\" data-widget_type=\"heading.default\">\n\t\t\t\t\t<h2 class=\"elementor-heading-title elementor-size-default\">Our markets<\/h2>\t\t\t\t<\/div>\n\t\t\t\t<div class=\"elementor-element elementor-element-719099f elementor-widget elementor-widget-text-editor\" data-id=\"719099f\" data-element_type=\"widget\" data-e-type=\"widget\" data-widget_type=\"text-editor.default\">\n\t\t\t\t\t\t\t\t\t<p>Alpha Plan serves numerous market segments. This is made possible by our cross-industry expertise and a wealth of experience gained over 25 years.&nbsp;<span style=\"color: var( --e-global-color-272c5b6 ); font-family: var( --e-global-typography-text-font-family ), Sans-serif; font-size: var( --e-global-typography-text-font-size ); font-weight: var( --e-global-typography-text-font-weight );\">Here you will find some possible applications for our technologies and automation technology.<\/span><\/p>\t\t\t\t\t\t\t\t<\/div>\n\t\t\t\t<div class=\"elementor-element elementor-element-ca02f5a elementor-widget-divider--view-line elementor-widget elementor-widget-divider\" data-id=\"ca02f5a\" data-element_type=\"widget\" data-e-type=\"widget\" data-widget_type=\"divider.default\">\n\t\t\t\t\t\t\t<div class=\"elementor-divider\">\n\t\t\t<span class=\"elementor-divider-separator\">\n\t\t\t\t\t\t<\/span>\n\t\t<\/div>\n\t\t\t\t\t\t<\/div>\n\t\t\t\t\t<\/div>\n\t\t<\/div>\n\t\t\t\t\t<\/div>\n\t\t<\/section>\n\t\t\t\t<section class=\"elementor-section elementor-top-section elementor-element elementor-element-7b5bd4d elementor-section-boxed elementor-section-height-default elementor-section-height-default\" data-id=\"7b5bd4d\" data-element_type=\"section\" data-e-type=\"section\" id=\"sec_2\">\n\t\t\t\t\t\t<div class=\"elementor-container elementor-column-gap-default\">\n\t\t\t\t\t<div class=\"elementor-column elementor-col-50 elementor-top-column elementor-element elementor-element-a072a9b\" data-id=\"a072a9b\" data-element_type=\"column\" data-e-type=\"column\">\n\t\t\t<div class=\"elementor-widget-wrap elementor-element-populated\">\n\t\t\t\t\t\t<div class=\"elementor-element elementor-element-1b52758 elementor-widget elementor-widget-heading\" data-id=\"1b52758\" data-element_type=\"widget\" data-e-type=\"widget\" data-widget_type=\"heading.default\">\n\t\t\t\t\t<h2 class=\"elementor-heading-title elementor-size-default\">Filter<\/h2>\t\t\t\t<\/div>\n\t\t\t\t<div class=\"elementor-element elementor-element-c2abccf elementor-widget elementor-widget-text-editor\" data-id=\"c2abccf\" data-element_type=\"widget\" data-e-type=\"widget\" data-widget_type=\"text-editor.default\">\n\t\t\t\t\t\t\t\t\t<p>Below you will find an overview of where customized Alpha Plan filters are used:<\/p><p><b>Medicine \/ Biotech \/ Life Science \/ Pharma<\/b>:<\/p><ul><li>Upstream cell and protein concentration<\/li><li>Downstream bioprocessing, protein and antibody purification<\/li><li>Continuous TFF bioprocess (management)<\/li><li>Perfusion filter for stirred tank or wave bioreactors<\/li><li>Bioreactor oxygenators<\/li><li>HF bioreactors for protein production, cell expansion, use in cell therapy production, PK\/PD study<\/li><li>Dia- \/ ultrafiltration<\/li><li>Media and buffer filtration<\/li><li>Virus filter<\/li><li>Cell concentration \/ cell separation<\/li><li>Concentration \/ purification of viral vectors<\/li><li>Filtration and purification of exosomes<\/li><li>Filtration and isolation of stem cells<\/li><li>Endotoxin and pyrogen separation<\/li><\/ul><p><b>Other<\/b>:<\/p><ul><li>Degassing of liquids<\/li><li>Oxygen enrichment \/ carbonation of liquids<\/li><li>Sampling systems<\/li><li>Active ingredient synthesis<\/li><li>Water treatment<\/li><\/ul>\t\t\t\t\t\t\t\t<\/div>\n\t\t\t\t\t<\/div>\n\t\t<\/div>\n\t\t\t\t<div class=\"elementor-column elementor-col-50 elementor-top-column elementor-element elementor-element-6e46d75\" data-id=\"6e46d75\" data-element_type=\"column\" data-e-type=\"column\">\n\t\t\t<div class=\"elementor-widget-wrap elementor-element-populated\">\n\t\t\t\t\t\t<div class=\"elementor-element elementor-element-aa71476 elementor-widget elementor-widget-image\" data-id=\"aa71476\" data-element_type=\"widget\" data-e-type=\"widget\" data-widget_type=\"image.default\">\n\t\t\t\t\t\t\t\t\t\t\t\t\t\t\t<img decoding=\"async\" width=\"800\" height=\"450\" src=\"https:\/\/www.alpha-plan.de\/wp-content\/uploads\/2020\/09\/Bild-73-sm-1024x576.jpg\" class=\"attachment-large size-large wp-image-294\" alt=\"laboratory\" srcset=\"https:\/\/www.alpha-plan.de\/wp-content\/uploads\/2020\/09\/Bild-73-sm-1024x576.jpg 1024w, https:\/\/www.alpha-plan.de\/wp-content\/uploads\/2020\/09\/Bild-73-sm-300x169.jpg 300w, https:\/\/www.alpha-plan.de\/wp-content\/uploads\/2020\/09\/Bild-73-sm-768x432.jpg 768w, https:\/\/www.alpha-plan.de\/wp-content\/uploads\/2020\/09\/Bild-73-sm.jpg 1280w\" sizes=\"(max-width: 800px) 100vw, 800px\" \/>\t\t\t\t\t\t\t\t\t\t\t\t\t\t\t<\/div>\n\t\t\t\t<div class=\"elementor-element elementor-element-7623cb5 elementor-widget elementor-widget-image\" data-id=\"7623cb5\" data-element_type=\"widget\" data-e-type=\"widget\" data-widget_type=\"image.default\">\n\t\t\t\t\t\t\t\t\t\t\t\t\t\t\t<img decoding=\"async\" width=\"800\" height=\"534\" src=\"https:\/\/www.alpha-plan.de\/wp-content\/uploads\/2021\/11\/Bild-44-von-83-1024x683.jpg\" class=\"attachment-large size-large wp-image-9912\" alt=\"hollow fiber filters for cell culture, bioreactors for cell cultivation, ultra- and microfiltration filters for cell separation, cell concentration, cell purification, ect.\" srcset=\"https:\/\/www.alpha-plan.de\/wp-content\/uploads\/2021\/11\/Bild-44-von-83-1024x683.jpg 1024w, https:\/\/www.alpha-plan.de\/wp-content\/uploads\/2021\/11\/Bild-44-von-83-300x200.jpg 300w, https:\/\/www.alpha-plan.de\/wp-content\/uploads\/2021\/11\/Bild-44-von-83-768x513.jpg 768w, https:\/\/www.alpha-plan.de\/wp-content\/uploads\/2021\/11\/Bild-44-von-83.jpg 1500w\" sizes=\"(max-width: 800px) 100vw, 800px\" \/>\t\t\t\t\t\t\t\t\t\t\t\t\t\t\t<\/div>\n\t\t\t\t\t<\/div>\n\t\t<\/div>\n\t\t\t\t\t<\/div>\n\t\t<\/section>\n\t\t\t\t<section class=\"elementor-section elementor-top-section elementor-element elementor-element-ac34c4d elementor-section-boxed elementor-section-height-default elementor-section-height-default\" data-id=\"ac34c4d\" data-element_type=\"section\" data-e-type=\"section\" id=\"sec_3\" data-settings=\"{&quot;background_background&quot;:&quot;classic&quot;}\">\n\t\t\t\t\t\t<div class=\"elementor-container elementor-column-gap-default\">\n\t\t\t\t\t<div class=\"elementor-column elementor-col-50 elementor-top-column elementor-element elementor-element-4f69d7c\" data-id=\"4f69d7c\" data-element_type=\"column\" data-e-type=\"column\">\n\t\t\t<div class=\"elementor-widget-wrap elementor-element-populated\">\n\t\t\t\t\t\t<div class=\"elementor-element elementor-element-466fe54 elementor-widget elementor-widget-image\" data-id=\"466fe54\" data-element_type=\"widget\" data-e-type=\"widget\" data-widget_type=\"image.default\">\n\t\t\t\t\t\t\t\t\t\t\t\t\t\t\t<img decoding=\"async\" width=\"800\" height=\"600\" src=\"https:\/\/www.alpha-plan.de\/wp-content\/uploads\/2022\/07\/new-order-jafron-scaled-1024x768.jpg\" class=\"attachment-large size-large wp-image-14046\" alt=\"Alpha Plan wins one more new order from china for pp hemodialyzer assembly line\" srcset=\"https:\/\/www.alpha-plan.de\/wp-content\/uploads\/2022\/07\/new-order-jafron-scaled-1024x768.jpg 1024w, https:\/\/www.alpha-plan.de\/wp-content\/uploads\/2022\/07\/new-order-jafron-scaled-300x225.jpg 300w, https:\/\/www.alpha-plan.de\/wp-content\/uploads\/2022\/07\/new-order-jafron-scaled-768x576.jpg 768w, https:\/\/www.alpha-plan.de\/wp-content\/uploads\/2022\/07\/new-order-jafron-scaled-1536x1152.jpg 1536w, https:\/\/www.alpha-plan.de\/wp-content\/uploads\/2022\/07\/new-order-jafron-scaled-scaled.jpg 2048w, https:\/\/www.alpha-plan.de\/wp-content\/uploads\/2022\/07\/new-order-jafron-scaled-16x12.jpg 16w\" sizes=\"(max-width: 800px) 100vw, 800px\" \/>\t\t\t\t\t\t\t\t\t\t\t\t\t\t\t<\/div>\n\t\t\t\t<div class=\"elementor-element elementor-element-d4df4f7 elementor-widget elementor-widget-image\" data-id=\"d4df4f7\" data-element_type=\"widget\" data-e-type=\"widget\" data-widget_type=\"image.default\">\n\t\t\t\t\t\t\t\t\t\t\t\t\t\t\t<img decoding=\"async\" width=\"800\" height=\"450\" src=\"https:\/\/www.alpha-plan.de\/wp-content\/uploads\/2022\/05\/2763_Zentrifuge_Wasserfilter_0009-scaled-1024x576.jpg\" class=\"attachment-large size-large wp-image-12467\" alt=\"Large centrifuge for fiber casting of water filters.\" srcset=\"https:\/\/www.alpha-plan.de\/wp-content\/uploads\/2022\/05\/2763_Zentrifuge_Wasserfilter_0009-scaled-1024x576.jpg 1024w, https:\/\/www.alpha-plan.de\/wp-content\/uploads\/2022\/05\/2763_Zentrifuge_Wasserfilter_0009-scaled-300x169.jpg 300w, https:\/\/www.alpha-plan.de\/wp-content\/uploads\/2022\/05\/2763_Zentrifuge_Wasserfilter_0009-scaled-768x432.jpg 768w, https:\/\/www.alpha-plan.de\/wp-content\/uploads\/2022\/05\/2763_Zentrifuge_Wasserfilter_0009-scaled-1536x864.jpg 1536w, https:\/\/www.alpha-plan.de\/wp-content\/uploads\/2022\/05\/2763_Zentrifuge_Wasserfilter_0009-scaled.jpg 2048w\" sizes=\"(max-width: 800px) 100vw, 800px\" \/>\t\t\t\t\t\t\t\t\t\t\t\t\t\t\t<\/div>\n\t\t\t\t\t<\/div>\n\t\t<\/div>\n\t\t\t\t<div class=\"elementor-column elementor-col-50 elementor-top-column elementor-element elementor-element-552b12b\" data-id=\"552b12b\" data-element_type=\"column\" data-e-type=\"column\">\n\t\t\t<div class=\"elementor-widget-wrap elementor-element-populated\">\n\t\t\t\t\t\t<div class=\"elementor-element elementor-element-1d9c6e1 elementor-widget elementor-widget-heading\" data-id=\"1d9c6e1\" data-element_type=\"widget\" data-e-type=\"widget\" data-widget_type=\"heading.default\">\n\t\t\t\t\t<h2 class=\"elementor-heading-title elementor-size-default\">Equipment<\/h2>\t\t\t\t<\/div>\n\t\t\t\t<div class=\"elementor-element elementor-element-8dfa1f8 elementor-widget elementor-widget-text-editor\" data-id=\"8dfa1f8\" data-element_type=\"widget\" data-e-type=\"widget\" data-widget_type=\"text-editor.default\">\n\t\t\t\t\t\t\t\t\t<p>Alpha Plan supplies production and process technology for filter assembly to companies all over the world. Our machines and production systems support customers in the manufacture of membrane-based filters. <br><br>Below you will find a selection of market segments in which our production systems are used:<\/p>\n<p><b>Medicine<\/b><\/p>\n<ul>\n<li>Hemodialysis (renal replacement therapy)<\/li>\n<li>Plasma filtration and plasma separation<\/li>\n<li><span style=\"color: var( --e-global-color-272c5b6 ); font-family: var( --e-global-typography-text-font-family ), Sans-serif; font-size: var( --e-global-typography-text-font-size ); font-weight: var( --e-global-typography-text-font-weight ); background-color: var( --e-global-color-a2e1ca6 );\">Oxygenators<\/span><\/li>\n<\/ul>\n<p><b>Automotive<\/b><\/p>\n<ul>\n<li><span style=\"font-size: 13.5pt;\">Components for fuel cell technology<\/span><\/li>\n<li>Components for exhaust filters<\/li>\n<\/ul>\n<p><b>Industry<\/b><\/p>\n<ul>\n<li>Water filtration (POU and POE)<\/li>\n<\/ul>\t\t\t\t\t\t\t\t<\/div>\n\t\t\t\t\t<\/div>\n\t\t<\/div>\n\t\t\t\t\t<\/div>\n\t\t<\/section>\n\t\t\t\t<\/div>","protected":false},"excerpt":{"rendered":"<p>Unsere M\u00e4rkte Alpha Plan bedient zahlreiche Marktsegmente. M\u00f6glich wird das durch unsere&nbsp;branchen\u00fcbergreifende Expertise und einen \u00fcber 25 Jahre erarbeiteten Erfahrungsschatz .&nbsp;Hier finden sie einige Anwendungsm\u00f6glichkeiten unserer Technologien und Automationstechnik. Filter Im Folgenden finden sie eine \u00dcbersicht, wo kundenspezifische Alpha Plan Filter eingesetzt werden: Medizin \/ Biotech \/ Life-Science \/ Pharma: Upstream Zell- und Proteinkonzentration Downstream [&hellip;]<\/p>\n","protected":false},"author":1,"featured_media":1733,"parent":201,"menu_order":0,"comment_status":"closed","ping_status":"closed","template":"elementor_header_footer","meta":{"_acf_changed":false,"footnotes":""},"class_list":["post-235","page","type-page","status-publish","has-post-thumbnail","hentry"],"acf":[],"yoast_head":"<!-- This site is optimized with the Yoast SEO plugin v27.5 - https:\/\/yoast.com\/product\/yoast-seo-wordpress\/ -->\n<title>Unsere M\u00e4rkte - Alpha Plan - Filtrationstechnologie<\/title>\n<meta name=\"description\" content=\"Alpha Plan: Filter f\u00fcr Bioreactoren, Bioprocessing, Gastransfer, Ultrafiltration, Wasserfiltration, H\u00e4modialyse, Plasmafiltration\/separation\" \/>\n<meta name=\"robots\" content=\"index, follow, max-snippet:-1, max-image-preview:large, max-video-preview:-1\" \/>\n<link rel=\"canonical\" href=\"https:\/\/www.alpha-plan.de\/en\/services\/our-markets\/\" \/>\n<meta property=\"og:locale\" content=\"en_US\" \/>\n<meta property=\"og:type\" content=\"article\" \/>\n<meta property=\"og:title\" content=\"Unsere M\u00e4rkte - Alpha Plan - Filtrationstechnologie\" \/>\n<meta property=\"og:description\" content=\"Alpha Plan: Filter f\u00fcr Bioreactoren, Bioprocessing, Gastransfer, Ultrafiltration, Wasserfiltration, H\u00e4modialyse, Plasmafiltration\/separation\" \/>\n<meta property=\"og:url\" content=\"https:\/\/www.alpha-plan.de\/en\/services\/our-markets\/\" \/>\n<meta property=\"og:site_name\" content=\"Alpha Plan\" \/>\n<meta property=\"article:modified_time\" content=\"2025-01-07T11:46:06+00:00\" \/>\n<meta property=\"og:image\" content=\"https:\/\/www.alpha-plan.de\/wp-content\/uploads\/2020\/11\/Bild-35-von-83.jpg\" \/>\n\t<meta property=\"og:image:width\" content=\"1500\" \/>\n\t<meta property=\"og:image:height\" content=\"1001\" \/>\n\t<meta property=\"og:image:type\" content=\"image\/jpeg\" \/>\n<meta name=\"twitter:card\" content=\"summary_large_image\" \/>\n<meta name=\"twitter:site\" content=\"@amt_cellab\" \/>\n<meta name=\"twitter:label1\" content=\"Est. reading time\" \/>\n\t<meta name=\"twitter:data1\" content=\"1 minute\" \/>\n<script type=\"application\/ld+json\" class=\"yoast-schema-graph\">{\"@context\":\"https:\\\/\\\/schema.org\",\"@graph\":[{\"@type\":\"WebPage\",\"@id\":\"https:\\\/\\\/www.alpha-plan.de\\\/leistungen\\\/unsere-maerkte\\\/\",\"url\":\"https:\\\/\\\/www.alpha-plan.de\\\/leistungen\\\/unsere-maerkte\\\/\",\"name\":\"Unsere M\u00e4rkte - Alpha Plan - Filtrationstechnologie\",\"isPartOf\":{\"@id\":\"https:\\\/\\\/www.alpha-plan.de\\\/#website\"},\"primaryImageOfPage\":{\"@id\":\"https:\\\/\\\/www.alpha-plan.de\\\/leistungen\\\/unsere-maerkte\\\/#primaryimage\"},\"image\":{\"@id\":\"https:\\\/\\\/www.alpha-plan.de\\\/leistungen\\\/unsere-maerkte\\\/#primaryimage\"},\"thumbnailUrl\":\"https:\\\/\\\/www.alpha-plan.de\\\/wp-content\\\/uploads\\\/2020\\\/11\\\/Bild-35-von-83.jpg\",\"datePublished\":\"2020-09-22T14:48:10+00:00\",\"dateModified\":\"2025-01-07T11:46:06+00:00\",\"description\":\"Alpha Plan: Filter f\u00fcr Bioreactoren, Bioprocessing, Gastransfer, Ultrafiltration, Wasserfiltration, H\u00e4modialyse, Plasmafiltration\\\/separation\",\"breadcrumb\":{\"@id\":\"https:\\\/\\\/www.alpha-plan.de\\\/leistungen\\\/unsere-maerkte\\\/#breadcrumb\"},\"inLanguage\":\"en-US\",\"potentialAction\":[{\"@type\":\"ReadAction\",\"target\":[\"https:\\\/\\\/www.alpha-plan.de\\\/leistungen\\\/unsere-maerkte\\\/\"]}]},{\"@type\":\"ImageObject\",\"inLanguage\":\"en-US\",\"@id\":\"https:\\\/\\\/www.alpha-plan.de\\\/leistungen\\\/unsere-maerkte\\\/#primaryimage\",\"url\":\"https:\\\/\\\/www.alpha-plan.de\\\/wp-content\\\/uploads\\\/2020\\\/11\\\/Bild-35-von-83.jpg\",\"contentUrl\":\"https:\\\/\\\/www.alpha-plan.de\\\/wp-content\\\/uploads\\\/2020\\\/11\\\/Bild-35-von-83.jpg\",\"width\":1500,\"height\":1001,\"caption\":\"bioreactor\"},{\"@type\":\"BreadcrumbList\",\"@id\":\"https:\\\/\\\/www.alpha-plan.de\\\/leistungen\\\/unsere-maerkte\\\/#breadcrumb\",\"itemListElement\":[{\"@type\":\"ListItem\",\"position\":1,\"name\":\"Home\",\"item\":\"https:\\\/\\\/www.alpha-plan.de\\\/\"},{\"@type\":\"ListItem\",\"position\":2,\"name\":\"Leistungen\",\"item\":\"https:\\\/\\\/www.alpha-plan.de\\\/leistungen\\\/\"},{\"@type\":\"ListItem\",\"position\":3,\"name\":\"Unsere M\u00e4rkte\"}]},{\"@type\":\"WebSite\",\"@id\":\"https:\\\/\\\/www.alpha-plan.de\\\/#website\",\"url\":\"https:\\\/\\\/www.alpha-plan.de\\\/\",\"name\":\"Alpha Plan\",\"description\":\"Exzellenz in der Filtertechnologie\",\"publisher\":{\"@id\":\"https:\\\/\\\/www.alpha-plan.de\\\/#organization\"},\"alternateName\":\"Alpha Plan\",\"potentialAction\":[{\"@type\":\"SearchAction\",\"target\":{\"@type\":\"EntryPoint\",\"urlTemplate\":\"https:\\\/\\\/www.alpha-plan.de\\\/?s={search_term_string}\"},\"query-input\":{\"@type\":\"PropertyValueSpecification\",\"valueRequired\":true,\"valueName\":\"search_term_string\"}}],\"inLanguage\":\"en-US\"},{\"@type\":\"Organization\",\"@id\":\"https:\\\/\\\/www.alpha-plan.de\\\/#organization\",\"name\":\"Alpha Plan GmbH\",\"url\":\"https:\\\/\\\/www.alpha-plan.de\\\/\",\"logo\":{\"@type\":\"ImageObject\",\"inLanguage\":\"en-US\",\"@id\":\"https:\\\/\\\/www.alpha-plan.de\\\/#\\\/schema\\\/logo\\\/image\\\/\",\"url\":\"https:\\\/\\\/www.alpha-plan.de\\\/wp-content\\\/uploads\\\/2020\\\/08\\\/new-logo-homepage-1.png\",\"contentUrl\":\"https:\\\/\\\/www.alpha-plan.de\\\/wp-content\\\/uploads\\\/2020\\\/08\\\/new-logo-homepage-1.png\",\"width\":350,\"height\":100,\"caption\":\"Alpha Plan GmbH\"},\"image\":{\"@id\":\"https:\\\/\\\/www.alpha-plan.de\\\/#\\\/schema\\\/logo\\\/image\\\/\"},\"sameAs\":[\"https:\\\/\\\/x.com\\\/amt_cellab\",\"https:\\\/\\\/de.linkedin.com\\\/company\\\/alpha-plan-gmbh?trk=public_jobs_topcard_org_name\",\"https:\\\/\\\/www.youtube.com\\\/channel\\\/UC4XyOb5Yza4CFjyNlAhT2sg\"]}]}<\/script>\n<!-- \/ Yoast SEO plugin. -->","yoast_head_json":{"title":"Our markets - Alpha Plan - Filtration technology","description":"Alpha Plan: Filters for bioreactors, bioprocessing, gas transfer, ultrafiltration, water filtration, hemodialysis, plasma filtration\/separation","robots":{"index":"index","follow":"follow","max-snippet":"max-snippet:-1","max-image-preview":"max-image-preview:large","max-video-preview":"max-video-preview:-1"},"canonical":"https:\/\/www.alpha-plan.de\/en\/services\/our-markets\/","og_locale":"en_US","og_type":"article","og_title":"Unsere M\u00e4rkte - Alpha Plan - Filtrationstechnologie","og_description":"Alpha Plan: Filter f\u00fcr Bioreactoren, Bioprocessing, Gastransfer, Ultrafiltration, Wasserfiltration, H\u00e4modialyse, Plasmafiltration\/separation","og_url":"https:\/\/www.alpha-plan.de\/en\/services\/our-markets\/","og_site_name":"Alpha Plan","article_modified_time":"2025-01-07T11:46:06+00:00","og_image":[{"width":1500,"height":1001,"url":"https:\/\/www.alpha-plan.de\/wp-content\/uploads\/2020\/11\/Bild-35-von-83.jpg","type":"image\/jpeg"}],"twitter_card":"summary_large_image","twitter_site":"@amt_cellab","twitter_misc":{"Est. reading time":"1 minute"},"schema":{"@context":"https:\/\/schema.org","@graph":[{"@type":"WebPage","@id":"https:\/\/www.alpha-plan.de\/leistungen\/unsere-maerkte\/","url":"https:\/\/www.alpha-plan.de\/leistungen\/unsere-maerkte\/","name":"Our markets - Alpha Plan - Filtration technology","isPartOf":{"@id":"https:\/\/www.alpha-plan.de\/#website"},"primaryImageOfPage":{"@id":"https:\/\/www.alpha-plan.de\/leistungen\/unsere-maerkte\/#primaryimage"},"image":{"@id":"https:\/\/www.alpha-plan.de\/leistungen\/unsere-maerkte\/#primaryimage"},"thumbnailUrl":"https:\/\/www.alpha-plan.de\/wp-content\/uploads\/2020\/11\/Bild-35-von-83.jpg","datePublished":"2020-09-22T14:48:10+00:00","dateModified":"2025-01-07T11:46:06+00:00","description":"Alpha Plan: Filters for bioreactors, bioprocessing, gas transfer, ultrafiltration, water filtration, hemodialysis, plasma filtration\/separation","breadcrumb":{"@id":"https:\/\/www.alpha-plan.de\/leistungen\/unsere-maerkte\/#breadcrumb"},"inLanguage":"en-US","potentialAction":[{"@type":"ReadAction","target":["https:\/\/www.alpha-plan.de\/leistungen\/unsere-maerkte\/"]}]},{"@type":"ImageObject","inLanguage":"en-US","@id":"https:\/\/www.alpha-plan.de\/leistungen\/unsere-maerkte\/#primaryimage","url":"https:\/\/www.alpha-plan.de\/wp-content\/uploads\/2020\/11\/Bild-35-von-83.jpg","contentUrl":"https:\/\/www.alpha-plan.de\/wp-content\/uploads\/2020\/11\/Bild-35-von-83.jpg","width":1500,"height":1001,"caption":"bioreactor"},{"@type":"BreadcrumbList","@id":"https:\/\/www.alpha-plan.de\/leistungen\/unsere-maerkte\/#breadcrumb","itemListElement":[{"@type":"ListItem","position":1,"name":"Home","item":"https:\/\/www.alpha-plan.de\/"},{"@type":"ListItem","position":2,"name":"Leistungen","item":"https:\/\/www.alpha-plan.de\/leistungen\/"},{"@type":"ListItem","position":3,"name":"Unsere M\u00e4rkte"}]},{"@type":"WebSite","@id":"https:\/\/www.alpha-plan.de\/#website","url":"https:\/\/www.alpha-plan.de\/","name":"Alpha Plan","description":"Excellence in filter technology","publisher":{"@id":"https:\/\/www.alpha-plan.de\/#organization"},"alternateName":"Alpha Plan","potentialAction":[{"@type":"SearchAction","target":{"@type":"EntryPoint","urlTemplate":"https:\/\/www.alpha-plan.de\/?s={search_term_string}"},"query-input":{"@type":"PropertyValueSpecification","valueRequired":true,"valueName":"search_term_string"}}],"inLanguage":"en-US"},{"@type":"Organization","@id":"https:\/\/www.alpha-plan.de\/#organization","name":"Alpha Plan GmbH","url":"https:\/\/www.alpha-plan.de\/","logo":{"@type":"ImageObject","inLanguage":"en-US","@id":"https:\/\/www.alpha-plan.de\/#\/schema\/logo\/image\/","url":"https:\/\/www.alpha-plan.de\/wp-content\/uploads\/2020\/08\/new-logo-homepage-1.png","contentUrl":"https:\/\/www.alpha-plan.de\/wp-content\/uploads\/2020\/08\/new-logo-homepage-1.png","width":350,"height":100,"caption":"Alpha Plan GmbH"},"image":{"@id":"https:\/\/www.alpha-plan.de\/#\/schema\/logo\/image\/"},"sameAs":["https:\/\/x.com\/amt_cellab","https:\/\/de.linkedin.com\/company\/alpha-plan-gmbh?trk=public_jobs_topcard_org_name","https:\/\/www.youtube.com\/channel\/UC4XyOb5Yza4CFjyNlAhT2sg"]}]}},"_links":{"self":[{"href":"https:\/\/www.alpha-plan.de\/en\/wp-json\/wp\/v2\/pages\/235","targetHints":{"allow":["GET"]}}],"collection":[{"href":"https:\/\/www.alpha-plan.de\/en\/wp-json\/wp\/v2\/pages"}],"about":[{"href":"https:\/\/www.alpha-plan.de\/en\/wp-json\/wp\/v2\/types\/page"}],"author":[{"embeddable":true,"href":"https:\/\/www.alpha-plan.de\/en\/wp-json\/wp\/v2\/users\/1"}],"replies":[{"embeddable":true,"href":"https:\/\/www.alpha-plan.de\/en\/wp-json\/wp\/v2\/comments?post=235"}],"version-history":[{"count":0,"href":"https:\/\/www.alpha-plan.de\/en\/wp-json\/wp\/v2\/pages\/235\/revisions"}],"up":[{"embeddable":true,"href":"https:\/\/www.alpha-plan.de\/en\/wp-json\/wp\/v2\/pages\/201"}],"wp:featuredmedia":[{"embeddable":true,"href":"https:\/\/www.alpha-plan.de\/en\/wp-json\/wp\/v2\/media\/1733"}],"wp:attachment":[{"href":"https:\/\/www.alpha-plan.de\/en\/wp-json\/wp\/v2\/media?parent=235"}],"curies":[{"name":"wp","href":"https:\/\/api.w.org\/{rel}","templated":true}]}}