{"id":22024,"date":"2026-03-20T12:59:03","date_gmt":"2026-03-20T11:59:03","guid":{"rendered":"https:\/\/www.alpha-plan.de\/?page_id=22024"},"modified":"2026-04-21T11:07:54","modified_gmt":"2026-04-21T09:07:54","slug":"humidifier-for-fuel-cell-drives","status":"publish","type":"page","link":"https:\/\/www.alpha-plan.de\/en\/automotive\/humidifier-fuer-brennstoffzellenantriebe\/","title":{"rendered":"Humidifier for fuel cell drives"},"content":{"rendered":"<div data-elementor-type=\"wp-page\" data-elementor-id=\"22024\" class=\"elementor elementor-22024\" data-elementor-post-type=\"page\">\n\t\t\t\t<div class=\"elementor-element elementor-element-a68dbf6 e-con-full e-flex e-con e-parent\" data-id=\"a68dbf6\" data-element_type=\"container\" data-e-type=\"container\">\n\t\t\t\t<div class=\"elementor-element elementor-element-9bd3fb1 elementor-widget elementor-widget-template\" data-id=\"9bd3fb1\" data-element_type=\"widget\" data-e-type=\"widget\" data-widget_type=\"template.default\">\n\t\t\t\t<div class=\"elementor-widget-container\">\n\t\t\t\t\t\t\t<div class=\"elementor-template\">\n\t\t\t\t\t<div data-elementor-type=\"container\" data-elementor-id=\"17988\" class=\"elementor elementor-17988\" data-elementor-post-type=\"elementor_library\">\n\t\t\t\t<div class=\"elementor-element elementor-element-32e797e9 e-con-full e-flex e-con e-parent\" data-id=\"32e797e9\" data-element_type=\"container\" data-e-type=\"container\">\n\t\t\t\t<div class=\"elementor-element elementor-element-df7eb8b elementor-widget elementor-widget-theme-post-featured-image elementor-widget-image\" data-id=\"df7eb8b\" data-element_type=\"widget\" data-e-type=\"widget\" data-widget_type=\"theme-post-featured-image.default\">\n\t\t\t\t\t\t\t\t\t\t\t\t\t\t\t<img decoding=\"async\" width=\"2048\" height=\"1152\" src=\"https:\/\/www.alpha-plan.de\/wp-content\/uploads\/2026\/02\/147_Kolon_Zentrifuge_0001-scaled.jpg\" class=\"attachment-full size-full wp-image-21913\" alt=\"\" srcset=\"https:\/\/www.alpha-plan.de\/wp-content\/uploads\/2026\/02\/147_Kolon_Zentrifuge_0001-scaled.jpg 2048w, https:\/\/www.alpha-plan.de\/wp-content\/uploads\/2026\/02\/147_Kolon_Zentrifuge_0001-300x169.jpg 300w, https:\/\/www.alpha-plan.de\/wp-content\/uploads\/2026\/02\/147_Kolon_Zentrifuge_0001-1024x576.jpg 1024w, https:\/\/www.alpha-plan.de\/wp-content\/uploads\/2026\/02\/147_Kolon_Zentrifuge_0001-768x432.jpg 768w, https:\/\/www.alpha-plan.de\/wp-content\/uploads\/2026\/02\/147_Kolon_Zentrifuge_0001-1536x864.jpg 1536w, https:\/\/www.alpha-plan.de\/wp-content\/uploads\/2026\/02\/147_Kolon_Zentrifuge_0001-18x10.jpg 18w\" sizes=\"(max-width: 2048px) 100vw, 2048px\" \/>\t\t\t\t\t\t\t\t\t\t\t\t\t\t\t<\/div>\n\t\t\t\t<\/div>\n\t\t<div class=\"elementor-element elementor-element-386a3c6 e-flex e-con-boxed e-con e-child\" data-id=\"386a3c6\" data-element_type=\"container\" data-e-type=\"container\" data-settings=\"{&quot;background_background&quot;:&quot;classic&quot;}\">\n\t\t\t\t\t<div class=\"e-con-inner\">\n\t\t\t\t<div class=\"elementor-element elementor-element-a219135 elementor-widget elementor-widget-breadcrumbs\" data-id=\"a219135\" data-element_type=\"widget\" data-e-type=\"widget\" data-widget_type=\"breadcrumbs.default\">\n\t\t\t\t\t<p id=\"breadcrumbs\"><span><span><a href=\"https:\/\/www.alpha-plan.de\/en\/\">Home<\/a><\/span><\/span><\/p>\t\t\t\t<\/div>\n\t\t\t\t\t<\/div>\n\t\t\t\t<\/div>\n\t\t\t\t<\/div>\n\t\t\t\t<\/div>\n\t\t\t\t\t\t<\/div>\n\t\t\t\t<\/div>\n\t\t\t\t<\/div>\n\t\t<div class=\"elementor-element elementor-element-bcbbb4c e-flex e-con-boxed e-con e-parent\" data-id=\"bcbbb4c\" data-element_type=\"container\" data-e-type=\"container\">\n\t\t\t\t\t<div class=\"e-con-inner\">\n\t\t<div class=\"elementor-element elementor-element-773f1dc e-con-full e-flex e-con e-child\" data-id=\"773f1dc\" data-element_type=\"container\" data-e-type=\"container\">\n\t\t\t\t<div class=\"elementor-element elementor-element-b141c2d elementor-widget elementor-widget-heading\" data-id=\"b141c2d\" data-element_type=\"widget\" data-e-type=\"widget\" data-widget_type=\"heading.default\">\n\t\t\t\t\t<h1 class=\"elementor-heading-title elementor-size-default\">Humidifier for fuel cell drives<\/h1>\t\t\t\t<\/div>\n\t\t\t\t<div class=\"elementor-element elementor-element-0110d1a elementor-widget-divider--view-line elementor-widget elementor-widget-divider\" data-id=\"0110d1a\" data-element_type=\"widget\" data-e-type=\"widget\" data-widget_type=\"divider.default\">\n\t\t\t\t\t\t\t<div class=\"elementor-divider\">\n\t\t\t<span class=\"elementor-divider-separator\">\n\t\t\t\t\t\t<\/span>\n\t\t<\/div>\n\t\t\t\t\t\t<\/div>\n\t\t\t\t<\/div>\n\t\t\t\t\t<\/div>\n\t\t\t\t<\/div>\n\t\t<div class=\"elementor-element elementor-element-afeff0d e-flex e-con-boxed e-con e-parent\" data-id=\"afeff0d\" data-element_type=\"container\" data-e-type=\"container\" id=\"sec_1\">\n\t\t\t\t\t<div class=\"e-con-inner\">\n\t\t<div class=\"elementor-element elementor-element-9c7092b e-con-full e-flex e-con e-child\" data-id=\"9c7092b\" data-element_type=\"container\" data-e-type=\"container\">\n\t\t\t\t<div class=\"elementor-element elementor-element-c6d8db5 elementor-widget elementor-widget-heading\" data-id=\"c6d8db5\" data-element_type=\"widget\" data-e-type=\"widget\" data-widget_type=\"heading.default\">\n\t\t\t\t\t<h2 class=\"elementor-heading-title elementor-size-default\">Alpha Plan manufactures customized\ncentrifuges for fuel cell drives.<\/h2>\t\t\t\t<\/div>\n\t\t\t\t<\/div>\n\t\t<div class=\"elementor-element elementor-element-cd2d517 e-con-full e-flex e-con e-child\" data-id=\"cd2d517\" data-element_type=\"container\" data-e-type=\"container\">\n\t\t\t\t<div class=\"elementor-element elementor-element-c304def elementor-widget elementor-widget-image\" data-id=\"c304def\" data-element_type=\"widget\" data-e-type=\"widget\" data-widget_type=\"image.default\">\n\t\t\t\t\t\t\t\t\t\t\t\t\t\t\t<img decoding=\"async\" width=\"800\" height=\"450\" src=\"https:\/\/www.alpha-plan.de\/wp-content\/uploads\/2026\/02\/147_Kolon_Zentrifuge_0001-1024x576.jpg\" class=\"attachment-large size-large wp-image-21913\" alt=\"\" srcset=\"https:\/\/www.alpha-plan.de\/wp-content\/uploads\/2026\/02\/147_Kolon_Zentrifuge_0001-1024x576.jpg 1024w, https:\/\/www.alpha-plan.de\/wp-content\/uploads\/2026\/02\/147_Kolon_Zentrifuge_0001-300x169.jpg 300w, https:\/\/www.alpha-plan.de\/wp-content\/uploads\/2026\/02\/147_Kolon_Zentrifuge_0001-768x432.jpg 768w, https:\/\/www.alpha-plan.de\/wp-content\/uploads\/2026\/02\/147_Kolon_Zentrifuge_0001-1536x864.jpg 1536w, https:\/\/www.alpha-plan.de\/wp-content\/uploads\/2026\/02\/147_Kolon_Zentrifuge_0001-scaled.jpg 2048w, https:\/\/www.alpha-plan.de\/wp-content\/uploads\/2026\/02\/147_Kolon_Zentrifuge_0001-18x10.jpg 18w\" sizes=\"(max-width: 800px) 100vw, 800px\" \/>\t\t\t\t\t\t\t\t\t\t\t\t\t\t\t<\/div>\n\t\t\t\t<\/div>\n\t\t\t\t\t<\/div>\n\t\t\t\t<\/div>\n\t\t<div class=\"elementor-element elementor-element-fd7c779 e-flex e-con-boxed e-con e-parent\" data-id=\"fd7c779\" data-element_type=\"container\" data-e-type=\"container\">\n\t\t\t\t\t<div class=\"e-con-inner\">\n\t\t\t\t<div class=\"elementor-element elementor-element-b164339 elementor-widget elementor-widget-text-editor\" data-id=\"b164339\" data-element_type=\"widget\" data-e-type=\"widget\" data-widget_type=\"text-editor.default\">\n\t\t\t\t\t\t\t\t\t<p>In fuel cell systems, the performance and service life of humidifiers depend largely on one crucial process step: the encapsulation of the membrane fiber bundles.<\/p><p><strong>Alpha Plan<\/strong> supplies specialized production solutions for this purpose.<\/p><p>Our systems combine centrifuge potting technology with high-precision multi-component mixing and dosing systems. They enable the exact processing of up to three different potting materials - in a fully controlled, stable and reproducible process.<\/p><p>At the center is a high-performance centrifuge carousel with several injection points. It ensures even material distribution, reliable penetration of complex fiber structures and a permanently high sealing quality.<\/p><p>All relevant process parameters are centrally controlled and continuously monitored:<\/p><ul><li>Speed and centrifugal dynamics<\/li><li>Precise temperature control<\/li><li>Exact shot weight and high dosing accuracy<\/li><li>Precise multi-component mixing ratios<\/li><\/ul><p><strong>\u00a0<\/strong><\/p><p><strong>The result:<\/strong><\/p><ul><li>Superior tightness and high product reliability<\/li><li>Stable, reproducible processes<\/li><li>Optimized material usage with reduced reject rates<\/li><\/ul><p>\u00a0<\/p><p>With extensive expertise in the processing of fiber-based modules, Alpha Plan offers production solutions for one of the most quality-critical processes in the manufacture of modern fuel cell components.<\/p>\t\t\t\t\t\t\t\t<\/div>\n\t\t\t\t\t<\/div>\n\t\t\t\t<\/div>\n\t\t<div class=\"elementor-element elementor-element-c8563f2 e-flex e-con-boxed e-con e-parent\" data-id=\"c8563f2\" data-element_type=\"container\" data-e-type=\"container\">\n\t\t\t\t\t<div class=\"e-con-inner\">\n\t\t\t\t\t<\/div>\n\t\t\t\t<\/div>\n\t\t\t\t<\/div>","protected":false},"excerpt":{"rendered":"<p>Humidifier f\u00fcr Brennstoffzellenantriebe Alpha Plan fertigt individuelle Zentrifugen f\u00fcr Brennstoffzellenantriebe. In Brennstoffzellensystemen h\u00e4ngen Leistung und Lebensdauer von Humidifiern ma\u00dfgeblich von einem entscheidenden Prozessschritt ab: dem Verguss der Membran-Faserb\u00fcndel. Alpha Plan liefert hierf\u00fcr spezialisierte Produktionsl\u00f6sungen. Unsere Anlagen kombinieren Zentrifugen-Vergusstechnologie mit hochpr\u00e4zisen Mehrkomponenten-Misch- und Dosiersystemen. Sie erm\u00f6glichen die exakte Verarbeitung von bis zu drei unterschiedlichen Potting-Materialien \u2013 [&hellip;]<\/p>\n","protected":false},"author":1,"featured_media":21913,"parent":20406,"menu_order":0,"comment_status":"closed","ping_status":"closed","template":"elementor_header_footer","meta":{"_acf_changed":false,"footnotes":""},"class_list":["post-22024","page","type-page","status-publish","has-post-thumbnail","hentry"],"acf":[],"yoast_head":"<!-- This site is optimized with the Yoast SEO plugin v27.5 - https:\/\/yoast.com\/product\/yoast-seo-wordpress\/ -->\n<title>Humidifier f\u00fcr Brennstoffzellenantriebe - Alpha Plan<\/title>\n<meta name=\"description\" content=\"Alpha Plan bietet auch Zentrifugen f\u00fcr den Faservergu\u00df von Hohlfasermembranen f\u00fcr geringe St\u00fcckzahlen an, z. B. f\u00fcr Vorserien oder Prototypen\" \/>\n<meta name=\"robots\" content=\"index, follow, max-snippet:-1, max-image-preview:large, max-video-preview:-1\" \/>\n<link rel=\"canonical\" href=\"https:\/\/www.alpha-plan.de\/en\/automotive\/humidifier-for-fuel-cell-drives\/\" \/>\n<meta property=\"og:locale\" content=\"en_US\" \/>\n<meta property=\"og:type\" content=\"article\" \/>\n<meta property=\"og:title\" content=\"Humidifier f\u00fcr Brennstoffzellenantriebe - Alpha Plan\" \/>\n<meta property=\"og:description\" content=\"Alpha Plan bietet auch Zentrifugen f\u00fcr den Faservergu\u00df von Hohlfasermembranen f\u00fcr geringe St\u00fcckzahlen an, z. B. f\u00fcr Vorserien oder Prototypen\" \/>\n<meta property=\"og:url\" content=\"https:\/\/www.alpha-plan.de\/en\/automotive\/humidifier-for-fuel-cell-drives\/\" \/>\n<meta property=\"og:site_name\" content=\"Alpha Plan\" \/>\n<meta property=\"article:modified_time\" content=\"2026-04-21T09:07:54+00:00\" \/>\n<meta property=\"og:image\" content=\"https:\/\/www.alpha-plan.de\/wp-content\/uploads\/2026\/02\/147_Kolon_Zentrifuge_0001-scaled.jpg\" \/>\n\t<meta property=\"og:image:width\" content=\"2048\" \/>\n\t<meta property=\"og:image:height\" content=\"1152\" \/>\n\t<meta property=\"og:image:type\" content=\"image\/jpeg\" \/>\n<meta name=\"twitter:card\" content=\"summary_large_image\" \/>\n<meta name=\"twitter:site\" content=\"@amt_cellab\" \/>\n<meta name=\"twitter:label1\" content=\"Est. reading time\" \/>\n\t<meta name=\"twitter:data1\" content=\"5 minutes\" \/>\n<script type=\"application\/ld+json\" class=\"yoast-schema-graph\">{\"@context\":\"https:\\\/\\\/schema.org\",\"@graph\":[{\"@type\":\"WebPage\",\"@id\":\"https:\\\/\\\/www.alpha-plan.de\\\/automotive\\\/humidifier-fuer-brennstoffzellenantriebe\\\/\",\"url\":\"https:\\\/\\\/www.alpha-plan.de\\\/automotive\\\/humidifier-fuer-brennstoffzellenantriebe\\\/\",\"name\":\"Humidifier f\u00fcr Brennstoffzellenantriebe - Alpha Plan\",\"isPartOf\":{\"@id\":\"https:\\\/\\\/www.alpha-plan.de\\\/#website\"},\"primaryImageOfPage\":{\"@id\":\"https:\\\/\\\/www.alpha-plan.de\\\/automotive\\\/humidifier-fuer-brennstoffzellenantriebe\\\/#primaryimage\"},\"image\":{\"@id\":\"https:\\\/\\\/www.alpha-plan.de\\\/automotive\\\/humidifier-fuer-brennstoffzellenantriebe\\\/#primaryimage\"},\"thumbnailUrl\":\"https:\\\/\\\/www.alpha-plan.de\\\/wp-content\\\/uploads\\\/2026\\\/02\\\/147_Kolon_Zentrifuge_0001-scaled.jpg\",\"datePublished\":\"2026-03-20T11:59:03+00:00\",\"dateModified\":\"2026-04-21T09:07:54+00:00\",\"description\":\"Alpha Plan bietet auch Zentrifugen f\u00fcr den Faservergu\u00df von Hohlfasermembranen f\u00fcr geringe St\u00fcckzahlen an, z. B. f\u00fcr Vorserien oder Prototypen\",\"breadcrumb\":{\"@id\":\"https:\\\/\\\/www.alpha-plan.de\\\/automotive\\\/humidifier-fuer-brennstoffzellenantriebe\\\/#breadcrumb\"},\"inLanguage\":\"en-US\",\"potentialAction\":[{\"@type\":\"ReadAction\",\"target\":[\"https:\\\/\\\/www.alpha-plan.de\\\/automotive\\\/humidifier-fuer-brennstoffzellenantriebe\\\/\"]}]},{\"@type\":\"ImageObject\",\"inLanguage\":\"en-US\",\"@id\":\"https:\\\/\\\/www.alpha-plan.de\\\/automotive\\\/humidifier-fuer-brennstoffzellenantriebe\\\/#primaryimage\",\"url\":\"https:\\\/\\\/www.alpha-plan.de\\\/wp-content\\\/uploads\\\/2026\\\/02\\\/147_Kolon_Zentrifuge_0001-scaled.jpg\",\"contentUrl\":\"https:\\\/\\\/www.alpha-plan.de\\\/wp-content\\\/uploads\\\/2026\\\/02\\\/147_Kolon_Zentrifuge_0001-scaled.jpg\",\"width\":2048,\"height\":1152},{\"@type\":\"BreadcrumbList\",\"@id\":\"https:\\\/\\\/www.alpha-plan.de\\\/automotive\\\/humidifier-fuer-brennstoffzellenantriebe\\\/#breadcrumb\",\"itemListElement\":[{\"@type\":\"ListItem\",\"position\":1,\"name\":\"Home\",\"item\":\"https:\\\/\\\/www.alpha-plan.de\\\/\"},{\"@type\":\"ListItem\",\"position\":2,\"name\":\"Automotive\",\"item\":\"https:\\\/\\\/www.alpha-plan.de\\\/automotive\\\/\"},{\"@type\":\"ListItem\",\"position\":3,\"name\":\"Humidifier f\u00fcr Brennstoffzellenantriebe\"}]},{\"@type\":\"WebSite\",\"@id\":\"https:\\\/\\\/www.alpha-plan.de\\\/#website\",\"url\":\"https:\\\/\\\/www.alpha-plan.de\\\/\",\"name\":\"Alpha Plan\",\"description\":\"Exzellenz in der Filtertechnologie\",\"publisher\":{\"@id\":\"https:\\\/\\\/www.alpha-plan.de\\\/#organization\"},\"alternateName\":\"Alpha Plan\",\"potentialAction\":[{\"@type\":\"SearchAction\",\"target\":{\"@type\":\"EntryPoint\",\"urlTemplate\":\"https:\\\/\\\/www.alpha-plan.de\\\/?s={search_term_string}\"},\"query-input\":{\"@type\":\"PropertyValueSpecification\",\"valueRequired\":true,\"valueName\":\"search_term_string\"}}],\"inLanguage\":\"en-US\"},{\"@type\":\"Organization\",\"@id\":\"https:\\\/\\\/www.alpha-plan.de\\\/#organization\",\"name\":\"Alpha Plan GmbH\",\"url\":\"https:\\\/\\\/www.alpha-plan.de\\\/\",\"logo\":{\"@type\":\"ImageObject\",\"inLanguage\":\"en-US\",\"@id\":\"https:\\\/\\\/www.alpha-plan.de\\\/#\\\/schema\\\/logo\\\/image\\\/\",\"url\":\"https:\\\/\\\/www.alpha-plan.de\\\/wp-content\\\/uploads\\\/2020\\\/08\\\/new-logo-homepage-1.png\",\"contentUrl\":\"https:\\\/\\\/www.alpha-plan.de\\\/wp-content\\\/uploads\\\/2020\\\/08\\\/new-logo-homepage-1.png\",\"width\":350,\"height\":100,\"caption\":\"Alpha Plan GmbH\"},\"image\":{\"@id\":\"https:\\\/\\\/www.alpha-plan.de\\\/#\\\/schema\\\/logo\\\/image\\\/\"},\"sameAs\":[\"https:\\\/\\\/x.com\\\/amt_cellab\",\"https:\\\/\\\/de.linkedin.com\\\/company\\\/alpha-plan-gmbh?trk=public_jobs_topcard_org_name\",\"https:\\\/\\\/www.youtube.com\\\/channel\\\/UC4XyOb5Yza4CFjyNlAhT2sg\"]}]}<\/script>\n<!-- \/ Yoast SEO plugin. -->","yoast_head_json":{"title":"Humidifier for fuel cell drives - Alpha Plan","description":"Alpha Plan also offers centrifuges for the fiber casting of hollow fiber membranes for small quantities, e.g. for pre-series or prototypes","robots":{"index":"index","follow":"follow","max-snippet":"max-snippet:-1","max-image-preview":"max-image-preview:large","max-video-preview":"max-video-preview:-1"},"canonical":"https:\/\/www.alpha-plan.de\/en\/automotive\/humidifier-for-fuel-cell-drives\/","og_locale":"en_US","og_type":"article","og_title":"Humidifier f\u00fcr Brennstoffzellenantriebe - Alpha Plan","og_description":"Alpha Plan bietet auch Zentrifugen f\u00fcr den Faservergu\u00df von Hohlfasermembranen f\u00fcr geringe St\u00fcckzahlen an, z. B. f\u00fcr Vorserien oder Prototypen","og_url":"https:\/\/www.alpha-plan.de\/en\/automotive\/humidifier-for-fuel-cell-drives\/","og_site_name":"Alpha Plan","article_modified_time":"2026-04-21T09:07:54+00:00","og_image":[{"width":2048,"height":1152,"url":"https:\/\/www.alpha-plan.de\/wp-content\/uploads\/2026\/02\/147_Kolon_Zentrifuge_0001-scaled.jpg","type":"image\/jpeg"}],"twitter_card":"summary_large_image","twitter_site":"@amt_cellab","twitter_misc":{"Est. reading time":"5 minutes"},"schema":{"@context":"https:\/\/schema.org","@graph":[{"@type":"WebPage","@id":"https:\/\/www.alpha-plan.de\/automotive\/humidifier-fuer-brennstoffzellenantriebe\/","url":"https:\/\/www.alpha-plan.de\/automotive\/humidifier-fuer-brennstoffzellenantriebe\/","name":"Humidifier for fuel cell drives - Alpha Plan","isPartOf":{"@id":"https:\/\/www.alpha-plan.de\/#website"},"primaryImageOfPage":{"@id":"https:\/\/www.alpha-plan.de\/automotive\/humidifier-fuer-brennstoffzellenantriebe\/#primaryimage"},"image":{"@id":"https:\/\/www.alpha-plan.de\/automotive\/humidifier-fuer-brennstoffzellenantriebe\/#primaryimage"},"thumbnailUrl":"https:\/\/www.alpha-plan.de\/wp-content\/uploads\/2026\/02\/147_Kolon_Zentrifuge_0001-scaled.jpg","datePublished":"2026-03-20T11:59:03+00:00","dateModified":"2026-04-21T09:07:54+00:00","description":"Alpha Plan also offers centrifuges for the fiber casting of hollow fiber membranes for small quantities, e.g. for pre-series or prototypes","breadcrumb":{"@id":"https:\/\/www.alpha-plan.de\/automotive\/humidifier-fuer-brennstoffzellenantriebe\/#breadcrumb"},"inLanguage":"en-US","potentialAction":[{"@type":"ReadAction","target":["https:\/\/www.alpha-plan.de\/automotive\/humidifier-fuer-brennstoffzellenantriebe\/"]}]},{"@type":"ImageObject","inLanguage":"en-US","@id":"https:\/\/www.alpha-plan.de\/automotive\/humidifier-fuer-brennstoffzellenantriebe\/#primaryimage","url":"https:\/\/www.alpha-plan.de\/wp-content\/uploads\/2026\/02\/147_Kolon_Zentrifuge_0001-scaled.jpg","contentUrl":"https:\/\/www.alpha-plan.de\/wp-content\/uploads\/2026\/02\/147_Kolon_Zentrifuge_0001-scaled.jpg","width":2048,"height":1152},{"@type":"BreadcrumbList","@id":"https:\/\/www.alpha-plan.de\/automotive\/humidifier-fuer-brennstoffzellenantriebe\/#breadcrumb","itemListElement":[{"@type":"ListItem","position":1,"name":"Home","item":"https:\/\/www.alpha-plan.de\/"},{"@type":"ListItem","position":2,"name":"Automotive","item":"https:\/\/www.alpha-plan.de\/automotive\/"},{"@type":"ListItem","position":3,"name":"Humidifier f\u00fcr Brennstoffzellenantriebe"}]},{"@type":"WebSite","@id":"https:\/\/www.alpha-plan.de\/#website","url":"https:\/\/www.alpha-plan.de\/","name":"Alpha Plan","description":"Excellence in filter technology","publisher":{"@id":"https:\/\/www.alpha-plan.de\/#organization"},"alternateName":"Alpha Plan","potentialAction":[{"@type":"SearchAction","target":{"@type":"EntryPoint","urlTemplate":"https:\/\/www.alpha-plan.de\/?s={search_term_string}"},"query-input":{"@type":"PropertyValueSpecification","valueRequired":true,"valueName":"search_term_string"}}],"inLanguage":"en-US"},{"@type":"Organization","@id":"https:\/\/www.alpha-plan.de\/#organization","name":"Alpha Plan GmbH","url":"https:\/\/www.alpha-plan.de\/","logo":{"@type":"ImageObject","inLanguage":"en-US","@id":"https:\/\/www.alpha-plan.de\/#\/schema\/logo\/image\/","url":"https:\/\/www.alpha-plan.de\/wp-content\/uploads\/2020\/08\/new-logo-homepage-1.png","contentUrl":"https:\/\/www.alpha-plan.de\/wp-content\/uploads\/2020\/08\/new-logo-homepage-1.png","width":350,"height":100,"caption":"Alpha Plan GmbH"},"image":{"@id":"https:\/\/www.alpha-plan.de\/#\/schema\/logo\/image\/"},"sameAs":["https:\/\/x.com\/amt_cellab","https:\/\/de.linkedin.com\/company\/alpha-plan-gmbh?trk=public_jobs_topcard_org_name","https:\/\/www.youtube.com\/channel\/UC4XyOb5Yza4CFjyNlAhT2sg"]}]}},"_links":{"self":[{"href":"https:\/\/www.alpha-plan.de\/en\/wp-json\/wp\/v2\/pages\/22024","targetHints":{"allow":["GET"]}}],"collection":[{"href":"https:\/\/www.alpha-plan.de\/en\/wp-json\/wp\/v2\/pages"}],"about":[{"href":"https:\/\/www.alpha-plan.de\/en\/wp-json\/wp\/v2\/types\/page"}],"author":[{"embeddable":true,"href":"https:\/\/www.alpha-plan.de\/en\/wp-json\/wp\/v2\/users\/1"}],"replies":[{"embeddable":true,"href":"https:\/\/www.alpha-plan.de\/en\/wp-json\/wp\/v2\/comments?post=22024"}],"version-history":[{"count":14,"href":"https:\/\/www.alpha-plan.de\/en\/wp-json\/wp\/v2\/pages\/22024\/revisions"}],"predecessor-version":[{"id":22057,"href":"https:\/\/www.alpha-plan.de\/en\/wp-json\/wp\/v2\/pages\/22024\/revisions\/22057"}],"up":[{"embeddable":true,"href":"https:\/\/www.alpha-plan.de\/en\/wp-json\/wp\/v2\/pages\/20406"}],"wp:featuredmedia":[{"embeddable":true,"href":"https:\/\/www.alpha-plan.de\/en\/wp-json\/wp\/v2\/media\/21913"}],"wp:attachment":[{"href":"https:\/\/www.alpha-plan.de\/en\/wp-json\/wp\/v2\/media?parent=22024"}],"curies":[{"name":"wp","href":"https:\/\/api.w.org\/{rel}","templated":true}]}}