{"id":21968,"date":"2026-03-03T13:54:15","date_gmt":"2026-03-03T12:54:15","guid":{"rendered":"https:\/\/www.alpha-plan.de\/?page_id=21968"},"modified":"2026-03-03T13:56:35","modified_gmt":"2026-03-03T12:56:35","slug":"spare-parts-accessories","status":"publish","type":"page","link":"https:\/\/www.alpha-plan.de\/en\/automotive\/ersatzteile-zubehoer\/","title":{"rendered":"Spare parts \/ accessories"},"content":{"rendered":"<div data-elementor-type=\"wp-page\" data-elementor-id=\"21968\" class=\"elementor elementor-21968\" data-elementor-post-type=\"page\">\n\t\t\t\t<div class=\"elementor-element elementor-element-d679894 e-con-full e-flex e-con e-parent\" data-id=\"d679894\" data-element_type=\"container\" data-e-type=\"container\">\n\t\t\t\t<div class=\"elementor-element elementor-element-b97b771 elementor-widget elementor-widget-template\" data-id=\"b97b771\" data-element_type=\"widget\" data-e-type=\"widget\" data-widget_type=\"template.default\">\n\t\t\t\t<div class=\"elementor-widget-container\">\n\t\t\t\t\t\t\t<div class=\"elementor-template\">\n\t\t\t\t\t<div data-elementor-type=\"container\" data-elementor-id=\"17988\" class=\"elementor elementor-17988\" data-elementor-post-type=\"elementor_library\">\n\t\t\t\t<div class=\"elementor-element elementor-element-32e797e9 e-con-full e-flex e-con e-parent\" data-id=\"32e797e9\" data-element_type=\"container\" data-e-type=\"container\">\n\t\t\t\t<div class=\"elementor-element elementor-element-df7eb8b elementor-widget elementor-widget-theme-post-featured-image elementor-widget-image\" data-id=\"df7eb8b\" data-element_type=\"widget\" data-e-type=\"widget\" data-widget_type=\"theme-post-featured-image.default\">\n\t\t\t\t\t\t\t\t\t\t\t\t\t\t\t<img decoding=\"async\" width=\"2048\" height=\"827\" src=\"https:\/\/www.alpha-plan.de\/wp-content\/uploads\/2024\/04\/Bild_59_3-scaled.jpg\" class=\"attachment-full size-full wp-image-18786\" alt=\"\" srcset=\"https:\/\/www.alpha-plan.de\/wp-content\/uploads\/2024\/04\/Bild_59_3-scaled.jpg 2048w, https:\/\/www.alpha-plan.de\/wp-content\/uploads\/2024\/04\/Bild_59_3-scaled-300x121.jpg 300w, https:\/\/www.alpha-plan.de\/wp-content\/uploads\/2024\/04\/Bild_59_3-scaled-1024x414.jpg 1024w, https:\/\/www.alpha-plan.de\/wp-content\/uploads\/2024\/04\/Bild_59_3-scaled-768x310.jpg 768w, https:\/\/www.alpha-plan.de\/wp-content\/uploads\/2024\/04\/Bild_59_3-scaled-1536x620.jpg 1536w\" sizes=\"(max-width: 2048px) 100vw, 2048px\" \/>\t\t\t\t\t\t\t\t\t\t\t\t\t\t\t<\/div>\n\t\t\t\t<\/div>\n\t\t<div class=\"elementor-element elementor-element-386a3c6 e-flex e-con-boxed e-con e-child\" data-id=\"386a3c6\" data-element_type=\"container\" data-e-type=\"container\" data-settings=\"{&quot;background_background&quot;:&quot;classic&quot;}\">\n\t\t\t\t\t<div class=\"e-con-inner\">\n\t\t\t\t<div class=\"elementor-element elementor-element-a219135 elementor-widget elementor-widget-breadcrumbs\" data-id=\"a219135\" data-element_type=\"widget\" data-e-type=\"widget\" data-widget_type=\"breadcrumbs.default\">\n\t\t\t\t\t<p id=\"breadcrumbs\"><span><span><a href=\"https:\/\/www.alpha-plan.de\/en\/\">Home<\/a><\/span><\/span><\/p>\t\t\t\t<\/div>\n\t\t\t\t\t<\/div>\n\t\t\t\t<\/div>\n\t\t\t\t<\/div>\n\t\t\t\t<\/div>\n\t\t\t\t\t\t<\/div>\n\t\t\t\t<\/div>\n\t\t\t\t<\/div>\n\t\t<div class=\"elementor-element elementor-element-541a79f e-flex e-con-boxed e-con e-parent\" data-id=\"541a79f\" data-element_type=\"container\" data-e-type=\"container\">\n\t\t\t\t\t<div class=\"e-con-inner\">\n\t\t<div class=\"elementor-element elementor-element-7b52d03 e-con-full e-flex e-con e-child\" data-id=\"7b52d03\" data-element_type=\"container\" data-e-type=\"container\">\n\t\t\t\t<div class=\"elementor-element elementor-element-fb0d8c5 elementor-widget elementor-widget-heading\" data-id=\"fb0d8c5\" data-element_type=\"widget\" data-e-type=\"widget\" data-widget_type=\"heading.default\">\n\t\t\t\t\t<h2 class=\"elementor-heading-title elementor-size-default\">Accessories &amp; spare parts<\/h2>\t\t\t\t<\/div>\n\t\t\t\t<div class=\"elementor-element elementor-element-8e3d87d elementor-widget-divider--view-line elementor-widget elementor-widget-divider\" data-id=\"8e3d87d\" data-element_type=\"widget\" data-e-type=\"widget\" data-widget_type=\"divider.default\">\n\t\t\t\t\t\t\t<div class=\"elementor-divider\">\n\t\t\t<span class=\"elementor-divider-separator\">\n\t\t\t\t\t\t<\/span>\n\t\t<\/div>\n\t\t\t\t\t\t<\/div>\n\t\t\t\t<\/div>\n\t\t\t\t\t<\/div>\n\t\t\t\t<\/div>\n\t\t<div class=\"elementor-element elementor-element-8b3a1b2 e-flex e-con-boxed e-con e-parent\" data-id=\"8b3a1b2\" data-element_type=\"container\" data-e-type=\"container\" id=\"sec_5\" data-settings=\"{&quot;background_background&quot;:&quot;classic&quot;}\">\n\t\t\t\t\t<div class=\"e-con-inner\">\n\t\t<div class=\"elementor-element elementor-element-1e61a7a e-con-full e-flex e-con e-child\" data-id=\"1e61a7a\" data-element_type=\"container\" data-e-type=\"container\">\n\t\t\t\t<div class=\"elementor-element elementor-element-4c710d8 elementor-widget elementor-widget-image\" data-id=\"4c710d8\" data-element_type=\"widget\" data-e-type=\"widget\" data-widget_type=\"image.default\">\n\t\t\t\t\t\t\t\t\t\t\t\t\t\t\t<img decoding=\"async\" width=\"800\" height=\"534\" src=\"https:\/\/www.alpha-plan.de\/wp-content\/uploads\/2020\/10\/Alpha-Plan-30-von-92-scaled-1024x684.jpg\" class=\"attachment-large size-large wp-image-872\" alt=\"\" srcset=\"https:\/\/www.alpha-plan.de\/wp-content\/uploads\/2020\/10\/Alpha-Plan-30-von-92-scaled-1024x684.jpg 1024w, https:\/\/www.alpha-plan.de\/wp-content\/uploads\/2020\/10\/Alpha-Plan-30-von-92-scaled-300x200.jpg 300w, https:\/\/www.alpha-plan.de\/wp-content\/uploads\/2020\/10\/Alpha-Plan-30-von-92-scaled-768x513.jpg 768w, https:\/\/www.alpha-plan.de\/wp-content\/uploads\/2020\/10\/Alpha-Plan-30-von-92-scaled-1536x1025.jpg 1536w, https:\/\/www.alpha-plan.de\/wp-content\/uploads\/2020\/10\/Alpha-Plan-30-von-92-scaled-scaled.jpg 2048w, https:\/\/www.alpha-plan.de\/wp-content\/uploads\/2020\/10\/Alpha-Plan-30-von-92-scaled-18x12.jpg 18w\" sizes=\"(max-width: 800px) 100vw, 800px\" \/>\t\t\t\t\t\t\t\t\t\t\t\t\t\t\t<\/div>\n\t\t\t\t<\/div>\n\t\t<div class=\"elementor-element elementor-element-6113536 e-con-full e-flex e-con e-child\" data-id=\"6113536\" data-element_type=\"container\" data-e-type=\"container\">\n\t\t\t\t<div class=\"elementor-element elementor-element-5fe6b4e elementor-widget elementor-widget-text-editor\" data-id=\"5fe6b4e\" data-element_type=\"widget\" data-e-type=\"widget\" data-widget_type=\"text-editor.default\">\n\t\t\t\t\t\t\t\t\t<p><strong>Alpha Plan provides you with suitable spare and wear parts.<\/strong><\/p><p>Thanks to the documentation we provide, you can quickly identify the relevant spare or wear part and order it from us. If a spare part is no longer available, we will support you in finding an alternative.<\/p><p>We do everything we can to ensure that the supply of spare parts for Alpha-Plan customers runs smoothly and without production downtime.<\/p>\t\t\t\t\t\t\t\t<\/div>\n\t\t\t\t<\/div>\n\t\t\t\t\t<\/div>\n\t\t\t\t<\/div>\n\t\t\t\t<\/div>","protected":false},"excerpt":{"rendered":"<p>Zubeh\u00f6r &amp; Ersatzteile Alpha Plan versorgt Sie mit passenden Ersatz- und Verschlei\u00dfteilen. Dank unserer mitgelieferten Dokumentation k\u00f6nnen Sie das entsprechende Ersatz- oder Verschlei\u00dfteil schnell zuordnen und bei uns bestellen. Sollte ein Ersatzteil nicht mehr verf\u00fcgbar sein, unterst\u00fctzen wir Sie bei der Suche einer Alternative. Wir tun alles, damit die Ersatzteil-Versorgung f\u00fcr Alpha-Plan-Kunden reibungslos und ohne [&hellip;]<\/p>\n","protected":false},"author":1,"featured_media":18786,"parent":20406,"menu_order":0,"comment_status":"closed","ping_status":"closed","template":"elementor_header_footer","meta":{"_acf_changed":false,"footnotes":""},"class_list":["post-21968","page","type-page","status-publish","has-post-thumbnail","hentry"],"acf":[],"yoast_head":"<!-- This site is optimized with the Yoast SEO plugin v27.5 - https:\/\/yoast.com\/product\/yoast-seo-wordpress\/ -->\n<title>Ersatzteile \/ Zubeh\u00f6r - Alpha Plan - Anlagenservice Partner weltweit<\/title>\n<meta name=\"description\" content=\"Alpha Plan - ihr Servicepartner f\u00fcr Filter Produktionsanlagen weltweit, Maschinen-Schulungen, Nachr\u00fcstungen, Inspektion, Wartung, Ramp-up\" \/>\n<meta name=\"robots\" content=\"index, follow, max-snippet:-1, max-image-preview:large, max-video-preview:-1\" \/>\n<link rel=\"canonical\" href=\"https:\/\/www.alpha-plan.de\/en\/automotive\/spare-parts-accessories\/\" \/>\n<meta property=\"og:locale\" content=\"en_US\" \/>\n<meta property=\"og:type\" content=\"article\" \/>\n<meta property=\"og:title\" content=\"Ersatzteile \/ Zubeh\u00f6r - Alpha Plan - Anlagenservice Partner weltweit\" \/>\n<meta property=\"og:description\" content=\"Alpha Plan - ihr Servicepartner f\u00fcr Filter Produktionsanlagen weltweit, Maschinen-Schulungen, Nachr\u00fcstungen, Inspektion, Wartung, Ramp-up\" \/>\n<meta property=\"og:url\" content=\"https:\/\/www.alpha-plan.de\/en\/automotive\/spare-parts-accessories\/\" \/>\n<meta property=\"og:site_name\" content=\"Alpha Plan\" \/>\n<meta property=\"article:modified_time\" content=\"2026-03-03T12:56:35+00:00\" \/>\n<meta property=\"og:image\" content=\"https:\/\/www.alpha-plan.de\/wp-content\/uploads\/2024\/04\/Bild_59_3-scaled.jpg\" \/>\n\t<meta property=\"og:image:width\" content=\"2048\" \/>\n\t<meta property=\"og:image:height\" content=\"827\" \/>\n\t<meta property=\"og:image:type\" content=\"image\/jpeg\" \/>\n<meta name=\"twitter:card\" content=\"summary_large_image\" \/>\n<meta name=\"twitter:site\" content=\"@amt_cellab\" \/>\n<meta name=\"twitter:label1\" content=\"Est. reading time\" \/>\n\t<meta name=\"twitter:data1\" content=\"4 minutes\" \/>\n<script type=\"application\/ld+json\" class=\"yoast-schema-graph\">{\"@context\":\"https:\\\/\\\/schema.org\",\"@graph\":[{\"@type\":\"WebPage\",\"@id\":\"https:\\\/\\\/www.alpha-plan.de\\\/automotive\\\/ersatzteile-zubehoer\\\/\",\"url\":\"https:\\\/\\\/www.alpha-plan.de\\\/automotive\\\/ersatzteile-zubehoer\\\/\",\"name\":\"Ersatzteile \\\/ Zubeh\u00f6r - Alpha Plan - Anlagenservice Partner weltweit\",\"isPartOf\":{\"@id\":\"https:\\\/\\\/www.alpha-plan.de\\\/#website\"},\"primaryImageOfPage\":{\"@id\":\"https:\\\/\\\/www.alpha-plan.de\\\/automotive\\\/ersatzteile-zubehoer\\\/#primaryimage\"},\"image\":{\"@id\":\"https:\\\/\\\/www.alpha-plan.de\\\/automotive\\\/ersatzteile-zubehoer\\\/#primaryimage\"},\"thumbnailUrl\":\"https:\\\/\\\/www.alpha-plan.de\\\/wp-content\\\/uploads\\\/2024\\\/04\\\/Bild_59_3-scaled.jpg\",\"datePublished\":\"2026-03-03T12:54:15+00:00\",\"dateModified\":\"2026-03-03T12:56:35+00:00\",\"description\":\"Alpha Plan - ihr Servicepartner f\u00fcr Filter Produktionsanlagen weltweit, Maschinen-Schulungen, Nachr\u00fcstungen, Inspektion, Wartung, Ramp-up\",\"breadcrumb\":{\"@id\":\"https:\\\/\\\/www.alpha-plan.de\\\/automotive\\\/ersatzteile-zubehoer\\\/#breadcrumb\"},\"inLanguage\":\"en-US\",\"potentialAction\":[{\"@type\":\"ReadAction\",\"target\":[\"https:\\\/\\\/www.alpha-plan.de\\\/automotive\\\/ersatzteile-zubehoer\\\/\"]}]},{\"@type\":\"ImageObject\",\"inLanguage\":\"en-US\",\"@id\":\"https:\\\/\\\/www.alpha-plan.de\\\/automotive\\\/ersatzteile-zubehoer\\\/#primaryimage\",\"url\":\"https:\\\/\\\/www.alpha-plan.de\\\/wp-content\\\/uploads\\\/2024\\\/04\\\/Bild_59_3-scaled.jpg\",\"contentUrl\":\"https:\\\/\\\/www.alpha-plan.de\\\/wp-content\\\/uploads\\\/2024\\\/04\\\/Bild_59_3-scaled.jpg\",\"width\":2048,\"height\":827},{\"@type\":\"BreadcrumbList\",\"@id\":\"https:\\\/\\\/www.alpha-plan.de\\\/automotive\\\/ersatzteile-zubehoer\\\/#breadcrumb\",\"itemListElement\":[{\"@type\":\"ListItem\",\"position\":1,\"name\":\"Home\",\"item\":\"https:\\\/\\\/www.alpha-plan.de\\\/\"},{\"@type\":\"ListItem\",\"position\":2,\"name\":\"Automotive\",\"item\":\"https:\\\/\\\/www.alpha-plan.de\\\/automotive\\\/\"},{\"@type\":\"ListItem\",\"position\":3,\"name\":\"Ersatzteile \\\/ Zubeh\u00f6r\"}]},{\"@type\":\"WebSite\",\"@id\":\"https:\\\/\\\/www.alpha-plan.de\\\/#website\",\"url\":\"https:\\\/\\\/www.alpha-plan.de\\\/\",\"name\":\"Alpha Plan\",\"description\":\"Exzellenz in der Filtertechnologie\",\"publisher\":{\"@id\":\"https:\\\/\\\/www.alpha-plan.de\\\/#organization\"},\"alternateName\":\"Alpha Plan\",\"potentialAction\":[{\"@type\":\"SearchAction\",\"target\":{\"@type\":\"EntryPoint\",\"urlTemplate\":\"https:\\\/\\\/www.alpha-plan.de\\\/?s={search_term_string}\"},\"query-input\":{\"@type\":\"PropertyValueSpecification\",\"valueRequired\":true,\"valueName\":\"search_term_string\"}}],\"inLanguage\":\"en-US\"},{\"@type\":\"Organization\",\"@id\":\"https:\\\/\\\/www.alpha-plan.de\\\/#organization\",\"name\":\"Alpha Plan GmbH\",\"url\":\"https:\\\/\\\/www.alpha-plan.de\\\/\",\"logo\":{\"@type\":\"ImageObject\",\"inLanguage\":\"en-US\",\"@id\":\"https:\\\/\\\/www.alpha-plan.de\\\/#\\\/schema\\\/logo\\\/image\\\/\",\"url\":\"https:\\\/\\\/www.alpha-plan.de\\\/wp-content\\\/uploads\\\/2020\\\/08\\\/new-logo-homepage-1.png\",\"contentUrl\":\"https:\\\/\\\/www.alpha-plan.de\\\/wp-content\\\/uploads\\\/2020\\\/08\\\/new-logo-homepage-1.png\",\"width\":350,\"height\":100,\"caption\":\"Alpha Plan GmbH\"},\"image\":{\"@id\":\"https:\\\/\\\/www.alpha-plan.de\\\/#\\\/schema\\\/logo\\\/image\\\/\"},\"sameAs\":[\"https:\\\/\\\/x.com\\\/amt_cellab\",\"https:\\\/\\\/de.linkedin.com\\\/company\\\/alpha-plan-gmbh?trk=public_jobs_topcard_org_name\",\"https:\\\/\\\/www.youtube.com\\\/channel\\\/UC4XyOb5Yza4CFjyNlAhT2sg\"]}]}<\/script>\n<!-- \/ Yoast SEO plugin. -->","yoast_head_json":{"title":"Spare parts \/ accessories - Alpha Plan - System service partner worldwide","description":"Alpha Plan - your service partner for filter production systems worldwide, machine training, retrofitting, inspection, maintenance, ramp-up","robots":{"index":"index","follow":"follow","max-snippet":"max-snippet:-1","max-image-preview":"max-image-preview:large","max-video-preview":"max-video-preview:-1"},"canonical":"https:\/\/www.alpha-plan.de\/en\/automotive\/spare-parts-accessories\/","og_locale":"en_US","og_type":"article","og_title":"Ersatzteile \/ Zubeh\u00f6r - Alpha Plan - Anlagenservice Partner weltweit","og_description":"Alpha Plan - ihr Servicepartner f\u00fcr Filter Produktionsanlagen weltweit, Maschinen-Schulungen, Nachr\u00fcstungen, Inspektion, Wartung, Ramp-up","og_url":"https:\/\/www.alpha-plan.de\/en\/automotive\/spare-parts-accessories\/","og_site_name":"Alpha Plan","article_modified_time":"2026-03-03T12:56:35+00:00","og_image":[{"width":2048,"height":827,"url":"https:\/\/www.alpha-plan.de\/wp-content\/uploads\/2024\/04\/Bild_59_3-scaled.jpg","type":"image\/jpeg"}],"twitter_card":"summary_large_image","twitter_site":"@amt_cellab","twitter_misc":{"Est. reading time":"4 minutes"},"schema":{"@context":"https:\/\/schema.org","@graph":[{"@type":"WebPage","@id":"https:\/\/www.alpha-plan.de\/automotive\/ersatzteile-zubehoer\/","url":"https:\/\/www.alpha-plan.de\/automotive\/ersatzteile-zubehoer\/","name":"Spare parts \/ accessories - Alpha Plan - System service partner worldwide","isPartOf":{"@id":"https:\/\/www.alpha-plan.de\/#website"},"primaryImageOfPage":{"@id":"https:\/\/www.alpha-plan.de\/automotive\/ersatzteile-zubehoer\/#primaryimage"},"image":{"@id":"https:\/\/www.alpha-plan.de\/automotive\/ersatzteile-zubehoer\/#primaryimage"},"thumbnailUrl":"https:\/\/www.alpha-plan.de\/wp-content\/uploads\/2024\/04\/Bild_59_3-scaled.jpg","datePublished":"2026-03-03T12:54:15+00:00","dateModified":"2026-03-03T12:56:35+00:00","description":"Alpha Plan - your service partner for filter production systems worldwide, machine training, retrofitting, inspection, maintenance, ramp-up","breadcrumb":{"@id":"https:\/\/www.alpha-plan.de\/automotive\/ersatzteile-zubehoer\/#breadcrumb"},"inLanguage":"en-US","potentialAction":[{"@type":"ReadAction","target":["https:\/\/www.alpha-plan.de\/automotive\/ersatzteile-zubehoer\/"]}]},{"@type":"ImageObject","inLanguage":"en-US","@id":"https:\/\/www.alpha-plan.de\/automotive\/ersatzteile-zubehoer\/#primaryimage","url":"https:\/\/www.alpha-plan.de\/wp-content\/uploads\/2024\/04\/Bild_59_3-scaled.jpg","contentUrl":"https:\/\/www.alpha-plan.de\/wp-content\/uploads\/2024\/04\/Bild_59_3-scaled.jpg","width":2048,"height":827},{"@type":"BreadcrumbList","@id":"https:\/\/www.alpha-plan.de\/automotive\/ersatzteile-zubehoer\/#breadcrumb","itemListElement":[{"@type":"ListItem","position":1,"name":"Home","item":"https:\/\/www.alpha-plan.de\/"},{"@type":"ListItem","position":2,"name":"Automotive","item":"https:\/\/www.alpha-plan.de\/automotive\/"},{"@type":"ListItem","position":3,"name":"Ersatzteile \/ Zubeh\u00f6r"}]},{"@type":"WebSite","@id":"https:\/\/www.alpha-plan.de\/#website","url":"https:\/\/www.alpha-plan.de\/","name":"Alpha Plan","description":"Excellence in filter technology","publisher":{"@id":"https:\/\/www.alpha-plan.de\/#organization"},"alternateName":"Alpha Plan","potentialAction":[{"@type":"SearchAction","target":{"@type":"EntryPoint","urlTemplate":"https:\/\/www.alpha-plan.de\/?s={search_term_string}"},"query-input":{"@type":"PropertyValueSpecification","valueRequired":true,"valueName":"search_term_string"}}],"inLanguage":"en-US"},{"@type":"Organization","@id":"https:\/\/www.alpha-plan.de\/#organization","name":"Alpha Plan GmbH","url":"https:\/\/www.alpha-plan.de\/","logo":{"@type":"ImageObject","inLanguage":"en-US","@id":"https:\/\/www.alpha-plan.de\/#\/schema\/logo\/image\/","url":"https:\/\/www.alpha-plan.de\/wp-content\/uploads\/2020\/08\/new-logo-homepage-1.png","contentUrl":"https:\/\/www.alpha-plan.de\/wp-content\/uploads\/2020\/08\/new-logo-homepage-1.png","width":350,"height":100,"caption":"Alpha Plan GmbH"},"image":{"@id":"https:\/\/www.alpha-plan.de\/#\/schema\/logo\/image\/"},"sameAs":["https:\/\/x.com\/amt_cellab","https:\/\/de.linkedin.com\/company\/alpha-plan-gmbh?trk=public_jobs_topcard_org_name","https:\/\/www.youtube.com\/channel\/UC4XyOb5Yza4CFjyNlAhT2sg"]}]}},"_links":{"self":[{"href":"https:\/\/www.alpha-plan.de\/en\/wp-json\/wp\/v2\/pages\/21968","targetHints":{"allow":["GET"]}}],"collection":[{"href":"https:\/\/www.alpha-plan.de\/en\/wp-json\/wp\/v2\/pages"}],"about":[{"href":"https:\/\/www.alpha-plan.de\/en\/wp-json\/wp\/v2\/types\/page"}],"author":[{"embeddable":true,"href":"https:\/\/www.alpha-plan.de\/en\/wp-json\/wp\/v2\/users\/1"}],"replies":[{"embeddable":true,"href":"https:\/\/www.alpha-plan.de\/en\/wp-json\/wp\/v2\/comments?post=21968"}],"version-history":[{"count":4,"href":"https:\/\/www.alpha-plan.de\/en\/wp-json\/wp\/v2\/pages\/21968\/revisions"}],"predecessor-version":[{"id":21973,"href":"https:\/\/www.alpha-plan.de\/en\/wp-json\/wp\/v2\/pages\/21968\/revisions\/21973"}],"up":[{"embeddable":true,"href":"https:\/\/www.alpha-plan.de\/en\/wp-json\/wp\/v2\/pages\/20406"}],"wp:featuredmedia":[{"embeddable":true,"href":"https:\/\/www.alpha-plan.de\/en\/wp-json\/wp\/v2\/media\/18786"}],"wp:attachment":[{"href":"https:\/\/www.alpha-plan.de\/en\/wp-json\/wp\/v2\/media?parent=21968"}],"curies":[{"name":"wp","href":"https:\/\/api.w.org\/{rel}","templated":true}]}}