{"id":1408,"date":"2020-11-12T12:40:32","date_gmt":"2020-11-12T11:40:32","guid":{"rendered":"https:\/\/alpha.inbearbeitung.de\/?page_id=1408"},"modified":"2026-03-13T15:13:15","modified_gmt":"2026-03-13T14:13:15","slug":"company","status":"publish","type":"page","link":"https:\/\/www.alpha-plan.de\/en\/unternehmen\/","title":{"rendered":"About us"},"content":{"rendered":"<div data-elementor-type=\"wp-page\" data-elementor-id=\"1408\" class=\"elementor elementor-1408\" data-elementor-post-type=\"page\">\n\t\t\t\t<div class=\"elementor-element elementor-element-5e342b9 e-con-full e-flex e-con e-parent\" data-id=\"5e342b9\" data-element_type=\"container\" data-e-type=\"container\">\n\t\t\t\t<div class=\"elementor-element elementor-element-2729ced elementor-widget elementor-widget-template\" data-id=\"2729ced\" data-element_type=\"widget\" data-e-type=\"widget\" data-widget_type=\"template.default\">\n\t\t\t\t<div class=\"elementor-widget-container\">\n\t\t\t\t\t\t\t<div class=\"elementor-template\">\n\t\t\t\t\t<div data-elementor-type=\"container\" data-elementor-id=\"17988\" class=\"elementor elementor-17988\" data-elementor-post-type=\"elementor_library\">\n\t\t\t\t<div class=\"elementor-element elementor-element-32e797e9 e-con-full e-flex e-con e-parent\" data-id=\"32e797e9\" data-element_type=\"container\" data-e-type=\"container\">\n\t\t\t\t<div class=\"elementor-element elementor-element-df7eb8b elementor-widget elementor-widget-theme-post-featured-image elementor-widget-image\" data-id=\"df7eb8b\" data-element_type=\"widget\" data-e-type=\"widget\" data-widget_type=\"theme-post-featured-image.default\">\n\t\t\t\t\t\t\t\t\t\t\t\t\t\t\t<img decoding=\"async\" width=\"1019\" height=\"678\" src=\"https:\/\/www.alpha-plan.de\/wp-content\/uploads\/2020\/11\/Architektur_Innenhof.jpg\" class=\"attachment-full size-full wp-image-1154\" alt=\"\" srcset=\"https:\/\/www.alpha-plan.de\/wp-content\/uploads\/2020\/11\/Architektur_Innenhof.jpg 1019w, https:\/\/www.alpha-plan.de\/wp-content\/uploads\/2020\/11\/Architektur_Innenhof-300x200.jpg 300w, https:\/\/www.alpha-plan.de\/wp-content\/uploads\/2020\/11\/Architektur_Innenhof-768x511.jpg 768w\" sizes=\"(max-width: 1019px) 100vw, 1019px\" \/>\t\t\t\t\t\t\t\t\t\t\t\t\t\t\t<\/div>\n\t\t\t\t<\/div>\n\t\t<div class=\"elementor-element elementor-element-386a3c6 e-flex e-con-boxed e-con e-child\" data-id=\"386a3c6\" data-element_type=\"container\" data-e-type=\"container\" data-settings=\"{&quot;background_background&quot;:&quot;classic&quot;}\">\n\t\t\t\t\t<div class=\"e-con-inner\">\n\t\t\t\t<div class=\"elementor-element elementor-element-a219135 elementor-widget elementor-widget-breadcrumbs\" data-id=\"a219135\" data-element_type=\"widget\" data-e-type=\"widget\" data-widget_type=\"breadcrumbs.default\">\n\t\t\t\t\t<p id=\"breadcrumbs\"><span><span><a href=\"https:\/\/www.alpha-plan.de\/en\/\">Home<\/a><\/span><\/span><\/p>\t\t\t\t<\/div>\n\t\t\t\t\t<\/div>\n\t\t\t\t<\/div>\n\t\t\t\t<\/div>\n\t\t\t\t<\/div>\n\t\t\t\t\t\t<\/div>\n\t\t\t\t<\/div>\n\t\t\t\t<\/div>\n\t\t\t\t<section class=\"elementor-section elementor-top-section elementor-element elementor-element-4c9c2f9 elementor-section-boxed elementor-section-height-default elementor-section-height-default\" data-id=\"4c9c2f9\" data-element_type=\"section\" data-e-type=\"section\">\n\t\t\t\t\t\t<div class=\"elementor-container elementor-column-gap-default\">\n\t\t\t\t\t<div class=\"elementor-column elementor-col-100 elementor-top-column elementor-element elementor-element-18ba4be\" data-id=\"18ba4be\" data-element_type=\"column\" data-e-type=\"column\">\n\t\t\t<div class=\"elementor-widget-wrap elementor-element-populated\">\n\t\t\t\t\t\t<div class=\"elementor-element elementor-element-4aa68e3 elementor-widget elementor-widget-heading\" data-id=\"4aa68e3\" data-element_type=\"widget\" data-e-type=\"widget\" data-widget_type=\"heading.default\">\n\t\t\t\t\t<h2 class=\"elementor-heading-title elementor-size-default\">About us<\/h2>\t\t\t\t<\/div>\n\t\t\t\t\t<\/div>\n\t\t<\/div>\n\t\t\t\t\t<\/div>\n\t\t<\/section>\n\t\t<div class=\"elementor-element elementor-element-4b70a9c e-flex e-con-boxed e-con e-parent\" data-id=\"4b70a9c\" data-element_type=\"container\" data-e-type=\"container\">\n\t\t\t\t\t<div class=\"e-con-inner\">\n\t\t\t\t<div class=\"elementor-element elementor-element-b75c5dd elementor-widget elementor-widget-text-editor\" data-id=\"b75c5dd\" data-element_type=\"widget\" data-e-type=\"widget\" data-widget_type=\"text-editor.default\">\n\t\t\t\t\t\t\t\t\t<h2><span style=\"color: #808080;\">Alpha Plan at a glance\u00a0<\/span><\/h2><p>Precision that protects lives. Automation that sets standards.<\/p><p>Alpha Plan develops and builds highly automated manufacturing solutions for membrane-based filter products - with particular expertise in dialyzer assembly lines. For over 30 years, we have been combining a deep understanding of filtration processes with modern automation and production technology.<\/p><p>From filter development, design and engineering to turnkey production systems, we realize technologies that are in use worldwide - in more than 20 countries, reliable, reproducible and scalable.<\/p><p>As part of the GMT Group, we are expanding our technological portfolio to include digital and intelligent manufacturing solutions. In doing so, we are opening up the next development step: from special medical technology solutions to sophisticated automation projects in the automotive environment - precise, robust and future-proof.<\/p><h2><span style=\"color: #808080;\">The Alpha Plan brand<\/span>\u00a0<\/h2><p>The decision to purchase a production system is much more than just a purchasing decision - it is a strategic investment in product quality, delivery reliability and long-term competitiveness.<\/p><p>Many suppliers on the market - especially from China - focus primarily on the purchase price.<\/p><p>However, this view falls short.<\/p><p>Alpha Plan combines German engineering expertise, cost-efficient manufacturing in China and regional production and local service in India to create an integrated solution that is consistently optimized for total cost of ownership (TCO).<\/p><p>In our view, the initial investment outlay plays a central role in the decision-making process.<\/p><p>However, our experience from over 40 international turnkey projects shows that the greatest economic risks arise during operation.<\/p><p>Typical challenges with price-driven decisions are unplanned production downtimes, high spare parts and maintenance costs, lack of or delayed local service.<\/p><h4><span style=\"color: #808080;\">Our performance promise<\/span><\/h4><p>Alpha Plan stands for reliable, high-performance and economical manufacturing solutions.<\/p><p>Modular and reliable system concepts with high availability<\/p><p>Production according to international quality standards<\/p><p>Fast response times and sustainable support<\/p><h4><span style=\"color: #808080;\">Our brand essence<\/span><\/h4><p>Greater flexibility<\/p><p>Cost optimization \u00a0<\/p><p>Short delivery times<\/p><p>Regional service \u201eLocal for Local\u201c \u00a0<\/p><p>Reduced operational risk<\/p><h4><span style=\"color: #808080;\">Our track record<\/span><\/h4><p>Over 40 successfully completed turnkey projects worldwide<\/p><p>Market leader in production systems for membrane-based disposables in technical and medical filtration<\/p><p>Successful projects in Europe, Asia and North Africa<\/p><h4><span style=\"color: #808080;\">Conclusion<\/span><\/h4><p>The right decision is not the cheapest - but the most economical.<\/p><p>Alpha Plan stands for investment security, reliable technology and long-term partnership.<\/p>\t\t\t\t\t\t\t\t<\/div>\n\t\t\t\t\t<\/div>\n\t\t\t\t<\/div>\n\t\t<div class=\"elementor-element elementor-element-d8d0a9e e-flex e-con-boxed e-con e-parent\" data-id=\"d8d0a9e\" data-element_type=\"container\" data-e-type=\"container\">\n\t\t\t\t\t<div class=\"e-con-inner\">\n\t\t\t\t<div class=\"elementor-element elementor-element-5e1a379 elementor-widget elementor-widget-heading\" data-id=\"5e1a379\" data-element_type=\"widget\" data-e-type=\"widget\" data-widget_type=\"heading.default\">\n\t\t\t\t\t<h2 class=\"elementor-heading-title elementor-size-default\">Our social media channels<\/h2>\t\t\t\t<\/div>\n\t\t\t\t<div class=\"elementor-element elementor-element-9c7186f elementor-widget elementor-widget-text-editor\" data-id=\"9c7186f\" data-element_type=\"widget\" data-e-type=\"widget\" data-widget_type=\"text-editor.default\">\n\t\t\t\t\t\t\t\t\t<p>In the social networks we present our latest projects and news about Alpha Plan GmbH.\u00a0<\/p><p>We would be delighted if you would also support us on the following social media channels.\u00a0<br \/>You are welcome to follow us, like, comment or share posts.<\/p>\t\t\t\t\t\t\t\t<\/div>\n\t\t\t\t<div class=\"elementor-element elementor-element-ba72d7c elementor-shape-rounded elementor-grid-0 e-grid-align-center elementor-widget elementor-widget-social-icons\" data-id=\"ba72d7c\" data-element_type=\"widget\" data-e-type=\"widget\" data-widget_type=\"social-icons.default\">\n\t\t\t\t\t\t\t<div class=\"elementor-social-icons-wrapper elementor-grid\" role=\"list\">\n\t\t\t\t\t\t\t<span class=\"elementor-grid-item\" role=\"listitem\">\n\t\t\t\t\t<a class=\"elementor-icon elementor-social-icon elementor-social-icon-facebook elementor-repeater-item-918e99b\" href=\"https:\/\/www.facebook.com\/Alpha-Plan-GmbH-113511171106811\" target=\"_blank\">\n\t\t\t\t\t\t<span class=\"elementor-screen-only\">Facebook<\/span>\n\t\t\t\t\t\t<i aria-hidden=\"true\" class=\"fab fa-facebook\"><\/i>\t\t\t\t\t<\/a>\n\t\t\t\t<\/span>\n\t\t\t\t\t\t\t<span class=\"elementor-grid-item\" role=\"listitem\">\n\t\t\t\t\t<a class=\"elementor-icon elementor-social-icon elementor-social-icon-youtube elementor-repeater-item-4b28aca\" href=\"https:\/\/www.youtube.com\/channel\/UC4XyOb5Yza4CFjyNlAhT2sg\" target=\"_blank\">\n\t\t\t\t\t\t<span class=\"elementor-screen-only\">Youtube<\/span>\n\t\t\t\t\t\t<i aria-hidden=\"true\" class=\"fab fa-youtube\"><\/i>\t\t\t\t\t<\/a>\n\t\t\t\t<\/span>\n\t\t\t\t\t\t\t<span class=\"elementor-grid-item\" role=\"listitem\">\n\t\t\t\t\t<a class=\"elementor-icon elementor-social-icon elementor-social-icon-linkedin elementor-repeater-item-36ec00c\" href=\"https:\/\/de.linkedin.com\/company\/alpha-plan-gmbh?trk=public_jobs_topcard_org_name\" target=\"_blank\">\n\t\t\t\t\t\t<span class=\"elementor-screen-only\">Linkedin<\/span>\n\t\t\t\t\t\t<i aria-hidden=\"true\" class=\"fab fa-linkedin\"><\/i>\t\t\t\t\t<\/a>\n\t\t\t\t<\/span>\n\t\t\t\t\t\t\t<span class=\"elementor-grid-item\" role=\"listitem\">\n\t\t\t\t\t<a class=\"elementor-icon elementor-social-icon elementor-social-icon-instagram elementor-repeater-item-c2441bd\" href=\"https:\/\/www.instagram.com\/alphaplangmbh_radeberg\/\" target=\"_blank\">\n\t\t\t\t\t\t<span class=\"elementor-screen-only\">Instagram<\/span>\n\t\t\t\t\t\t<i aria-hidden=\"true\" class=\"fab fa-instagram\"><\/i>\t\t\t\t\t<\/a>\n\t\t\t\t<\/span>\n\t\t\t\t\t<\/div>\n\t\t\t\t\t\t<\/div>\n\t\t\t\t\t<\/div>\n\t\t\t\t<\/div>\n\t\t<div class=\"elementor-element elementor-element-1fe2420 e-flex e-con-boxed e-con e-parent\" data-id=\"1fe2420\" data-element_type=\"container\" data-e-type=\"container\">\n\t\t\t\t\t<div class=\"e-con-inner\">\n\t\t\t\t<div class=\"elementor-element elementor-element-b6472e2 elementor-widget elementor-widget-video\" data-id=\"b6472e2\" data-element_type=\"widget\" data-e-type=\"widget\" data-settings=\"{&quot;youtube_url&quot;:&quot;https:\\\/\\\/youtu.be\\\/tgbpCHwTtGM&quot;,&quot;video_type&quot;:&quot;youtube&quot;,&quot;controls&quot;:&quot;yes&quot;}\" data-widget_type=\"video.default\">\n\t\t\t\t\t\t\t<div class=\"elementor-wrapper elementor-open-inline\">\n\t\t\t<div class=\"elementor-video\"> <div class=\"brlbs-cmpnt-container brlbs-cmpnt-content-blocker brlbs-cmpnt-with-individual-styles\" data-borlabs-cookie-content-blocker-id=\"youtube-content-blocker\" data-borlabs-cookie-content=\"PHNjcmlwdD4KKGZ1bmN0aW9uKCkgewogICAgbGV0IGQgPSBudWxsOwoKICAgIC8vIGlmIHdlIGFyZSBpbiBhIGxvb3AsIHdlIG5lZWQgdG8gc2VsZWN0IHRoZSBjb3JyZWN0IHZpZGVvIGVsZW1lbnQsIHNpbmNlIFdpZGdldCBJRCBvY2N1cnMgbXVsdGlwbGUgdGltZXMgb24gcGFnZQogICAgY29uc3QgZWxlbXNJbkxvb3AgPSBkb2N1bWVudC5xdWVyeVNlbGVjdG9yQWxsKCc6aXMoZGl2W2RhdGEtZWxlbWVudG9yLXR5cGU9Imxvb3AtaXRlbSJdLGRpdltkYXRhLWVsZW1lbnRvci10eXBlPSJqZXQtbGlzdGluZy1pdGVtcyJdLGRpdltkYXRhLXdpZGdldF90eXBlXj0icHJlbWl1bS1hZGRvbi10YWJzLiJdKSBkaXYuZWxlbWVudG9yLWVsZW1lbnQtYjY0NzJlMicpOwogICAgaWYgKGVsZW1zSW5Mb29wLmxlbmd0aCA9PT0gMSkgewogICAgICAgIGQgPSBlbGVtc0luTG9vcFswXTsKICAgIH0gZWxzZSBpZiAoZWxlbXNJbkxvb3AubGVuZ3RoID4gMSkgewogICAgICAgIGlmICh0eXBlb2YgZG9jdW1lbnQuY3VycmVudFNjcmlwdCA9PT0gJ3VuZGVmaW5lZCcgfHwgZG9jdW1lbnQuY3VycmVudFNjcmlwdCA9PSBudWxsKSB7CiAgICAgICAgICAgIHJldHVybjsKICAgICAgICB9CiAgICAgICAgY29uc3QgdG1wVmlkZW9XaWRnZXQgPSBkb2N1bWVudC5jdXJyZW50U2NyaXB0LmNsb3Nlc3QoJ1tkYXRhLXdpZGdldF90eXBlPSJicmxic192aWRlby5kZWZhdWx0Il0nKTsKICAgICAgICBpZiAodG1wVmlkZW9XaWRnZXQpIHsKICAgICAgICAgICAgZCA9IHRtcFZpZGVvV2lkZ2V0OwogICAgICAgIH0KICAgIH0KCiAgICBpZiAoZCA9PSBudWxsKSB7CiAgICAgICAgZCA9IGRvY3VtZW50LnF1ZXJ5U2VsZWN0b3IoJ2Rpdi5lbGVtZW50b3ItZWxlbWVudC1iNjQ3MmUyJyk7CiAgICB9CgogICAgaWYgKGQgPT0gbnVsbCkgewogICAgICAgIHJldHVybjsKICAgIH0KICAgIGQuZGF0YXNldC53aWRnZXRfdHlwZSA9IGQuZGF0YXNldC53aWRnZXRfdHlwZS5yZXBsYWNlKCdicmxic18nLCAnJyk7CiAgICBkLmRhdGFzZXQuYnJsYnNVbmJsb2NrZWQgPSAndHJ1ZSc7CgogICAgY29uc3QgaW50ZXJ2YWwgPSBzZXRJbnRlcnZhbCgoKSA9PiB7CiAgICAgICAgaWYgKHR5cGVvZiBlbGVtZW50b3JGcm9udGVuZCAhPT0gJ3VuZGVmaW5lZCcgJiYgdHlwZW9mIGVsZW1lbnRvckZyb250ZW5kLmhvb2tzICE9PSAndW5kZWZpbmVkJykgewogICAgICAgICAgICBjbGVhckludGVydmFsKGludGVydmFsKTsKICAgICAgICAgICAgZWxlbWVudG9yRnJvbnRlbmQuaG9va3MuZG9BY3Rpb24oJ2Zyb250ZW5kL2VsZW1lbnRfcmVhZHkvdmlkZW8uZGVmYXVsdCcsIGpRdWVyeShkKSwgalF1ZXJ5KQogICAgICAgIH0KICAgIH0sIDMwKQp9KSgpOwo8L3NjcmlwdD4=\"><div class=\"brlbs-cmpnt-cb-preset-c brlbs-cmpnt-cb-youtube\"> <div class=\"brlbs-cmpnt-cb-thumbnail\" style=\"background-image: url('https:\/\/www.alpha-plan.de\/wp-content\/uploads\/borlabs-cookie\/1\/yt_tgbpCHwTtGM_hqdefault.jpg')\"><\/div> <div class=\"brlbs-cmpnt-cb-main\"> <div class=\"brlbs-cmpnt-cb-play-button\"><\/div> <div class=\"brlbs-cmpnt-cb-content\"> <p class=\"brlbs-cmpnt-cb-description\">You are currently viewing a placeholder content from <strong>YouTube<\/strong>. To access the actual content, click the button below. Please note that doing so will share data with third-party providers.<\/p> <a class=\"brlbs-cmpnt-cb-provider-toggle\" href=\"#\" data-borlabs-cookie-show-provider-information role=\"button\">More Information<\/a> <\/div> <div class=\"brlbs-cmpnt-cb-buttons\"> <a class=\"brlbs-cmpnt-cb-btn\" href=\"#\" data-borlabs-cookie-unblock role=\"button\">Unblock content<\/a> <a class=\"brlbs-cmpnt-cb-btn\" href=\"#\" data-borlabs-cookie-accept-service role=\"button\" style=\"display: inherit\">Accept required service and unblock content<\/a> <\/div> <\/div> <\/div><\/div><\/div>\t\t<\/div>\n\t\t\t\t\t\t<\/div>\n\t\t\t\t\t<\/div>\n\t\t\t\t<\/div>\n\t\t\t\t<\/div>","protected":false},"excerpt":{"rendered":"<p>Wir \u00fcber uns Alpha Plan auf einen Blick\u00a0 Pr\u00e4zision, die Leben sch\u00fctzt. Automation, die Ma\u00dfst\u00e4be setzt. Alpha Plan entwickelt und baut hochautomatisierte Fertigungsl\u00f6sungen f\u00fcr membranbasierte Filterprodukte \u2013 mit besonderer Expertise in Dialysatoren-Montagelinien. Seit \u00fcber 30 Jahren verbinden wir tiefes Prozessverst\u00e4ndnis in der Filtration mit moderner Automatisierungs- und Fertigungstechnik. Von der Filterentwicklung \u00fcber Design und Engineering [&hellip;]<\/p>\n","protected":false},"author":1,"featured_media":1154,"parent":0,"menu_order":0,"comment_status":"closed","ping_status":"closed","template":"","meta":{"_acf_changed":false,"footnotes":""},"class_list":["post-1408","page","type-page","status-publish","has-post-thumbnail","hentry"],"acf":[],"yoast_head":"<!-- This site is optimized with the Yoast SEO plugin v27.5 - https:\/\/yoast.com\/product\/yoast-seo-wordpress\/ -->\n<title>Wir \u00fcber uns - Alpha Plan Radeberg bei Dresden\/Sachsen<\/title>\n<meta name=\"description\" content=\"Wir entwickeln und produzieren membranbasierte Filter und sind Hersteller von automatisierte Fertigungsanlagen f\u00fcr Filtrationsprodukte.\" \/>\n<meta name=\"robots\" content=\"index, follow, max-snippet:-1, max-image-preview:large, max-video-preview:-1\" \/>\n<link rel=\"canonical\" href=\"https:\/\/www.alpha-plan.de\/en\/company\/\" \/>\n<meta property=\"og:locale\" content=\"en_US\" \/>\n<meta property=\"og:type\" content=\"article\" \/>\n<meta property=\"og:title\" content=\"Wir \u00fcber uns - Alpha Plan Radeberg bei Dresden\/Sachsen\" \/>\n<meta property=\"og:description\" content=\"Wir entwickeln und produzieren membranbasierte Filter und sind Hersteller von automatisierte Fertigungsanlagen f\u00fcr Filtrationsprodukte.\" \/>\n<meta property=\"og:url\" content=\"https:\/\/www.alpha-plan.de\/en\/company\/\" \/>\n<meta property=\"og:site_name\" content=\"Alpha Plan\" \/>\n<meta property=\"article:modified_time\" content=\"2026-03-13T14:13:15+00:00\" \/>\n<meta property=\"og:image\" content=\"https:\/\/www.alpha-plan.de\/wp-content\/uploads\/2020\/11\/Architektur_Innenhof.jpg\" \/>\n\t<meta property=\"og:image:width\" content=\"1019\" \/>\n\t<meta property=\"og:image:height\" content=\"678\" \/>\n\t<meta property=\"og:image:type\" content=\"image\/jpeg\" \/>\n<meta name=\"twitter:card\" content=\"summary_large_image\" \/>\n<meta name=\"twitter:site\" content=\"@amt_cellab\" \/>\n<meta name=\"twitter:label1\" content=\"Est. reading time\" \/>\n\t<meta name=\"twitter:data1\" content=\"1 minute\" \/>\n<script type=\"application\/ld+json\" class=\"yoast-schema-graph\">{\"@context\":\"https:\\\/\\\/schema.org\",\"@graph\":[{\"@type\":\"WebPage\",\"@id\":\"https:\\\/\\\/www.alpha-plan.de\\\/unternehmen\\\/\",\"url\":\"https:\\\/\\\/www.alpha-plan.de\\\/unternehmen\\\/\",\"name\":\"Wir \u00fcber uns - Alpha Plan Radeberg bei Dresden\\\/Sachsen\",\"isPartOf\":{\"@id\":\"https:\\\/\\\/www.alpha-plan.de\\\/#website\"},\"primaryImageOfPage\":{\"@id\":\"https:\\\/\\\/www.alpha-plan.de\\\/unternehmen\\\/#primaryimage\"},\"image\":{\"@id\":\"https:\\\/\\\/www.alpha-plan.de\\\/unternehmen\\\/#primaryimage\"},\"thumbnailUrl\":\"https:\\\/\\\/www.alpha-plan.de\\\/wp-content\\\/uploads\\\/2020\\\/11\\\/Architektur_Innenhof.jpg\",\"datePublished\":\"2020-11-12T11:40:32+00:00\",\"dateModified\":\"2026-03-13T14:13:15+00:00\",\"description\":\"Wir entwickeln und produzieren membranbasierte Filter und sind Hersteller von automatisierte Fertigungsanlagen f\u00fcr Filtrationsprodukte.\",\"breadcrumb\":{\"@id\":\"https:\\\/\\\/www.alpha-plan.de\\\/unternehmen\\\/#breadcrumb\"},\"inLanguage\":\"en-US\",\"potentialAction\":[{\"@type\":\"ReadAction\",\"target\":[\"https:\\\/\\\/www.alpha-plan.de\\\/unternehmen\\\/\"]}]},{\"@type\":\"ImageObject\",\"inLanguage\":\"en-US\",\"@id\":\"https:\\\/\\\/www.alpha-plan.de\\\/unternehmen\\\/#primaryimage\",\"url\":\"https:\\\/\\\/www.alpha-plan.de\\\/wp-content\\\/uploads\\\/2020\\\/11\\\/Architektur_Innenhof.jpg\",\"contentUrl\":\"https:\\\/\\\/www.alpha-plan.de\\\/wp-content\\\/uploads\\\/2020\\\/11\\\/Architektur_Innenhof.jpg\",\"width\":1019,\"height\":678},{\"@type\":\"BreadcrumbList\",\"@id\":\"https:\\\/\\\/www.alpha-plan.de\\\/unternehmen\\\/#breadcrumb\",\"itemListElement\":[{\"@type\":\"ListItem\",\"position\":1,\"name\":\"Home\",\"item\":\"https:\\\/\\\/www.alpha-plan.de\\\/\"},{\"@type\":\"ListItem\",\"position\":2,\"name\":\"Wir \u00fcber uns\"}]},{\"@type\":\"WebSite\",\"@id\":\"https:\\\/\\\/www.alpha-plan.de\\\/#website\",\"url\":\"https:\\\/\\\/www.alpha-plan.de\\\/\",\"name\":\"Alpha Plan\",\"description\":\"Exzellenz in der Filtertechnologie\",\"publisher\":{\"@id\":\"https:\\\/\\\/www.alpha-plan.de\\\/#organization\"},\"alternateName\":\"Alpha Plan\",\"potentialAction\":[{\"@type\":\"SearchAction\",\"target\":{\"@type\":\"EntryPoint\",\"urlTemplate\":\"https:\\\/\\\/www.alpha-plan.de\\\/?s={search_term_string}\"},\"query-input\":{\"@type\":\"PropertyValueSpecification\",\"valueRequired\":true,\"valueName\":\"search_term_string\"}}],\"inLanguage\":\"en-US\"},{\"@type\":\"Organization\",\"@id\":\"https:\\\/\\\/www.alpha-plan.de\\\/#organization\",\"name\":\"Alpha Plan GmbH\",\"url\":\"https:\\\/\\\/www.alpha-plan.de\\\/\",\"logo\":{\"@type\":\"ImageObject\",\"inLanguage\":\"en-US\",\"@id\":\"https:\\\/\\\/www.alpha-plan.de\\\/#\\\/schema\\\/logo\\\/image\\\/\",\"url\":\"https:\\\/\\\/www.alpha-plan.de\\\/wp-content\\\/uploads\\\/2020\\\/08\\\/new-logo-homepage-1.png\",\"contentUrl\":\"https:\\\/\\\/www.alpha-plan.de\\\/wp-content\\\/uploads\\\/2020\\\/08\\\/new-logo-homepage-1.png\",\"width\":350,\"height\":100,\"caption\":\"Alpha Plan GmbH\"},\"image\":{\"@id\":\"https:\\\/\\\/www.alpha-plan.de\\\/#\\\/schema\\\/logo\\\/image\\\/\"},\"sameAs\":[\"https:\\\/\\\/x.com\\\/amt_cellab\",\"https:\\\/\\\/de.linkedin.com\\\/company\\\/alpha-plan-gmbh?trk=public_jobs_topcard_org_name\",\"https:\\\/\\\/www.youtube.com\\\/channel\\\/UC4XyOb5Yza4CFjyNlAhT2sg\"]}]}<\/script>\n<!-- \/ Yoast SEO plugin. -->","yoast_head_json":{"title":"About us - Alpha Plan Radeberg near Dresden\/Saxony","description":"We develop and produce membrane-based filters and are manufacturers of automated production systems for filtration products.","robots":{"index":"index","follow":"follow","max-snippet":"max-snippet:-1","max-image-preview":"max-image-preview:large","max-video-preview":"max-video-preview:-1"},"canonical":"https:\/\/www.alpha-plan.de\/en\/company\/","og_locale":"en_US","og_type":"article","og_title":"Wir \u00fcber uns - Alpha Plan Radeberg bei Dresden\/Sachsen","og_description":"Wir entwickeln und produzieren membranbasierte Filter und sind Hersteller von automatisierte Fertigungsanlagen f\u00fcr Filtrationsprodukte.","og_url":"https:\/\/www.alpha-plan.de\/en\/company\/","og_site_name":"Alpha Plan","article_modified_time":"2026-03-13T14:13:15+00:00","og_image":[{"width":1019,"height":678,"url":"https:\/\/www.alpha-plan.de\/wp-content\/uploads\/2020\/11\/Architektur_Innenhof.jpg","type":"image\/jpeg"}],"twitter_card":"summary_large_image","twitter_site":"@amt_cellab","twitter_misc":{"Est. reading time":"1 minute"},"schema":{"@context":"https:\/\/schema.org","@graph":[{"@type":"WebPage","@id":"https:\/\/www.alpha-plan.de\/unternehmen\/","url":"https:\/\/www.alpha-plan.de\/unternehmen\/","name":"About us - Alpha Plan Radeberg near Dresden\/Saxony","isPartOf":{"@id":"https:\/\/www.alpha-plan.de\/#website"},"primaryImageOfPage":{"@id":"https:\/\/www.alpha-plan.de\/unternehmen\/#primaryimage"},"image":{"@id":"https:\/\/www.alpha-plan.de\/unternehmen\/#primaryimage"},"thumbnailUrl":"https:\/\/www.alpha-plan.de\/wp-content\/uploads\/2020\/11\/Architektur_Innenhof.jpg","datePublished":"2020-11-12T11:40:32+00:00","dateModified":"2026-03-13T14:13:15+00:00","description":"We develop and produce membrane-based filters and are manufacturers of automated production systems for filtration products.","breadcrumb":{"@id":"https:\/\/www.alpha-plan.de\/unternehmen\/#breadcrumb"},"inLanguage":"en-US","potentialAction":[{"@type":"ReadAction","target":["https:\/\/www.alpha-plan.de\/unternehmen\/"]}]},{"@type":"ImageObject","inLanguage":"en-US","@id":"https:\/\/www.alpha-plan.de\/unternehmen\/#primaryimage","url":"https:\/\/www.alpha-plan.de\/wp-content\/uploads\/2020\/11\/Architektur_Innenhof.jpg","contentUrl":"https:\/\/www.alpha-plan.de\/wp-content\/uploads\/2020\/11\/Architektur_Innenhof.jpg","width":1019,"height":678},{"@type":"BreadcrumbList","@id":"https:\/\/www.alpha-plan.de\/unternehmen\/#breadcrumb","itemListElement":[{"@type":"ListItem","position":1,"name":"Home","item":"https:\/\/www.alpha-plan.de\/"},{"@type":"ListItem","position":2,"name":"Wir \u00fcber uns"}]},{"@type":"WebSite","@id":"https:\/\/www.alpha-plan.de\/#website","url":"https:\/\/www.alpha-plan.de\/","name":"Alpha Plan","description":"Excellence in filter technology","publisher":{"@id":"https:\/\/www.alpha-plan.de\/#organization"},"alternateName":"Alpha Plan","potentialAction":[{"@type":"SearchAction","target":{"@type":"EntryPoint","urlTemplate":"https:\/\/www.alpha-plan.de\/?s={search_term_string}"},"query-input":{"@type":"PropertyValueSpecification","valueRequired":true,"valueName":"search_term_string"}}],"inLanguage":"en-US"},{"@type":"Organization","@id":"https:\/\/www.alpha-plan.de\/#organization","name":"Alpha Plan GmbH","url":"https:\/\/www.alpha-plan.de\/","logo":{"@type":"ImageObject","inLanguage":"en-US","@id":"https:\/\/www.alpha-plan.de\/#\/schema\/logo\/image\/","url":"https:\/\/www.alpha-plan.de\/wp-content\/uploads\/2020\/08\/new-logo-homepage-1.png","contentUrl":"https:\/\/www.alpha-plan.de\/wp-content\/uploads\/2020\/08\/new-logo-homepage-1.png","width":350,"height":100,"caption":"Alpha Plan GmbH"},"image":{"@id":"https:\/\/www.alpha-plan.de\/#\/schema\/logo\/image\/"},"sameAs":["https:\/\/x.com\/amt_cellab","https:\/\/de.linkedin.com\/company\/alpha-plan-gmbh?trk=public_jobs_topcard_org_name","https:\/\/www.youtube.com\/channel\/UC4XyOb5Yza4CFjyNlAhT2sg"]}]}},"_links":{"self":[{"href":"https:\/\/www.alpha-plan.de\/en\/wp-json\/wp\/v2\/pages\/1408","targetHints":{"allow":["GET"]}}],"collection":[{"href":"https:\/\/www.alpha-plan.de\/en\/wp-json\/wp\/v2\/pages"}],"about":[{"href":"https:\/\/www.alpha-plan.de\/en\/wp-json\/wp\/v2\/types\/page"}],"author":[{"embeddable":true,"href":"https:\/\/www.alpha-plan.de\/en\/wp-json\/wp\/v2\/users\/1"}],"replies":[{"embeddable":true,"href":"https:\/\/www.alpha-plan.de\/en\/wp-json\/wp\/v2\/comments?post=1408"}],"version-history":[{"count":6,"href":"https:\/\/www.alpha-plan.de\/en\/wp-json\/wp\/v2\/pages\/1408\/revisions"}],"predecessor-version":[{"id":22019,"href":"https:\/\/www.alpha-plan.de\/en\/wp-json\/wp\/v2\/pages\/1408\/revisions\/22019"}],"wp:featuredmedia":[{"embeddable":true,"href":"https:\/\/www.alpha-plan.de\/en\/wp-json\/wp\/v2\/media\/1154"}],"wp:attachment":[{"href":"https:\/\/www.alpha-plan.de\/en\/wp-json\/wp\/v2\/media?parent=1408"}],"curies":[{"name":"wp","href":"https:\/\/api.w.org\/{rel}","templated":true}]}}