{"id":1008,"date":"2020-10-16T11:07:11","date_gmt":"2020-10-16T09:07:11","guid":{"rendered":"https:\/\/alpha.inbearbeitung.de\/?page_id=1008"},"modified":"2024-08-14T14:44:31","modified_gmt":"2024-08-14T12:44:31","slug":"engineering-development","status":"publish","type":"page","link":"https:\/\/www.alpha-plan.de\/en\/automation\/engineering-development\/","title":{"rendered":"Engineering &amp; Development"},"content":{"rendered":"<div data-elementor-type=\"wp-page\" data-elementor-id=\"1008\" class=\"elementor elementor-1008\" data-elementor-post-type=\"page\">\n\t\t\t\t<div class=\"elementor-element elementor-element-1bf0c09 e-con-full e-flex e-con e-parent\" data-id=\"1bf0c09\" data-element_type=\"container\" data-e-type=\"container\">\n\t\t\t\t<div class=\"elementor-element elementor-element-ad12184 elementor-widget elementor-widget-template\" data-id=\"ad12184\" data-element_type=\"widget\" data-e-type=\"widget\" data-widget_type=\"template.default\">\n\t\t\t\t<div class=\"elementor-widget-container\">\n\t\t\t\t\t\t\t<div class=\"elementor-template\">\n\t\t\t\t\t<div data-elementor-type=\"container\" data-elementor-id=\"17988\" class=\"elementor elementor-17988\" data-elementor-post-type=\"elementor_library\">\n\t\t\t\t<div class=\"elementor-element elementor-element-32e797e9 e-con-full e-flex e-con e-parent\" data-id=\"32e797e9\" data-element_type=\"container\" data-e-type=\"container\">\n\t\t\t\t<div class=\"elementor-element elementor-element-df7eb8b elementor-widget elementor-widget-theme-post-featured-image elementor-widget-image\" data-id=\"df7eb8b\" data-element_type=\"widget\" data-e-type=\"widget\" data-widget_type=\"theme-post-featured-image.default\">\n\t\t\t\t\t\t\t\t\t\t\t\t\t\t\t<img decoding=\"async\" width=\"1920\" height=\"758\" src=\"https:\/\/www.alpha-plan.de\/wp-content\/uploads\/2020\/09\/image_1-sm.jpg\" class=\"attachment-full size-full wp-image-57\" alt=\"\" srcset=\"https:\/\/www.alpha-plan.de\/wp-content\/uploads\/2020\/09\/image_1-sm.jpg 1920w, https:\/\/www.alpha-plan.de\/wp-content\/uploads\/2020\/09\/image_1-sm-300x118.jpg 300w, https:\/\/www.alpha-plan.de\/wp-content\/uploads\/2020\/09\/image_1-sm-1024x404.jpg 1024w, https:\/\/www.alpha-plan.de\/wp-content\/uploads\/2020\/09\/image_1-sm-768x303.jpg 768w, https:\/\/www.alpha-plan.de\/wp-content\/uploads\/2020\/09\/image_1-sm-1536x606.jpg 1536w\" sizes=\"(max-width: 1920px) 100vw, 1920px\" \/>\t\t\t\t\t\t\t\t\t\t\t\t\t\t\t<\/div>\n\t\t\t\t<\/div>\n\t\t<div class=\"elementor-element elementor-element-386a3c6 e-flex e-con-boxed e-con e-child\" data-id=\"386a3c6\" data-element_type=\"container\" data-e-type=\"container\" data-settings=\"{&quot;background_background&quot;:&quot;classic&quot;}\">\n\t\t\t\t\t<div class=\"e-con-inner\">\n\t\t\t\t<div class=\"elementor-element elementor-element-a219135 elementor-widget elementor-widget-breadcrumbs\" data-id=\"a219135\" data-element_type=\"widget\" data-e-type=\"widget\" data-widget_type=\"breadcrumbs.default\">\n\t\t\t\t\t<p id=\"breadcrumbs\"><span><span><a href=\"https:\/\/www.alpha-plan.de\/en\/\">Home<\/a><\/span><\/span><\/p>\t\t\t\t<\/div>\n\t\t\t\t\t<\/div>\n\t\t\t\t<\/div>\n\t\t\t\t<\/div>\n\t\t\t\t<\/div>\n\t\t\t\t\t\t<\/div>\n\t\t\t\t<\/div>\n\t\t\t\t<\/div>\n\t\t\t\t<section class=\"elementor-section elementor-top-section elementor-element elementor-element-ae6b4ad elementor-section-boxed elementor-section-height-default elementor-section-height-default\" data-id=\"ae6b4ad\" data-element_type=\"section\" data-e-type=\"section\">\n\t\t\t\t\t\t<div class=\"elementor-container elementor-column-gap-default\">\n\t\t\t\t\t<div class=\"elementor-column elementor-col-100 elementor-top-column elementor-element elementor-element-363b3f5\" data-id=\"363b3f5\" data-element_type=\"column\" data-e-type=\"column\">\n\t\t\t<div class=\"elementor-widget-wrap elementor-element-populated\">\n\t\t\t\t\t\t<div class=\"elementor-element elementor-element-a5cc825 elementor-widget elementor-widget-heading\" data-id=\"a5cc825\" data-element_type=\"widget\" data-e-type=\"widget\" data-widget_type=\"heading.default\">\n\t\t\t\t\t<h2 class=\"elementor-heading-title elementor-size-default\">Engineering &amp; Development\n<\/h2>\t\t\t\t<\/div>\n\t\t\t\t<div class=\"elementor-element elementor-element-719099f elementor-widget elementor-widget-text-editor\" data-id=\"719099f\" data-element_type=\"widget\" data-e-type=\"widget\" data-widget_type=\"text-editor.default\">\n\t\t\t\t\t\t\t\t\tTogether as a team, we look forward to supporting you with our experience.\n\t\t\t\t\t\t\t\t<\/div>\n\t\t\t\t<div class=\"elementor-element elementor-element-7a05fd4 elementor-widget-divider--view-line elementor-widget elementor-widget-divider\" data-id=\"7a05fd4\" data-element_type=\"widget\" data-e-type=\"widget\" data-widget_type=\"divider.default\">\n\t\t\t\t\t\t\t<div class=\"elementor-divider\">\n\t\t\t<span class=\"elementor-divider-separator\">\n\t\t\t\t\t\t<\/span>\n\t\t<\/div>\n\t\t\t\t\t\t<\/div>\n\t\t\t\t\t<\/div>\n\t\t<\/div>\n\t\t\t\t\t<\/div>\n\t\t<\/section>\n\t\t\t\t<section class=\"elementor-section elementor-top-section elementor-element elementor-element-ff70ced elementor-section-boxed elementor-section-height-default elementor-section-height-default\" data-id=\"ff70ced\" data-element_type=\"section\" data-e-type=\"section\" id=\"sec_1\">\n\t\t\t\t\t\t<div class=\"elementor-container elementor-column-gap-default\">\n\t\t\t\t\t<div class=\"elementor-column elementor-col-50 elementor-top-column elementor-element elementor-element-448193d\" data-id=\"448193d\" data-element_type=\"column\" data-e-type=\"column\">\n\t\t\t<div class=\"elementor-widget-wrap elementor-element-populated\">\n\t\t\t\t\t\t<div class=\"elementor-element elementor-element-22ec922 elementor-widget elementor-widget-heading\" data-id=\"22ec922\" data-element_type=\"widget\" data-e-type=\"widget\" data-widget_type=\"heading.default\">\n\t\t\t\t\t<h2 class=\"elementor-heading-title elementor-size-default\">Engineering<\/h2>\t\t\t\t<\/div>\n\t\t\t\t<div class=\"elementor-element elementor-element-67a91a2 elementor-widget elementor-widget-text-editor\" data-id=\"67a91a2\" data-element_type=\"widget\" data-e-type=\"widget\" data-widget_type=\"text-editor.default\">\n\t\t\t\t\t\t\t\t\t<p>Benefit from the many years of experience of our experts! We optimize your processes and integrate new machines into your plant systems. In this way, we increase the efficiency and productivity of your machinery and enhance your added value.<\/p><p>Our in-house process engineering department is constantly working on the further development of our production technologies and the implementation of new trends.<\/p>\t\t\t\t\t\t\t\t<\/div>\n\t\t\t\t\t<\/div>\n\t\t<\/div>\n\t\t\t\t<div class=\"elementor-column elementor-col-50 elementor-top-column elementor-element elementor-element-8f27be0\" data-id=\"8f27be0\" data-element_type=\"column\" data-e-type=\"column\">\n\t\t\t<div class=\"elementor-widget-wrap elementor-element-populated\">\n\t\t\t\t\t\t<div class=\"elementor-element elementor-element-afb55cc elementor-widget elementor-widget-image\" data-id=\"afb55cc\" data-element_type=\"widget\" data-e-type=\"widget\" data-widget_type=\"image.default\">\n\t\t\t\t\t\t\t\t\t\t\t\t\t\t\t<img decoding=\"async\" src=\"https:\/\/alpha.inbearbeitung.de\/wp-content\/uploads\/2020\/11\/Bild_56.jpg\" title=\"\" alt=\"\" loading=\"lazy\" \/>\t\t\t\t\t\t\t\t\t\t\t\t\t\t\t<\/div>\n\t\t\t\t\t<\/div>\n\t\t<\/div>\n\t\t\t\t\t<\/div>\n\t\t<\/section>\n\t\t\t\t<section class=\"elementor-section elementor-top-section elementor-element elementor-element-eaa55eb elementor-section-boxed elementor-section-height-default elementor-section-height-default\" data-id=\"eaa55eb\" data-element_type=\"section\" data-e-type=\"section\" id=\"sec_2\" data-settings=\"{&quot;background_background&quot;:&quot;classic&quot;}\">\n\t\t\t\t\t\t<div class=\"elementor-container elementor-column-gap-default\">\n\t\t\t\t\t<div class=\"elementor-column elementor-col-50 elementor-top-column elementor-element elementor-element-67100c2\" data-id=\"67100c2\" data-element_type=\"column\" data-e-type=\"column\">\n\t\t\t<div class=\"elementor-widget-wrap elementor-element-populated\">\n\t\t\t\t\t\t<div class=\"elementor-element elementor-element-3075207 elementor-widget elementor-widget-image\" data-id=\"3075207\" data-element_type=\"widget\" data-e-type=\"widget\" data-widget_type=\"image.default\">\n\t\t\t\t\t\t\t\t\t\t\t\t\t\t\t<img decoding=\"async\" src=\"https:\/\/alpha.inbearbeitung.de\/wp-content\/uploads\/2020\/11\/Bild_17.jpg\" title=\"\" alt=\"\" loading=\"lazy\" \/>\t\t\t\t\t\t\t\t\t\t\t\t\t\t\t<\/div>\n\t\t\t\t\t<\/div>\n\t\t<\/div>\n\t\t\t\t<div class=\"elementor-column elementor-col-50 elementor-top-column elementor-element elementor-element-00aca15\" data-id=\"00aca15\" data-element_type=\"column\" data-e-type=\"column\">\n\t\t\t<div class=\"elementor-widget-wrap elementor-element-populated\">\n\t\t\t\t\t\t<div class=\"elementor-element elementor-element-45bd1b5 elementor-widget elementor-widget-heading\" data-id=\"45bd1b5\" data-element_type=\"widget\" data-e-type=\"widget\" data-widget_type=\"heading.default\">\n\t\t\t\t\t<h2 class=\"elementor-heading-title elementor-size-default\">Quality management \/ certification \/ compliance support<\/h2>\t\t\t\t<\/div>\n\t\t\t\t<div class=\"elementor-element elementor-element-5448a82 elementor-widget elementor-widget-text-editor\" data-id=\"5448a82\" data-element_type=\"widget\" data-e-type=\"widget\" data-widget_type=\"text-editor.default\">\n\t\t\t\t\t\t\t\t\t<p>Keeping up with the times is a major challenge these days. Reasons for this include the constant changes to standards and regulations as well as local differences. We use all our experience to support you in meeting all legal requirements and work with you to validate your production lines.<\/p><p>We carry out tests and prepare samples for the qualification process. This enables you to prove the proper functioning of each part of the production system and your end products achieve the required quality level. We also support you in complying with GAMP (Good Automated Manufacturing Practice) regulations.<\/p>\t\t\t\t\t\t\t\t<\/div>\n\t\t\t\t\t<\/div>\n\t\t<\/div>\n\t\t\t\t\t<\/div>\n\t\t<\/section>\n\t\t\t\t<\/div>","protected":false},"excerpt":{"rendered":"<p>Engineering &#038; Development Gemeinsam im Team freuen wir uns, Sie mit unseren Erfahrungen zu unterst\u00fctzen. Engineering Profitieren Sie von der langj\u00e4hrigen Erfahrung unserer Experten! Wir optimieren Ihre Prozessabl\u00e4ufe und integrieren neue Maschinen in Ihre Anlagensysteme. So steigern wir die Effizienz und Produktivit\u00e4t Ihres Maschinenparks und vertiefen Ihre Wertsch\u00f6pfung. Unsere In-house-Verfahrenstechnik arbeitet permanent an der Weiterentwicklung [&hellip;]<\/p>\n","protected":false},"author":1,"featured_media":57,"parent":104,"menu_order":0,"comment_status":"closed","ping_status":"closed","template":"elementor_header_footer","meta":{"_acf_changed":false,"footnotes":""},"class_list":["post-1008","page","type-page","status-publish","has-post-thumbnail","hentry"],"acf":[],"yoast_head":"<!-- This site is optimized with the Yoast SEO plugin v27.4 - https:\/\/yoast.com\/product\/yoast-seo-wordpress\/ -->\n<title>Engineering &amp; Development - Alpha Plan - Automation<\/title>\n<meta name=\"description\" content=\"Optimierung Ihrer Prozessabl\u00e4ufe &amp; innovative L\u00f6sungen in der Automatisierungstechnik zur Filter Herstellung. Hier informieren.\" \/>\n<meta name=\"robots\" content=\"index, follow, max-snippet:-1, max-image-preview:large, max-video-preview:-1\" \/>\n<link rel=\"canonical\" href=\"https:\/\/www.alpha-plan.de\/en\/automation\/engineering-development\/\" \/>\n<meta property=\"og:locale\" content=\"en_US\" \/>\n<meta property=\"og:type\" content=\"article\" \/>\n<meta property=\"og:title\" content=\"Engineering &amp; Development - Alpha Plan - Automation\" \/>\n<meta property=\"og:description\" content=\"Optimierung Ihrer Prozessabl\u00e4ufe &amp; innovative L\u00f6sungen in der Automatisierungstechnik zur Filter Herstellung. Hier informieren.\" \/>\n<meta property=\"og:url\" content=\"https:\/\/www.alpha-plan.de\/en\/automation\/engineering-development\/\" \/>\n<meta property=\"og:site_name\" content=\"Alpha Plan\" \/>\n<meta property=\"article:modified_time\" content=\"2024-08-14T12:44:31+00:00\" \/>\n<meta property=\"og:image\" content=\"https:\/\/www.alpha-plan.de\/wp-content\/uploads\/2020\/09\/image_1-sm.jpg\" \/>\n\t<meta property=\"og:image:width\" content=\"1920\" \/>\n\t<meta property=\"og:image:height\" content=\"758\" \/>\n\t<meta property=\"og:image:type\" content=\"image\/jpeg\" \/>\n<meta name=\"twitter:card\" content=\"summary_large_image\" \/>\n<meta name=\"twitter:site\" content=\"@amt_cellab\" \/>\n<meta name=\"twitter:label1\" content=\"Est. reading time\" \/>\n\t<meta name=\"twitter:data1\" content=\"1 minute\" \/>\n<script type=\"application\/ld+json\" class=\"yoast-schema-graph\">{\"@context\":\"https:\\\/\\\/schema.org\",\"@graph\":[{\"@type\":\"WebPage\",\"@id\":\"https:\\\/\\\/www.alpha-plan.de\\\/en\\\/automation\\\/engineering-development\\\/\",\"url\":\"https:\\\/\\\/www.alpha-plan.de\\\/en\\\/automation\\\/engineering-development\\\/\",\"name\":\"Engineering & Development - Alpha Plan - Automation\",\"isPartOf\":{\"@id\":\"https:\\\/\\\/www.alpha-plan.de\\\/#website\"},\"primaryImageOfPage\":{\"@id\":\"https:\\\/\\\/www.alpha-plan.de\\\/en\\\/automation\\\/engineering-development\\\/#primaryimage\"},\"image\":{\"@id\":\"https:\\\/\\\/www.alpha-plan.de\\\/en\\\/automation\\\/engineering-development\\\/#primaryimage\"},\"thumbnailUrl\":\"https:\\\/\\\/www.alpha-plan.de\\\/wp-content\\\/uploads\\\/2020\\\/09\\\/image_1-sm.jpg\",\"datePublished\":\"2020-10-16T09:07:11+00:00\",\"dateModified\":\"2024-08-14T12:44:31+00:00\",\"description\":\"Optimierung Ihrer Prozessabl\u00e4ufe & innovative L\u00f6sungen in der Automatisierungstechnik zur Filter Herstellung. Hier informieren.\",\"breadcrumb\":{\"@id\":\"https:\\\/\\\/www.alpha-plan.de\\\/en\\\/automation\\\/engineering-development\\\/#breadcrumb\"},\"inLanguage\":\"en-US\",\"potentialAction\":[{\"@type\":\"ReadAction\",\"target\":[\"https:\\\/\\\/www.alpha-plan.de\\\/en\\\/automation\\\/engineering-development\\\/\"]}]},{\"@type\":\"ImageObject\",\"inLanguage\":\"en-US\",\"@id\":\"https:\\\/\\\/www.alpha-plan.de\\\/en\\\/automation\\\/engineering-development\\\/#primaryimage\",\"url\":\"https:\\\/\\\/www.alpha-plan.de\\\/wp-content\\\/uploads\\\/2020\\\/09\\\/image_1-sm.jpg\",\"contentUrl\":\"https:\\\/\\\/www.alpha-plan.de\\\/wp-content\\\/uploads\\\/2020\\\/09\\\/image_1-sm.jpg\",\"width\":1920,\"height\":758},{\"@type\":\"BreadcrumbList\",\"@id\":\"https:\\\/\\\/www.alpha-plan.de\\\/en\\\/automation\\\/engineering-development\\\/#breadcrumb\",\"itemListElement\":[{\"@type\":\"ListItem\",\"position\":1,\"name\":\"Home\",\"item\":\"https:\\\/\\\/www.alpha-plan.de\\\/\"},{\"@type\":\"ListItem\",\"position\":2,\"name\":\"automation\",\"item\":\"https:\\\/\\\/www.alpha-plan.de\\\/automation\\\/\"},{\"@type\":\"ListItem\",\"position\":3,\"name\":\"Engineering &#038; Development\"}]},{\"@type\":\"WebSite\",\"@id\":\"https:\\\/\\\/www.alpha-plan.de\\\/#website\",\"url\":\"https:\\\/\\\/www.alpha-plan.de\\\/\",\"name\":\"Alpha Plan\",\"description\":\"Exzellenz in der Filtertechnologie\",\"publisher\":{\"@id\":\"https:\\\/\\\/www.alpha-plan.de\\\/#organization\"},\"alternateName\":\"Alpha Plan\",\"potentialAction\":[{\"@type\":\"SearchAction\",\"target\":{\"@type\":\"EntryPoint\",\"urlTemplate\":\"https:\\\/\\\/www.alpha-plan.de\\\/?s={search_term_string}\"},\"query-input\":{\"@type\":\"PropertyValueSpecification\",\"valueRequired\":true,\"valueName\":\"search_term_string\"}}],\"inLanguage\":\"en-US\"},{\"@type\":\"Organization\",\"@id\":\"https:\\\/\\\/www.alpha-plan.de\\\/#organization\",\"name\":\"Alpha Plan GmbH\",\"url\":\"https:\\\/\\\/www.alpha-plan.de\\\/\",\"logo\":{\"@type\":\"ImageObject\",\"inLanguage\":\"en-US\",\"@id\":\"https:\\\/\\\/www.alpha-plan.de\\\/#\\\/schema\\\/logo\\\/image\\\/\",\"url\":\"https:\\\/\\\/www.alpha-plan.de\\\/wp-content\\\/uploads\\\/2020\\\/08\\\/new-logo-homepage-1.png\",\"contentUrl\":\"https:\\\/\\\/www.alpha-plan.de\\\/wp-content\\\/uploads\\\/2020\\\/08\\\/new-logo-homepage-1.png\",\"width\":350,\"height\":100,\"caption\":\"Alpha Plan GmbH\"},\"image\":{\"@id\":\"https:\\\/\\\/www.alpha-plan.de\\\/#\\\/schema\\\/logo\\\/image\\\/\"},\"sameAs\":[\"https:\\\/\\\/x.com\\\/amt_cellab\",\"https:\\\/\\\/de.linkedin.com\\\/company\\\/alpha-plan-gmbh?trk=public_jobs_topcard_org_name\",\"https:\\\/\\\/www.youtube.com\\\/channel\\\/UC4XyOb5Yza4CFjyNlAhT2sg\"]}]}<\/script>\n<!-- \/ Yoast SEO plugin. -->","yoast_head_json":{"title":"Engineering &amp; Development - Alpha Plan - Automation","description":"Optimization of your processes &amp; innovative solutions in automation technology for filter production. Find out more here.","robots":{"index":"index","follow":"follow","max-snippet":"max-snippet:-1","max-image-preview":"max-image-preview:large","max-video-preview":"max-video-preview:-1"},"canonical":"https:\/\/www.alpha-plan.de\/en\/automation\/engineering-development\/","og_locale":"en_US","og_type":"article","og_title":"Engineering & Development - Alpha Plan - Automation","og_description":"Optimierung Ihrer Prozessabl\u00e4ufe & innovative L\u00f6sungen in der Automatisierungstechnik zur Filter Herstellung. Hier informieren.","og_url":"https:\/\/www.alpha-plan.de\/en\/automation\/engineering-development\/","og_site_name":"Alpha Plan","article_modified_time":"2024-08-14T12:44:31+00:00","og_image":[{"width":1920,"height":758,"url":"https:\/\/www.alpha-plan.de\/wp-content\/uploads\/2020\/09\/image_1-sm.jpg","type":"image\/jpeg"}],"twitter_card":"summary_large_image","twitter_site":"@amt_cellab","twitter_misc":{"Est. reading time":"1 minute"},"schema":{"@context":"https:\/\/schema.org","@graph":[{"@type":"WebPage","@id":"https:\/\/www.alpha-plan.de\/en\/automation\/engineering-development\/","url":"https:\/\/www.alpha-plan.de\/en\/automation\/engineering-development\/","name":"Engineering &amp; Development - Alpha Plan - Automation","isPartOf":{"@id":"https:\/\/www.alpha-plan.de\/#website"},"primaryImageOfPage":{"@id":"https:\/\/www.alpha-plan.de\/en\/automation\/engineering-development\/#primaryimage"},"image":{"@id":"https:\/\/www.alpha-plan.de\/en\/automation\/engineering-development\/#primaryimage"},"thumbnailUrl":"https:\/\/www.alpha-plan.de\/wp-content\/uploads\/2020\/09\/image_1-sm.jpg","datePublished":"2020-10-16T09:07:11+00:00","dateModified":"2024-08-14T12:44:31+00:00","description":"Optimization of your processes &amp; innovative solutions in automation technology for filter production. Find out more here.","breadcrumb":{"@id":"https:\/\/www.alpha-plan.de\/en\/automation\/engineering-development\/#breadcrumb"},"inLanguage":"en-US","potentialAction":[{"@type":"ReadAction","target":["https:\/\/www.alpha-plan.de\/en\/automation\/engineering-development\/"]}]},{"@type":"ImageObject","inLanguage":"en-US","@id":"https:\/\/www.alpha-plan.de\/en\/automation\/engineering-development\/#primaryimage","url":"https:\/\/www.alpha-plan.de\/wp-content\/uploads\/2020\/09\/image_1-sm.jpg","contentUrl":"https:\/\/www.alpha-plan.de\/wp-content\/uploads\/2020\/09\/image_1-sm.jpg","width":1920,"height":758},{"@type":"BreadcrumbList","@id":"https:\/\/www.alpha-plan.de\/en\/automation\/engineering-development\/#breadcrumb","itemListElement":[{"@type":"ListItem","position":1,"name":"Home","item":"https:\/\/www.alpha-plan.de\/"},{"@type":"ListItem","position":2,"name":"automation","item":"https:\/\/www.alpha-plan.de\/automation\/"},{"@type":"ListItem","position":3,"name":"Engineering &#038; Development"}]},{"@type":"WebSite","@id":"https:\/\/www.alpha-plan.de\/#website","url":"https:\/\/www.alpha-plan.de\/","name":"Alpha Plan","description":"Excellence in filter technology","publisher":{"@id":"https:\/\/www.alpha-plan.de\/#organization"},"alternateName":"Alpha Plan","potentialAction":[{"@type":"SearchAction","target":{"@type":"EntryPoint","urlTemplate":"https:\/\/www.alpha-plan.de\/?s={search_term_string}"},"query-input":{"@type":"PropertyValueSpecification","valueRequired":true,"valueName":"search_term_string"}}],"inLanguage":"en-US"},{"@type":"Organization","@id":"https:\/\/www.alpha-plan.de\/#organization","name":"Alpha Plan GmbH","url":"https:\/\/www.alpha-plan.de\/","logo":{"@type":"ImageObject","inLanguage":"en-US","@id":"https:\/\/www.alpha-plan.de\/#\/schema\/logo\/image\/","url":"https:\/\/www.alpha-plan.de\/wp-content\/uploads\/2020\/08\/new-logo-homepage-1.png","contentUrl":"https:\/\/www.alpha-plan.de\/wp-content\/uploads\/2020\/08\/new-logo-homepage-1.png","width":350,"height":100,"caption":"Alpha Plan GmbH"},"image":{"@id":"https:\/\/www.alpha-plan.de\/#\/schema\/logo\/image\/"},"sameAs":["https:\/\/x.com\/amt_cellab","https:\/\/de.linkedin.com\/company\/alpha-plan-gmbh?trk=public_jobs_topcard_org_name","https:\/\/www.youtube.com\/channel\/UC4XyOb5Yza4CFjyNlAhT2sg"]}]}},"_links":{"self":[{"href":"https:\/\/www.alpha-plan.de\/en\/wp-json\/wp\/v2\/pages\/1008","targetHints":{"allow":["GET"]}}],"collection":[{"href":"https:\/\/www.alpha-plan.de\/en\/wp-json\/wp\/v2\/pages"}],"about":[{"href":"https:\/\/www.alpha-plan.de\/en\/wp-json\/wp\/v2\/types\/page"}],"author":[{"embeddable":true,"href":"https:\/\/www.alpha-plan.de\/en\/wp-json\/wp\/v2\/users\/1"}],"replies":[{"embeddable":true,"href":"https:\/\/www.alpha-plan.de\/en\/wp-json\/wp\/v2\/comments?post=1008"}],"version-history":[{"count":0,"href":"https:\/\/www.alpha-plan.de\/en\/wp-json\/wp\/v2\/pages\/1008\/revisions"}],"up":[{"embeddable":true,"href":"https:\/\/www.alpha-plan.de\/en\/wp-json\/wp\/v2\/pages\/104"}],"wp:featuredmedia":[{"embeddable":true,"href":"https:\/\/www.alpha-plan.de\/en\/wp-json\/wp\/v2\/media\/57"}],"wp:attachment":[{"href":"https:\/\/www.alpha-plan.de\/en\/wp-json\/wp\/v2\/media?parent=1008"}],"curies":[{"name":"wp","href":"https:\/\/api.w.org\/{rel}","templated":true}]}}